{"id":10271,"date":"2024-08-12T13:48:35","date_gmt":"2024-08-12T10:48:35","guid":{"rendered":"https:\/\/vividclinic.net\/ticari-elektronik-ileti-izni-bilgilendirmesi\/"},"modified":"2024-09-05T16:50:14","modified_gmt":"2024-09-05T13:50:14","slug":"ticari-elektronik-ileti-izni-bilgilendirmesi","status":"publish","type":"page","link":"https:\/\/vividclinic.net\/ar\/ticari-elektronik-ileti-izni-bilgilendirmesi\/","title":{"rendered":"Ticari Elektronik \u0130leti \u0130zni Bilgilendirmesi"},"content":{"rendered":"<div data-elementor-type=\"wp-page\" data-elementor-id=\"10271\" class=\"elementor elementor-10271\" data-elementor-post-type=\"page\">\n\t\t\t\t<div class=\"elementor-element elementor-element-8f953a0 e-flex e-con-boxed e-con e-parent\" data-id=\"8f953a0\" data-element_type=\"container\" data-e-type=\"container\" data-settings=\"{&quot;ekit_has_onepagescroll_dot&quot;:&quot;yes&quot;}\">\r\n\t\t\t\t\t<div class=\"e-con-inner\">\r\n\t\t<div class=\"elementor-element elementor-element-9f51b0f e-con-full e-flex e-con e-child\" data-id=\"9f51b0f\" data-element_type=\"container\" data-e-type=\"container\" data-settings=\"{&quot;ekit_has_onepagescroll_dot&quot;:&quot;yes&quot;}\">\r\n\t\t\t\t<div class=\"elementor-element elementor-element-e6eb20d elementor-widget elementor-widget-elementskit-heading\" data-id=\"e6eb20d\" data-element_type=\"widget\" data-e-type=\"widget\" data-settings=\"{&quot;ekit_we_effect_on&quot;:&quot;none&quot;}\" data-widget_type=\"elementskit-heading.default\">\n\t\t\t\t<div class=\"elementor-widget-container\">\n\t\t\t\t\t<div class=\"ekit-wid-con\" ><div class=\"ekit-heading elementskit-section-title-wraper text_left   ekit_heading_tablet-   ekit_heading_mobile-\"><h1 class=\"ekit-heading--title elementskit-section-title\">Ticari Elektronik \u0130leti \u0130zni Bilgilendirmesi<\/h1><div class=\"ekit_heading_separetor_wraper ekit_heading_elementskit-border-divider ekit-dotted\"><div class=\"elementskit-border-divider ekit-dotted\"><\/div><\/div><\/div><\/div>\t\t\t\t<\/div>\n\t\t\t\t<\/div>\n\t\t\t\t<\/div>\n\t\t\t\t\t<\/div>\n\t\t\t\t<\/div>\n\t\t<div class=\"elementor-element elementor-element-5012b91 e-flex e-con-boxed e-con e-parent\" data-id=\"5012b91\" data-element_type=\"container\" data-e-type=\"container\" data-settings=\"{&quot;ekit_has_onepagescroll_dot&quot;:&quot;yes&quot;}\">\r\n\t\t\t\t\t<div class=\"e-con-inner\">\r\n\t\t<div class=\"elementor-element elementor-element-f38931a e-con-full e-flex e-con e-child\" data-id=\"f38931a\" data-element_type=\"container\" data-e-type=\"container\" data-settings=\"{&quot;ekit_has_onepagescroll_dot&quot;:&quot;yes&quot;}\">\r\n\t\t\t\t<div class=\"elementor-element elementor-element-b233597 elementor-widget elementor-widget-text-editor\" data-id=\"b233597\" data-element_type=\"widget\" data-e-type=\"widget\" data-settings=\"{&quot;ekit_we_effect_on&quot;:&quot;none&quot;}\" data-widget_type=\"text-editor.default\">\n\t\t\t\t<div class=\"elementor-widget-container\">\n\t\t\t\t\t\t\t\t\t<p>6698 say\u0131l\u0131 Ki\u015fisel Verilerin Korunmas\u0131 Kanunu ve 6563 say\u0131l\u0131 Elektronik Ticaretin D\u00fczenlenmesi Hakk\u0131nda Kanun kapsam\u0131nda VIVID SA\u011eLIK TURIZM H\u0130ZMETLER\u0131 TICARET LIMITED \u015eIRKET\u0131 olarak her t\u00fcrl\u00fc pazarlama faaliyetleri\u060c \u0627\u0644\u0645\u0646\u062a\u062c\u0627\u062a \u0648\u0627\u0644\u062e\u062f\u0645\u0627\u062a \u0648\u0627\u0644\u0639\u0631\u0648\u0636 \u0627\u0644\u062a\u0631\u0648\u064a\u062c\u064a\u0629 \u0648\u0627\u0644\u0639\u0631\u0648\u0636 \u0627\u0644\u062a\u0631\u0648\u064a\u062c\u064a\u0629 \u0644\u0644\u0645\u0628\u064a\u0639\u0627\u062a. velisi\/vasisi bulundu\u011funuz ki\u015filere payla\u015f\u0131m\u0131n\u0131 sa\u011flamak amac\u0131yla KVKK ve Elektronik Ticaretin D\u00fczenlenmesi Hakk\u0131nda Kanun kapsam\u0131nda onay\u0131n\u0131z al\u0131narak i\u015flencektir.<br \/>\n\u064a\u062a\u0645 \u0627\u0644\u062a\u062d\u0642\u0642 \u0645\u0646 \u0635\u062d\u0629 \u0627\u0644\u0631\u0633\u0627\u0626\u0644 \u0627\u0644\u0646\u0635\u064a\u0629 \u0627\u0644\u0642\u0635\u064a\u0631\u0629 \u0648\u0627\u0644\u0628\u0631\u064a\u062f \u0627\u0644\u0625\u0644\u0643\u062a\u0631\u0648\u0646\u064a \u0645\u0646 \u062e\u0644\u0627\u0644 \u0625\u0631\u0633\u0627\u0644 \u0631\u0633\u0627\u0626\u0644 \u0646\u0635\u064a\u0629 \u0642\u0635\u064a\u0631\u0629 \u0648\u0631\u0633\u0627\u0626\u0644 \u0628\u0631\u064a\u062f \u0625\u0644\u0643\u062a\u0631\u0648\u0646\u064a \u0625\u0644\u0649 \u062c\u0647\u0627\u062a \u0627\u0644\u0627\u062a\u0635\u0627\u0644 \u0627\u0644\u062b\u0627\u0628\u062a\u0629 \u0648\u0627\u0644\u0645\u062f\u0641\u0648\u0639\u0629. (\u062a\u064a\u0643\u0627\u0631\u064a \u0625\u0644\u0643\u062a\u0631\u0648\u0646\u064a\u0643 \u0625\u064a\u0644\u064a\u062a\u064a)<\/p>\n<h3>Ticari \u0625\u0644\u0643\u062a\u0631\u0648\u0646\u064a\u0643 \u0625\u064a\u0644\u064a\u062a\u064a \u0625\u0632\u0646\u064a \u0623\u0648\u0646\u0627\u064a<\/h3>\n<p>Ben\u060c aksini bildirmedik\u00e7e Her t\u00fcrl\u00fc pazarlama faaliyetleri\u060c kampanyalar\u060c reklamlar\u060c lansmanlar\u060c anketler\u060c \u00e7ekili\u015fler\u060c indirimler\u060c Promotions\u060c \u00f6zel f\u0131rsatlar\u060c tan\u0131t\u0131m\u060c a\u00e7\u0131l\u0131\u015f\u060c davet\u060c etkinlik ve ileti\u015fim \u00e7al\u0131\u015fmalar\u0131 ile ilgili olarak taraf\u0131ma ve\/veya ad\u0131na i\u015flem ger\u00e7ekle\u015ftirdi\u011fim velisi\/vasisi bulundu\u011fum ki\u015filere <a href=\"https:\/\/vividclinic.net\/es\/\">\u0648\u0627\u0636\u062d<\/a> \u064a\u0645\u0643\u0646\u0643 \u0627\u0633\u062a\u062e\u062f\u0627\u0645 \u062e\u062f\u0645\u0629 \u0627\u0644\u0631\u0633\u0627\u0626\u0644 \u0627\u0644\u0646\u0635\u064a\u0629 \u0627\u0644\u0642\u0635\u064a\u0631\u0629 \u0648\u0627\u0644\u0628\u0631\u064a\u062f \u0627\u0644\u0625\u0644\u0643\u062a\u0631\u0648\u0646\u064a \u0648\u0623\u0631\u0627\u0645\u0627 \u0645\u0646 \u062e\u0644\u0627\u0644 \u062e\u062f\u0645\u0629 \u0627\u0644\u0631\u0633\u0627\u0626\u0644 \u0627\u0644\u0646\u0635\u064a\u0629 \u0627\u0644\u0642\u0635\u064a\u0631\u0629 \u0648\u0627\u0644\u0628\u0631\u064a\u062f \u0627\u0644\u0625\u0644\u0643\u062a\u0631\u0648\u0646\u064a \u0648\u0623\u0631\u0627\u0645\u0627 \u0648\u0628\u0637\u0627\u0642\u0629 \u0627\u0644\u0627\u0626\u062a\u0645\u0627\u0646 \u0627\u0644\u0625\u0644\u0643\u062a\u0631\u0648\u0646\u064a\u0629 \u0645\u0646 \u062e\u0644\u0627\u0644 \u062e\u062f\u0645\u0629 \u0627\u0644\u0631\u0633\u0627\u0626\u0644 \u0627\u0644\u0646\u0635\u064a\u0629 \u0627\u0644\u0642\u0635\u064a\u0631\u0629 \u0627\u0644\u062a\u064a \u064a\u062a\u0645 \u0625\u0631\u0633\u0627\u0644\u0647\u0627 \u0625\u0644\u064a\u0643. \u0628\u064a\u0627\u0646 \u0625\u062f\u0631\u064a\u0645.<\/p>\n\t\t\t\t\t\t\t\t<\/div>\n\t\t\t\t<\/div>\n\t\t\t\t<\/div>\n\t\t\t\t\t<\/div>\n\t\t\t\t<\/div>\n\t\t\t\t<\/div>","protected":false},"excerpt":{"rendered":"<p>Ticari Elektronik \u0130leti \u0130zni Bilgilendirmesi 6698 say\u0131l\u0131 Ki\u015fisel Verilerin Korunmas\u0131 Kanunu ve 6563 say\u0131l\u0131 Elektronik Ticaretin D\u00fczenlenmesi Hakk\u0131nda Kanun kapsam\u0131nda V\u0130V\u0130D SA\u011eLIK TUR\u0130ZM H\u0130ZMETLER\u0130 T\u0130CARET L\u0130M\u0130TED \u015e\u0130RKET\u0130 olarak her t\u00fcrl\u00fc pazarlama faaliyetleri, productos, servicios, promociones, promociones de ventas.., \u00f6zel f\u0131rsatlar, tan\u0131t\u0131m, a\u00e7\u0131l\u0131\u015f, davet, etkinlik ve ileti\u015fim \u00e7al\u0131\u015fmalar\u0131 ile ilgili olarak taraf\u0131n\u0131za ve\/veya ad\u0131na i\u015flem ger\u00e7ekle\u015ftirdi\u011finiz [&hellip;]<\/p>\n","protected":false},"author":1,"featured_media":0,"parent":0,"menu_order":0,"comment_status":"closed","ping_status":"open","template":"","meta":{"footnotes":""},"class_list":["post-10271","page","type-page","status-publish","hentry"],"_links":{"self":[{"href":"https:\/\/vividclinic.net\/ar\/wp-json\/wp\/v2\/pages\/10271","targetHints":{"allow":["GET"]}}],"collection":[{"href":"https:\/\/vividclinic.net\/ar\/wp-json\/wp\/v2\/pages"}],"about":[{"href":"https:\/\/vividclinic.net\/ar\/wp-json\/wp\/v2\/types\/page"}],"author":[{"embeddable":true,"href":"https:\/\/vividclinic.net\/ar\/wp-json\/wp\/v2\/users\/1"}],"replies":[{"embeddable":true,"href":"https:\/\/vividclinic.net\/ar\/wp-json\/wp\/v2\/comments?post=10271"}],"version-history":[{"count":0,"href":"https:\/\/vividclinic.net\/ar\/wp-json\/wp\/v2\/pages\/10271\/revisions"}],"wp:attachment":[{"href":"https:\/\/vividclinic.net\/ar\/wp-json\/wp\/v2\/media?parent=10271"}],"curies":[{"name":"\u0648\u0648\u0631\u062f\u0628\u0631\u064a\u0633","href":"https:\/\/api.w.org\/{rel}","templated":true}]}}