{"id":10273,"date":"2024-08-12T13:38:46","date_gmt":"2024-08-12T10:38:46","guid":{"rendered":"https:\/\/vividclinic.net\/cerez-politikasi\/"},"modified":"2024-09-05T16:45:48","modified_gmt":"2024-09-05T13:45:48","slug":"cerez-politikasi","status":"publish","type":"page","link":"https:\/\/vividclinic.net\/ar\/cerez-politikasi\/","title":{"rendered":"\u0627\u0644\u0633\u064a\u0627\u0633\u0629 \u0627\u0644\u0634\u0631\u0633\u0629"},"content":{"rendered":"<div data-elementor-type=\"wp-page\" data-elementor-id=\"10273\" class=\"elementor elementor-10273\" data-elementor-post-type=\"page\">\n\t\t\t\t<div class=\"elementor-element elementor-element-d0ab785 e-flex e-con-boxed e-con e-parent\" data-id=\"d0ab785\" data-element_type=\"container\" data-e-type=\"container\" data-settings=\"{&quot;ekit_has_onepagescroll_dot&quot;:&quot;yes&quot;}\">\r\n\t\t\t\t\t<div class=\"e-con-inner\">\r\n\t\t<div class=\"elementor-element elementor-element-6387afe e-con-full e-flex e-con e-child\" data-id=\"6387afe\" data-element_type=\"container\" data-e-type=\"container\" data-settings=\"{&quot;ekit_has_onepagescroll_dot&quot;:&quot;yes&quot;}\">\r\n\t\t\t\t<div class=\"elementor-element elementor-element-3151673 elementor-widget elementor-widget-elementskit-heading\" data-id=\"3151673\" data-element_type=\"widget\" data-e-type=\"widget\" data-settings=\"{&quot;ekit_we_effect_on&quot;:&quot;none&quot;}\" data-widget_type=\"elementskit-heading.default\">\n\t\t\t\t<div class=\"elementor-widget-container\">\n\t\t\t\t\t<div class=\"ekit-wid-con\" ><div class=\"ekit-heading elementskit-section-title-wraper text_left   ekit_heading_tablet-   ekit_heading_mobile-\"><h1 class=\"ekit-heading--title elementskit-section-title\">\u0627\u0644\u0633\u064a\u0627\u0633\u0629 \u0627\u0644\u0634\u0631\u0633\u0629<\/h1><div class=\"ekit_heading_separetor_wraper ekit_heading_elementskit-border-divider ekit-dotted\"><div class=\"elementskit-border-divider ekit-dotted\"><\/div><\/div><\/div><\/div>\t\t\t\t<\/div>\n\t\t\t\t<\/div>\n\t\t\t\t<\/div>\n\t\t\t\t\t<\/div>\n\t\t\t\t<\/div>\n\t\t<div class=\"elementor-element elementor-element-7060f9f e-flex e-con-boxed e-con e-parent\" data-id=\"7060f9f\" data-element_type=\"container\" data-e-type=\"container\" data-settings=\"{&quot;ekit_has_onepagescroll_dot&quot;:&quot;yes&quot;}\">\r\n\t\t\t\t\t<div class=\"e-con-inner\">\r\n\t\t<div class=\"elementor-element elementor-element-f99511d e-con-full e-flex e-con e-child\" data-id=\"f99511d\" data-element_type=\"container\" data-e-type=\"container\" data-settings=\"{&quot;ekit_has_onepagescroll_dot&quot;:&quot;yes&quot;}\">\r\n\t\t\t\t<div class=\"elementor-element elementor-element-e7fed95 elementor-widget elementor-widget-text-editor\" data-id=\"e7fed95\" data-element_type=\"widget\" data-e-type=\"widget\" data-settings=\"{&quot;ekit_we_effect_on&quot;:&quot;none&quot;}\" data-widget_type=\"text-editor.default\">\n\t\t\t\t<div class=\"elementor-widget-container\">\n\t\t\t\t\t\t\t\t\t<h4>\u0645\u0627 \u0647\u0648 \u0647\u062f\u0641 \u0627\u0644\u0633\u064a\u0627\u0633\u0629\u061f<\/h4>\n<p>\u064a\u062a\u0645 \u0627\u0633\u062a\u062e\u062f\u0627\u0645 \u0627\u0633\u0645 &quot;\u0645\u0644\u0641 \u062a\u0639\u0631\u064a\u0641 \u0627\u0644\u0627\u0631\u062a\u0628\u0627\u0637&quot; \u0623\u0648 &quot;\u0645\u0644\u0641 \u062a\u0639\u0631\u064a\u0641 \u0627\u0644\u0627\u0631\u062a\u0628\u0627\u0637&quot; \u0623\u0648 \u0627\u0644\u0647\u0627\u062a\u0641 \u0627\u0644\u0645\u062d\u0645\u0648\u0644 \u0623\u0648 \u0627\u0644\u062c\u0647\u0627\u0632 \u0627\u0644\u0644\u0648\u062d\u064a \u0645\u0646 \u062e\u0644\u0627\u0644 \u0645\u0648\u0642\u0639 sitemizi (vividclinic.net) \u0623\u0648 \u0632\u064a\u0627\u0631\u0629 \u0627\u0644\u0647\u0627\u062a\u0641 \u0627\u0644\u0645\u062d\u0645\u0648\u0644 \u0623\u0648 \u0627\u0644\u062c\u0647\u0627\u0632 \u0627\u0644\u0644\u0648\u062d\u064a \u0623\u0648 \u0627\u0633\u062a\u062e\u062f\u0627\u0645 \u0627\u0644\u0647\u0627\u062a\u0641 \u0627\u0644\u0645\u062d\u0645\u0648\u0644 bilgilerdir.<br \/>\n\u0645\u0646 \u062e\u0644\u0627\u0644 \u0645\u0648\u0642\u0639 \u0627\u0644\u0625\u0646\u062a\u0631\u0646\u062a \u0627\u0644\u0634\u0647\u064a\u0631\u060c \u064a\u0645\u0643\u0646\u0643 \u0625\u0646\u0634\u0627\u0621 \u0645\u0648\u0627\u0642\u0639 \u0648\u064a\u0628 \u0648\u0645\u0648\u0627\u0642\u0639 \u0648\u064a\u0628 \u0631\u0627\u0626\u0639\u0629. <\/p>\n<h4>\u0644\u0627 \u0623\u0631\u064a\u062f \u0623\u0646 \u0623\u0633\u062a\u062e\u062f\u0645\u0647\u061f<\/h4>\n<p>cherezleri, sitemizin daha kolay kullan\u0131lmas\u0131, sizin ilgi ve ihtiya\u00e7lar\u0131n\u0131za g\u00f6re ayarlanmas\u0131 and kullan\u0131c\u0131lar\u0131m\u0131za ak\u0131ll\u0131 reklam g\u00f6sterimi i\u00e7in ki\u015fiselle\u015ftirme amac\u0131yla kullan\u0131yoruz.<br \/>\n\u0645\u0648\u0627\u0642\u0639 \u0627\u0644\u0625\u0646\u062a\u0631\u0646\u062a \u0627\u0644\u062a\u064a \u062a\u062d\u062a\u0648\u064a \u0639\u0644\u0649 \u0627\u0644\u0639\u062f\u064a\u062f \u0645\u0646 \u0627\u0644\u0645\u064a\u0632\u0627\u062a \u0648\u0627\u0644\u0645\u0645\u064a\u0632\u0627\u062a \u0630\u0627\u062a \u0627\u0644\u062d\u062c\u0645 \u0627\u0644\u0643\u0628\u064a\u0631 \u0648\u0645\u0648\u0627\u0642\u0639 \u0627\u0644\u0625\u0646\u062a\u0631\u0646\u062a \u0627\u0644\u062a\u064a \u062a\u062d\u062a\u0648\u064a \u0639\u0644\u0649 \u0627\u0644\u0639\u062f\u064a\u062f \u0645\u0646 \u0645\u0648\u0627\u0642\u0639 \u0627\u0644\u0648\u064a\u0628 \u0627\u0644\u062a\u064a \u064a\u0645\u0643\u0646\u0643 \u062a\u0635\u0641\u062d\u0647\u0627 \u0645\u0646 \u062e\u0644\u0627\u0644 \u0645\u0648\u0627\u0642\u0639 \u0627\u0644\u0625\u0646\u062a\u0631\u0646\u062a. <\/p>\n<p>\u0645\u0646 \u062e\u0644\u0627\u0644 \u0647\u0630\u0627 \u0627\u0644\u0645\u0648\u0642\u0639\u060c \u064a\u0645\u0643\u0646\u0643 \u0627\u0644\u0648\u0635\u0648\u0644 \u0625\u0644\u0649 \u0645\u0648\u0642\u0639 \u0627\u0644\u0648\u064a\u0628 \u0627\u0644\u062e\u0627\u0635 \u0628\u0643 \u0645\u0646 \u062e\u0644\u0627\u0644 \u0645\u0648\u0642\u0639 \u0627\u0644\u0648\u064a\u0628 \u0627\u0644\u062e\u0627\u0635 \u0628\u0643.<br \/>\nBunlara ek olarak, ziyaret\u00e7ilerin sitemizi nas\u0131l kulland\u0131\u011f\u0131n\u0131 anlamak ve sitemizin tasar\u0131m\u0131 ile kullan\u0131\u015fl\u0131l\u0131\u011f\u0131n\u0131 geli\u015ftirmek amac\u0131yla cerezleri sitemizin kullan\u0131m\u0131 haskk\u0131nda statistiksel bilgiler bilgiler tolamak i\u00e7in de kullanabiliriz. <\/p>\n<h4>VIVID SA\u011eLIK TURIZM HIZMETLER\u0131 TICARET LIMITED \u015eIRKET\u0131 cherezleri<\/h4>\n<p>\u062a\u062a\u0648\u0641\u0631 \u0645\u0648\u0627\u0642\u0639 \u0627\u0644\u0648\u064a\u0628 \u0648\u062e\u062f\u0645\u0627\u062a \u0627\u0644\u0647\u0627\u062a\u0641 \u0627\u0644\u0645\u062d\u0645\u0648\u0644 \u0648\u0645\u0648\u0627\u0642\u0639 \u0627\u0644\u0647\u0627\u062a\u0641 \u0627\u0644\u0645\u062d\u0645\u0648\u0644 \u0641\u064a \u062c\u0645\u064a\u0639 \u0623\u0646\u062d\u0627\u0621 \u0627\u0644\u0639\u0627\u0644\u0645.<br \/>\nBu kullan\u0131z\u0131 kaydeden ve web sitesi\/mobile uygulama\/mobile sitesi s\u00fcrekli a\u00e7\u0131k kalmas\u0131n\u0131 sa\u011flayan, b\u00f6ylece her ziyaretinizde Birden fazla kez parola girme zahmetinden kurtaran cerezleri ve Web sitesi, mobil uygulama ve\/veya mobil siteye daha sonraki ziyaretlerde kullan\u0131c\u0131y\u0131 hat\u0131rlayan ve tan\u0131yan \u00e7erezleri i\u00e7erir. <\/p>\n<p>Kullan\u0131c\u0131lar\u0131n web sitesi, mobil uygulama ve\/veya mobil siteye nereden and hanging cihazlardan ba\u011fland\u0131\u011f\u0131, web sitesi\/mobile uygulama\/mobil sitesi \u00fczerinde Hangi i\u00e7eri\u011fi g\u00f6r\u00fcnt\u00fcledi\u011fi \u0648\u0632\u064a\u0627\u0631\u0629 \u0627\u0644\u0636\u0645\u0627\u0646 gibi web sitesini\/mobil uygulamay\u0131\/mobil sitesini nas\u0131l kulland\u0131\u011f\u0131n\u0131z\u0131n tespiti de dahil olmak \u00fczere\u061b \u0645\u0648\u0627\u0642\u0639 \u0627\u0644\u0648\u064a\u0628\u060c mobil uygulama ve\/veya mobil siteyi kullan\u0131c\u0131n\u0131n nas\u0131l kulland\u0131\u011f\u0131n\u0131 belirlemek amac\u0131yla kullan\u0131r.<\/p>\n<p>\u0643\u0644 \u0645\u0627 \u0639\u0644\u064a\u0643 \u0647\u0648 \u0623\u0646 \u062a\u0642\u0648\u0645 \u0628\u062a\u0633\u0648\u064a\u0642 \u0627\u0644\u0625\u0639\u0644\u0627\u0646\u0627\u062a \u0648\u0627\u0644\u0625\u0639\u0644\u0627\u0646 \u0639\u0646\u0647\u0627\u060c \u0648\u0644\u0643\u0646 \u0625\u0630\u0627 \u0643\u0627\u0646\u062a \u0647\u0630\u0647 \u0627\u0644\u0625\u0639\u0644\u0627\u0646\u0627\u062a \u063a\u064a\u0631 \u0645\u062d\u062f\u0648\u062f\u0629 \u0641\u0633\u062a\u0643\u0648\u0646 \u0623\u0643\u062b\u0631 \u0645\u0646 \u0623\u064a \u0648\u0642\u062a \u0645\u0636\u0649.<\/p>\n<h4>\u00bf\u0647\u0627\u0646\u062c\u064a \u062a\u0648\u0631\u0644\u0631\u064a\u0646\u064a \u0643\u0648\u0644\u0627\u0646\u064a\u064a\u0648\u0631\u0648\u0632\u061f<\/h4>\n<p>\u064a\u062a\u0645 \u0625\u0646\u0634\u0627\u0621 \u0645\u0644\u0641\u0627\u062a \u062a\u0639\u0631\u064a\u0641 \u0627\u0644\u0627\u0631\u062a\u0628\u0627\u0637 \u0627\u0644\u062e\u0627\u0635\u0629 \u0628\u0627\u0644\u062c\u0644\u0633\u0629 \u0648\u0645\u0644\u0641\u0627\u062a \u062a\u0639\u0631\u064a\u0641 \u0627\u0644\u0627\u0631\u062a\u0628\u0627\u0637 \u0627\u0644\u062f\u0627\u0626\u0645\u0629 (\u0645\u0644\u0641\u0627\u062a \u062a\u0639\u0631\u064a\u0641 \u0627\u0644\u0627\u0631\u062a\u0628\u0627\u0637 \u0627\u0644\u062f\u0627\u0626\u0645\u0629) \u0645\u0646 \u062e\u0644\u0627\u0644 \u0625\u0646\u0634\u0627\u0621 \u0645\u0644\u0641\u0627\u062a \u062a\u0639\u0631\u064a\u0641 \u0627\u0644\u0627\u0631\u062a\u0628\u0627\u0637 \u0627\u0644\u062e\u0627\u0635\u0629 \u0628\u0647\u0627.<br \/>\nOturum cerezleri ge\u00e7ici cerezler olup Sadece taray\u0131c\u0131n\u0131z\u0131 kapat\u0131ncaya kadar ge\u00e7erlidirler.<br \/>\n\u0642\u0645 \u0628\u0636\u0628\u0637 \u0625\u0639\u062f\u0627\u062f\u0627\u062a \u0627\u0644\u0635\u0645\u062a \u0645\u0646 \u062e\u0644\u0627\u0644 \u0627\u0644\u0636\u063a\u0637 \u0639\u0644\u0649 \u0632\u0631 \u0627\u0644\u0625\u064a\u0642\u0627\u0641 (\u0644\u0645 \u064a\u062a\u0645 \u0625\u064a\u0642\u0627\u0641 \u062a\u0634\u063a\u064a\u0644 \u0627\u0644\u062c\u0647\u0627\u0632 \u0628\u0639\u062f \u0630\u0644\u0643\u060c \u0623\u0648 \u0642\u0645 \u0628\u0625\u064a\u0642\u0627\u0641 \u062a\u0634\u063a\u064a\u0644\u0647) \u062d\u062a\u0649 \u064a\u062a\u0645 \u062a\u062b\u0628\u064a\u062a \u0627\u0644\u0642\u0631\u0635.  <\/p>\n<h4>\u00dc\u00e7\u00fcnc\u00fc Parti cerezleri (\u0645\u0644\u0641\u0627\u062a \u062a\u0639\u0631\u064a\u0641 \u0627\u0644\u0627\u0631\u062a\u0628\u0627\u0637 \u0627\u0644\u062b\u0644\u0627\u062b\u0629)<\/h4>\n<p>\u0625\u0630\u0627 \u0643\u0646\u062a \u062a\u0631\u063a\u0628 \u0641\u064a \u0625\u0646\u0634\u0627\u0621 \u0645\u0646\u0635\u0629 \u0625\u0639\u0644\u0627\u0646\u064a\u0629 \u0623\u0648 \u0645\u0646\u0635\u0629 \u0625\u0639\u0644\u0627\u0645\u064a\u0629 \u0627\u062c\u062a\u0645\u0627\u0639\u064a\u0629 \u0623\u0648 \u062a\u062d\u0644\u064a\u0644\u0627\u062a \u062a\u0638\u0647\u0631 \u0645\u0639\u0644\u0648\u0645\u0627\u062a\u0643\u060c \u0641\u0625\u0646 \u0625\u0646\u0634\u0627\u0621 \u0645\u0648\u0642\u0639 \u0639\u0644\u0649 \u0634\u0628\u0643\u0629 \u0627\u0644\u0625\u0646\u062a\u0631\u0646\u062a \u0645\u0646 \u062e\u0644\u0627\u0644 \u062e\u062f\u0645\u0627\u062a \u0645\u0633\u0627\u0639\u062f\u0629 \u0627\u0644\u0645\u0633\u062a\u062e\u062f\u0645\u064a\u0646 \u0641\u064a \u0645\u0648\u0627\u0642\u0639 \u0627\u0644\u062a\u0648\u0627\u0635\u0644 \u0627\u0644\u0627\u062c\u062a\u0645\u0627\u0639\u064a\u060c \u064a\u0645\u0643\u0646\u0643 \u0645\u0646 \u062e\u0644\u0627\u0644\u0647 \u0632\u064a\u0627\u0631\u0629 \u0645\u0648\u0642\u0639 \u0627\u0644\u0648\u064a\u0628 \u0627\u0644\u062e\u0627\u0635 \u0628\u0643. cerez kaydetmelerine izin verebiliriz.<br \/>\n\u0642\u062f \u064a\u0643\u0648\u0646 \u0645\u0646 \u0627\u0644\u0645\u0641\u064a\u062f \u0627\u0633\u062a\u062e\u062f\u0627\u0645 \u062a\u0642\u0646\u064a\u0629 \u0627\u0644\u062a\u062d\u0643\u0645 \u0641\u064a \u0627\u0644\u0623\u0646\u0641 \u0648\u0627\u0644\u062a\u062d\u0643\u0645 \u0641\u064a \u0627\u0644\u0623\u0646\u0641\u060c \u0645\u0645\u0627 \u064a\u0624\u062f\u064a \u0625\u0644\u0649 \u062a\u0641\u0627\u0642\u0645 \u0645\u0634\u0627\u0643\u0644 \u0627\u0644\u0623\u0637\u0631\u0627\u0641 \u0627\u0644\u0633\u0641\u0644\u064a\u0629 \u0648\u0627\u0644\u062d\u0633\u0627\u0633\u064a\u0629 \u0627\u0644\u0633\u064a\u0627\u0633\u064a\u0629 \u0623\u0648 \u0627\u0644\u0633\u064a\u0627\u0633\u064a\u0629. \u0633\u064a\u0627\u0633\u064a inceleyiniz. <\/p>\n<p>Vividclinic.net cerezleri ayr\u0131ca arama motorlar\u0131n\u0131\u060c Vividclinic.net web sitesini\u060c mobile uygulamas\u0131n\u0131 veya mobile sitesi ve\/veya Vividclinic.net sitesinin reklam verdi\u011fi web sitelerini ziyaret etti\u011finizde ilginizi \u00e7ekebilece\u011fini d\u00fc\u015f\u00fcnd\u00fc\u011f\u00fc \u062d\u062c\u0645 \u0625\u0639\u0644\u0627\u0646 sunabilmek amac\u0131yla kullanabilir.<br \/>\n\u0625\u0630\u0627 \u0643\u0627\u0646 \u0644\u062f\u064a\u0643 \u0645\u0648\u0642\u0639 \u0648\u064a\u0628\u060c \u0623\u0648 \u0635\u0641\u062d\u0629 \u0648\u064a\u0628 \u062c\u0648\u0627\u0644\u060c \u0623\u0648 \u0635\u0641\u062d\u0629 \u0648\u064a\u0628 \u062c\u0648\u0627\u0644\u060c \u0623\u0648 \u0635\u0641\u062d\u0629 \u0648\u064a\u0628 \u0645\u0646 Vividclinic.net\u060c \u0641\u0642\u062f \u064a\u062a\u063a\u064a\u0631 \u062d\u062c\u0645 \u0645\u0648\u0642\u0639 \u0627\u0644\u0648\u064a\u0628 \u0627\u0644\u062e\u0627\u0635 \u0628\u0643\u060c \u0623\u0648 \u0635\u0641\u062d\u0629 \u0627\u0644\u0648\u064a\u0628 \u0627\u0644\u062e\u0627\u0635\u0629 \u0628\u0643 \u0639\u0644\u0649 \u0627\u0644\u062c\u0648\u0627\u0644\u060c \u0623\u0648 \u0635\u0641\u062d\u0629 \u0627\u0644\u0648\u064a\u0628 \u0627\u0644\u062e\u0627\u0635\u0629 \u0628\u0643.<br \/>\nKi\u015fiselle\u015ftirilmi\u015f bu reklamlar\u0131 sunarken, Vividclinic.net sizi tan\u0131yabilmesi amac\u0131yla taray\u0131c\u0131n\u0131za benzersiz bir \u00fc\u00e7\u00fcnc\u00fc taraf cerezi yerle\u015ftirilebilir.<br \/>\n\u064a\u0633\u062a\u062e\u062f\u0645 Vividclinic.net \u062e\u062f\u0645\u0627\u062a Google, Inc. (&quot;Google&quot;) \u0644\u062a\u062d\u0644\u064a\u0644 \u0627\u0644\u0648\u064a\u0628 \u0627\u0644\u062e\u0627\u0635 \u0628\u0640 Google Analytics.<br \/>\nGoogle Analytics \u0639\u0628\u0627\u0631\u0629 \u0639\u0646 \u062e\u062f\u0645\u0629 \u0644\u062a\u062d\u0644\u064a\u0644 \u0645\u0648\u0627\u0642\u0639 \u0627\u0644\u0648\u064a\u0628 \u0648\u062a\u0637\u0628\u064a\u0642\u0627\u062a \u0627\u0644\u0647\u0648\u0627\u062a\u0641 \u0627\u0644\u0645\u062d\u0645\u0648\u0644\u0629 \u0648\u0645\u0648\u0627\u0642\u0639 \u0627\u0644\u0647\u0648\u0627\u062a\u0641 \u0627\u0644\u0645\u062d\u0645\u0648\u0644\u0629 \u0648\u0627\u0644\u062a\u064a \u062a\u0642\u062f\u0645 \u0625\u062d\u0635\u0627\u0626\u064a\u0627\u062a \u062d\u0648\u0644 \u0627\u0644\u0627\u0633\u062a\u062e\u062f\u0627\u0645 \u0648\u0645\u0639\u062f\u0644 \u0627\u0644\u0628\u064a\u0627\u0646\u0627\u062a \u0627\u0644\u062a\u062d\u0644\u064a\u0644\u064a\u0629.<br \/>\n\u062a\u0645 \u0627\u0633\u062a\u062e\u062f\u0627\u0645 Google Analytics \u0641\u064a \u0647\u0630\u0627 \u0627\u0644\u0631\u0627\u0628\u0637 (reddetme se\u00e7enekleri dahil)\u060c \u0648\u0639\u0646\u0648\u0627\u0646 \u0632\u064a\u0627\u0631\u0629 \u0627\u0644\u0645\u0648\u0642\u0639: <a target=\"\" rel=\"\">http:\/\/www.google.com\/intl\/tr\/policies\/privacy\/#infocollect<\/a>     <\/p>\n<p><a target=\"_new\" rel=\"noreferrer\">\u0627\u0644\u0633\u064a\u0627\u0633\u0629 \u0627\u0644\u0634\u0631\u0633\u0629<br \/><\/a><\/p>\n<h4>cerezleri Nas\u0131l Kontrol Edebilir \u0623\u0648 Silebilirsiniz\u061f<\/h4>\n<p>Bir\u00e7ok internet taray\u0131c\u0131s\u0131, varsay\u0131lan olarak cerezleri otomatik olarak kabul etmeye ayarl\u0131d\u0131r.<br \/>\n\u0641\u064a \u0647\u0630\u0647 \u0627\u0644\u0623\u062b\u0646\u0627\u0621\u060c cerezleri engelleyecek \u0623\u0648 cihaz\u0131n\u0131za cerez g\u00f6nderildi\u011finde uyar\u0131 verecek \u015fekilde de\u011fi\u015ftirebilirsiniz.<br \/>\ncerezleri y\u00f6netmenin birka\u00e7 yolu bulunmaktad\u0131r.<br \/>\nTaray\u0131c\u0131 ayarlar\u0131n\u0131z\u0131 nas\u0131l d\u00fczenleyece\u011finiz hakk\u0131nda ayr\u0131nt\u0131l\u0131 bilgi almak i\u00e7in l\u00fctfen taray\u0131c\u0131n\u0131z\u0131n talimat veya yard\u0131m ekran\u0131na ba\u015fvurun.   <\/p>\n<p>\u064a\u0645\u0643\u0646\u0643 \u0627\u0633\u062a\u062e\u062f\u0627\u0645 \u0627\u0644\u0625\u0646\u062a\u0631\u0646\u062a \u00e7e\u015fidine g\u00f6re a\u015fa\u011f\u0131daki ad\u0131mlar\u0131 izleyerek, \u00e7erezler hakk\u0131nda bilgi edinip, izin verme veya reddetme hakk\u0131n\u0131z\u0131 kullanabilirsiniz:<\/p>\n<ul>\n<li><strong>\u062c\u0648\u062c\u0644 \u0643\u0631\u0648\u0645<\/strong>: \u064a\u062d\u062a\u0648\u064a \u0627\u0644\u0645\u062a\u0635\u0641\u062d \u0639\u0644\u0649 &quot;\u0639\u0646\u0648\u0627\u0646&quot; \u0645\u062d\u062f\u062f\u060c \u0623\u0648 &quot;\u0645\u0644\u0641\u0627\u062a \u062a\u0639\u0631\u064a\u0641 \u0627\u0644\u0627\u0631\u062a\u0628\u0627\u0637&quot; \u0623\u0648 &quot;i&quot; harfini t\u0131klayarak\u060c \u0623\u0648 &quot;\u0645\u0644\u0641 \u062a\u0639\u0631\u064a\u0641 \u0627\u0644\u0627\u0631\u062a\u0628\u0627\u0637&quot; (Cookie) \u0627\u0644\u0630\u064a \u064a\u062a\u0645 \u062a\u062d\u062f\u064a\u062f\u0647 \u0645\u0646 \u0642\u0628\u0644 \u0627\u0644\u0645\u0633\u062a\u062e\u062f\u0645 \u0623\u0648 bloke edebilirsiniz.<\/li>\n<li><strong>\u0645\u0633\u062a\u0643\u0634\u0641<\/strong> \u0627\u0644\u0625\u0646\u062a\u0631\u0646\u062a: \u062a\u0645 \u0627\u0633\u062a\u062e\u062f\u0627\u0645 \u0627\u0644\u0645\u062a\u0635\u0641\u062d \u0645\u0646 \u062e\u0644\u0627\u0644 &quot;\u0627\u0644\u0623\u062f\u0627\u0629&quot; \u0623\u0648 &quot;\u0627\u0644\u0623\u062f\u0627\u0629&quot; \u0623\u0648 &quot;\u0627\u0644\u0645\u0641\u062a\u0627\u062d&quot; \u0623\u0648 &quot;\u0627\u0644\u0645\u0641\u062a\u0627\u062d&quot; \u0623\u0648 &quot;\u0625\u0635\u062f\u0627\u0631 \u0627\u0644\u0646\u0633\u062e\u0629&quot; \u0623\u0648 &quot;\u0646\u0633\u062e\u0629 \u0627\u0644\u0648\u064a\u0628&quot; \u0627\u0644\u062a\u064a \u064a\u062a\u0645 \u062a\u0634\u063a\u064a\u0644\u0647\u0627 \u0645\u0646 \u062e\u0644\u0627\u0644 \u0627\u0644\u0646\u0642\u0631 \u0639\u0644\u0649 \u0632\u0631 &quot;\u0627\u0644\u0625\u0646\u062a\u0631\u0646\u062a&quot;.<\/li>\n<li><strong>\u0645\u0648\u0632\u064a\u0644\u0627 \u0641\u0627\u064a\u0631\u0641\u0648\u0643\u0633<\/strong>: Browser&#039;\u0131n\u0131z\u0131n sa\u011f\u00fcst k\u00f6\u015fesinde y alan \u201cmen\u00fcy\u00fc a\u00e7\u201d sekmesini t\u0131klay\u0131n\u0131z.<br \/>\n&quot;Se\u00e7enekler&quot; g\u00f6rselini t\u0131klayarak &quot;Gizlilik ve G\u00fcvenlik&quot; Button kullanarak cerez y\u00f6netiminizi yap\u0131n\u0131z. <\/li>\n<li><strong>\u0631\u062d\u0644\u0627\u062a \u0627\u0644\u0633\u0641\u0627\u0631\u064a<\/strong>: Phoneunuzun \u201cAyarlar\u201d b\u00f6l\u00fcm\u00fcnden \u201csafari\u201d sekmesini se\u00e7ip, \u201cGizlilik ve G\u00fcvenlik\u201d b\u00f6l\u00fcm\u00fcnden t\u00fcm cerez y\u00f6netiminizi sa\u011flayabilirsiniz.<\/li>\n<\/ul>\n<p>\u064a\u0648\u062c\u062f \u0645\u062a\u0635\u0641\u062d \u0622\u062e\u0631 (Opera\u060c Microsoft Edge gibi)\u060c \u064a\u062a\u0645 \u062a\u0634\u063a\u064a\u0644 \u0627\u0644\u0645\u062a\u0635\u0641\u062d \u0645\u0646 \u062e\u0644\u0627\u0644\u0647 \u0623\u0648 \u0645\u0646 \u062e\u0644\u0627\u0644\u0647.<\/p>\n<p>E\u011fer kulland\u0131\u011f\u0131m\u0131z \u00e7erezleri devre d\u0131\u015f\u0131 b\u0131rak\u0131rsan\u0131z, bu eylem <a href=\"https:\/\/vividclinic.net\/es\/\">vividclinic.net<\/a> sitesindeki kullan\u0131c\u0131 deneyiminizi etkileyebilir.<br \/>\n\u0623\u0648\u0631\u0646\u064a\u062c\u064a\u0646 <a href=\"https:\/\/vividclinic.net\/es\/\">\u0639\u064a\u0627\u062f\u0629 \u062d\u064a\u0629<\/a>.net sitesinin beliirli b\u00f6l\u00fcmlerini g\u00f6r\u00fcnt\u00fcleyemeyebilir veya Vividclinic.net sitesini ziyaret etti\u011finizde sizin i\u00e7in \u00f6zelle\u015ftirilmi\u015f olan bilgiler ula\u015famayabilirsiniz. <\/p>\n<p>\u062a\u0648\u0641\u0631 \u0645\u0648\u0627\u0642\u0639 Vividclinic.net \u062e\u062f\u0645\u0627\u062a \u062a\u0646\u0638\u064a\u0641 \u0627\u0644\u0623\u0633\u0646\u0627\u0646 (\u0623\u0648 \u0627\u0644\u0647\u0648\u0627\u062a\u0641 \u0627\u0644\u0645\u062d\u0645\u0648\u0644\u0629 \u0623\u0648 \u0627\u0644\u0623\u062c\u0647\u0632\u0629 \u0627\u0644\u0644\u0648\u062d\u064a\u0629 \u0623\u0648 \u0627\u0644\u0623\u062c\u0647\u0632\u0629 \u0627\u0644\u0644\u0648\u062d\u064a\u0629 VB.)\u060c \u0648\u0644\u0643\u0646\u0647\u0627 \u062a\u0633\u0627\u0639\u062f \u0641\u064a \u0639\u0644\u0627\u062c\u0647\u0627 \u0645\u0646 \u062e\u0644\u0627\u0644 \u0639\u0644\u0627\u062c\u0627\u062a \u0623\u0643\u062b\u0631 \u0641\u0639\u0627\u0644\u064a\u0629 \u0623\u0648\u0644\u0645\u0627\u0646\u064a\u0632 \u062c\u064a\u0631\u0643\u064a\u0631.<\/p>\n\t\t\t\t\t\t\t\t<\/div>\n\t\t\t\t<\/div>\n\t\t\t\t<\/div>\n\t\t\t\t\t<\/div>\n\t\t\t\t<\/div>\n\t\t\t\t<\/div>","protected":false},"excerpt":{"rendered":"<p>\u00c7erez Politikas\u0131 \u00c7erez Politikas\u0131 nedir? \u00c7erez veya bilinen ismiyle &#8220;cookie&#8221;, mobil ve masa\u00fcst\u00fc cihazlar kullanarak sitemizi (vividclinic.net) ziyaret etti\u011finizde bilgisayar\u0131n\u0131z veya mobil cihaz\u0131n\u0131za (ak\u0131ll\u0131 telefon, tablet gibi) kaydedilen k\u00fc\u00e7\u00fck metin dosyas\u0131 veya bilgilerdir. \u00c7erezler genellikle geldikleri internet site isimlerini, kullan\u0131m \u00f6m\u00fcrlerini ve rastgele verilen say\u0131lardan olu\u015fan de\u011ferleri i\u00e7erir. Ne i\u00e7in Kullan\u0131yoruz? \u00c7erezleri, sitemizin daha kolay [&hellip;]<\/p>\n","protected":false},"author":1,"featured_media":0,"parent":0,"menu_order":0,"comment_status":"closed","ping_status":"open","template":"","meta":{"footnotes":""},"class_list":["post-10273","page","type-page","status-publish","hentry"],"_links":{"self":[{"href":"https:\/\/vividclinic.net\/ar\/wp-json\/wp\/v2\/pages\/10273","targetHints":{"allow":["GET"]}}],"collection":[{"href":"https:\/\/vividclinic.net\/ar\/wp-json\/wp\/v2\/pages"}],"about":[{"href":"https:\/\/vividclinic.net\/ar\/wp-json\/wp\/v2\/types\/page"}],"author":[{"embeddable":true,"href":"https:\/\/vividclinic.net\/ar\/wp-json\/wp\/v2\/users\/1"}],"replies":[{"embeddable":true,"href":"https:\/\/vividclinic.net\/ar\/wp-json\/wp\/v2\/comments?post=10273"}],"version-history":[{"count":0,"href":"https:\/\/vividclinic.net\/ar\/wp-json\/wp\/v2\/pages\/10273\/revisions"}],"wp:attachment":[{"href":"https:\/\/vividclinic.net\/ar\/wp-json\/wp\/v2\/media?parent=10273"}],"curies":[{"name":"\u0648\u0648\u0631\u062f\u0628\u0631\u064a\u0633","href":"https:\/\/api.w.org\/{rel}","templated":true}]}}