{"id":10587,"date":"2024-08-12T15:48:13","date_gmt":"2024-08-12T12:48:13","guid":{"rendered":"https:\/\/vividclinic.net\/gizlilik-politikasi\/"},"modified":"2024-09-05T16:46:45","modified_gmt":"2024-09-05T13:46:45","slug":"gizlilik-politikasi","status":"publish","type":"page","link":"https:\/\/vividclinic.net\/ar\/gizlilik-politikasi\/","title":{"rendered":"\u0633\u064a\u0627\u0633\u0629 \u0627\u0644\u062e\u0635\u0648\u0635\u064a\u0629"},"content":{"rendered":"<div data-elementor-type=\"wp-page\" data-elementor-id=\"10587\" class=\"elementor elementor-10587\" data-elementor-post-type=\"page\">\n\t\t\t\t<div class=\"elementor-element elementor-element-c54fda4 e-flex e-con-boxed e-con e-parent\" data-id=\"c54fda4\" data-element_type=\"container\" data-e-type=\"container\" data-settings=\"{&quot;ekit_has_onepagescroll_dot&quot;:&quot;yes&quot;}\">\r\n\t\t\t\t\t<div class=\"e-con-inner\">\r\n\t\t<div class=\"elementor-element elementor-element-3e873d3 e-con-full e-flex e-con e-child\" data-id=\"3e873d3\" data-element_type=\"container\" data-e-type=\"container\" data-settings=\"{&quot;ekit_has_onepagescroll_dot&quot;:&quot;yes&quot;}\">\r\n\t\t\t\t<div class=\"elementor-element elementor-element-d52bae5 elementor-widget elementor-widget-elementskit-heading\" data-id=\"d52bae5\" data-element_type=\"widget\" data-e-type=\"widget\" data-settings=\"{&quot;ekit_we_effect_on&quot;:&quot;none&quot;}\" data-widget_type=\"elementskit-heading.default\">\n\t\t\t\t<div class=\"elementor-widget-container\">\n\t\t\t\t\t<div class=\"ekit-wid-con\" ><div class=\"ekit-heading elementskit-section-title-wraper text_left   ekit_heading_tablet-   ekit_heading_mobile-\"><h1 class=\"ekit-heading--title elementskit-section-title\">\u0633\u064a\u0627\u0633\u0629 \u0627\u0644\u062e\u0635\u0648\u0635\u064a\u0629<\/h1><div class=\"ekit_heading_separetor_wraper ekit_heading_elementskit-border-divider ekit-dotted\"><div class=\"elementskit-border-divider ekit-dotted\"><\/div><\/div><\/div><\/div>\t\t\t\t<\/div>\n\t\t\t\t<\/div>\n\t\t\t\t<\/div>\n\t\t\t\t\t<\/div>\n\t\t\t\t<\/div>\n\t\t<div class=\"elementor-element elementor-element-e82445b e-flex e-con-boxed e-con e-parent\" data-id=\"e82445b\" data-element_type=\"container\" data-e-type=\"container\" data-settings=\"{&quot;ekit_has_onepagescroll_dot&quot;:&quot;yes&quot;}\">\r\n\t\t\t\t\t<div class=\"e-con-inner\">\r\n\t\t<div class=\"elementor-element elementor-element-0d6867d e-con-full e-flex e-con e-child\" data-id=\"0d6867d\" data-element_type=\"container\" data-e-type=\"container\" data-settings=\"{&quot;ekit_has_onepagescroll_dot&quot;:&quot;yes&quot;}\">\r\n\t\t\t\t<div class=\"elementor-element elementor-element-5f737af elementor-widget elementor-widget-text-editor\" data-id=\"5f737af\" data-element_type=\"widget\" data-e-type=\"widget\" data-settings=\"{&quot;ekit_we_effect_on&quot;:&quot;none&quot;}\" data-widget_type=\"text-editor.default\">\n\t\t\t\t<div class=\"elementor-widget-container\">\n\t\t\t\t\t\t\t\t\t<h2>\u0633\u064a\u0627\u0633\u0629 \u0627\u0644\u062e\u0635\u0648\u0635\u064a\u0629<\/h2>\n<p>Bu bilgi metni, 6698 say\u0131l\u0131 Ki\u015fisel Verilerin Korunmas\u0131 Kanunu&#039;nun 10.<br \/>\nmaddesi uyar\u0131nca haz\u0131rlanm\u0131\u015ft\u0131r.<br \/>\nVIVID SA\u011eLIK TURISM HIZMETLERI TICARET LIMMITED \u015eIRKET\u0130 (\u062a\u0645 \u062a\u0648\u0641\u064a\u0631\u0647 \u0645\u0646 \u062e\u0644\u0627\u0644 \u0627\u0633\u0645 &quot;Vivid Klinik&quot; olarak) \u0627\u0644\u0630\u064a \u062a\u0645 \u062a\u0642\u062f\u064a\u0645\u0647 \u0628\u0627\u0644\u0641\u0639\u0644\u060c \u0648\u062a\u0645 \u0627\u0644\u062a\u062d\u0642\u0642 \u0645\u0646 \u0635\u062d\u0629 \u0627\u0644\u0645\u0639\u0644\u0648\u0645\u0627\u062a \u0648\u0627\u0644\u0628\u064a\u0627\u0646\u0627\u062a\u060c \u0648\u062a\u0645 \u0627\u0644\u062a\u062d\u0642\u0642 \u0645\u0646 \u0630\u0644\u0643. ishlenece\u011fi\u060c kimlere\u060c \u0648hangi ama\u00e7la aktar\u0131labilece\u011fi konusunda sizi bilgilendirmek amac\u0131yla haz\u0131rlanm\u0131\u015ft\u0131r.  <\/p>\n<h4>\u0641\u064a\u0631\u064a \u0633\u0648\u0631\u0648\u0645\u0644\u0648\u0633\u0648\u0646\u0648\u0646 \u0643\u064a\u0645\u0644\u064a\u062c\u064a<\/h4>\n<ul>\n<li><strong>\u0634\u0631\u0643\u0629 \u0623\u0648\u0646\u0641\u0627\u0646\u064a<\/strong>: V\u0130V\u0130D SA\u011eLIK TURIZM HIZMETLER\u0130 TICARET LIMITED \u015eIRKET\u0131<\/li>\n<li><strong>\u0627\u0644\u0627\u062a\u062c\u0627\u0647<\/strong>:\u0623\u062a\u0627\u0643\u0648\u064a 7-8-9-10.<br \/>\n\u0643\u064a\u0633\u064a\u0645 \u0645\u0627\u0647.<br \/>\n\u0643\u0648\u0628\u0627\u0646\u062a\u0634\u064a\u0634\u0645\u064a E-5 \u064a\u0627\u0646 \u064a\u0648\u0644 CAD.<br \/>\n1 \u0631\u0642\u0645: 8\/1 \u0625\u064a \u0643\u0627\u0628\u064a \u0631\u0642\u0645: 14 \u0628\u0627\u0643\u064a\u0631\u0643\u0648\u064a\/\u0625\u0633\u0637\u0646\u0628\u0648\u0644\/\u062a\u0631\u0643\u064a\u0627   <\/li>\n<\/ul>\n<h4>\u0130\u015flenen Ki\u015fisel Verileriniz ve Veri \u0131\u015fleme Ama\u00e7lar\u0131<\/h4>\n<p><strong>3.1.<br \/>\n\u0130\u015flenen Ki\u015fisel Verileriniz <\/strong><\/p>\n<p>\u062a\u0645 \u0627\u0644\u062a\u062d\u0642\u0642 \u0645\u0646 \u0635\u062d\u0629 \u0647\u0630\u0647 \u0627\u0644\u0645\u0639\u0644\u0648\u0645\u0627\u062a \u0645\u0646 Vivid Klinik taraf\u0131ndan\u061b \u064a\u0645\u0643\u0646\u0643 \u0625\u0646\u0634\u0627\u0621 \u062e\u062f\u0645\u0629 \u062c\u062f\u064a\u062f\u0629 \u0645\u0646 \u062e\u0644\u0627\u0644 \u0623\u062f\u0648\u0627\u062a \u0627\u0644\u062a\u062d\u0643\u0645 \u0648\u0627\u0644\u0623\u062f\u0648\u0627\u062a \u0627\u0644\u0623\u0633\u0627\u0633\u064a\u0629:<\/p>\n<ul>\n<li><strong>\u0643\u064a\u0645\u0644\u064a\u0643 \u0641\u064a\u0631\u064a\u0633\u064a<\/strong>: \u0623\u062f\u060c \u0633\u0648\u064a\u0627\u062f\u060c \u062f\u0648\u063a\u0648\u0645 \u062a\u0627\u0631\u064a\u0647\u064a\u060c \u062f\u0648\u063a\u0648\u0645 \u064a\u0631\u064a\u060c \u062a\u064a \u0633\u064a \u0643\u064a\u0645\u0644\u064a\u0643\/\u0628\u0627\u0633\u0627\u0628\u0648\u0631\u062a \u0628\u064a\u0644\u062c\u064a\u0644\u064a\u0631\u064a\u060c \u0625\u064a\u0645\u0632\u0627\u060c \u0633\u064a\u0646\u0633\u064a\u064a\u062a\u060c \u0623\u0648\u064a\u0631\u0648\u0643 \u0628\u064a\u0644\u062c\u064a\u0633\u064a\u060c \u0645\u062f\u064a\u0646\u064a \u0647\u0627\u0644 \u0628\u064a\u0644\u062c\u064a\u0633\u064a<\/li>\n<li>\u0625\u064a\u0644\u064a\u062a\u064a\u0634\u0645 <strong>\u0641\u064a\u0631\u064a\u0633\u064a<\/strong>: Telefon Numaras\u0131\u060c E-posta Adresi\u060c Adres Bilgileri\u060c Posta Kodu<\/li>\n<li><strong>\u0633\u0644\u0627\u0645\u0629 \u0627\u0644\u0645\u064a\u0643\u0627\u0646\u064a\u0643\u0627 \u0627\u0644\u0641\u064a\u0632\u064a\u0627\u0626\u064a\u0629<\/strong>: G\u00fcvenlik Kameras\u0131 Kay\u0131tlar\u0131<\/li>\n<li><strong>\u0641\u064a\u0646\u0627\u0646\u0633\u0627\u0644 \u0641\u064a\u0631\u064a<\/strong>: Banka Hesap Numaras\u0131\u060c IBAN Bilgisi\u060c Kredi Kart Bilgisi<\/li>\n<li><strong>\u0635\u062d\u0629 \u0627\u0644\u0634\u0639\u0631 \u0648\u0627\u0644\u0634\u0639\u0631<\/strong>: \u0131\u015flem \u00f6ncesi ve sonras\u0131 foto\u011fraflar\u0131<\/li>\n<li><strong>\u0642\u0627\u0626\u0645\u0629 \u0627\u0644\u0645\u0631\u0627\u062c\u0639\u0627\u062a<\/strong>: Ki\u015fisel Sa\u011fl\u0131k Ge\u00e7mi\u015fi Bilgileri\u060c Ge\u00e7irmi\u015f Oldu\u011fu veya Sahip Oldu\u011fu Hastal\u0131k Bilgisi\u060c Alerjik Durum Bilgisi\u060c Kan Grubu\u060c Kons\u00fcltasyon Raporu\u060c Kullan\u0131lan ILa\u00e7 Bilgisi\u060c Hamilelik Durumu Bilgisi\u060c Di\u015f Sa\u011fl\u0131\u011f\u0131 Bilgisi\u060c Tedavi \u0628\u064a\u0644\u062c\u064a\u0633\u064a\u060c \u0647\u0627\u0633\u062a\u0627\u0644\u064a\u0643 \u062a\u0648\u0631\u0648\u060c \u062a\u064a\u0628\u064a \u062f\u064a\u062c\u064a\u0631\u0644\u0631\u060c \u062a\u0647\u0644\u064a\u0644 \u0633\u0648\u0646\u0648\u062a\u0634\u0644\u0627\u0631\u064a\u060c \u0643\u0648\u0644\u0627\u0646\u064a\u0644\u0627\u0646 \u062c\u064a\u0647\u0627\u0632\u060c \u0628\u0631\u0648\u062a\u064a\u0632 \u0628\u064a\u0644\u062c\u064a\u0644\u064a\u0631\u064a<\/li>\n<\/ul>\n<p><strong>3.2.<br \/>\n\u0623\u0633\u0626\u0644\u0629 \u062d\u0648\u0644 \u0627\u0644\u0635\u062f\u0642 <\/strong><\/p>\n<p>Yukar\u0131da beliirtilen ki\u015fisel verileriniz <a href=\"https:\/\/vividclinic.net\/es\/\">\u0639\u064a\u0627\u062f\u0629 \u0641\u064a\u0641\u064a\u062f<\/a> ile Hasta\/Hizmet Alan Ki\u015fi aras\u0131nda kurulan hukuki ili\u015fki \u00e7er\u00e7evesinde al\u0131nan hizmet i\u00e7in gerekli olmas\u0131 nedeniyle asa\u011f\u0131daki ama\u00e7larla islenmektedir:<\/p>\n<ul>\n<li>Sa\u011fl\u0131k hizmetlerininin sunulabilmesi i\u00e7in hasta kay\u0131t dosyas\u0131n\u0131n olu\u015fturulmas\u0131<\/li>\n<li>Gerekli Muayene\u060c T\u0131bbi Te\u015fhis\u060c Tan\u0131 ve Tedavi Hizmetlerinin Sa\u011flanmas\u0131<\/li>\n<li>Operasyon Sonras\u0131 Destek Hizmetlerinin Sunulmas\u0131<\/li>\n<li>Hasta ili\u015fkileri Y\u00f6netimi S\u00fcre\u00e7lerininin Y\u00fcr\u00fct\u00fclmesi<\/li>\n<li>Faaliyetlerin Mevzuata Uygun Y\u00fcr\u00fct\u00fclmesi<\/li>\n<li>Sa\u011fl\u0131k Bakanl\u0131\u011f\u0131 Ba\u015fta Olmak \u00dczere \u0130lgili Kamu Kurum ve Kurulu\u015flar\u0131 ile Yasal Y\u00fck\u00fcml\u00fcl\u00fck Gere\u011fince Talep Edilen Verilerin Toplanmas\u0131 ve Gerekti\u011finde Bilgilerin Payla\u015f\u0131lmas\u0131<\/li>\n<li>\u062e\u062f\u0645\u0629 Sat\u0131\u015f\u0131n\u0131n Yap\u0131lmas\u0131 \u0131\u00e7in Muhasebe ve Finans \u0130\u015flerinin Yur\u00fct\u00fclmesi<\/li>\n<li>S\u00f6zle\u015fme S\u00fcre\u00e7lerininin Yur\u00fct\u00fclmesi<\/li>\n<li>Reklam\/Kampanya\/Promosyon S\u00fcre\u00e7lerininin Y\u00fcr\u00fct\u00fclmesi<\/li>\n<li>Mal\/Hizmet Sat\u0131\u015f S\u00fcre\u00e7lerinin Yur\u00fct\u00fclmesi<\/li>\n<li>Mal\/Hizmet Sat\u0131\u015f Sonras\u0131 Destek Hizmetlerininin Y\u00fcr\u00fct\u00fclmesi<\/li>\n<li>Veri Sorumlusu Operasyonlar\u0131n\u0131n G\u00fcvenli\u011finin Temini<\/li>\n<\/ul>\n<h4>Ki\u015fisel Verilerin Aktar\u0131lmas\u0131<\/h4>\n<p>\u062a\u0645 \u0627\u0644\u062a\u062d\u0642\u0642 \u0645\u0646 \u0635\u062d\u0629 \u0627\u0644\u0645\u0639\u0644\u0648\u0645\u0627\u062a \u0648\u062a\u062d\u062f\u064a\u062b\u0647\u0627 \u0648\u062a\u062d\u062f\u064a\u062b\u0647\u0627\u060c \u0648\u062a\u0632\u0648\u064a\u062f\u0643 \u0628\u0645\u0639\u0644\u0648\u0645\u0627\u062a \u0645\u0641\u064a\u062f\u0629 \u062d\u0648\u0644 \u0643\u064a\u0641\u064a\u0629 \u0627\u0644\u062d\u0635\u0648\u0644 \u0639\u0644\u0649 \u0645\u0639\u0644\u0648\u0645\u0627\u062a \u062c\u062f\u064a\u062f\u0629 \u0648\u062a\u062d\u062f\u064a\u062b\u0647\u0627 6698 say\u0131l\u0131 Kanun&#039;un<br \/>\n8. ve<br \/>\n9. Maddelerinde beliirtilen ki\u015fisel veri \u015fartlar\u0131 \u00e7er\u00e7evesinde and bunlarla s\u0131n\u0131rl\u0131 olarak aktar\u0131labilecektir.<br \/>\nKi\u015fisel veri aktar\u0131m\u0131 yap\u0131lan t\u00fcm veri i\u015fleyen ve \u00fc\u00e7\u00fcnc\u00fc ki\u015filer, 6698 say\u0131l\u0131 Kanuna uygun gizlilik y\u00fck\u00fcml\u00fcl\u00fc\u011f\u00fc alt\u0131ndad\u0131r.   <\/p>\n<h4>Ki\u015fisel Verilerin Saklanma S\u00fcresi<\/h4>\n<p>Ki\u015fisel verileriniz, isbu Ayd\u0131nlatma Metninde beliirtilen ama\u00e7larla s\u0131n\u0131rl\u0131 olmak \u00fczere; Vivid Klinik&#039;in tabi oldu\u011fu, ilgili tom kanun ve sair yasal mevzuatta yer alan veri i\u015fleme ve zamana\u015f\u0131m\u0131 s\u00fcrelerine riayet edilerek islenecektir.<br \/>\n\u064a\u0645\u0643\u0646 \u0623\u0646 \u062a\u0643\u0648\u0646 \u0643\u0627\u0646\u0648\u0646 \u0644\u0627\u0631\u062f\u0627 \u062d\u0642\u064a\u0642\u064a\u0629 \u0644\u0644\u063a\u0627\u064a\u0629 \u0641\u064a \u0647\u0630\u0627 \u0627\u0644\u0645\u062c\u0627\u0644\u060c \u0645\u0645\u0627 \u064a\u062c\u0639\u0644\u0647\u0627 \u0623\u0643\u062b\u0631 \u0623\u0645\u0627\u0646\u064b\u0627.<br \/>\n\u062a\u062d\u062a\u0641\u0638 Vivid Klinik \u0628\u062d\u0642 \u062a\u0644\u0642\u064a \u0637\u0644\u0628\u0627\u062a \u0627\u0644\u0645\u0633\u0627\u0639\u062f\u0629 \u0627\u0644\u0637\u0628\u064a\u0629 \u0623\u0648 \u062a\u0644\u0642\u064a\u0647\u0627 \u0645\u0646 \u0623\u064a \u0634\u062e\u0635\u060c \u0628\u063a\u0636 \u0627\u0644\u0646\u0638\u0631 \u0639\u0646 \u062c\u0646\u0633\u064a\u062a\u0647\u0627 \u0623\u0648 \u0645\u0627 \u0625\u0630\u0627 \u0643\u0627\u0646\u062a \u0645\u062c\u0647\u0648\u0644\u0629 \u0623\u0645 \u0644\u0627.  <\/p>\n<h4>\u062d\u0642\u0627\u0626\u0642 \u0639\u0646 \u0130lgili Ki\u015fi<\/h4>\n<p>Kanunun ilgili ki\u015finin haklar\u0131n\u0131 d\u00fczenleyen 11.<br \/>\nMaddesi kapsam\u0131nda ki\u015fisel verilerinizin i\u015flenmesine dir tablelerinizi, Veri Sorumlusu Ba\u015fvuru Usul ve Esaslar\u0131 Hakk\u0131nda Tebli\u011fe gore, yaz\u0131l\u0131 olarak Vivid Klinik resmi \u0639\u0646\u0648\u0627\u0646 \u0627\u0644\u0628\u0631\u064a\u062f \u0627\u0644\u0625\u0644\u0643\u062a\u0631\u0648\u0646\u064a \u0627\u0644\u062e\u0627\u0635 \u0628\u0643 <wpcodeself wptype=\"\" wpml_attr_0=\"\" wpml_attr_1=\"\" wpml_attr_2=\"\"> \u0639\u0646\u0648\u0627\u0646 \u0627\u0644\u0628\u0631\u064a\u062f \u0627\u0644\u0625\u0644\u0643\u062a\u0631\u0648\u0646\u064a \u00fczerinden electronik olarak iletebilirsiniz. <\/p>\n<p>Ayd\u0131nlatma metnini okudum, anlad\u0131m.<\/p>\n<ul>\n<li><strong>\u0623\u062f \u0633\u0648\u064a\u0627\u062f\u064a<\/strong>:<\/li>\n<li><strong>\u062a\u0627\u0631\u064a\u062e<\/strong>:<\/li>\n<li><strong>\u0625\u0645\u0632\u0627<\/strong>:<\/li>\n<\/ul>\n<h4>Ki\u015fisel Verilerin ve \u00d6zel Nitelikli Ki\u015fisel Verilerin \u0131\u015flenmesine ve Yurt D\u0131\u015f\u0131na Aktar\u0131lmas\u0131na ili\u015fkin A\u00e7\u0131k R\u0131za Beyan\u0131<\/h4>\n<p>6698 SAYILI KISISEL VERILERIN KORUNMASI KANUNU KAPSAMINDA HASTA\/HISMET ALAN KISIS AYDINLATMA METNNI&#039;nin tamam\u0131n\u0131 okudum, anlad\u0131m ve Vivid Klinik taraf\u0131ndan KVKK \u00e7er\u00e7evesinde ki\u015fisel verilerimin ve \u00f6zel nitelikli ki\u015fisel verilerimin ne \u015fekilde i\u015flendi\u011fi ve aktar\u0131ld\u0131\u011f\u0131 ve a\u00e7\u0131k r\u0131zam\u0131 diledi\u011fim zaman geri alabilece\u011fim hakk\u0131nda bilgi sahibi oldum.<\/p>\n<p>KVKK \u0648\u0634\u0631\u0643\u0629 KVKK \u062a\u062f\u0639\u0645\u0627\u0646 \u0625\u062f\u0627\u0631\u0629 Vivid Klinik \u0648\u062a\u0646\u0638\u0645 \u062e\u062f\u0645\u0627\u062a \u0627\u0644\u0631\u0639\u0627\u064a\u0629 \u0627\u0644\u0635\u062d\u064a\u0629 \u0641\u064a \u062c\u0645\u064a\u0639 \u0623\u0646\u062d\u0627\u0621 \u0627\u0644\u0639\u0627\u0644\u0645\u060c \u0648\u062a\u0639\u062a\u0645\u062f\u0627\u0646 \u0639\u0644\u0649 \u062e\u062f\u0645\u0627\u062a \u0627\u0644\u062a\u0623\u0645\u064a\u0646 \u0627\u0644\u0635\u062d\u064a \u0648\u062a\u0623\u0645\u064a\u0646 \u062e\u062f\u0645\u0627\u062a \u0627\u0644\u062a\u0623\u0645\u064a\u0646 \u0627\u0644\u0635\u062d\u064a. bu hizmetlerin Planlanmas\u0131 amac\u0131yla, islenmesine and payla\u015f\u0131m\u0131n gerekli oldu\u011fu urti\u00e7i veya yurtd\u0131\u015f\u0131nda bulunan di\u011fer ki\u015fi ve kurulu\u015flar ile payla\u015f\u0131lmas\u0131na; muvafakat etti\u011fimi kabul ve beyan ederim.<\/p>\n<p>\u0644\u0642\u062f \u0642\u0645\u062a \u0628\u0630\u0644\u0643\u060c Vivid Klinik taraf\u0131ndan haz\u0131rlanan Ayd\u0131nlatma Metnini okudu\u011fumu ve anlad\u0131\u011f\u0131m\u0131 kabul ediyorum.<br \/>\n\u062a\u0642\u0648\u0645 \u0625\u062f\u0627\u0631\u0629 KVKK \u0628\u0625\u062f\u0627\u0631\u0629 Vivid Klinik \u0628\u062a\u0632\u0648\u064a\u062f\u0643 \u0628\u0645\u0639\u0644\u0648\u0645\u0627\u062a \u0625\u0636\u0627\u0641\u064a\u0629 \u0639\u0646 \u062e\u062f\u0645\u0627\u062a \u0627\u0644\u0631\u0639\u0627\u064a\u0629 \u0627\u0644\u0635\u062d\u064a\u0629 \u0627\u0644\u064a\u0648\u0645\u064a\u0629 \u0627\u0644\u062a\u064a \u064a\u062a\u0645 \u0627\u0644\u062a\u062d\u0642\u0642 \u0645\u0646\u0647\u0627 \u0628\u0633\u0647\u0648\u0644\u0629\u060c \u0628\u0627\u0644\u0625\u0636\u0627\u0641\u0629 \u0625\u0644\u0649 \u0636\u0645\u0627\u0646 \u0627\u0644\u062d\u0635\u0648\u0644 \u0639\u0644\u0649 \u0645\u0643\u0627\u0641\u0622\u062a \u0625\u0636\u0627\u0641\u064a\u0629 \u0645\u0646 \u062e\u0644\u0627\u0644 \u0639\u0644\u0627\u062c\u0627\u062a \u0627\u0644\u062a\u062c\u0645\u064a\u0644 \u0648\u0627\u0644\u062c\u0631\u0627\u062d\u0629. urti\u00e7inde and yurtd\u0131\u015f\u0131nda payla\u015f\u0131lmas\u0131na, gereken s\u00fcre zarf\u0131nda saklanmas\u0131na, s\u00fcreklili\u011finin sa\u011flanmas\u0131 in yurt d\u0131\u015f\u0131nda bulunan bulut and internet hizmetlerinin kullan\u0131lmas\u0131 nedeniyle yurt d\u0131\u015f\u0131na aktar\u0131lmas\u0131na\u061b muvafakat etti\u011fimi kabul ve beyan ederim. <\/p>\n<ul>\n<li><strong>\u0623\u062f \u0633\u0648\u064a\u0627\u062f\u064a<\/strong>:<\/li>\n<li><strong>\u062a\u0627\u0631\u064a\u062e<\/strong>:<\/li>\n<li><strong>\u0625\u0645\u0632\u0627<\/strong>:<\/li>\n<\/ul>\n<h4>Sosyal Media Hesaplar\u0131nda ve Internet Sitesinde Ki\u015fisel Verilerin ve \u00d6zel Nitelikli Ki\u015fisel Verilerin \u0130\u015flenmesi Hakk\u0131nda A\u00e7\u0131k R\u0131za Metni<\/h4>\n<p>Vivid Klinik olarak, 6698 say\u0131l\u0131 Ki\u015fisel Verilerin Korunmas\u0131 Kanunu (&quot;KVKK&quot;) uyar\u0131nca\u061b Veri Sorumlusu s\u0131fat\u0131yla\u060c Vivid Klinik \u0648\u0633\u0627\u0626\u0644 \u0627\u0644\u062a\u0648\u0627\u0635\u0644 \u0627\u0644\u0627\u062c\u062a\u0645\u0627\u0639\u064a \u0645\u062a\u0648\u0641\u0631\u0629 \u0648\u0645\u0648\u0627\u0642\u0639 \u0627\u0644\u0625\u0646\u062a\u0631\u0646\u062a \u0627\u0644\u062e\u0627\u0635\u0629 \u0628\u0647\u0627 \u0641\u064a \u0623\u064a \u0645\u0643\u0627\u0646 \u062a\u0631\u063a\u0628 \u0641\u064a\u0647\u060c \u0645\u0645\u0627 \u064a\u0636\u0645\u0646 \u0644\u0643 \u0627\u0644\u062a\u0623\u0643\u062f \u0645\u0646 \u0635\u062d\u062a\u0647\u0627.<br \/>\nKi\u015fisel verilerinizin i\u015flenmesi kapsam\u0131nda bu hususa ili\u015fkin a\u00e7\u0131k r\u0131zan\u0131z\u0131talep ediyoruz. <\/p>\n<p>\u0627\u0644\u0645\u0632\u064a\u062f \u0645\u0646 \u0627\u0644\u0645\u0639\u0644\u0648\u0645\u0627\u062a \u0639\u0646 \u0631\u0636\u0627 \u0628\u064a\u0627\u0646\u064a: \u0625\u062f\u0627\u0631\u0629 KVKK Vivid Klinik \u062a\u0648\u0641\u0631 \u0645\u0639\u0644\u0648\u0645\u0627\u062a \u0645\u0648\u062b\u0648\u0642\u0629 \u0639\u0646 \u0636\u0645\u0627\u0646 \u0635\u062d\u0629 \u0627\u0644\u0645\u0639\u0644\u0648\u0645\u0627\u062a \u0648\u0645\u0648\u0627\u0642\u0639 \u0627\u0644\u0625\u0646\u062a\u0631\u0646\u062a \u0627\u0644\u062e\u0627\u0635\u0629 \u0628\u0640 Vivid Klinik \u0648\u0648\u0633\u0627\u0626\u0644 \u0627\u0644\u062a\u0648\u0627\u0635\u0644 \u0627\u0644\u0627\u062c\u062a\u0645\u0627\u0639\u064a. yay\u0131nlanmas\u0131na; muvafakat etti\u011fimi kabul ve beyan ederim.<br \/>\nBu hususta taraf\u0131ma gerekli ayd\u0131nlatman\u0131n yap\u0131ld\u0131\u011f\u0131n\u0131; \u0641\u064a \u0647\u0630\u0627 \u0627\u0644\u0645\u0643\u0627\u0646\u060c Vivid Klinik taraf\u0131ndan haz\u0131rlanan Ayd\u0131nlatma Metnini okudu\u011fumu ve anlad\u0131\u011f\u0131m\u0131 kabul ediyorum. <\/p>\n<ul>\n<li><strong>\u0623\u062f \u0633\u0648\u064a\u0627\u062f\u064a<\/strong>:<\/li>\n<li><strong>\u062a\u0627\u0631\u064a\u062e<\/strong>:<\/li>\n<li><strong>\u0625\u0645\u0632\u0627<\/strong>:<\/li>\n<\/ul>\n\t\t\t\t\t\t\t\t<\/div>\n\t\t\t\t<\/div>\n\t\t\t\t<\/div>\n\t\t\t\t\t<\/div>\n\t\t\t\t<\/div>\n\t\t\t\t<\/div>","protected":false},"excerpt":{"rendered":"<p>Gizlilik Politikas\u0131 Gizlilik Politikas\u0131 Bu bilgi metni, 6698 say\u0131l\u0131 Ki\u015fisel Verilerin Korunmas\u0131 Kanunu&#8217;nun 10. maddesi uyar\u0131nca haz\u0131rlanm\u0131\u015ft\u0131r. V\u0130V\u0130D SA\u011eLIK TUR\u0130ZM H\u0130ZMETLER\u0130 T\u0130CARET L\u0130M\u0130TED \u015e\u0130RKET\u0130 (bu metin kapsam\u0131nda &#8220;Vivid Klinik&#8221; olarak an\u0131lacakt\u0131r) veri sorumlusu olarak, ki\u015fisel verilerinizin toplanma y\u00f6ntemi ve hukuki sebebi, bu verilerin hangi ama\u00e7la i\u015flenece\u011fi, kimlere ve hangi ama\u00e7la aktar\u0131labilece\u011fi konusunda sizi bilgilendirmek amac\u0131yla [&hellip;]<\/p>\n","protected":false},"author":1,"featured_media":0,"parent":0,"menu_order":0,"comment_status":"closed","ping_status":"open","template":"","meta":{"footnotes":""},"class_list":["post-10587","page","type-page","status-publish","hentry"],"_links":{"self":[{"href":"https:\/\/vividclinic.net\/ar\/wp-json\/wp\/v2\/pages\/10587","targetHints":{"allow":["GET"]}}],"collection":[{"href":"https:\/\/vividclinic.net\/ar\/wp-json\/wp\/v2\/pages"}],"about":[{"href":"https:\/\/vividclinic.net\/ar\/wp-json\/wp\/v2\/types\/page"}],"author":[{"embeddable":true,"href":"https:\/\/vividclinic.net\/ar\/wp-json\/wp\/v2\/users\/1"}],"replies":[{"embeddable":true,"href":"https:\/\/vividclinic.net\/ar\/wp-json\/wp\/v2\/comments?post=10587"}],"version-history":[{"count":0,"href":"https:\/\/vividclinic.net\/ar\/wp-json\/wp\/v2\/pages\/10587\/revisions"}],"wp:attachment":[{"href":"https:\/\/vividclinic.net\/ar\/wp-json\/wp\/v2\/media?parent=10587"}],"curies":[{"name":"\u0648\u0648\u0631\u062f\u0628\u0631\u064a\u0633","href":"https:\/\/api.w.org\/{rel}","templated":true}]}}