{"id":6071,"date":"2024-08-12T14:08:02","date_gmt":"2024-08-12T11:08:02","guid":{"rendered":"https:\/\/vividclinic.net\/?page_id=6071"},"modified":"2024-09-05T16:49:47","modified_gmt":"2024-09-05T13:49:47","slug":"terms-of-use","status":"publish","type":"page","link":"https:\/\/vividclinic.net\/ar\/legal\/terms-of-use\/","title":{"rendered":"\u0634\u0631\u0648\u0637 \u0627\u0644\u0627\u0633\u062a\u062e\u062f\u0627\u0645"},"content":{"rendered":"<div data-elementor-type=\"wp-page\" data-elementor-id=\"6071\" class=\"elementor elementor-6071\" data-elementor-post-type=\"page\">\n\t\t\t\t<div class=\"elementor-element elementor-element-e2b269b e-flex e-con-boxed e-con e-parent\" data-id=\"e2b269b\" data-element_type=\"container\" data-e-type=\"container\" data-settings=\"{&quot;ekit_has_onepagescroll_dot&quot;:&quot;yes&quot;}\">\r\n\t\t\t\t\t<div class=\"e-con-inner\">\r\n\t\t<div class=\"elementor-element elementor-element-0ba340b e-con-full e-flex e-con e-child\" data-id=\"0ba340b\" data-element_type=\"container\" data-e-type=\"container\" data-settings=\"{&quot;ekit_has_onepagescroll_dot&quot;:&quot;yes&quot;}\">\r\n\t\t\t\t<div class=\"elementor-element elementor-element-2a9abe9 elementor-widget elementor-widget-elementskit-heading\" data-id=\"2a9abe9\" data-element_type=\"widget\" data-e-type=\"widget\" data-settings=\"{&quot;ekit_we_effect_on&quot;:&quot;none&quot;}\" data-widget_type=\"elementskit-heading.default\">\n\t\t\t\t<div class=\"elementor-widget-container\">\n\t\t\t\t\t<div class=\"ekit-wid-con\" ><div class=\"ekit-heading elementskit-section-title-wraper text_left   ekit_heading_tablet-   ekit_heading_mobile-\"><h1 class=\"ekit-heading--title elementskit-section-title\">\u0634\u0631\u0648\u0637 \u0627\u0644\u0627\u0633\u062a\u062e\u062f\u0627\u0645<\/h1><div class=\"ekit_heading_separetor_wraper ekit_heading_elementskit-border-divider ekit-dotted\"><div class=\"elementskit-border-divider ekit-dotted\"><\/div><\/div><\/div><\/div>\t\t\t\t<\/div>\n\t\t\t\t<\/div>\n\t\t\t\t<\/div>\n\t\t\t\t\t<\/div>\n\t\t\t\t<\/div>\n\t\t<div class=\"elementor-element elementor-element-43113d0 e-flex e-con-boxed e-con e-parent\" data-id=\"43113d0\" data-element_type=\"container\" data-e-type=\"container\" data-settings=\"{&quot;ekit_has_onepagescroll_dot&quot;:&quot;yes&quot;}\">\r\n\t\t\t\t\t<div class=\"e-con-inner\">\r\n\t\t<div class=\"elementor-element elementor-element-4aa5708 e-con-full e-flex e-con e-child\" data-id=\"4aa5708\" data-element_type=\"container\" data-e-type=\"container\" data-settings=\"{&quot;ekit_has_onepagescroll_dot&quot;:&quot;yes&quot;}\">\r\n\t\t\t\t<div class=\"elementor-element elementor-element-3e308e4 elementor-widget elementor-widget-text-editor\" data-id=\"3e308e4\" data-element_type=\"widget\" data-e-type=\"widget\" data-settings=\"{&quot;ekit_we_effect_on&quot;:&quot;none&quot;}\" data-widget_type=\"text-editor.default\">\n\t\t\t\t<div class=\"elementor-widget-container\">\n\t\t\t\t\t\t\t\t\t<h4>\u00a0<\/h4><h4>1. \u0627\u0644\u0645\u0642\u062f\u0645\u0629<\/h4><p>\u0623\u064a \u0634\u062e\u0635 \u064a\u0632\u0648\u0631 \u0647\u0630\u0627 \u0627\u0644\u0645\u0648\u0642\u0639 \u0627\u0644\u0625\u0644\u0643\u062a\u0631\u0648\u0646\u064a (vividclinic.net) \u0623\u0648 \u064a\u0637\u0644\u0628 \u0627\u0644\u062e\u062f\u0645\u0627\u062a \u0627\u0644\u0645\u0642\u062f\u0645\u0629 \u0641\u064a\u0647 \u064a\u0648\u0627\u0641\u0642 \u0639\u0644\u0649 \u062c\u0645\u064a\u0639 \u0627\u0644\u0634\u0631\u0648\u0637 \u0648\u0627\u0644\u0623\u062d\u0643\u0627\u0645 \u0627\u0644\u0648\u0627\u0631\u062f\u0629 \u0641\u064a &quot;\u0634\u0631\u0648\u0637 \u0627\u0644\u0627\u0633\u062a\u062e\u062f\u0627\u0645&quot; \u0647\u0630\u0647. \u0628\u0627\u0644\u062a\u0633\u062c\u064a\u0644 \u0641\u064a \u0634\u0631\u0643\u0629 V\u0130V\u0130D SA\u011eLIK TUR\u0130ZM H\u0130ZMETLER\u0130 T\u0130CARET L\u0130M\u0130TED \u015e\u0130RKET\u0130 \u0623\u0648 \u0637\u0644\u0628 \u0627\u0644\u062e\u062f\u0645\u0627\u062a \u0627\u0644\u0645\u0642\u062f\u0645\u0629\u060c \u0641\u0625\u0646\u0643 \u062a\u0644\u062a\u0632\u0645 \u0628\u0627\u0644\u0627\u0645\u062a\u062b\u0627\u0644 \u0644\u0644\u0634\u0631\u0648\u0637 \u0648\u0627\u0644\u0623\u062d\u0643\u0627\u0645 \u0627\u0644\u0645\u0648\u0636\u062d\u0629 \u0641\u064a &quot;\u0634\u0631\u0648\u0637 \u0627\u0644\u0627\u0633\u062a\u062e\u062f\u0627\u0645&quot; \u0647\u0630\u0647 \u0648\u0623\u062d\u0643\u0627\u0645 &quot;\u062d\u0645\u0627\u064a\u0629 \u0627\u0644\u0628\u064a\u0627\u0646\u0627\u062a \u0627\u0644\u0634\u062e\u0635\u064a\u0629&quot; \u0627\u0644\u062e\u0627\u0635\u0629 \u0628\u0634\u0631\u0643\u0629 V\u0130V\u0130D SA\u011eLIK TUR\u0130ZM H\u0130ZMETLER\u0130 T\u0130CARET L\u0130M\u0130TED \u015e\u0130RKET\u0130 \u0648\u063a\u064a\u0631\u0647\u0627 \u0645\u0646 \u0627\u0644\u062a\u0639\u0644\u064a\u0645\u0627\u062a \u0627\u0644\u0648\u0627\u0631\u062f\u0629 \u0641\u064a \u0647\u0630\u0627 \u0627\u0644\u0645\u0648\u0642\u0639.<\/p><h4>2. \u0627\u0644\u062a\u0639\u062f\u064a\u0644\u0627\u062a<\/h4><p>\u062a\u062d\u062a\u0641\u0638 \u0634\u0631\u0643\u0629 \u0641\u064a\u0641\u064a\u062f \u0633\u0627\u063a\u0644\u064a\u0643 \u062a\u0648\u0631\u064a\u0632\u0645\u0648 \u0647\u064a\u0632\u0645\u064a\u062a\u0644\u0631\u064a \u062a\u064a\u0643\u0627\u0631\u064a\u062a \u0627\u0644\u0645\u062d\u062f\u0648\u062f\u0629 \u0628\u0627\u0644\u062d\u0642 \u0641\u064a \u0625\u062c\u0631\u0627\u0621 \u062a\u063a\u064a\u064a\u0631\u0627\u062a \u0639\u0644\u0649 &quot;\u0634\u0631\u0648\u0637 \u0627\u0644\u0627\u0633\u062a\u062e\u062f\u0627\u0645&quot; \u0648&quot;\u062d\u0645\u0627\u064a\u0629 \u0627\u0644\u0628\u064a\u0627\u0646\u0627\u062a \u0627\u0644\u0634\u062e\u0635\u064a\u0629&quot; \u0648\u063a\u064a\u0631\u0647\u0627 \u0645\u0646 \u0627\u0644\u062a\u0639\u0644\u064a\u0645\u0627\u062a \u0627\u0644\u0648\u0627\u0631\u062f\u0629 \u0641\u064a \u0647\u0630\u0627 \u0627\u0644\u0645\u0648\u0642\u0639 \u0641\u064a \u0623\u064a \u0648\u0642\u062a. \u062a\u064f\u0635\u0628\u062d \u0647\u0630\u0647 \u0627\u0644\u062a\u063a\u064a\u064a\u0631\u0627\u062a \u0633\u0627\u0631\u064a\u0629 \u0627\u0644\u0645\u0641\u0639\u0648\u0644 \u0648\u0645\u0644\u0632\u0645\u0629 \u0645\u0646 \u062a\u0627\u0631\u064a\u062e \u0646\u0634\u0631\u0647\u0627 \u0639\u0644\u0649 \u0647\u0630\u0627 \u0627\u0644\u0645\u0648\u0642\u0639. \u062a\u0642\u0639 \u0639\u0644\u0649 \u0639\u0627\u062a\u0642\u0643 \u0645\u0633\u0624\u0648\u0644\u064a\u0629 \u0645\u062a\u0627\u0628\u0639\u0629 \u0627\u0644\u062a\u062d\u062f\u064a\u062b\u0627\u062a \u0648\u0627\u0644\u062a\u063a\u064a\u064a\u0631\u0627\u062a\u060c \u0648\u0644\u0627 \u062a\u0644\u062a\u0632\u0645 \u0634\u0631\u0643\u0629 \u0641\u064a\u0641\u064a\u062f \u0633\u0627\u063a\u0644\u064a\u0643 \u062a\u0648\u0631\u064a\u0632\u0645\u0648 \u0647\u064a\u0632\u0645\u064a\u062a\u0644\u0631\u064a \u062a\u064a\u0643\u0627\u0631\u064a\u062a \u0627\u0644\u0645\u062d\u062f\u0648\u062f\u0629 \u0628\u0625\u0628\u0644\u0627\u063a\u0643 \u0628\u0647\u0627. \u0628\u0627\u0633\u062a\u062e\u062f\u0627\u0645\u0643 \u062e\u062f\u0645\u0627\u062a \u0634\u0631\u0643\u0629 \u0641\u064a\u0641\u064a\u062f \u0633\u0627\u063a\u0644\u064a\u0643 \u062a\u0648\u0631\u064a\u0632\u0645\u0648 \u0647\u064a\u0632\u0645\u064a\u062a\u0644\u0631\u064a \u062a\u064a\u0643\u0627\u0631\u064a\u062a \u0627\u0644\u0645\u062d\u062f\u0648\u062f\u0629\u060c \u064a\u064f\u0639\u062a\u0628\u0631 \u0623\u0646\u0643 \u0642\u062f \u0642\u0628\u0644\u062a \u0647\u0630\u0647 \u0627\u0644\u062a\u063a\u064a\u064a\u0631\u0627\u062a.<\/p><h4>3. \u0627\u0644\u0631\u0648\u0627\u0628\u0637<\/h4><p>\u0642\u062f \u062a\u0623\u062e\u0630\u0643 \u0627\u0644\u0631\u0648\u0627\u0628\u0637 \u0627\u0644\u0645\u0648\u062c\u0648\u062f\u0629 \u0639\u0644\u0649 \u0645\u0648\u0642\u0639 VIVID SA\u011eLIK TUR\u0130ZM H\u0130ZMETLERI TICARET L\u0130M\u0130TED \u015eIRKET\u0130 \u0625\u0644\u0649 \u062e\u0627\u0631\u062c \u0627\u0644\u0645\u0648\u0642\u0639\u060c \u0648\u0644\u0627 \u062a\u062a\u062d\u0645\u0644 VIVID SA\u011eLIK TURIZM H\u0130ZMETLERI TICARET L\u0130M\u0130TED \u015eIRKET\u0130 \u0645\u0633\u0624\u0648\u0644\u064a\u0629 \u0645\u062d\u062a\u0648\u0649 \u0647\u0630\u0647 \u0627\u0644\u0645\u0648\u0627\u0642\u0639 \u0623\u0648 \u062f\u0642\u062a\u0647\u0627 \u0623\u0648 \u0648\u0638\u064a\u0641\u062a\u0647\u0627. \u064a\u062a\u0645 \u062a\u0648\u0641\u064a\u0631 \u0647\u0630\u0647 \u0627\u0644\u0631\u0648\u0627\u0628\u0637 \u0628\u062d\u0633\u0646 \u0646\u064a\u0629\u060c \u0648\u0644\u0627 \u062a\u062a\u062d\u0645\u0644 \u0634\u0631\u0643\u0629 V\u0130V\u0130D SA\u011eLIK TURIZM H\u0130ZMETLERI T\u0130CARET L\u00dcM\u0130TED \u015eIRKET\u0130 \u0645\u0633\u0624\u0648\u0644\u064a\u0629 \u0623\u064a \u062a\u063a\u064a\u064a\u0631\u0627\u062a \u0642\u062f \u062a\u062d\u062f\u062b \u0639\u0644\u0649 \u0627\u0644\u0645\u0648\u0627\u0642\u0639 \u0627\u0644\u0645\u0631\u062a\u0628\u0637\u0629. \u0644\u0627 \u064a\u0645\u0643\u0646 \u062a\u062d\u0645\u064a\u0644 \u0634\u0631\u0643\u0629 \u0641\u064a\u0641\u064a\u062f \u0633\u0627\u063a\u0644\u064a\u0643 \u062a\u0648\u0631\u064a\u0632\u0645 \u0647\u064a\u0632\u0645\u064a\u062a\u0644\u0631\u064a \u062a\u064a\u0643\u0627\u0631\u064a\u062a \u0644\u064a\u0645\u062a\u062f\u060c \u0623\u0648 \u0627\u0644\u0634\u0631\u0643\u0627\u062a \u0627\u0644\u062a\u0627\u0628\u0639\u0629 \u0644\u0647\u0627\u060c \u0623\u0648 \u0623\u064a \u0637\u0631\u0641 \u062b\u0627\u0644\u062b \u0645\u0634\u0627\u0631\u0643 \u0641\u064a \u0625\u0646\u0634\u0627\u0621 \u0623\u0648 \u0625\u0646\u062a\u0627\u062c \u0623\u0648 \u0646\u0642\u0644 \u0647\u0630\u0627 \u0627\u0644\u0645\u0648\u0642\u0639 \u0627\u0644\u0645\u0633\u0624\u0648\u0644\u064a\u0629 \u0639\u0646 \u0623\u064a \u0623\u0636\u0631\u0627\u0631 \u0623\u0648 \u062e\u0633\u0627\u0626\u0631 \u0623\u0648 \u0627\u0644\u062a\u0632\u0627\u0645\u0627\u062a \u0645\u0628\u0627\u0634\u0631\u0629 \u0623\u0648 \u063a\u064a\u0631 \u0645\u0628\u0627\u0634\u0631\u0629 \u0623\u0648 \u0639\u0642\u0627\u0628\u064a\u0629 \u062a\u0646\u0634\u0623 \u0639\u0646 \u0627\u0644\u0648\u0635\u0648\u0644 \u0625\u0644\u0649 \u0647\u0630\u0627 \u0627\u0644\u0645\u0648\u0642\u0639 \u0623\u0648 \u0627\u0633\u062a\u062e\u062f\u0627\u0645\u0647.<\/p><h4>4. \u0627\u0644\u0645\u0633\u062a\u062e\u062f\u0645\u0648\u0646<\/h4><p>\u064a\u0645\u0643\u0646 \u0644\u062c\u0645\u064a\u0639 \u0627\u0644\u0623\u0641\u0631\u0627\u062f \u0648\u0627\u0644\u0643\u064a\u0627\u0646\u0627\u062a \u0627\u0644\u0642\u0627\u0646\u0648\u0646\u064a\u0629 \u0630\u0648\u064a \u0627\u0644\u0623\u0647\u0644\u064a\u0629 \u0627\u0644\u0645\u062f\u0646\u064a\u0629 \u0627\u0644\u0627\u0633\u062a\u0641\u0627\u062f\u0629 \u0645\u0646 \u062e\u062f\u0645\u0627\u062a \u0634\u0631\u0643\u0629 \u0641\u064a\u0641\u064a\u062f \u0633\u0627\u063a\u0644\u064a\u0643 \u062a\u0648\u0631\u064a\u0632\u0645 \u0647\u064a\u0632\u0645\u064a\u062a\u0644\u0631\u064a \u0627\u0644\u062a\u062c\u0627\u0631\u064a\u0629 \u0627\u0644\u0645\u062d\u062f\u0648\u062f\u0629. \u0644\u0627 \u064a\u064f\u0633\u0645\u062d \u0644\u0644\u0642\u0627\u0635\u0631\u064a\u0646 \u062f\u0648\u0646 \u0633\u0646 18 \u0639\u0627\u0645\u064b\u0627\u060c \u0648\u0627\u0644\u0623\u0641\u0631\u0627\u062f \u0627\u0644\u0645\u0642\u064a\u0651\u062f\u0648\u0646\u060c \u0648\u0645\u0646 \u0644\u0627 \u0623\u0647\u0644\u064a\u0629 \u0644\u0647\u0645 \u0628\u0627\u0644\u062a\u0639\u0627\u0645\u0644 \u0625\u0644\u0627 \u0645\u0639 \u0623\u0648\u0644\u064a\u0627\u0621 \u0623\u0645\u0648\u0631\u0647\u0645 \u0623\u0648 \u0645\u0645\u062b\u0644\u064a\u0647\u0645 \u0627\u0644\u0642\u0627\u0646\u0648\u0646\u064a\u064a\u0646.<\/p><h4>5. \u062d\u0642\u0648\u0642 \u0627\u0644\u0645\u0644\u0643\u064a\u0629 \u0627\u0644\u0641\u0643\u0631\u064a\u0629<\/h4><p>\u062c\u0645\u064a\u0639 \u062d\u0642\u0648\u0642 \u0627\u0644\u0645\u0644\u0643\u064a\u0629 \u0627\u0644\u0641\u0643\u0631\u064a\u0629\u060c \u0645\u062b\u0644 \u0627\u0644\u0623\u0644\u0642\u0627\u0628 \u0648\u0627\u0644\u0623\u0633\u0645\u0627\u0621 \u0627\u0644\u062a\u062c\u0627\u0631\u064a\u0629 \u0648\u0627\u0644\u0639\u0644\u0627\u0645\u0627\u062a \u0627\u0644\u062a\u062c\u0627\u0631\u064a\u0629 \u0648\u0628\u0631\u0627\u0621\u0627\u062a \u0627\u0644\u0627\u062e\u062a\u0631\u0627\u0639 \u0648\u0627\u0644\u0634\u0639\u0627\u0631\u0627\u062a \u0648\u0627\u0644\u062a\u0635\u0627\u0645\u064a\u0645 \u0648\u0627\u0644\u0645\u0639\u0644\u0648\u0645\u0627\u062a \u0648\u0627\u0644\u0623\u0633\u0627\u0644\u064a\u0628 \u0639\u0644\u0649 \u0647\u0630\u0627 \u0627\u0644\u0645\u0648\u0642\u0639\u060c \u0633\u0648\u0627\u0621\u064b \u0643\u0627\u0646\u062a \u0645\u0633\u062c\u0644\u0629 \u0623\u0648 \u063a\u064a\u0631 \u0645\u0633\u062c\u0644\u0629\u060c \u0645\u0645\u0644\u0648\u0643\u0629 \u0644\u0634\u0631\u0643\u0629 \u0641\u064a\u0641\u064a\u062f \u0633\u0627\u063a\u0644\u064a\u0643 \u062a\u0648\u0631\u064a\u0632\u0645 \u0647\u064a\u0632\u0645\u064a\u062a\u0644\u0631\u064a \u062a\u064a\u0643\u0627\u0631\u064a\u062a \u0644\u064a\u0645\u062a\u062f \u0623\u0648 \u0627\u0644\u0645\u0627\u0644\u0643 \u0627\u0644\u0645\u0630\u0643\u0648\u0631\u060c \u0648\u0647\u064a \u0645\u062d\u0645\u064a\u0629 \u0628\u0645\u0648\u062c\u0628 \u0627\u0644\u0642\u0627\u0646\u0648\u0646 \u0627\u0644\u0648\u0637\u0646\u064a \u0648\u0627\u0644\u062f\u0648\u0644\u064a. \u0632\u064a\u0627\u0631\u0629 \u0647\u0630\u0627 \u0627\u0644\u0645\u0648\u0642\u0639 \u0623\u0648 \u0627\u0644\u0627\u0633\u062a\u0641\u0627\u062f\u0629 \u0645\u0646 \u062e\u062f\u0645\u0627\u062a\u0647 \u0644\u0627 \u062a\u0645\u0646\u062d\u0643 \u0623\u064a \u062d\u0642\u0648\u0642 \u062a\u062a\u0639\u0644\u0642 \u0628\u062d\u0642\u0648\u0642 \u0627\u0644\u0645\u0644\u0643\u064a\u0629 \u0627\u0644\u0641\u0643\u0631\u064a\u0629 \u0627\u0644\u0645\u0630\u0643\u0648\u0631\u0629. \u0628\u0632\u064a\u0627\u0631\u062a\u0643 \u0623\u0648 \u0627\u0633\u062a\u062e\u062f\u0627\u0645\u0643 \u0644\u0647\u0630\u0627 \u0627\u0644\u0645\u0648\u0642\u0639\u060c \u0641\u0625\u0646\u0643 \u062a\u0648\u0627\u0641\u0642 \u0639\u0644\u0649 \u0639\u062f\u0645 \u0627\u0646\u062a\u0647\u0627\u0643 \u062d\u0642\u0648\u0642 \u0627\u0644\u0645\u0644\u0643\u064a\u0629 \u0627\u0644\u0641\u0643\u0631\u064a\u0629 \u0647\u0630\u0647.<\/p><h4>6. \u0627\u0644\u0627\u0633\u062a\u062e\u062f\u0627\u0645 \u0627\u0644\u0642\u0627\u0646\u0648\u0646\u064a<\/h4><p>\u0644\u0627 \u064a\u062c\u0648\u0632 \u0627\u0633\u062a\u062e\u062f\u0627\u0645 \u0645\u0648\u0642\u0639\u0646\u0627 \u0627\u0644\u0625\u0644\u0643\u062a\u0631\u0648\u0646\u064a \u0625\u0644\u0627 \u0644\u0644\u0623\u063a\u0631\u0627\u0636 \u0627\u0644\u0642\u0627\u0646\u0648\u0646\u064a\u0629 \u0648\u0628\u0645\u0627 \u064a\u062a\u0648\u0627\u0641\u0642 \u0645\u0639 \u0627\u0644\u0642\u0627\u0646\u0648\u0646. \u0628\u0627\u0633\u062a\u062e\u062f\u0627\u0645\u0643 \u0644\u0647\u0630\u0627 \u0627\u0644\u0645\u0648\u0642\u0639\u060c \u0641\u0625\u0646\u0643 \u062a\u0644\u062a\u0632\u0645 \u0628\u0627\u0644\u062a\u0635\u0631\u0641 \u0648\u0641\u0642\u064b\u0627 \u0644\u0644\u0642\u0627\u0646\u0648\u0646. \u0623\u064a \u0623\u0641\u0639\u0627\u0644 \u0645\u062b\u0644 \u0627\u0644\u0625\u062f\u0644\u0627\u0621 \u0628\u062a\u0635\u0631\u064a\u062d\u0627\u062a \u0643\u0627\u0630\u0628\u0629 \u0644\u0644\u062d\u0635\u0648\u0644 \u0639\u0644\u0649 \u0645\u064a\u0632\u0629 \u063a\u064a\u0631 \u0639\u0627\u062f\u0644\u0629\u060c \u0623\u0648 \u0625\u062e\u0641\u0627\u0621 \u0627\u0644\u0623\u0636\u0631\u0627\u0631 \u0627\u0644\u0642\u0627\u0626\u0645\u0629 \u0644\u0644\u0645\u0637\u0627\u0644\u0628\u0629 \u0628\u0647\u0627 \u0644\u0627\u062d\u0642\u064b\u0627\u060c \u0623\u0648 \u0627\u0633\u062a\u062e\u062f\u0627\u0645 \u0623\u0633\u0645\u0627\u0621 \u0648\u0628\u0637\u0627\u0642\u0627\u062a \u0627\u0626\u062a\u0645\u0627\u0646 \u0645\u0632\u064a\u0641\u0629\u060c \u0648\u0645\u0627 \u0625\u0644\u0649 \u0630\u0644\u0643\u060c \u062a\u064f\u0639\u0631\u0651\u0636\u0643 \u0644\u0644\u0645\u0633\u0627\u0621\u0644\u0629 \u0627\u0644\u062c\u0646\u0627\u0626\u064a\u0629. \u0634\u0631\u0643\u0629 \u0641\u064a\u0641\u064a\u062f \u0633\u0627\u063a\u0644\u064a\u0643 \u062a\u0648\u0631\u064a\u0632\u0645\u0648 \u0647\u064a\u0632\u0645\u064a\u062a\u0644\u0631\u064a \u062a\u064a\u0643\u0627\u0631\u064a\u062a \u0644\u064a\u0645\u062a\u062f (V\u0130V\u0130D SA\u011eLIK TUR\u0130ZM H\u0130ZMETLER\u0130 T\u0130CARET L\u0130M\u0130TED \u015e\u0130RKET\u0130) \u0645\u062e\u0648\u0644\u0629 \u0628\u0627\u062a\u062e\u0627\u0630 \u0625\u062c\u0631\u0627\u0621\u0627\u062a \u0645\u062b\u0644 \u062d\u0638\u0631 \u0627\u0644\u0648\u0635\u0648\u0644 \u0625\u0644\u0649 \u0627\u0644\u0645\u0648\u0642\u0639 \u0623\u0648 \u062a\u0642\u062f\u064a\u0645 \u0634\u0643\u0627\u0648\u0649 \u0644\u0645\u0646\u0639 \u0645\u062b\u0644 \u0647\u0630\u0647 \u0627\u0644\u062d\u0627\u0644\u0627\u062a. \u0644\u0634\u0631\u0643\u0629 \u0641\u064a\u0641\u064a\u062f \u0633\u0627\u063a\u0644\u064a\u0643 \u062a\u0648\u0631\u064a\u0632\u0645\u0648 \u0647\u064a\u0632\u0645\u064a\u062a\u0644\u0631\u064a \u062a\u064a\u0643\u0627\u0631\u064a\u062a \u0644\u064a\u0645\u062a\u062f (V\u0130V\u0130D SA\u011eLIK TUR\u0130ZM H\u0130ZMETLER\u0130 T\u0130CARET L\u0130M\u0130TED \u015e\u0130RKET\u0130 \u062d\u0631\u064a\u0629 \u0642\u0628\u0648\u0644 \u0623\u0648 \u0631\u0641\u0636 \u062a\u0642\u062f\u064a\u0645 \u0623\u064a \u062e\u062f\u0645\u0629 \u0645\u0637\u0644\u0648\u0628\u0629.<\/p><h4>7. \u062d\u0644 \u0627\u0644\u0646\u0632\u0627\u0639\u0627\u062a<\/h4><p>\u0641\u064a \u062d\u0627\u0644\u0629 \u0646\u0634\u0648\u0621 \u0646\u0632\u0627\u0639 \u0646\u0627\u062c\u0645 \u0639\u0646 \u0627\u0644\u062e\u062f\u0645\u0627\u062a \u0627\u0644\u062a\u064a \u062a\u062a\u0644\u0642\u0627\u0647\u0627 \u0645\u0646 \u062e\u0644\u0627\u0644 \u0645\u0648\u0642\u0639\u0646\u0627 \u0627\u0644\u0625\u0644\u0643\u062a\u0631\u0648\u0646\u064a\u060c \u0633\u064a\u062a\u0645 \u062a\u0637\u0628\u064a\u0642 \u0627\u0644\u0642\u0627\u0646\u0648\u0646 \u0627\u0644\u062a\u0631\u0643\u064a\u060c \u0648\u0633\u062a\u0643\u0648\u0646 \u0627\u0644\u0645\u062d\u0627\u0643\u0645 \u0648\u0645\u0643\u0627\u062a\u0628 \u0627\u0644\u062a\u0646\u0641\u064a\u0630 \u0641\u064a \u0625\u0633\u0637\u0646\u0628\u0648\u0644 \u0628\u0627\u0643\u064a\u0631\u0643\u0648\u064a \u0647\u064a \u0635\u0627\u062d\u0628\u0629 \u0627\u0644\u0627\u062e\u062a\u0635\u0627\u0635 \u0627\u0644\u0642\u0636\u0627\u0626\u064a.<\/p><h4>8. \u062d\u0642\u0648\u0642 \u0627\u0644\u0637\u0628\u0639 \u0648\u0627\u0644\u0646\u0634\u0631<\/h4><p>\u062d\u0642\u0648\u0642 \u0627\u0644\u0637\u0628\u0639 \u0648\u0627\u0644\u0646\u0634\u0631 \u0644\u0647\u0630\u0627 \u0627\u0644\u0645\u0648\u0642\u0639 \u062a\u0639\u0648\u062f \u0625\u0644\u0649 <a href=\"https:\/\/vividclinic.net\/ar\/\">\u0648\u0627\u0636\u062d<\/a> \u0634\u0631\u0643\u0629 \u0633\u0627\u063a\u0644\u064a\u0643 \u0644\u0644\u062e\u062f\u0645\u0627\u062a \u0627\u0644\u0633\u064a\u0627\u062d\u064a\u0629 \u0648\u0627\u0644\u062a\u062c\u0627\u0631\u0629 \u0627\u0644\u0645\u062d\u062f\u0648\u062f\u0629. \u062c\u0645\u064a\u0639 \u0627\u0644\u062d\u0642\u0648\u0642 \u0645\u062d\u0641\u0648\u0638\u0629. \u0627\u0644\u0646\u0635\u0648\u0635 \u0648\u0627\u0644\u0635\u0648\u0631 \u0648\u0645\u0644\u0641\u0627\u062a \u0627\u0644\u0635\u0648\u062a \u0648\u0627\u0644\u0631\u0633\u0648\u0645 \u0627\u0644\u0645\u062a\u062d\u0631\u0643\u0629 \u0648\u0627\u0644\u0641\u064a\u062f\u064a\u0648\u060c \u0628\u0627\u0644\u0625\u0636\u0627\u0641\u0629 \u0625\u0644\u0649 \u0627\u0644\u062a\u0635\u0627\u0645\u064a\u0645 \u0627\u0644\u0645\u0646\u0634\u0648\u0631\u0629 \u0639\u0644\u0649 \u0647\u0630\u0627 \u0627\u0644\u0645\u0648\u0642\u0639\u060c \u0645\u062d\u0645\u064a\u0629 \u0628\u0645\u0648\u062c\u0628 \u0627\u0644\u0642\u0627\u0646\u0648\u0646 \u0631\u0642\u0645 5846 \u0648\u0627\u0644\u062a\u0634\u0631\u064a\u0639\u0627\u062a \u0630\u0627\u062a \u0627\u0644\u0635\u0644\u0629. \u064a\u064f\u062d\u0638\u0631 \u0646\u0633\u062e \u062c\u0645\u064a\u0639 \u0627\u0644\u0639\u0646\u0627\u0635\u0631 \u0623\u0648 \u0627\u0633\u062a\u062e\u062f\u0627\u0645\u0647\u0627 \u0623\u0648 \u0646\u0634\u0631\u0647\u0627 \u0639\u0644\u0649 \u0645\u0648\u0627\u0642\u0639 \u0623\u062e\u0631\u0649 \u0644\u0623\u063a\u0631\u0627\u0636 \u062a\u062c\u0627\u0631\u064a\u0629.<\/p>\t\t\t\t\t\t\t\t<\/div>\n\t\t\t\t<\/div>\n\t\t\t\t<\/div>\n\t\t\t\t\t<\/div>\n\t\t\t\t<\/div>\n\t\t\t\t<\/div>","protected":false},"excerpt":{"rendered":"<p>Terms of Use \u00a0 1. Introduction Anyone who visits this website (vividclinic.net) or requests services offered on this site agrees to all the terms and conditions stated in these \u201cTerms of Use.\u201d By registering with V\u0130V\u0130D SA\u011eLIK TUR\u0130ZM H\u0130ZMETLER\u0130 T\u0130CARET L\u0130M\u0130TED \u015e\u0130RKET\u0130 or requesting the services provided, you commit to complying with the terms and [&hellip;]<\/p>\n","protected":false},"author":1,"featured_media":0,"parent":6112,"menu_order":0,"comment_status":"closed","ping_status":"open","template":"","meta":{"footnotes":""},"class_list":["post-6071","page","type-page","status-publish","hentry"],"_links":{"self":[{"href":"https:\/\/vividclinic.net\/ar\/wp-json\/wp\/v2\/pages\/6071","targetHints":{"allow":["GET"]}}],"collection":[{"href":"https:\/\/vividclinic.net\/ar\/wp-json\/wp\/v2\/pages"}],"about":[{"href":"https:\/\/vividclinic.net\/ar\/wp-json\/wp\/v2\/types\/page"}],"author":[{"embeddable":true,"href":"https:\/\/vividclinic.net\/ar\/wp-json\/wp\/v2\/users\/1"}],"replies":[{"embeddable":true,"href":"https:\/\/vividclinic.net\/ar\/wp-json\/wp\/v2\/comments?post=6071"}],"version-history":[{"count":0,"href":"https:\/\/vividclinic.net\/ar\/wp-json\/wp\/v2\/pages\/6071\/revisions"}],"up":[{"embeddable":true,"href":"https:\/\/vividclinic.net\/ar\/wp-json\/wp\/v2\/pages\/6112"}],"wp:attachment":[{"href":"https:\/\/vividclinic.net\/ar\/wp-json\/wp\/v2\/media?parent=6071"}],"curies":[{"name":"\u0648\u0648\u0631\u062f\u0628\u0631\u064a\u0633","href":"https:\/\/api.w.org\/{rel}","templated":true}]}}