{"id":6107,"date":"2024-08-12T14:22:02","date_gmt":"2024-08-12T11:22:02","guid":{"rendered":"https:\/\/vividclinic.net\/?page_id=6107"},"modified":"2024-09-05T16:46:03","modified_gmt":"2024-09-05T13:46:03","slug":"consent-for-commercial-electronic-messages","status":"publish","type":"page","link":"https:\/\/vividclinic.net\/ar\/legal\/consent-for-commercial-electronic-messages\/","title":{"rendered":"\u0627\u0644\u0645\u0648\u0627\u0641\u0642\u0629 \u0639\u0644\u0649 \u0627\u0644\u0631\u0633\u0627\u0626\u0644 \u0627\u0644\u0625\u0644\u0643\u062a\u0631\u0648\u0646\u064a\u0629 \u0627\u0644\u062a\u062c\u0627\u0631\u064a\u0629"},"content":{"rendered":"<div data-elementor-type=\"wp-page\" data-elementor-id=\"6107\" class=\"elementor elementor-6107\" data-elementor-post-type=\"page\">\n\t\t\t\t<div class=\"elementor-element elementor-element-29143ac e-flex e-con-boxed e-con e-parent\" data-id=\"29143ac\" data-element_type=\"container\" data-e-type=\"container\" data-settings=\"{&quot;ekit_has_onepagescroll_dot&quot;:&quot;yes&quot;}\">\r\n\t\t\t\t\t<div class=\"e-con-inner\">\r\n\t\t<div class=\"elementor-element elementor-element-f69d199 e-con-full e-flex e-con e-child\" data-id=\"f69d199\" data-element_type=\"container\" data-e-type=\"container\" data-settings=\"{&quot;ekit_has_onepagescroll_dot&quot;:&quot;yes&quot;}\">\r\n\t\t\t\t<div class=\"elementor-element elementor-element-b39f70d elementor-widget elementor-widget-elementskit-heading\" data-id=\"b39f70d\" data-element_type=\"widget\" data-e-type=\"widget\" data-settings=\"{&quot;ekit_we_effect_on&quot;:&quot;none&quot;}\" data-widget_type=\"elementskit-heading.default\">\n\t\t\t\t<div class=\"elementor-widget-container\">\n\t\t\t\t\t<div class=\"ekit-wid-con\" ><div class=\"ekit-heading elementskit-section-title-wraper text_left   ekit_heading_tablet-   ekit_heading_mobile-\"><h1 class=\"ekit-heading--title elementskit-section-title\">\u0627\u0644\u0645\u0648\u0627\u0641\u0642\u0629 \u0639\u0644\u0649 \u0627\u0644\u0631\u0633\u0627\u0626\u0644 \u0627\u0644\u0625\u0644\u0643\u062a\u0631\u0648\u0646\u064a\u0629 \u0627\u0644\u062a\u062c\u0627\u0631\u064a\u0629<\/h1><div class=\"ekit_heading_separetor_wraper ekit_heading_elementskit-border-divider ekit-dotted\"><div class=\"elementskit-border-divider ekit-dotted\"><\/div><\/div><\/div><\/div>\t\t\t\t<\/div>\n\t\t\t\t<\/div>\n\t\t\t\t<\/div>\n\t\t\t\t\t<\/div>\n\t\t\t\t<\/div>\n\t\t<div class=\"elementor-element elementor-element-c3502d3 e-flex e-con-boxed e-con e-parent\" data-id=\"c3502d3\" data-element_type=\"container\" data-e-type=\"container\" data-settings=\"{&quot;ekit_has_onepagescroll_dot&quot;:&quot;yes&quot;}\">\r\n\t\t\t\t\t<div class=\"e-con-inner\">\r\n\t\t<div class=\"elementor-element elementor-element-d69b631 e-con-full e-flex e-con e-child\" data-id=\"d69b631\" data-element_type=\"container\" data-e-type=\"container\" data-settings=\"{&quot;ekit_has_onepagescroll_dot&quot;:&quot;yes&quot;}\">\r\n\t\t\t\t<div class=\"elementor-element elementor-element-e2e77ef elementor-widget elementor-widget-text-editor\" data-id=\"e2e77ef\" data-element_type=\"widget\" data-e-type=\"widget\" data-settings=\"{&quot;ekit_we_effect_on&quot;:&quot;none&quot;}\" data-widget_type=\"text-editor.default\">\n\t\t\t\t<div class=\"elementor-widget-container\">\n\t\t\t\t\t\t\t\t\t<h3><span style=\"color: var(--porto-h2-color,var(--porto-heading-color)); letter-spacing: var(--porto-h2-ls,-0.05em); text-align: var(--text-align);\">\u0645\u0639\u0644\u0648\u0645\u0627\u062a \u0645\u0648\u0627\u0641\u0642\u0629 \u0627\u0644\u0631\u0633\u0627\u0626\u0644 \u0627\u0644\u0625\u0644\u0643\u062a\u0631\u0648\u0646\u064a\u0629 \u0627\u0644\u062a\u062c\u0627\u0631\u064a\u0629<\/span><\/h3><p>\u0628\u0645\u0648\u062c\u0628 \u0627\u0644\u0642\u0627\u0646\u0648\u0646 \u0631\u0642\u0645 6698 \u0628\u0634\u0623\u0646 \u062d\u0645\u0627\u064a\u0629 \u0627\u0644\u0628\u064a\u0627\u0646\u0627\u062a \u0627\u0644\u0634\u062e\u0635\u064a\u0629 \u0648\u0627\u0644\u0642\u0627\u0646\u0648\u0646 \u0631\u0642\u0645 6563 \u0628\u0634\u0623\u0646 \u062a\u0646\u0638\u064a\u0645 \u0627\u0644\u062a\u062c\u0627\u0631\u0629 \u0627\u0644\u0625\u0644\u0643\u062a\u0631\u0648\u0646\u064a\u0629\u060c <a href=\"https:\/\/vividclinic.net\/ar\/\">\u0648\u0627\u0636\u062d<\/a> \u0633\u062a\u0642\u0648\u0645 \u0634\u0631\u0643\u0629 \u0633\u0627\u063a\u0644\u064a\u0643 \u0644\u0644\u062e\u062f\u0645\u0627\u062a \u0627\u0644\u0633\u064a\u0627\u062d\u064a\u0629 \u0648\u0627\u0644\u062a\u062c\u0627\u0631\u0629 \u0627\u0644\u0645\u062d\u062f\u0648\u062f\u0629 \u0628\u0645\u0639\u0627\u0644\u062c\u0629 \u0628\u064a\u0627\u0646\u0627\u062a\u0643\u0645 \u0627\u0644\u0634\u062e\u0635\u064a\u0629 \u0628\u0645\u0648\u0627\u0641\u0642\u062a\u0643\u0645 \u0641\u064a \u062c\u0645\u064a\u0639 \u0623\u0646\u0634\u0637\u0629 \u0627\u0644\u062a\u0633\u0648\u064a\u0642\u060c \u0648\u0627\u0644\u062d\u0645\u0644\u0627\u062a\u060c \u0648\u0627\u0644\u0625\u0639\u0644\u0627\u0646\u0627\u062a\u060c \u0648\u0625\u0637\u0644\u0627\u0642 \u0627\u0644\u0645\u0646\u062a\u062c\u0627\u062a\u060c \u0648\u0627\u0644\u0627\u0633\u062a\u0637\u0644\u0627\u0639\u0627\u062a\u060c \u0648\u0627\u0644\u0645\u0633\u0627\u0628\u0642\u0627\u062a\u060c \u0648\u0627\u0644\u062e\u0635\u0648\u0645\u0627\u062a\u060c \u0648\u0627\u0644\u0639\u0631\u0648\u0636 \u0627\u0644\u062a\u0631\u0648\u064a\u062c\u064a\u0629\u060c \u0648\u0627\u0644\u0639\u0631\u0648\u0636 \u0627\u0644\u062e\u0627\u0635\u0629\u060c \u0648\u0627\u0644\u0639\u0631\u0648\u0636 \u0627\u0644\u0627\u0641\u062a\u062a\u0627\u062d\u064a\u0629\u060c \u0648\u0627\u0644\u062f\u0639\u0648\u0627\u062a\u060c \u0648\u0627\u0644\u0641\u0639\u0627\u0644\u064a\u0627\u062a\u060c \u0648\u0623\u0646\u0634\u0637\u0629 \u0627\u0644\u062a\u0648\u0627\u0635\u0644 \u0627\u0644\u0645\u062a\u0639\u0644\u0642\u0629 \u0628\u0643\u0645 \u0623\u0648 \u0628\u0645\u0646 \u0647\u0645 \u062a\u062d\u062a \u0648\u0635\u0627\u064a\u062a\u0643\u0645. \u0633\u062a\u062a\u0645 \u0645\u0634\u0627\u0631\u0643\u0629 \u0628\u064a\u0627\u0646\u0627\u062a\u0643\u0645 \u0627\u0644\u0634\u062e\u0635\u064a\u0629 \u0645\u0639 \u0645\u0632\u0648\u062f\u064a \u0627\u0644\u062e\u062f\u0645\u0627\u062a \u0627\u0644\u0630\u064a\u0646 \u0646\u062a\u0639\u0627\u0648\u0646 \u0645\u0639\u0647\u0645 \u0644\u0625\u0631\u0633\u0627\u0644 \u0627\u0644\u0631\u0633\u0627\u0626\u0644 \u0627\u0644\u0646\u0635\u064a\u0629 \u0627\u0644\u0642\u0635\u064a\u0631\u0629 \u0648\u0631\u0633\u0627\u0626\u0644 \u0627\u0644\u0628\u0631\u064a\u062f \u0627\u0644\u0625\u0644\u0643\u062a\u0631\u0648\u0646\u064a\u060c \u0648\u0633\u064a\u062a\u0645 \u0627\u062a\u062e\u0627\u0630 \u0627\u0644\u0625\u062c\u0631\u0627\u0621\u0627\u062a \u0627\u0644\u0623\u0645\u0646\u064a\u0629 \u0627\u0644\u0644\u0627\u0632\u0645\u0629.<\/p><h2>\u0645\u0648\u0627\u0641\u0642\u0629 \u0627\u0644\u0631\u0633\u0627\u0626\u0644 \u0627\u0644\u0625\u0644\u0643\u062a\u0631\u0648\u0646\u064a\u0629 \u0627\u0644\u062a\u062c\u0627\u0631\u064a\u0629<\/h2><p>\u0623\u0639\u0637\u064a \u0628\u0645\u0648\u062c\u0628 \u0647\u0630\u0627 \u0645\u0648\u0627\u0641\u0642\u062a\u064a \u0627\u0644\u0635\u0631\u064a\u062d\u0629\u060c \u062f\u0648\u0646 \u0623\u064a \u0636\u063a\u0637\u060c \u0644\u0634\u0631\u0643\u0629 V\u0130V\u0130D SA\u011eLIK TUR\u0130ZM H\u0130ZMETLER\u0130 T\u0130CARET L\u0130M\u0130TED \u015e\u0130RKET\u0130 \u0644\u0625\u0631\u0633\u0627\u0644 \u0631\u0633\u0627\u0626\u0644 \u0625\u0644\u0643\u062a\u0631\u0648\u0646\u064a\u0629 \u062a\u062c\u0627\u0631\u064a\u0629 \u0625\u0644\u064a\u0651 \u0648\/\u0623\u0648 \u0625\u0644\u0649 \u0627\u0644\u0623\u0634\u062e\u0627\u0635 \u062a\u062d\u062a \u0648\u0635\u0627\u064a\u062a\u064a \u0639\u0628\u0631 \u0627\u0644\u0631\u0633\u0627\u0626\u0644 \u0627\u0644\u0642\u0635\u064a\u0631\u0629 \u0648\u0627\u0644\u0628\u0631\u064a\u062f \u0627\u0644\u0625\u0644\u0643\u062a\u0631\u0648\u0646\u064a \u0648\u0627\u0644\u0645\u0643\u0627\u0644\u0645\u0627\u062a \u0627\u0644\u0647\u0627\u062a\u0641\u064a\u0629 \u0644\u062c\u0645\u064a\u0639 \u0623\u0646\u0648\u0627\u0639 \u0627\u0644\u0623\u0646\u0634\u0637\u0629 \u0627\u0644\u062a\u0633\u0648\u064a\u0642\u064a\u0629 \u0648\u0627\u0644\u062d\u0645\u0644\u0627\u062a \u0648\u0627\u0644\u0625\u0639\u0644\u0627\u0646\u0627\u062a \u0648\u0627\u0644\u0625\u0637\u0644\u0627\u0642\u0627\u062a \u0648\u0627\u0644\u0627\u0633\u062a\u0637\u0644\u0627\u0639\u0627\u062a \u0648\u0627\u0644\u0645\u0633\u0627\u0628\u0642\u0627\u062a \u0648\u0627\u0644\u062e\u0635\u0648\u0645\u0627\u062a \u0648\u0627\u0644\u0639\u0631\u0648\u0636 \u0627\u0644\u062a\u0631\u0648\u064a\u062c\u064a\u0629 \u0648\u0627\u0644\u0639\u0631\u0648\u0636 \u0627\u0644\u062e\u0627\u0635\u0629 \u0648\u0627\u0644\u0639\u0631\u0648\u0636 \u0627\u0644\u062a\u0631\u0648\u064a\u062c\u064a\u0629 \u0648\u0627\u0644\u0627\u0641\u062a\u062a\u0627\u062d\u0627\u062a \u0648\u0627\u0644\u062f\u0639\u0648\u0627\u062a \u0648\u0627\u0644\u0623\u062d\u062f\u0627\u062b \u0648\u0623\u0646\u0634\u0637\u0629 \u0627\u0644\u0627\u062a\u0635\u0627\u0644.<\/p>\t\t\t\t\t\t\t\t<\/div>\n\t\t\t\t<\/div>\n\t\t\t\t<\/div>\n\t\t\t\t\t<\/div>\n\t\t\t\t<\/div>\n\t\t\t\t<\/div>","protected":false},"excerpt":{"rendered":"<p>Consent for Commercial Electronic Messages Commercial Electronic Message Consent Information Under Law No. 6698 on the Protection of Personal Data and Law No. 6563 on the Regulation of Electronic Commerce, V\u0130V\u0130D SA\u011eLIK TUR\u0130ZM H\u0130ZMETLER\u0130 T\u0130CARET L\u0130M\u0130TED \u015e\u0130RKET\u0130 will process your personal data with your consent for all kinds of marketing activities, campaigns, advertisements, launches, surveys, [&hellip;]<\/p>\n","protected":false},"author":1,"featured_media":0,"parent":6112,"menu_order":0,"comment_status":"closed","ping_status":"open","template":"","meta":{"footnotes":""},"class_list":["post-6107","page","type-page","status-publish","hentry"],"_links":{"self":[{"href":"https:\/\/vividclinic.net\/ar\/wp-json\/wp\/v2\/pages\/6107","targetHints":{"allow":["GET"]}}],"collection":[{"href":"https:\/\/vividclinic.net\/ar\/wp-json\/wp\/v2\/pages"}],"about":[{"href":"https:\/\/vividclinic.net\/ar\/wp-json\/wp\/v2\/types\/page"}],"author":[{"embeddable":true,"href":"https:\/\/vividclinic.net\/ar\/wp-json\/wp\/v2\/users\/1"}],"replies":[{"embeddable":true,"href":"https:\/\/vividclinic.net\/ar\/wp-json\/wp\/v2\/comments?post=6107"}],"version-history":[{"count":0,"href":"https:\/\/vividclinic.net\/ar\/wp-json\/wp\/v2\/pages\/6107\/revisions"}],"up":[{"embeddable":true,"href":"https:\/\/vividclinic.net\/ar\/wp-json\/wp\/v2\/pages\/6112"}],"wp:attachment":[{"href":"https:\/\/vividclinic.net\/ar\/wp-json\/wp\/v2\/media?parent=6107"}],"curies":[{"name":"\u0648\u0648\u0631\u062f\u0628\u0631\u064a\u0633","href":"https:\/\/api.w.org\/{rel}","templated":true}]}}