{"id":10286,"date":"2024-08-02T18:56:29","date_gmt":"2024-08-02T15:56:29","guid":{"rendered":"https:\/\/vividclinic.net\/mesafeli-satis-sozlesmesi\/"},"modified":"2025-07-16T17:19:23","modified_gmt":"2025-07-16T14:19:23","slug":"mesafeli-satis-sozlesmesi","status":"publish","type":"page","link":"https:\/\/vividclinic.net\/bg\/mesafeli-satis-sozlesmesi\/","title":{"rendered":"\u041c\u0435\u0441\u0430\u0444\u0435\u043b\u0438 \u0421\u0430\u0442\u044a\u0448 \u0421\u044c\u043e\u0437\u043b\u0435\u0448\u043c\u0435\u0441\u0438"},"content":{"rendered":"<div data-elementor-type=\"wp-page\" data-elementor-id=\"10286\" class=\"elementor elementor-10286\" data-elementor-post-type=\"page\">\n\t\t\t\t<div class=\"elementor-element elementor-element-f8a6ec6 e-flex e-con-boxed e-con e-parent\" data-id=\"f8a6ec6\" data-element_type=\"container\" data-e-type=\"container\" data-settings=\"{&quot;ekit_has_onepagescroll_dot&quot;:&quot;yes&quot;}\">\r\n\t\t\t\t\t<div class=\"e-con-inner\">\r\n\t\t<div class=\"elementor-element elementor-element-e13bd31 e-con-full e-flex e-con e-child\" data-id=\"e13bd31\" data-element_type=\"container\" data-e-type=\"container\" data-settings=\"{&quot;ekit_has_onepagescroll_dot&quot;:&quot;yes&quot;}\">\r\n\t\t\t\t<div class=\"elementor-element elementor-element-079d12b elementor-widget elementor-widget-elementskit-heading\" data-id=\"079d12b\" data-element_type=\"widget\" data-e-type=\"widget\" data-settings=\"{&quot;ekit_we_effect_on&quot;:&quot;none&quot;}\" data-widget_type=\"elementskit-heading.default\">\n\t\t\t\t<div class=\"elementor-widget-container\">\n\t\t\t\t\t<div class=\"ekit-wid-con\" ><div class=\"ekit-heading elementskit-section-title-wraper text_left   ekit_heading_tablet-   ekit_heading_mobile-\"><h1 class=\"ekit-heading--title elementskit-section-title\">\u041c\u0435\u0441\u0430\u0444\u0435\u043b\u0438 \u0421\u0430\u0442\u044a\u0448 \u0421\u044c\u043e\u0437\u043b\u0435\u0448\u043c\u0435\u0441\u0438<\/h1><div class=\"ekit_heading_separetor_wraper ekit_heading_elementskit-border-divider ekit-dotted\"><div class=\"elementskit-border-divider ekit-dotted\"><\/div><\/div><\/div><\/div>\t\t\t\t<\/div>\n\t\t\t\t<\/div>\n\t\t\t\t<\/div>\n\t\t\t\t\t<\/div>\n\t\t\t\t<\/div>\n\t\t<div class=\"elementor-element elementor-element-ca4d695 e-flex e-con-boxed e-con e-parent\" data-id=\"ca4d695\" data-element_type=\"container\" data-e-type=\"container\" data-settings=\"{&quot;ekit_has_onepagescroll_dot&quot;:&quot;yes&quot;}\">\r\n\t\t\t\t\t<div class=\"e-con-inner\">\r\n\t\t<div class=\"elementor-element elementor-element-8fc92bc e-con-full e-flex e-con e-child\" data-id=\"8fc92bc\" data-element_type=\"container\" data-e-type=\"container\" data-settings=\"{&quot;ekit_has_onepagescroll_dot&quot;:&quot;yes&quot;}\">\r\n\t\t\t\t<div class=\"elementor-element elementor-element-8224828 elementor-widget elementor-widget-text-editor\" data-id=\"8224828\" data-element_type=\"widget\" data-e-type=\"widget\" data-settings=\"{&quot;ekit_we_effect_on&quot;:&quot;none&quot;}\" data-widget_type=\"text-editor.default\">\n\t\t\t\t<div class=\"elementor-widget-container\">\n\t\t\t\t\t\t\t\t\t<h4> <\/h4>\n<h4>1. \u0422\u0430\u0440\u0430\u0444\u043b\u0430\u0440<\/h4>\n<p>Bu Mesafeli Sat\u0131\u015f S\u00f6zle\u015fmesi, a\u015fa\u011f\u0131daki taraflar aras\u0131nda yap\u0131lm\u0131\u015ft\u0131r:<\/p>\n<ul>\n<li><strong>V\u0130V\u0130D SA\u011eLIK TUR\u0130ZM H\u0130ZMETLER\u0130 T\u0130CARET L\u0130M\u0130TED \u015e\u0130RKET\u0130<\/strong> (\u201cSa\u011flay\u0131c\u0131\u201d), ATAK\u00d6Y 7-8-9-10.<br \/>\n\u041a\u0418\u0421\u0418\u041c \u041c\u0410\u0425.<br \/>\n\u00c7OBAN\u00c7E\u015eME E-5 YAN YOL CAD.<br \/>\n1 NO: 8\/1 \u0130\u00c7 KAPI NO: 14 BAKIRK\u00d6Y\/\u0130STANBUL\/T\u00dcRK\u0130YE   <\/li>\n<li><strong>\u041c\u044e\u0448\u0442\u0435\u0440\u0438<\/strong> (\u201cM\u00fc\u015fteri\u201d), V\u0130V\u0130D SA\u011eLIK TUR\u0130ZM H\u0130ZMETLER\u0130 T\u0130CARET L\u0130M\u0130TED \u015e\u0130RKET\u0130&#039;nden hizmet sat\u0131n alan ki\u015fi.<\/li>\n<\/ul>\n<h4>2. \u0421\u044c\u043e\u0437\u043b\u0435\u0448\u043c\u0435\u043d\u0438\u043d \u041a\u043e\u043d\u0443\u0441\u0443<\/h4>\n<p>Bu s\u00f6zle\u015fmenin konusu, M\u00fc\u015fteri&#039;nin Sa\u011flay\u0131c\u0131&#039;n\u0131n internet sitesi \u00fczerinden sat\u0131n ald\u0131\u011f\u0131 estetik tedavi ve hizmetlerin sat\u0131\u015f\u0131na ve teslimine ili\u015fkin olarak 6502 say\u0131l\u0131 T\u00fcketicinin Korunmas\u0131 Hakk\u0131nda Kanun ve Mesafeli S\u00f6zle\u015fmeler Y\u00f6netmeli\u011fi h\u00fck\u00fcmleri gere\u011fince taraflar\u0131n hak ve y\u00fck\u00fcml\u00fcl\u00fcklerinin belirlenmesidir.<\/p>\n<h4>3. \u0418\u043d\u0444\u043e\u0440\u043c\u0430\u0446\u0438\u044f \u0437\u0430 \u0443\u0441\u043b\u0443\u0433\u0438\u0442\u0435 \u0438 \u0446\u0435\u043d\u0438\u0442\u0435<\/h4>\n<ul>\n<li><strong>\u0425\u0438\u0437\u043c\u0435\u0442 \u0422\u0430\u043d\u0438\u043c\u0438<\/strong>: Sa\u011flay\u0131c\u0131 taraf\u0131ndan sunulan estetik tedavi ve hizmetler.<\/li>\n<li><strong>\u0424\u0438\u044f\u0442<\/strong>: Hizmetlerin g\u00fcncel fiyatlar\u0131, Sa\u011flay\u0131c\u0131&#039;n\u0131n internet sitesinde belirtilmi\u015ftir.<br \/>\nFiyatlar, sipari\u015fin verildi\u011fi tarihte ge\u00e7erli olan fiyatlard\u0131r ve Sa\u011flay\u0131c\u0131, fiyatlarda de\u011fi\u015fiklik yapma hakk\u0131n\u0131 sakl\u0131 tutar. <\/li>\n<\/ul>\n<h4>4. \u0421\u0438\u043f\u0430\u0440\u0438\u0448 \u0438 \u041e\u0434\u0435\u043c\u0435<\/h4>\n<ul>\n<li><strong>\u0421\u0438\u043f\u0430\u0440\u0438\u0448<\/strong>: M\u00fc\u015fteri, Sa\u011flay\u0131c\u0131&#039;n\u0131n internet sitesi \u00fczerinden istedi\u011fi hizmetleri se\u00e7er ve sipari\u015fini tamamlar.<\/li>\n<li><strong>\u041e\u0434\u0435\u043c\u0435<\/strong>: Sipari\u015fin tamamlanmas\u0131 i\u00e7in \u00f6deme, kredi kart\u0131 veya Sa\u011flay\u0131c\u0131&#039;n\u0131n sundu\u011fu di\u011fer \u00f6deme y\u00f6ntemleri ile yap\u0131l\u0131r.<br \/>\n\u00d6deme, sipari\u015f an\u0131nda al\u0131n\u0131r. <\/li>\n<\/ul>\n<h4>5. \u041a\u0430\u0439\u043c\u0430 \u0425\u0430\u043a\u044a<\/h4>\n<p>M\u00fc\u015fteri, a\u015fa\u011f\u0131daki \u015fartlar alt\u0131nda s\u00f6zle\u015fmeden cayma hakk\u0131na sahiptir:<\/p>\n<ul>\n<li><strong>\u041a\u0430\u0439\u043c\u0430 \u0421\u0443\u0440\u0435\u0441\u0438<\/strong>: M\u00fc\u015fteri, hizmetin verildi\u011fi tarihten itibaren 14 g\u00fcn i\u00e7inde cayma hakk\u0131n\u0131 kullanabilir.<\/li>\n<li>\u041a\u0430\u0439\u043c\u0430 <strong>\u0411\u0438\u043b\u0434\u0438\u0440\u0438\u043c\u0438<\/strong>: Cayma hakk\u0131n\u0131n kullan\u0131lmas\u0131 i\u00e7in Sa\u011flay\u0131c\u0131&#039;ya yaz\u0131l\u0131 olarak veya elektronik posta ile bildirim yap\u0131lmas\u0131 gerekmektedir.<\/li>\n<li>\u0418\u0430\u0434\u0435 <strong>\u041a\u043e\u0448\u0443\u043b\u0430\u0440\u0438:<\/strong> Cayma hakk\u0131n\u0131n kullan\u0131lmas\u0131 durumunda, M\u00fc\u015fteri&#039;den tahsil edilen \u00fccret, cayma bildiriminin Sa\u011flay\u0131c\u0131&#039;ya ula\u015ft\u0131\u011f\u0131 tarihten itibaren 14 g\u00fcn i\u00e7inde iade edilir.<br \/>\n\u0130ade, M\u00fc\u015fteri&#039;nin \u00f6deme yapt\u0131\u011f\u0131 y\u00f6ntemle yap\u0131l\u0131r. <\/li>\n<\/ul>\n<h4>6. Hizmetin Teslimi ve \u0130fa S\u00fcresi<\/h4>\n<ul>\n<li><strong>\u041a\u043e\u043d\u0442\u0435\u043d\u0438\u0434\u043e<\/strong>: Hizmetler, Sa\u011flay\u0131c\u0131&#039;n\u0131n tesislerinde sunulur.<br \/>\nM\u00fc\u015fteri, hizmetin sunulaca\u011f\u0131 tarihte Sa\u011flay\u0131c\u0131&#039;n\u0131n tesislerinde haz\u0131r bulunmal\u0131d\u0131r. <\/li>\n<li>\u0418\u0444\u0430 <strong>\u0421\u044e\u0440\u0435\u0441\u0438<\/strong>: Hizmetin ifas\u0131, M\u00fc\u015fteri ile mutab\u0131k kal\u0131nan tarihte ger\u00e7ekle\u015ftirilir.<\/li>\n<\/ul>\n<h4>7. \u041c\u044e\u0449\u0435\u0440\u0438 \u042e\u043a\u044e\u043c\u043b\u044e\u043b\u044e\u043a\u043b\u0435\u0440\u0438<\/h4>\n<p>M\u00fc\u015fteri, a\u015fa\u011f\u0131daki y\u00fck\u00fcml\u00fcl\u00fcklere sahiptir:<\/p>\n<ul>\n<li><strong>\u0411\u0438\u043b\u0433\u0438 \u0412\u0435\u0440\u043c\u0435<\/strong>: M\u00fc\u015fteri, hizmetin ifas\u0131 i\u00e7in gerekli t\u00fcm bilgileri do\u011fru ve eksiksiz olarak Sa\u011flay\u0131c\u0131&#039;ya sa\u011flamal\u0131d\u0131r.<\/li>\n<li><strong>\u0422\u0430\u043b\u0438\u043c\u0430\u0442\u043b\u0430\u0440\u0430 \u0423\u0439\u043c\u0430<\/strong>: M\u00fc\u015fteri, Sa\u011flay\u0131c\u0131 taraf\u0131ndan verilen t\u00fcm talimatlara uymal\u0131 ve hizmet \u00f6ncesinde ve sonras\u0131nda belirtilen kurallara riayet etmelidir.<\/li>\n<\/ul>\n<h4>8. Sa\u011flay\u0131c\u0131 Y\u00fck\u00fcml\u00fcl\u00fckleri<\/h4>\n<p>Sa\u011flay\u0131c\u0131, a\u015fa\u011f\u0131daki y\u00fck\u00fcml\u00fcl\u00fcklere sahiptir:<\/p>\n<ul>\n<li><strong>\u0425\u0438\u0437\u043c\u0435\u0442 \u0421\u0443\u043d\u0443\u043c\u0443<\/strong>: Sa\u011flay\u0131c\u0131, hizmetleri belirtilen tarihte ve belirtilen \u015fekilde sunmay\u0131 taahhh\u00fct eder.<\/li>\n<li><strong>\u0413\u0438\u0437\u043b\u0438\u043b\u0438\u043a<\/strong>: Sa\u011flay\u0131c\u0131, M\u00fc\u015fteri&#039;nin ki\u015fisel ve sa\u011fl\u0131k bilgilerini gizli tutar ve sadece hizmetin sunulmas\u0131 amac\u0131yla kullan\u0131r.<\/li>\n<\/ul>\n<h4>9. Ki\u015fisel Verilerin Korunmas\u0131<\/h4>\n<p>Sa\u011flay\u0131c\u0131, M\u00fc\u015fteri&#039;nin ki\u015fisel verilerini, 6698 say\u0131l\u0131 <a href=\"https:\/\/vividclinic.net\/legal\/kisisel-verilerin-korunmasi\/\" title=\"\u041a\u043e\u0440\u043e\u043d\u0430\u0432\u0438\u0440\u0443\u0441\u044a\u0442 \u043d\u0430 \u041a\u0438\u0448\u0438\u0441\u0435\u043b \u0412\u0435\u0440\u0438\u043b\u0435\u0440\u0438\u043d\"  data-wpil-monitor-id=\"81\">\u041a\u043e\u0440\u043e\u043d\u0430\u0432\u0438\u0440\u0443\u0441\u044a\u0442 \u043d\u0430 \u041a\u0438\u0448\u0438\u0441\u0435\u043b \u0412\u0435\u0440\u0438\u043b\u0435\u0440\u0438\u043d<\/a> Kanunu&#039;na uygun olarak i\u015fler ve korur.<br \/>\nDetayl\u0131 bilgi i\u00e7in Sa\u011flay\u0131c\u0131&#039;n\u0131n internet sitesinde yer alan Ki\u015fisel Verilerin Korunmas\u0131 Politikas\u0131n\u0131 inceleyebilirsiniz. <\/p>\n<h4>10. Uyu\u015fmazl\u0131klar\u0131n \u00c7\u00f6z\u00fcm\u00fc<\/h4>\n<p>Bu s\u00f6zle\u015fmeden do\u011fan uyu\u015fmazl\u0131klar\u0131n \u00e7\u00f6z\u00fcm\u00fcnde \u0130stanbul Mahkemeleri ve \u0130cra Daireleri yetkilidir.<\/p>\n<h4>11. \u042e\u0440\u043b\u044e\u043a<\/h4>\n<p>M\u00fc\u015fteri, internet sitesi \u00fczerinden sipari\u015f verdi\u011finde bu s\u00f6zle\u015fmenin t\u00fcm ko\u015fullar\u0131n\u0131 kabul etmi\u015f say\u0131l\u0131r.<br \/>\nSin embargo, la mayor\u00eda de los usuarios de Internet son personas mayores. <\/p>\n<h4>\u041a\u043e\u043d\u0442\u0430\u043a\u0442\u043d\u0430 \u0438\u043d\u0444\u043e\u0440\u043c\u0430\u0446\u0438\u044f<\/h4>\n<ul>\n<li><strong>\u0428\u0438\u0440\u043a\u0435\u0442 \u0423\u043d\u0432\u0430\u043d\u0438<\/strong>: V\u0130V\u0130D SA\u011eLIK TUR\u0130ZM H\u0130ZMETLER\u0130 T\u0130CARET L\u0130M\u0130TED \u015e\u0130RKET\u0130<\/li>\n<li><strong>\u041f\u043e\u0441\u043e\u043a\u0430<\/strong>: \u0410\u0422\u0410\u041a\u041e\u0419 7-8-9-10.<br \/>\n\u041a\u0418\u0421\u0418\u041c \u041c\u0410\u0425.<br \/>\n\u00c7OBAN\u00c7E\u015eME E-5 YAN YOL CAD.<br \/>\n1 NO: 8\/1 \u0130\u00c7 KAPI NO: 14 BAKIRK\u00d6Y\/\u0130STANBUL\/T\u00dcRK\u0130YE   <\/li>\n<li><strong>\u0422\u0435\u043b\u0435\u0444\u043e\u043d<\/strong>+90 552 950 71 63<\/li>\n<li><strong>\u0415\u043b\u0435\u043a\u0442\u0440\u043e\u043d\u043d\u0430 \u043f\u043e\u0449\u0430<\/strong>: info@vividclinic.net<\/li>\n<li><strong>\u0423\u0435\u0431 \u0441\u0442\u0440\u0430\u043d\u0438\u0446\u0438:<\/strong> <a href=\"https:\/\/vividclinic.net\/es\/\" target=\"_new\" rel=\"noreferrer\">https:\/\/vividclinic.net<\/a><\/li>\n<\/ul>\n\t\t\t\t\t\t\t\t<\/div>\n\t\t\t\t<\/div>\n\t\t\t\t<\/div>\n\t\t\t\t\t<\/div>\n\t\t\t\t<\/div>\n\t\t\t\t<\/div>","protected":false},"excerpt":{"rendered":"<p>Mesafeli Sat\u0131\u015f S\u00f6zle\u015fmesi 1. Taraflar Bu Mesafeli Sat\u0131\u015f S\u00f6zle\u015fmesi, a\u015fa\u011f\u0131daki taraflar aras\u0131nda yap\u0131lm\u0131\u015ft\u0131r: V\u0130V\u0130D SA\u011eLIK TUR\u0130ZM H\u0130ZMETLER\u0130 T\u0130CARET L\u0130M\u0130TED \u015e\u0130RKET\u0130 (&#8220;Sa\u011flay\u0131c\u0131&#8221;), ATAK\u00d6Y 7-8-9-10. KISIM MAH. \u00c7OBAN\u00c7E\u015eME E-5 YAN YOL CAD. 1 NO: 8\/1 I\u0307\u00c7 KAPI NO: 14 BAKIRK\u00d6Y\/I\u0307STANBUL\/T\u00dcRKI\u0307YE M\u00fc\u015fteri (&#8220;M\u00fc\u015fteri&#8221;), V\u0130V\u0130D SA\u011eLIK TUR\u0130ZM H\u0130ZMETLER\u0130 T\u0130CARET L\u0130M\u0130TED \u015e\u0130RKET\u0130&#8217;nden hizmet sat\u0131n alan ki\u015fi. 2. S\u00f6zle\u015fmenin Konusu Bu [&hellip;]<\/p>\n","protected":false},"author":1,"featured_media":0,"parent":0,"menu_order":0,"comment_status":"closed","ping_status":"open","template":"","meta":{"footnotes":""},"class_list":["post-10286","page","type-page","status-publish","hentry"],"_links":{"self":[{"href":"https:\/\/vividclinic.net\/bg\/wp-json\/wp\/v2\/pages\/10286","targetHints":{"allow":["GET"]}}],"collection":[{"href":"https:\/\/vividclinic.net\/bg\/wp-json\/wp\/v2\/pages"}],"about":[{"href":"https:\/\/vividclinic.net\/bg\/wp-json\/wp\/v2\/types\/page"}],"author":[{"embeddable":true,"href":"https:\/\/vividclinic.net\/bg\/wp-json\/wp\/v2\/users\/1"}],"replies":[{"embeddable":true,"href":"https:\/\/vividclinic.net\/bg\/wp-json\/wp\/v2\/comments?post=10286"}],"version-history":[{"count":0,"href":"https:\/\/vividclinic.net\/bg\/wp-json\/wp\/v2\/pages\/10286\/revisions"}],"wp:attachment":[{"href":"https:\/\/vividclinic.net\/bg\/wp-json\/wp\/v2\/media?parent=10286"}],"curies":[{"name":"\u0440\u0430\u0431\u043e\u0442\u043d\u0430 \u0441\u0440\u0435\u0449\u0430","href":"https:\/\/api.w.org\/{rel}","templated":true}]}}