{"id":6071,"date":"2024-08-12T14:08:02","date_gmt":"2024-08-12T11:08:02","guid":{"rendered":"https:\/\/vividclinic.net\/?page_id=6071"},"modified":"2024-09-05T16:49:47","modified_gmt":"2024-09-05T13:49:47","slug":"terms-of-use","status":"publish","type":"page","link":"https:\/\/vividclinic.net\/bg\/legal\/terms-of-use\/","title":{"rendered":"\u0423\u0441\u043b\u043e\u0432\u0438\u044f \u0437\u0430 \u043f\u043e\u043b\u0437\u0432\u0430\u043d\u0435"},"content":{"rendered":"<div data-elementor-type=\"wp-page\" data-elementor-id=\"6071\" class=\"elementor elementor-6071\" data-elementor-post-type=\"page\">\n\t\t\t\t<div class=\"elementor-element elementor-element-e2b269b e-flex e-con-boxed e-con e-parent\" data-id=\"e2b269b\" data-element_type=\"container\" data-e-type=\"container\" data-settings=\"{&quot;ekit_has_onepagescroll_dot&quot;:&quot;yes&quot;}\">\r\n\t\t\t\t\t<div class=\"e-con-inner\">\r\n\t\t<div class=\"elementor-element elementor-element-0ba340b e-con-full e-flex e-con e-child\" data-id=\"0ba340b\" data-element_type=\"container\" data-e-type=\"container\" data-settings=\"{&quot;ekit_has_onepagescroll_dot&quot;:&quot;yes&quot;}\">\r\n\t\t\t\t<div class=\"elementor-element elementor-element-2a9abe9 elementor-widget elementor-widget-elementskit-heading\" data-id=\"2a9abe9\" data-element_type=\"widget\" data-e-type=\"widget\" data-settings=\"{&quot;ekit_we_effect_on&quot;:&quot;none&quot;}\" data-widget_type=\"elementskit-heading.default\">\n\t\t\t\t<div class=\"elementor-widget-container\">\n\t\t\t\t\t<div class=\"ekit-wid-con\" ><div class=\"ekit-heading elementskit-section-title-wraper text_left   ekit_heading_tablet-   ekit_heading_mobile-\"><h1 class=\"ekit-heading--title elementskit-section-title\">\u0423\u0441\u043b\u043e\u0432\u0438\u044f \u0437\u0430 \u043f\u043e\u043b\u0437\u0432\u0430\u043d\u0435<\/h1><div class=\"ekit_heading_separetor_wraper ekit_heading_elementskit-border-divider ekit-dotted\"><div class=\"elementskit-border-divider ekit-dotted\"><\/div><\/div><\/div><\/div>\t\t\t\t<\/div>\n\t\t\t\t<\/div>\n\t\t\t\t<\/div>\n\t\t\t\t\t<\/div>\n\t\t\t\t<\/div>\n\t\t<div class=\"elementor-element elementor-element-43113d0 e-flex e-con-boxed e-con e-parent\" data-id=\"43113d0\" data-element_type=\"container\" data-e-type=\"container\" data-settings=\"{&quot;ekit_has_onepagescroll_dot&quot;:&quot;yes&quot;}\">\r\n\t\t\t\t\t<div class=\"e-con-inner\">\r\n\t\t<div class=\"elementor-element elementor-element-4aa5708 e-con-full e-flex e-con e-child\" data-id=\"4aa5708\" data-element_type=\"container\" data-e-type=\"container\" data-settings=\"{&quot;ekit_has_onepagescroll_dot&quot;:&quot;yes&quot;}\">\r\n\t\t\t\t<div class=\"elementor-element elementor-element-3e308e4 elementor-widget elementor-widget-text-editor\" data-id=\"3e308e4\" data-element_type=\"widget\" data-e-type=\"widget\" data-settings=\"{&quot;ekit_we_effect_on&quot;:&quot;none&quot;}\" data-widget_type=\"text-editor.default\">\n\t\t\t\t<div class=\"elementor-widget-container\">\n\t\t\t\t\t\t\t\t\t<h4>\u00a0<\/h4><h4>1. \u0412\u044a\u0432\u0435\u0434\u0435\u043d\u0438\u0435<\/h4><p>\u0412\u0441\u0435\u043a\u0438, \u043a\u043e\u0439\u0442\u043e \u043f\u043e\u0441\u0435\u0442\u0438 \u0442\u043e\u0437\u0438 \u0443\u0435\u0431\u0441\u0430\u0439\u0442 (vividclinic.net) \u0438\u043b\u0438 \u043f\u043e\u0438\u0441\u043a\u0430 \u0443\u0441\u043b\u0443\u0433\u0438, \u043f\u0440\u0435\u0434\u043b\u0430\u0433\u0430\u043d\u0438 \u043d\u0430 \u0442\u043e\u0437\u0438 \u0441\u0430\u0439\u0442, \u0441\u0435 \u0441\u044a\u0433\u043b\u0430\u0441\u044f\u0432\u0430 \u0441 \u0432\u0441\u0438\u0447\u043a\u0438 \u0443\u0441\u043b\u043e\u0432\u0438\u044f, \u043f\u043e\u0441\u043e\u0447\u0435\u043d\u0438 \u0432 \u043d\u0430\u0441\u0442\u043e\u044f\u0449\u0438\u0442\u0435 \u201c\u0423\u0441\u043b\u043e\u0432\u0438\u044f \u0437\u0430 \u043f\u043e\u043b\u0437\u0432\u0430\u043d\u0435\u201d. \u0421 \u0440\u0435\u0433\u0438\u0441\u0442\u0440\u0430\u0446\u0438\u044f\u0442\u0430 \u0441\u0438 \u0432\u044a\u0432 V\u0130V\u0130D SA\u011eLIK TUR\u0130ZM H\u0130ZMETLER\u0130 T\u0130CARET L\u0130M\u0130TED \u015e\u0130RKET\u0130 \u0438\u043b\u0438 \u0441 \u0438\u0441\u043a\u0430\u043d\u0435\u0442\u043e \u043d\u0430 \u043f\u0440\u0435\u0434\u043e\u0441\u0442\u0430\u0432\u044f\u043d\u0438\u0442\u0435 \u0443\u0441\u043b\u0443\u0433\u0438, \u0432\u0438\u0435 \u0441\u0435 \u0437\u0430\u0434\u044a\u043b\u0436\u0430\u0432\u0430\u0442\u0435 \u0434\u0430 \u0441\u043f\u0430\u0437\u0432\u0430\u0442\u0435 \u0443\u0441\u043b\u043e\u0432\u0438\u044f\u0442\u0430, \u043f\u043e\u0441\u043e\u0447\u0435\u043d\u0438 \u0432 \u043d\u0430\u0441\u0442\u043e\u044f\u0449\u0438\u0442\u0435 \u201c\u0423\u0441\u043b\u043e\u0432\u0438\u044f \u0437\u0430 \u043f\u043e\u043b\u0437\u0432\u0430\u043d\u0435\u201d, \u0438 \u0440\u0430\u0437\u043f\u043e\u0440\u0435\u0434\u0431\u0438\u0442\u0435 \u043d\u0430 \u201c\u0417\u0430\u0449\u0438\u0442\u0430 \u043d\u0430 \u043b\u0438\u0447\u043d\u0438\u0442\u0435 \u0434\u0430\u043d\u043d\u0438\u201d \u043d\u0430 V\u0130V\u0130D SA\u011eLIK TUR\u0130ZM H\u0130ZMETLER\u0130 T\u0130CARET L\u0130M\u0130TED \u015e\u0130RKET\u0130 \u0438 \u0434\u0440\u0443\u0433\u0438 \u0438\u043d\u0441\u0442\u0440\u0443\u043a\u0446\u0438\u0438 \u043d\u0430 \u0442\u043e\u0437\u0438 \u0441\u0430\u0439\u0442.<\/p><h4>2. \u0418\u0437\u043c\u0435\u043d\u0435\u043d\u0438\u044f<\/h4><p>V\u0130V\u0130D SA\u011eLIK TUR\u0130ZM H\u0130ZMETLER\u0130 T\u0130CARET L\u0130M\u0130TED \u015e\u0130RKET\u0130 \u0441\u0438 \u0437\u0430\u043f\u0430\u0437\u0432\u0430 \u043f\u0440\u0430\u0432\u043e\u0442\u043e \u0434\u0430 \u043f\u0440\u0430\u0432\u0438 \u043f\u0440\u043e\u043c\u0435\u043d\u0438 \u0432 \u201c\u0423\u0441\u043b\u043e\u0432\u0438\u044f\u0442\u0430 \u0437\u0430 \u043f\u043e\u043b\u0437\u0432\u0430\u043d\u0435\u201d, \u201c\u0417\u0430\u0449\u0438\u0442\u0430 \u043d\u0430 \u043b\u0438\u0447\u043d\u0438\u0442\u0435 \u0434\u0430\u043d\u043d\u0438\u201d \u0438 \u0434\u0440\u0443\u0433\u0438 \u0438\u043d\u0441\u0442\u0440\u0443\u043a\u0446\u0438\u0438 \u043d\u0430 \u0442\u043e\u0437\u0438 \u0441\u0430\u0439\u0442 \u043f\u043e \u0432\u0441\u044f\u043a\u043e \u0432\u0440\u0435\u043c\u0435. \u0422\u0435\u0437\u0438 \u043f\u0440\u043e\u043c\u0435\u043d\u0438 \u0449\u0435 \u0432\u043b\u044f\u0437\u0430\u0442 \u0432 \u0441\u0438\u043b\u0430 \u0438 \u0449\u0435 \u0431\u044a\u0434\u0430\u0442 \u043e\u0431\u0432\u044a\u0440\u0437\u0432\u0430\u0449\u0438 \u043e\u0442 \u0434\u0430\u0442\u0430\u0442\u0430 \u043d\u0430 \u043f\u0443\u0431\u043b\u0438\u043a\u0443\u0432\u0430\u043d\u0435\u0442\u043e \u0438\u043c \u043d\u0430 \u0442\u043e\u0437\u0438 \u0441\u0430\u0439\u0442. \u0412\u0430\u0448\u0430 \u043e\u0442\u0433\u043e\u0432\u043e\u0440\u043d\u043e\u0441\u0442 \u0435 \u0434\u0430 \u0441\u043b\u0435\u0434\u0438\u0442\u0435 \u0430\u043a\u0442\u0443\u0430\u043b\u0438\u0437\u0430\u0446\u0438\u0438\u0442\u0435 \u0438 \u043f\u0440\u043e\u043c\u0435\u043d\u0438\u0442\u0435 \u0438 V\u0130V\u0130D SA\u011eLIK TUR\u0130ZM H\u0130ZMETLER\u0130 T\u0130CARET L\u0130M\u0130TED \u015e\u0130RKET\u0130 \u043d\u044f\u043c\u0430 \u0437\u0430\u0434\u044a\u043b\u0436\u0435\u043d\u0438\u0435 \u0434\u0430 \u0432\u0438 \u0438\u043d\u0444\u043e\u0440\u043c\u0438\u0440\u0430 \u0437\u0430 \u0442\u0435\u0437\u0438 \u043f\u0440\u043e\u043c\u0435\u043d\u0438. \u0418\u0437\u043f\u043e\u043b\u0437\u0432\u0430\u0439\u043a\u0438 \u0443\u0441\u043b\u0443\u0433\u0438\u0442\u0435 \u043d\u0430 V\u0130V\u0130D SA\u011eLIK TUR\u0130ZM H\u0130ZMETLER\u0130 T\u0130CARET L\u0130M\u0130TED \u015e\u0130RKET\u0130, \u0441\u0435 \u0441\u0447\u0438\u0442\u0430, \u0447\u0435 \u0441\u0442\u0435 \u043f\u0440\u0438\u0435\u043b\u0438 \u0442\u0435\u0437\u0438 \u043f\u0440\u043e\u043c\u0435\u043d\u0438.<\/p><h4>3. \u0412\u0440\u044a\u0437\u043a\u0438<\/h4><p>\u0412\u0440\u044a\u0437\u043a\u0438\u0442\u0435 \u043a\u044a\u043c \u0443\u0435\u0431\u0441\u0430\u0439\u0442\u0430 \u043d\u0430 V\u0130V\u0130D SA\u011eLIK TUR\u0130ZM H\u0130ZMETLER\u0130 T\u0130CARET L\u0130M\u0130TED \u015e\u0130RKET\u0130 \u043c\u043e\u0436\u0435 \u0434\u0430 \u0432\u0438 \u043e\u0442\u0432\u0435\u0434\u0430\u0442 \u0438\u0437\u0432\u044a\u043d \u0441\u0430\u0439\u0442\u0430, \u0430 V\u0130V\u0130D SA\u011eLIK TUR\u0130ZM H\u0130ZMETLER\u0130 T\u0130CARET L\u0130M\u0130TED \u015e\u0130RKET\u0130 \u043d\u0435 \u0435 \u043e\u0442\u0433\u043e\u0432\u043e\u0440\u0435\u043d \u0437\u0430 \u0441\u044a\u0434\u044a\u0440\u0436\u0430\u043d\u0438\u0435\u0442\u043e, \u0442\u043e\u0447\u043d\u043e\u0441\u0442\u0442\u0430 \u0438\u043b\u0438 \u0444\u0443\u043d\u043a\u0446\u0438\u043e\u043d\u0438\u0440\u0430\u043d\u0435\u0442\u043e \u043d\u0430 \u0442\u0435\u0437\u0438 \u0441\u0430\u0439\u0442\u043e\u0432\u0435. \u0422\u0435\u0437\u0438 \u0432\u0440\u044a\u0437\u043a\u0438 \u0441\u0435 \u043f\u0440\u0435\u0434\u043e\u0441\u0442\u0430\u0432\u044f\u0442 \u0434\u043e\u0431\u0440\u043e\u0441\u044a\u0432\u0435\u0441\u0442\u043d\u043e \u0438 V\u0130V\u0130D SA\u011eLIK TUR\u0130ZM H\u0130ZMETLER\u0130 T\u0130CARET L\u0130M\u0130TED \u015e\u0130RKET\u0130 \u043d\u0435 \u043d\u043e\u0441\u0438 \u043e\u0442\u0433\u043e\u0432\u043e\u0440\u043d\u043e\u0441\u0442 \u0437\u0430 \u043f\u0440\u043e\u043c\u0435\u043d\u0438, \u043a\u043e\u0438\u0442\u043e \u043c\u043e\u0433\u0430\u0442 \u0434\u0430 \u043d\u0430\u0441\u0442\u044a\u043f\u044f\u0442 \u043d\u0430 \u0441\u0432\u044a\u0440\u0437\u0430\u043d\u0438\u0442\u0435 \u0441\u0430\u0439\u0442\u043e\u0432\u0435. \u201eV\u0130V\u0130D SA\u011eLIK TUR\u0130ZM H\u0130ZMETLER\u0130 T\u0130CARET L\u0130M\u0130TED \u015e\u0130RKET\u0130\u201c, \u043d\u0435\u0439\u043d\u0438\u0442\u0435 \u0444\u0438\u043b\u0438\u0430\u043b\u0438 \u0438\u043b\u0438 \u0442\u0440\u0435\u0442\u0438 \u0441\u0442\u0440\u0430\u043d\u0438, \u0443\u0447\u0430\u0441\u0442\u0432\u0430\u0449\u0438 \u0432 \u0441\u044a\u0437\u0434\u0430\u0432\u0430\u043d\u0435\u0442\u043e, \u043f\u0440\u043e\u0438\u0437\u0432\u043e\u0434\u0441\u0442\u0432\u043e\u0442\u043e \u0438\u043b\u0438 \u043f\u0440\u0435\u0434\u0430\u0432\u0430\u043d\u0435\u0442\u043e \u043d\u0430 \u0442\u043e\u0437\u0438 \u0441\u0430\u0439\u0442, \u043d\u0435 \u043c\u043e\u0433\u0430\u0442 \u0434\u0430 \u0431\u044a\u0434\u0430\u0442 \u0434\u044a\u0440\u0436\u0430\u043d\u0438 \u043e\u0442\u0433\u043e\u0432\u043e\u0440\u043d\u0438 \u0437\u0430 \u043a\u0430\u043a\u0432\u0438\u0442\u043e \u0438 \u0434\u0430 \u0435 \u043f\u0440\u0435\u043a\u0438, \u043a\u043e\u0441\u0432\u0435\u043d\u0438 \u0438\u043b\u0438 \u043d\u0430\u043a\u0430\u0437\u0430\u0442\u0435\u043b\u043d\u0438 \u0449\u0435\u0442\u0438, \u0437\u0430\u0433\u0443\u0431\u0438 \u0438\u043b\u0438 \u0437\u0430\u0434\u044a\u043b\u0436\u0435\u043d\u0438\u044f, \u043f\u0440\u043e\u0438\u0437\u0442\u0438\u0447\u0430\u0449\u0438 \u043e\u0442 \u0434\u043e\u0441\u0442\u044a\u043f\u0430 \u0438\u043b\u0438 \u0438\u0437\u043f\u043e\u043b\u0437\u0432\u0430\u043d\u0435\u0442\u043e \u043d\u0430 \u0442\u043e\u0437\u0438 \u0441\u0430\u0439\u0442.<\/p><h4>4. \u041f\u043e\u0442\u0440\u0435\u0431\u0438\u0442\u0435\u043b\u0438<\/h4><p>\u0412\u0441\u0438\u0447\u043a\u0438 \u0444\u0438\u0437\u0438\u0447\u0435\u0441\u043a\u0438 \u0438 \u044e\u0440\u0438\u0434\u0438\u0447\u0435\u0441\u043a\u0438 \u043b\u0438\u0446\u0430, \u0434\u0435\u0435\u0441\u043f\u043e\u0441\u043e\u0431\u043d\u0438 \u0434\u0430 \u0443\u043f\u0440\u0430\u0436\u043d\u044f\u0432\u0430\u0442 \u0433\u0440\u0430\u0436\u0434\u0430\u043d\u0441\u043a\u0438 \u043f\u0440\u0430\u0432\u0430, \u043c\u043e\u0433\u0430\u0442 \u0434\u0430 \u0441\u0435 \u0432\u044a\u0437\u043f\u043e\u043b\u0437\u0432\u0430\u0442 \u043e\u0442 \u0443\u0441\u043b\u0443\u0433\u0438\u0442\u0435 \u043d\u0430 V\u0130V\u0130D SA\u011eLIK TUR\u0130ZM H\u0130ZMETLER\u0130 T\u0130CARET L\u0130M\u0130TED \u015e\u0130RKET\u0130. \u041d\u0435\u043f\u044a\u043b\u043d\u043e\u043b\u0435\u0442\u043d\u0438 \u043f\u043e\u0434 18-\u0433\u043e\u0434\u0438\u0448\u043d\u0430 \u0432\u044a\u0437\u0440\u0430\u0441\u0442, \u043b\u0438\u0446\u0430 \u0441 \u043e\u0433\u0440\u0430\u043d\u0438\u0447\u0435\u043d\u0430 \u0434\u0435\u0435\u0441\u043f\u043e\u0441\u043e\u0431\u043d\u043e\u0441\u0442 \u0438 \u043b\u0438\u0446\u0430, \u043a\u043e\u0438\u0442\u043e \u043d\u044f\u043c\u0430\u0442 \u0434\u0435\u0435\u0441\u043f\u043e\u0441\u043e\u0431\u043d\u043e\u0441\u0442 \u0434\u0430 \u0443\u043f\u0440\u0430\u0436\u043d\u044f\u0432\u0430\u0442 \u0437\u0430\u043a\u043e\u043d\u043d\u0438 \u043f\u0440\u0430\u0432\u0430, \u043c\u043e\u0433\u0430\u0442 \u0434\u0430 \u0438\u0437\u0432\u044a\u0440\u0448\u0432\u0430\u0442 \u0441\u0434\u0435\u043b\u043a\u0438 \u0441\u0430\u043c\u043e \u0441\u044a\u0441 \u0441\u0432\u043e\u0438\u0442\u0435 \u0437\u0430\u043a\u043e\u043d\u043d\u0438 \u043d\u0430\u0441\u0442\u043e\u0439\u043d\u0438\u0446\u0438 \u0438\u043b\u0438 \u043f\u0440\u0435\u0434\u0441\u0442\u0430\u0432\u0438\u0442\u0435\u043b\u0438.<\/p><h4>5. \u041f\u0440\u0430\u0432\u0430 \u0432\u044a\u0440\u0445\u0443 \u0438\u043d\u0442\u0435\u043b\u0435\u043a\u0442\u0443\u0430\u043b\u043d\u0430 \u0441\u043e\u0431\u0441\u0442\u0432\u0435\u043d\u043e\u0441\u0442<\/h4><p>\u0412\u0441\u0438\u0447\u043a\u0438 \u043f\u0440\u0430\u0432\u0430 \u0432\u044a\u0440\u0445\u0443 \u0438\u043d\u0442\u0435\u043b\u0435\u043a\u0442\u0443\u0430\u043b\u043d\u0430 \u0441\u043e\u0431\u0441\u0442\u0432\u0435\u043d\u043e\u0441\u0442, \u043a\u0430\u0442\u043e \u043d\u0430\u043f\u0440\u0438\u043c\u0435\u0440 \u0437\u0430\u0433\u043b\u0430\u0432\u0438\u044f, \u0444\u0438\u0440\u043c\u0435\u043d\u0438 \u0438\u043c\u0435\u043d\u0430, \u043c\u0430\u0440\u043a\u0438, \u043f\u0430\u0442\u0435\u043d\u0442\u0438, \u043b\u043e\u0433\u0430, \u0434\u0438\u0437\u0430\u0439\u043d\u0438, \u0438\u043d\u0444\u043e\u0440\u043c\u0430\u0446\u0438\u044f \u0438 \u043c\u0435\u0442\u043e\u0434\u0438 \u043d\u0430 \u0442\u043e\u0437\u0438 \u0441\u0430\u0439\u0442, \u043d\u0435\u0437\u0430\u0432\u0438\u0441\u0438\u043c\u043e \u0434\u0430\u043b\u0438 \u0441\u0430 \u0440\u0435\u0433\u0438\u0441\u0442\u0440\u0438\u0440\u0430\u043d\u0438 \u0438\u043b\u0438 \u043d\u0435\u0440\u0435\u0433\u0438\u0441\u0442\u0440\u0438\u0440\u0430\u043d\u0438, \u043f\u0440\u0438\u043d\u0430\u0434\u043b\u0435\u0436\u0430\u0442 \u043d\u0430 V\u0130V\u0130D SA\u011eLIK TUR\u0130ZM H\u0130ZMETLER\u0130 T\u0130CARET L\u0130M\u0130TED \u015e\u0130RKET\u0130 \u0438\u043b\u0438 \u043f\u043e\u0441\u043e\u0447\u0435\u043d\u0438\u044f \u0441\u043e\u0431\u0441\u0442\u0432\u0435\u043d\u0438\u043a \u0438 \u0441\u0430 \u0437\u0430\u0449\u0438\u0442\u0435\u043d\u0438 \u043e\u0442 \u043d\u0430\u0446\u0438\u043e\u043d\u0430\u043b\u043d\u043e\u0442\u043e \u0438 \u043c\u0435\u0436\u0434\u0443\u043d\u0430\u0440\u043e\u0434\u043d\u043e\u0442\u043e \u0437\u0430\u043a\u043e\u043d\u043e\u0434\u0430\u0442\u0435\u043b\u0441\u0442\u0432\u043e. \u041f\u043e\u0441\u0435\u0449\u0435\u043d\u0438\u0435\u0442\u043e \u043d\u0430 \u0442\u043e\u0437\u0438 \u0441\u0430\u0439\u0442 \u0438\u043b\u0438 \u043f\u043e\u043b\u0437\u0432\u0430\u043d\u0435\u0442\u043e \u043d\u0430 \u0443\u0441\u043b\u0443\u0433\u0438\u0442\u0435 \u043d\u0430 \u0442\u043e\u0437\u0438 \u0441\u0430\u0439\u0442 \u043d\u0435 \u0432\u0438 \u043f\u0440\u0435\u0434\u043e\u0441\u0442\u0430\u0432\u044f \u043d\u0438\u043a\u0430\u043a\u0432\u0438 \u043f\u0440\u0430\u0432\u0430 \u043f\u043e \u043e\u0442\u043d\u043e\u0448\u0435\u043d\u0438\u0435 \u043d\u0430 \u0441\u043f\u043e\u043c\u0435\u043d\u0430\u0442\u0438\u0442\u0435 \u043f\u0440\u0430\u0432\u0430 \u0432\u044a\u0440\u0445\u0443 \u0438\u043d\u0442\u0435\u043b\u0435\u043a\u0442\u0443\u0430\u043b\u043d\u0430 \u0441\u043e\u0431\u0441\u0442\u0432\u0435\u043d\u043e\u0441\u0442. \u0421 \u043f\u043e\u0441\u0435\u0449\u0435\u043d\u0438\u0435\u0442\u043e \u0438\u043b\u0438 \u0438\u0437\u043f\u043e\u043b\u0437\u0432\u0430\u043d\u0435\u0442\u043e \u043d\u0430 \u0442\u043e\u0437\u0438 \u0441\u0430\u0439\u0442 \u0432\u0438\u0435 \u0441\u0435 \u0441\u044a\u0433\u043b\u0430\u0441\u044f\u0432\u0430\u0442\u0435 \u0434\u0430 \u043d\u0435 \u043d\u0430\u0440\u0443\u0448\u0430\u0432\u0430\u0442\u0435 \u0442\u0435\u0437\u0438 \u043f\u0440\u0430\u0432\u0430 \u0432\u044a\u0440\u0445\u0443 \u0438\u043d\u0442\u0435\u043b\u0435\u043a\u0442\u0443\u0430\u043b\u043d\u0430 \u0441\u043e\u0431\u0441\u0442\u0432\u0435\u043d\u043e\u0441\u0442.<\/p><h4>6. \u0417\u0430\u043a\u043e\u043d\u043d\u0430 \u0443\u043f\u043e\u0442\u0440\u0435\u0431\u0430<\/h4><p>\u041d\u0430\u0448\u0438\u044f\u0442 \u0443\u0435\u0431\u0441\u0430\u0439\u0442 \u043c\u043e\u0436\u0435 \u0434\u0430 \u0441\u0435 \u0438\u0437\u043f\u043e\u043b\u0437\u0432\u0430 \u0441\u0430\u043c\u043e \u0437\u0430 \u0437\u0430\u043a\u043e\u043d\u043d\u0438 \u0446\u0435\u043b\u0438 \u0438 \u0432 \u0441\u044a\u043e\u0442\u0432\u0435\u0442\u0441\u0442\u0432\u0438\u0435 \u0441\u044a\u0441 \u0437\u0430\u043a\u043e\u043d\u0430. \u0421 \u0438\u0437\u043f\u043e\u043b\u0437\u0432\u0430\u043d\u0435\u0442\u043e \u043d\u0430 \u0442\u043e\u0437\u0438 \u0441\u0430\u0439\u0442 \u0432\u0438\u0435 \u0441\u0435 \u0437\u0430\u0434\u044a\u043b\u0436\u0430\u0432\u0430\u0442\u0435 \u0434\u0430 \u0434\u0435\u0439\u0441\u0442\u0432\u0430\u0442\u0435 \u0437\u0430\u043a\u043e\u043d\u043d\u043e. \u0414\u0435\u0439\u0441\u0442\u0432\u0438\u044f \u043a\u0430\u0442\u043e \u0434\u0430\u0432\u0430\u043d\u0435 \u043d\u0430 \u043d\u0435\u0432\u0435\u0440\u043d\u0438 \u0442\u0432\u044a\u0440\u0434\u0435\u043d\u0438\u044f \u0441 \u0446\u0435\u043b \u043f\u043e\u043b\u0443\u0447\u0430\u0432\u0430\u043d\u0435 \u043d\u0430 \u043d\u0435\u0441\u043f\u0440\u0430\u0432\u0435\u0434\u043b\u0438\u0432\u043e \u043f\u0440\u0435\u0434\u0438\u043c\u0441\u0442\u0432\u043e, \u0443\u043a\u0440\u0438\u0432\u0430\u043d\u0435 \u043d\u0430 \u0441\u044a\u0449\u0435\u0441\u0442\u0432\u0443\u0432\u0430\u0449\u0438 \u0449\u0435\u0442\u0438, \u0437\u0430 \u0434\u0430 \u0441\u0435 \u043f\u0440\u0435\u0434\u044f\u0432\u044f\u0442 \u0438\u0441\u043a \u0437\u0430 \u0442\u044f\u0445 \u043f\u043e-\u043a\u044a\u0441\u043d\u043e, \u0438\u0437\u043f\u043e\u043b\u0437\u0432\u0430\u043d\u0435 \u043d\u0430 \u0444\u0430\u043b\u0448\u0438\u0432\u0438 \u0438\u043c\u0435\u043d\u0430 \u0438 \u043a\u0440\u0435\u0434\u0438\u0442\u043d\u0438 \u043a\u0430\u0440\u0442\u0438 \u0438 \u0434\u0440., \u0432\u043e\u0434\u044f\u0442 \u0434\u043e \u043d\u0430\u043a\u0430\u0437\u0430\u0442\u0435\u043b\u043d\u0430 \u043e\u0442\u0433\u043e\u0432\u043e\u0440\u043d\u043e\u0441\u0442. V\u0130V\u0130D SA\u011eLIK TUR\u0130ZM H\u0130ZMETLER\u0130 T\u0130CARET L\u0130M\u0130TED \u015e\u0130RKET\u0130 \u0435 \u0443\u043f\u044a\u043b\u043d\u043e\u043c\u043e\u0449\u0435\u043d\u0430 \u0434\u0430 \u043f\u0440\u0435\u0434\u043f\u0440\u0438\u0435\u043c\u0430 \u043c\u0435\u0440\u043a\u0438 \u043a\u0430\u0442\u043e \u0431\u043b\u043e\u043a\u0438\u0440\u0430\u043d\u0435 \u043d\u0430 \u0434\u043e\u0441\u0442\u044a\u043f\u0430 \u0434\u043e \u0441\u0430\u0439\u0442\u0430 \u0438\u043b\u0438 \u043f\u043e\u0434\u0430\u0432\u0430\u043d\u0435 \u043d\u0430 \u0436\u0430\u043b\u0431\u0438, \u0437\u0430 \u0434\u0430 \u043f\u0440\u0435\u0434\u043e\u0442\u0432\u0440\u0430\u0442\u0438 \u043f\u043e\u0434\u043e\u0431\u043d\u0438 \u0441\u0438\u0442\u0443\u0430\u0446\u0438\u0438. V\u0130V\u0130D SA\u011eLIK TUR\u0130ZM H\u0130ZMETLER\u0130 T\u0130CARET L\u0130M\u0130TED \u015e\u0130RKET\u0130 \u0435 \u0441\u0432\u043e\u0431\u043e\u0434\u043d\u0430 \u0434\u0430 \u043f\u0440\u0438\u0435\u043c\u0435 \u0438\u043b\u0438 \u043e\u0442\u043a\u0430\u0436\u0435 \u043f\u0440\u0435\u0434\u043e\u0441\u0442\u0430\u0432\u044f\u043d\u0435\u0442\u043e \u043d\u0430 \u0432\u0441\u044f\u043a\u0430 \u043f\u043e\u0438\u0441\u043a\u0430\u043d\u0430 \u0443\u0441\u043b\u0443\u0433\u0430.<\/p><h4>7. \u0420\u0430\u0437\u0440\u0435\u0448\u0430\u0432\u0430\u043d\u0435 \u043d\u0430 \u0441\u043f\u043e\u0440\u043e\u0432\u0435<\/h4><p>\u0412 \u0441\u043b\u0443\u0447\u0430\u0439 \u043d\u0430 \u0441\u043f\u043e\u0440, \u043f\u0440\u043e\u0438\u0437\u0442\u0438\u0447\u0430\u0449 \u043e\u0442 \u0443\u0441\u043b\u0443\u0433\u0438\u0442\u0435, \u043a\u043e\u0438\u0442\u043e \u043f\u043e\u043b\u0443\u0447\u0430\u0432\u0430\u0442\u0435 \u0447\u0440\u0435\u0437 \u043d\u0430\u0448\u0438\u044f \u0443\u0435\u0431\u0441\u0430\u0439\u0442, \u0449\u0435 \u0441\u0435 \u043f\u0440\u0438\u043b\u0430\u0433\u0430 \u0442\u0443\u0440\u0441\u043a\u043e\u0442\u043e \u0437\u0430\u043a\u043e\u043d\u043e\u0434\u0430\u0442\u0435\u043b\u0441\u0442\u0432\u043e, \u0430 \u043a\u043e\u043c\u043f\u0435\u0442\u0435\u043d\u0442\u043d\u0438 \u0449\u0435 \u0431\u044a\u0434\u0430\u0442 \u0441\u044a\u0434\u0438\u043b\u0438\u0449\u0430\u0442\u0430 \u0438 \u0438\u0437\u043f\u044a\u043b\u043d\u0438\u0442\u0435\u043b\u043d\u0438\u0442\u0435 \u0441\u043b\u0443\u0436\u0431\u0438 \u043d\u0430 \u0418\u0441\u0442\u0430\u043d\u0431\u0443\u043b \u0411\u0430\u043a\u044a\u0440\u043a\u044c\u043e\u0439.<\/p><h4>8. \u0410\u0432\u0442\u043e\u0440\u0441\u043a\u043e \u043f\u0440\u0430\u0432\u043e<\/h4><p>\u0410\u0432\u0442\u043e\u0440\u0441\u043a\u0438\u0442\u0435 \u043f\u0440\u0430\u0432\u0430 \u043d\u0430 \u0442\u043e\u0437\u0438 \u0441\u0430\u0439\u0442 \u043f\u0440\u0438\u043d\u0430\u0434\u043b\u0435\u0436\u0430\u0442 \u043d\u0430 <a href=\"https:\/\/vividclinic.net\/bg\/\">\u042f\u0420\u042a\u041a<\/a> SA\u011eLIK TUR\u0130ZM H\u0130ZMETLER\u0130 T\u0130CARET L\u0130M\u0130TED \u015e\u0130RKET\u0130. \u0412\u0441\u0438\u0447\u043a\u0438 \u043f\u0440\u0430\u0432\u0430 \u0441\u0430 \u0437\u0430\u043f\u0430\u0437\u0435\u043d\u0438. \u0422\u0435\u043a\u0441\u0442\u043e\u0432\u0435, \u0438\u0437\u043e\u0431\u0440\u0430\u0436\u0435\u043d\u0438\u044f, \u0430\u0443\u0434\u0438\u043e, \u0430\u043d\u0438\u043c\u0430\u0446\u0438\u044f \u0438 \u0432\u0438\u0434\u0435\u043e \u0444\u0430\u0439\u043b\u043e\u0432\u0435, \u043a\u0430\u043a\u0442\u043e \u0438 \u0434\u0438\u0437\u0430\u0439\u043d\u0438, \u043f\u0443\u0431\u043b\u0438\u043a\u0443\u0432\u0430\u043d\u0438 \u043d\u0430 \u0442\u043e\u0437\u0438 \u0441\u0430\u0439\u0442, \u0441\u0430 \u0437\u0430\u0449\u0438\u0442\u0435\u043d\u0438 \u043e\u0442 \u0417\u0430\u043a\u043e\u043d \u2116 5846 \u0438 \u0441\u0432\u044a\u0440\u0437\u0430\u043d\u043e\u0442\u043e \u0441 \u043d\u0435\u0433\u043e \u0437\u0430\u043a\u043e\u043d\u043e\u0434\u0430\u0442\u0435\u043b\u0441\u0442\u0432\u043e. \u0412\u0441\u0438\u0447\u043a\u0438 \u0435\u043b\u0435\u043c\u0435\u043d\u0442\u0438 \u043d\u0435 \u043c\u043e\u0433\u0430\u0442 \u0434\u0430 \u0431\u044a\u0434\u0430\u0442 \u043a\u043e\u043f\u0438\u0440\u0430\u043d\u0438, \u0438\u0437\u043f\u043e\u043b\u0437\u0432\u0430\u043d\u0438 \u0438\u043b\u0438 \u043f\u0443\u0431\u043b\u0438\u043a\u0443\u0432\u0430\u043d\u0438 \u043d\u0430 \u0434\u0440\u0443\u0433\u0438 \u0441\u0430\u0439\u0442\u043e\u0432\u0435 \u0437\u0430 \u0442\u044a\u0440\u0433\u043e\u0432\u0441\u043a\u0438 \u0446\u0435\u043b\u0438.<\/p>\t\t\t\t\t\t\t\t<\/div>\n\t\t\t\t<\/div>\n\t\t\t\t<\/div>\n\t\t\t\t\t<\/div>\n\t\t\t\t<\/div>\n\t\t\t\t<\/div>","protected":false},"excerpt":{"rendered":"<p>Terms of Use \u00a0 1. Introduction Anyone who visits this website (vividclinic.net) or requests services offered on this site agrees to all the terms and conditions stated in these \u201cTerms of Use.\u201d By registering with V\u0130V\u0130D SA\u011eLIK TUR\u0130ZM H\u0130ZMETLER\u0130 T\u0130CARET L\u0130M\u0130TED \u015e\u0130RKET\u0130 or requesting the services provided, you commit to complying with the terms and [&hellip;]<\/p>\n","protected":false},"author":1,"featured_media":0,"parent":6112,"menu_order":0,"comment_status":"closed","ping_status":"open","template":"","meta":{"footnotes":""},"class_list":["post-6071","page","type-page","status-publish","hentry"],"_links":{"self":[{"href":"https:\/\/vividclinic.net\/bg\/wp-json\/wp\/v2\/pages\/6071","targetHints":{"allow":["GET"]}}],"collection":[{"href":"https:\/\/vividclinic.net\/bg\/wp-json\/wp\/v2\/pages"}],"about":[{"href":"https:\/\/vividclinic.net\/bg\/wp-json\/wp\/v2\/types\/page"}],"author":[{"embeddable":true,"href":"https:\/\/vividclinic.net\/bg\/wp-json\/wp\/v2\/users\/1"}],"replies":[{"embeddable":true,"href":"https:\/\/vividclinic.net\/bg\/wp-json\/wp\/v2\/comments?post=6071"}],"version-history":[{"count":0,"href":"https:\/\/vividclinic.net\/bg\/wp-json\/wp\/v2\/pages\/6071\/revisions"}],"up":[{"embeddable":true,"href":"https:\/\/vividclinic.net\/bg\/wp-json\/wp\/v2\/pages\/6112"}],"wp:attachment":[{"href":"https:\/\/vividclinic.net\/bg\/wp-json\/wp\/v2\/media?parent=6071"}],"curies":[{"name":"\u0440\u0430\u0431\u043e\u0442\u043d\u0430 \u0441\u0440\u0435\u0449\u0430","href":"https:\/\/api.w.org\/{rel}","templated":true}]}}