{"id":6107,"date":"2024-08-12T14:22:02","date_gmt":"2024-08-12T11:22:02","guid":{"rendered":"https:\/\/vividclinic.net\/?page_id=6107"},"modified":"2024-09-05T16:46:03","modified_gmt":"2024-09-05T13:46:03","slug":"consent-for-commercial-electronic-messages","status":"publish","type":"page","link":"https:\/\/vividclinic.net\/bg\/legal\/consent-for-commercial-electronic-messages\/","title":{"rendered":"\u0421\u044a\u0433\u043b\u0430\u0441\u0438\u0435 \u0437\u0430 \u0442\u044a\u0440\u0433\u043e\u0432\u0441\u043a\u0438 \u0435\u043b\u0435\u043a\u0442\u0440\u043e\u043d\u043d\u0438 \u0441\u044a\u043e\u0431\u0449\u0435\u043d\u0438\u044f"},"content":{"rendered":"<div data-elementor-type=\"wp-page\" data-elementor-id=\"6107\" class=\"elementor elementor-6107\" data-elementor-post-type=\"page\">\n\t\t\t\t<div class=\"elementor-element elementor-element-29143ac e-flex e-con-boxed e-con e-parent\" data-id=\"29143ac\" data-element_type=\"container\" data-e-type=\"container\" data-settings=\"{&quot;ekit_has_onepagescroll_dot&quot;:&quot;yes&quot;}\">\r\n\t\t\t\t\t<div class=\"e-con-inner\">\r\n\t\t<div class=\"elementor-element elementor-element-f69d199 e-con-full e-flex e-con e-child\" data-id=\"f69d199\" data-element_type=\"container\" data-e-type=\"container\" data-settings=\"{&quot;ekit_has_onepagescroll_dot&quot;:&quot;yes&quot;}\">\r\n\t\t\t\t<div class=\"elementor-element elementor-element-b39f70d elementor-widget elementor-widget-elementskit-heading\" data-id=\"b39f70d\" data-element_type=\"widget\" data-e-type=\"widget\" data-settings=\"{&quot;ekit_we_effect_on&quot;:&quot;none&quot;}\" data-widget_type=\"elementskit-heading.default\">\n\t\t\t\t<div class=\"elementor-widget-container\">\n\t\t\t\t\t<div class=\"ekit-wid-con\" ><div class=\"ekit-heading elementskit-section-title-wraper text_left   ekit_heading_tablet-   ekit_heading_mobile-\"><h1 class=\"ekit-heading--title elementskit-section-title\">\u0421\u044a\u0433\u043b\u0430\u0441\u0438\u0435 \u0437\u0430 \u0442\u044a\u0440\u0433\u043e\u0432\u0441\u043a\u0438 \u0435\u043b\u0435\u043a\u0442\u0440\u043e\u043d\u043d\u0438 \u0441\u044a\u043e\u0431\u0449\u0435\u043d\u0438\u044f<\/h1><div class=\"ekit_heading_separetor_wraper ekit_heading_elementskit-border-divider ekit-dotted\"><div class=\"elementskit-border-divider ekit-dotted\"><\/div><\/div><\/div><\/div>\t\t\t\t<\/div>\n\t\t\t\t<\/div>\n\t\t\t\t<\/div>\n\t\t\t\t\t<\/div>\n\t\t\t\t<\/div>\n\t\t<div class=\"elementor-element elementor-element-c3502d3 e-flex e-con-boxed e-con e-parent\" data-id=\"c3502d3\" data-element_type=\"container\" data-e-type=\"container\" data-settings=\"{&quot;ekit_has_onepagescroll_dot&quot;:&quot;yes&quot;}\">\r\n\t\t\t\t\t<div class=\"e-con-inner\">\r\n\t\t<div class=\"elementor-element elementor-element-d69b631 e-con-full e-flex e-con e-child\" data-id=\"d69b631\" data-element_type=\"container\" data-e-type=\"container\" data-settings=\"{&quot;ekit_has_onepagescroll_dot&quot;:&quot;yes&quot;}\">\r\n\t\t\t\t<div class=\"elementor-element elementor-element-e2e77ef elementor-widget elementor-widget-text-editor\" data-id=\"e2e77ef\" data-element_type=\"widget\" data-e-type=\"widget\" data-settings=\"{&quot;ekit_we_effect_on&quot;:&quot;none&quot;}\" data-widget_type=\"text-editor.default\">\n\t\t\t\t<div class=\"elementor-widget-container\">\n\t\t\t\t\t\t\t\t\t<h3><span style=\"color: var(--porto-h2-color,var(--porto-heading-color)); letter-spacing: var(--porto-h2-ls,-0.05em); text-align: var(--text-align);\">\u0418\u043d\u0444\u043e\u0440\u043c\u0430\u0446\u0438\u044f \u0437\u0430 \u0441\u044a\u0433\u043b\u0430\u0441\u0438\u0435 \u0437\u0430 \u0442\u044a\u0440\u0433\u043e\u0432\u0441\u043a\u043e \u0435\u043b\u0435\u043a\u0442\u0440\u043e\u043d\u043d\u043e \u0441\u044a\u043e\u0431\u0449\u0435\u043d\u0438\u0435<\/span><\/h3><p>\u0421\u044a\u0433\u043b\u0430\u0441\u043d\u043e \u0417\u0430\u043a\u043e\u043d \u2116 6698 \u0437\u0430 \u0437\u0430\u0449\u0438\u0442\u0430 \u043d\u0430 \u043b\u0438\u0447\u043d\u0438\u0442\u0435 \u0434\u0430\u043d\u043d\u0438 \u0438 \u0417\u0430\u043a\u043e\u043d \u2116 6563 \u0437\u0430 \u0440\u0435\u0433\u0443\u043b\u0438\u0440\u0430\u043d\u0435 \u043d\u0430 \u0435\u043b\u0435\u043a\u0442\u0440\u043e\u043d\u043d\u0430\u0442\u0430 \u0442\u044a\u0440\u0433\u043e\u0432\u0438\u044f, <a href=\"https:\/\/vividclinic.net\/bg\/\">\u042f\u0420\u042a\u041a<\/a> \u201eSA\u011eLIK TUR\u0130ZM H\u0130ZMETLER\u0130 T\u0130CARET LIM\u0130TED \u015e\u0130RKET\u0130\u201c \u0449\u0435 \u043e\u0431\u0440\u0430\u0431\u043e\u0442\u0432\u0430 \u0432\u0430\u0448\u0438\u0442\u0435 \u043b\u0438\u0447\u043d\u0438 \u0434\u0430\u043d\u043d\u0438 \u0441 \u0432\u0430\u0448\u0435\u0442\u043e \u0441\u044a\u0433\u043b\u0430\u0441\u0438\u0435 \u0437\u0430 \u0432\u0441\u0438\u0447\u043a\u0438 \u0432\u0438\u0434\u043e\u0432\u0435 \u043c\u0430\u0440\u043a\u0435\u0442\u0438\u043d\u0433\u043e\u0432\u0438 \u0434\u0435\u0439\u043d\u043e\u0441\u0442\u0438, \u043a\u0430\u043c\u043f\u0430\u043d\u0438\u0438, \u0440\u0435\u043a\u043b\u0430\u043c\u0438, \u0441\u0442\u0430\u0440\u0442\u0438\u0440\u0430\u043d\u0438\u044f, \u0430\u043d\u043a\u0435\u0442\u0438, \u043b\u043e\u0442\u0430\u0440\u0438\u0438, \u043e\u0442\u0441\u0442\u044a\u043f\u043a\u0438, \u043f\u0440\u043e\u043c\u043e\u0446\u0438\u0438, \u0441\u043f\u0435\u0446\u0438\u0430\u043b\u043d\u0438 \u043e\u0444\u0435\u0440\u0442\u0438, \u043f\u0440\u043e\u043c\u043e\u0446\u0438\u0438, \u043e\u0442\u043a\u0440\u0438\u0432\u0430\u043d\u0438\u044f, \u043f\u043e\u043a\u0430\u043d\u0438, \u0441\u044a\u0431\u0438\u0442\u0438\u044f \u0438 \u043a\u043e\u043c\u0443\u043d\u0438\u043a\u0430\u0446\u0438\u043e\u043d\u043d\u0438 \u0434\u0435\u0439\u043d\u043e\u0441\u0442\u0438, \u0441\u0432\u044a\u0440\u0437\u0430\u043d\u0438 \u0441 \u0432\u0430\u0441 \u0438\/\u0438\u043b\u0438 \u043b\u0438\u0446\u0430\u0442\u0430 \u043f\u043e\u0434 \u0432\u0430\u0448\u0435 \u043d\u0430\u0441\u0442\u043e\u0439\u043d\u0438\u0447\u0435\u0441\u0442\u0432\u043e. \u0412\u0430\u0448\u0438\u0442\u0435 \u043b\u0438\u0447\u043d\u0438 \u0434\u0430\u043d\u043d\u0438 \u0449\u0435 \u0431\u044a\u0434\u0430\u0442 \u0441\u043f\u043e\u0434\u0435\u043b\u0435\u043d\u0438 \u0441 \u0434\u043e\u0441\u0442\u0430\u0432\u0447\u0438\u0446\u0438\u0442\u0435 \u043d\u0430 \u0443\u0441\u043b\u0443\u0433\u0438, \u0441 \u043a\u043e\u0438\u0442\u043e \u0440\u0430\u0431\u043e\u0442\u0438\u043c, \u0437\u0430 \u0434\u0430 \u0438\u0437\u043f\u0440\u0430\u0449\u0430\u043c\u0435 SMS \u0438 \u0438\u043c\u0435\u0439\u043b\u0438, \u0438 \u0449\u0435 \u0431\u044a\u0434\u0430\u0442 \u0432\u0437\u0435\u0442\u0438 \u043d\u0435\u043e\u0431\u0445\u043e\u0434\u0438\u043c\u0438\u0442\u0435 \u043c\u0435\u0440\u043a\u0438 \u0437\u0430 \u0441\u0438\u0433\u0443\u0440\u043d\u043e\u0441\u0442.<\/p><h2>\u0421\u044a\u0433\u043b\u0430\u0441\u0438\u0435 \u0437\u0430 \u0442\u044a\u0440\u0433\u043e\u0432\u0441\u043a\u043e \u0435\u043b\u0435\u043a\u0442\u0440\u043e\u043d\u043d\u043e \u0441\u044a\u043e\u0431\u0449\u0435\u043d\u0438\u0435<\/h2><p>\u0421 \u043d\u0430\u0441\u0442\u043e\u044f\u0449\u043e\u0442\u043e \u0434\u0430\u0432\u0430\u043c \u0438\u0437\u0440\u0438\u0447\u043d\u043e\u0442\u043e \u0441\u0438 \u0441\u044a\u0433\u043b\u0430\u0441\u0438\u0435, \u0431\u0435\u0437 \u043d\u0438\u043a\u0430\u043a\u044a\u0432 \u043d\u0430\u0442\u0438\u0441\u043a, V\u0130V\u0130D SA\u011eLIK TUR\u0130ZM H\u0130ZMETLER\u0130 T\u0130CARET L\u0130M\u0130TED \u015e\u0130RKET\u0130 \u0434\u0430 \u0438\u0437\u043f\u0440\u0430\u0449\u0430 \u0442\u044a\u0440\u0433\u043e\u0432\u0441\u043a\u0438 \u0435\u043b\u0435\u043a\u0442\u0440\u043e\u043d\u043d\u0438 \u0441\u044a\u043e\u0431\u0449\u0435\u043d\u0438\u044f \u0434\u043e \u043c\u0435\u043d \u0438\/\u0438\u043b\u0438 \u0434\u043e \u043b\u0438\u0446\u0430\u0442\u0430 \u043f\u043e\u0434 \u043c\u043e\u0435 \u043d\u0430\u0441\u0442\u043e\u0439\u043d\u0438\u0447\u0435\u0441\u0442\u0432\u043e \u0447\u0440\u0435\u0437 SMS, \u0438\u043c\u0435\u0439\u043b \u0438 \u0442\u0435\u043b\u0435\u0444\u043e\u043d\u043d\u0438 \u043e\u0431\u0430\u0436\u0434\u0430\u043d\u0438\u044f \u0437\u0430 \u0432\u0441\u044f\u043a\u0430\u043a\u0432\u0438 \u043c\u0430\u0440\u043a\u0435\u0442\u0438\u043d\u0433\u043e\u0432\u0438 \u0434\u0435\u0439\u043d\u043e\u0441\u0442\u0438, \u043a\u0430\u043c\u043f\u0430\u043d\u0438\u0438, \u0440\u0435\u043a\u043b\u0430\u043c\u0438, \u0441\u0442\u0430\u0440\u0442\u0438\u0440\u0430\u043d\u0438\u044f, \u0430\u043d\u043a\u0435\u0442\u0438, \u043b\u043e\u0442\u0430\u0440\u0438\u0438, \u043e\u0442\u0441\u0442\u044a\u043f\u043a\u0438, \u043f\u0440\u043e\u043c\u043e\u0446\u0438\u0438, \u0441\u043f\u0435\u0446\u0438\u0430\u043b\u043d\u0438 \u043e\u0444\u0435\u0440\u0442\u0438, \u043f\u0440\u043e\u043c\u043e\u0446\u0438\u0438, \u043e\u0442\u043a\u0440\u0438\u0432\u0430\u043d\u0438\u044f, \u043f\u043e\u043a\u0430\u043d\u0438, \u0441\u044a\u0431\u0438\u0442\u0438\u044f \u0438 \u043a\u043e\u043c\u0443\u043d\u0438\u043a\u0430\u0446\u0438\u043e\u043d\u043d\u0438 \u0434\u0435\u0439\u043d\u043e\u0441\u0442\u0438.<\/p>\t\t\t\t\t\t\t\t<\/div>\n\t\t\t\t<\/div>\n\t\t\t\t<\/div>\n\t\t\t\t\t<\/div>\n\t\t\t\t<\/div>\n\t\t\t\t<\/div>","protected":false},"excerpt":{"rendered":"<p>Consent for Commercial Electronic Messages Commercial Electronic Message Consent Information Under Law No. 6698 on the Protection of Personal Data and Law No. 6563 on the Regulation of Electronic Commerce, V\u0130V\u0130D SA\u011eLIK TUR\u0130ZM H\u0130ZMETLER\u0130 T\u0130CARET L\u0130M\u0130TED \u015e\u0130RKET\u0130 will process your personal data with your consent for all kinds of marketing activities, campaigns, advertisements, launches, surveys, [&hellip;]<\/p>\n","protected":false},"author":1,"featured_media":0,"parent":6112,"menu_order":0,"comment_status":"closed","ping_status":"open","template":"","meta":{"footnotes":""},"class_list":["post-6107","page","type-page","status-publish","hentry"],"_links":{"self":[{"href":"https:\/\/vividclinic.net\/bg\/wp-json\/wp\/v2\/pages\/6107","targetHints":{"allow":["GET"]}}],"collection":[{"href":"https:\/\/vividclinic.net\/bg\/wp-json\/wp\/v2\/pages"}],"about":[{"href":"https:\/\/vividclinic.net\/bg\/wp-json\/wp\/v2\/types\/page"}],"author":[{"embeddable":true,"href":"https:\/\/vividclinic.net\/bg\/wp-json\/wp\/v2\/users\/1"}],"replies":[{"embeddable":true,"href":"https:\/\/vividclinic.net\/bg\/wp-json\/wp\/v2\/comments?post=6107"}],"version-history":[{"count":0,"href":"https:\/\/vividclinic.net\/bg\/wp-json\/wp\/v2\/pages\/6107\/revisions"}],"up":[{"embeddable":true,"href":"https:\/\/vividclinic.net\/bg\/wp-json\/wp\/v2\/pages\/6112"}],"wp:attachment":[{"href":"https:\/\/vividclinic.net\/bg\/wp-json\/wp\/v2\/media?parent=6107"}],"curies":[{"name":"\u0440\u0430\u0431\u043e\u0442\u043d\u0430 \u0441\u0440\u0435\u0449\u0430","href":"https:\/\/api.w.org\/{rel}","templated":true}]}}