{"id":10271,"date":"2024-08-12T13:48:35","date_gmt":"2024-08-12T10:48:35","guid":{"rendered":"https:\/\/vividclinic.net\/ticari-elektronik-ileti-izni-bilgilendirmesi\/"},"modified":"2024-09-05T16:50:14","modified_gmt":"2024-09-05T13:50:14","slug":"ticari-elektronik-ileti-izni-bilgilendirmesi","status":"publish","type":"page","link":"https:\/\/vividclinic.net\/de\/ticari-elektronik-ileti-izni-bilgilendirmesi\/","title":{"rendered":"Ticari Elektronik \u0130leti \u0130zni Bilgilendirmesi"},"content":{"rendered":"<div data-elementor-type=\"wp-page\" data-elementor-id=\"10271\" class=\"elementor elementor-10271\" data-elementor-post-type=\"page\">\n\t\t\t\t<div class=\"elementor-element elementor-element-8f953a0 e-flex e-con-boxed e-con e-parent\" data-id=\"8f953a0\" data-element_type=\"container\" data-e-type=\"container\" data-settings=\"{&quot;ekit_has_onepagescroll_dot&quot;:&quot;yes&quot;}\">\r\n\t\t\t\t\t<div class=\"e-con-inner\">\r\n\t\t<div class=\"elementor-element elementor-element-9f51b0f e-con-full e-flex e-con e-child\" data-id=\"9f51b0f\" data-element_type=\"container\" data-e-type=\"container\" data-settings=\"{&quot;ekit_has_onepagescroll_dot&quot;:&quot;yes&quot;}\">\r\n\t\t\t\t<div class=\"elementor-element elementor-element-e6eb20d elementor-widget elementor-widget-elementskit-heading\" data-id=\"e6eb20d\" data-element_type=\"widget\" data-e-type=\"widget\" data-settings=\"{&quot;ekit_we_effect_on&quot;:&quot;none&quot;}\" data-widget_type=\"elementskit-heading.default\">\n\t\t\t\t<div class=\"elementor-widget-container\">\n\t\t\t\t\t<div class=\"ekit-wid-con\" ><div class=\"ekit-heading elementskit-section-title-wraper text_left   ekit_heading_tablet-   ekit_heading_mobile-\"><h1 class=\"ekit-heading--title elementskit-section-title\">Ticari Elektronik \u0130leti \u0130zni Bilgilendirmesi<\/h1><div class=\"ekit_heading_separetor_wraper ekit_heading_elementskit-border-divider ekit-dotted\"><div class=\"elementskit-border-divider ekit-dotted\"><\/div><\/div><\/div><\/div>\t\t\t\t<\/div>\n\t\t\t\t<\/div>\n\t\t\t\t<\/div>\n\t\t\t\t\t<\/div>\n\t\t\t\t<\/div>\n\t\t<div class=\"elementor-element elementor-element-5012b91 e-flex e-con-boxed e-con e-parent\" data-id=\"5012b91\" data-element_type=\"container\" data-e-type=\"container\" data-settings=\"{&quot;ekit_has_onepagescroll_dot&quot;:&quot;yes&quot;}\">\r\n\t\t\t\t\t<div class=\"e-con-inner\">\r\n\t\t<div class=\"elementor-element elementor-element-f38931a e-con-full e-flex e-con e-child\" data-id=\"f38931a\" data-element_type=\"container\" data-e-type=\"container\" data-settings=\"{&quot;ekit_has_onepagescroll_dot&quot;:&quot;yes&quot;}\">\r\n\t\t\t\t<div class=\"elementor-element elementor-element-b233597 elementor-widget elementor-widget-text-editor\" data-id=\"b233597\" data-element_type=\"widget\" data-e-type=\"widget\" data-settings=\"{&quot;ekit_we_effect_on&quot;:&quot;none&quot;}\" data-widget_type=\"text-editor.default\">\n\t\t\t\t<div class=\"elementor-widget-container\">\n\t\t\t\t\t\t\t\t\t<p>6698 Say\u0131l\u0131 Ki\u015fisel Verilerin Korunmas\u0131 Kanunu ve 6563 Say\u0131l\u0131 Elektronik Ticaretin D\u00fczenlenmesi Hakk\u0131nda Kanun kapsam\u0131nda V\u0130V\u0130D SA\u011eLIK TUR\u0130ZM H\u0130ZMETLER\u0130 T\u0130CARET L\u0130M\u0130TED \u015e\u0130RKET\u0130 olarak her t\u00fcrl\u00fc pazarlama Faaliyetleri, Produkte, Dienstleistungen, Werbeaktionen, Verkaufsf\u00f6rderungsaktionen GER\u00e7ekle\u015ftirdi\u011finiz velisi\/vasisi bulundu\u011funuz ki\u015filere payla\u015f\u0131m\u0131n\u0131 sa\u011flamak amac\u0131yla KVKK e Elektronik Ticaretin D\u00fczenlenmesi Hakk\u0131nda Kanun kapsam\u0131nda onay\u0131n\u0131z al\u0131narak i\u015flenecektir.<br \/>\nNachdem Sie eine SMS- und E-Mail-Nachricht erhalten haben, m\u00fcssen Sie die E-Mail-Adresse mit der Best\u00e4tigung der Zahlung best\u00e4tigen. (Ticari Elektronik \u0130leti)<\/p>\n<h3>Ticari Elektronik \u0130leti \u0130zni Onay\u0131<\/h3>\n<p>Ben hat ihre Bilder in den folgenden Abschnitten abgedruckt: Sie sind mit der Arbeit besch\u00e4ftigt, sie haben sich ge\u00e4u\u00dfert, sie waren interessiert, sie haben sich gefragt, sie haben sie gesehen, sie haben sie gesehen, sie haben sie beworben, sie haben sie zum ersten Mal gesehen, sie haben sie besucht, sie haben sich um sie gek\u00fcmmert, und sie haben die Kinder noch nie gesehen Stellen Sie sicher, dass das Ger\u00e4t nicht mit dem Ger\u00e4t verbunden ist <a href=\"https:\/\/vividclinic.net\/es\/\">LEBENDIG<\/a> SA\u011eLIK TUR\u0130ZM H\u0130ZMETLER\u0130 T\u0130CARET L\u0130M\u0130TED \u015e\u0130RKET\u0130 bietet SMS-, E-Mail- und E-Mail-Benachrichtigungen sowie elektronische Benachrichtigungen an verdi\u011fimi beyan ederim.<\/p>\n\t\t\t\t\t\t\t\t<\/div>\n\t\t\t\t<\/div>\n\t\t\t\t<\/div>\n\t\t\t\t\t<\/div>\n\t\t\t\t<\/div>\n\t\t\t\t<\/div>","protected":false},"excerpt":{"rendered":"<p>Ticari Elektronik \u0130leti \u0130zni Bilgilendirmesi 6698 say\u0131l\u0131 Ki\u015fisel Verilerin Korunmas\u0131 Kanunu ve 6563 say\u0131l\u0131 Elektronik Ticaretin D\u00fczenlenmesi Hakk\u0131nda Kanun kapsam\u0131nda V\u0130V\u0130D SA\u011eLIK TUR\u0130ZM H\u0130ZMETLER\u0130 T\u0130CARET L\u0130M\u0130TED \u015e\u0130RKET\u0130 olarak her t\u00fcrl\u00fc pazarlama faaliyetleri, productos, servicios, promociones, promociones de ventas.., \u00f6zel f\u0131rsatlar, tan\u0131t\u0131m, a\u00e7\u0131l\u0131\u015f, davet, etkinlik ve ileti\u015fim \u00e7al\u0131\u015fmalar\u0131 ile ilgili olarak taraf\u0131n\u0131za ve\/veya ad\u0131na i\u015flem ger\u00e7ekle\u015ftirdi\u011finiz [&hellip;]<\/p>\n","protected":false},"author":1,"featured_media":0,"parent":0,"menu_order":0,"comment_status":"closed","ping_status":"open","template":"","meta":{"footnotes":""},"class_list":["post-10271","page","type-page","status-publish","hentry"],"_links":{"self":[{"href":"https:\/\/vividclinic.net\/de\/wp-json\/wp\/v2\/pages\/10271","targetHints":{"allow":["GET"]}}],"collection":[{"href":"https:\/\/vividclinic.net\/de\/wp-json\/wp\/v2\/pages"}],"about":[{"href":"https:\/\/vividclinic.net\/de\/wp-json\/wp\/v2\/types\/page"}],"author":[{"embeddable":true,"href":"https:\/\/vividclinic.net\/de\/wp-json\/wp\/v2\/users\/1"}],"replies":[{"embeddable":true,"href":"https:\/\/vividclinic.net\/de\/wp-json\/wp\/v2\/comments?post=10271"}],"version-history":[{"count":0,"href":"https:\/\/vividclinic.net\/de\/wp-json\/wp\/v2\/pages\/10271\/revisions"}],"wp:attachment":[{"href":"https:\/\/vividclinic.net\/de\/wp-json\/wp\/v2\/media?parent=10271"}],"curies":[{"name":"wp","href":"https:\/\/api.w.org\/{rel}","templated":true}]}}