{"id":6071,"date":"2024-08-12T14:08:02","date_gmt":"2024-08-12T11:08:02","guid":{"rendered":"https:\/\/vividclinic.net\/?page_id=6071"},"modified":"2024-09-05T16:49:47","modified_gmt":"2024-09-05T13:49:47","slug":"terms-of-use","status":"publish","type":"page","link":"https:\/\/vividclinic.net\/de\/legal\/terms-of-use\/","title":{"rendered":"Nutzungsbedingungen"},"content":{"rendered":"<div data-elementor-type=\"wp-page\" data-elementor-id=\"6071\" class=\"elementor elementor-6071\" data-elementor-post-type=\"page\">\n\t\t\t\t<div class=\"elementor-element elementor-element-e2b269b e-flex e-con-boxed e-con e-parent\" data-id=\"e2b269b\" data-element_type=\"container\" data-e-type=\"container\" data-settings=\"{&quot;ekit_has_onepagescroll_dot&quot;:&quot;yes&quot;}\">\r\n\t\t\t\t\t<div class=\"e-con-inner\">\r\n\t\t<div class=\"elementor-element elementor-element-0ba340b e-con-full e-flex e-con e-child\" data-id=\"0ba340b\" data-element_type=\"container\" data-e-type=\"container\" data-settings=\"{&quot;ekit_has_onepagescroll_dot&quot;:&quot;yes&quot;}\">\r\n\t\t\t\t<div class=\"elementor-element elementor-element-2a9abe9 elementor-widget elementor-widget-elementskit-heading\" data-id=\"2a9abe9\" data-element_type=\"widget\" data-e-type=\"widget\" data-settings=\"{&quot;ekit_we_effect_on&quot;:&quot;none&quot;}\" data-widget_type=\"elementskit-heading.default\">\n\t\t\t\t<div class=\"elementor-widget-container\">\n\t\t\t\t\t<div class=\"ekit-wid-con\" ><div class=\"ekit-heading elementskit-section-title-wraper text_left   ekit_heading_tablet-   ekit_heading_mobile-\"><h1 class=\"ekit-heading--title elementskit-section-title\">Nutzungsbedingungen<\/h1><div class=\"ekit_heading_separetor_wraper ekit_heading_elementskit-border-divider ekit-dotted\"><div class=\"elementskit-border-divider ekit-dotted\"><\/div><\/div><\/div><\/div>\t\t\t\t<\/div>\n\t\t\t\t<\/div>\n\t\t\t\t<\/div>\n\t\t\t\t\t<\/div>\n\t\t\t\t<\/div>\n\t\t<div class=\"elementor-element elementor-element-43113d0 e-flex e-con-boxed e-con e-parent\" data-id=\"43113d0\" data-element_type=\"container\" data-e-type=\"container\" data-settings=\"{&quot;ekit_has_onepagescroll_dot&quot;:&quot;yes&quot;}\">\r\n\t\t\t\t\t<div class=\"e-con-inner\">\r\n\t\t<div class=\"elementor-element elementor-element-4aa5708 e-con-full e-flex e-con e-child\" data-id=\"4aa5708\" data-element_type=\"container\" data-e-type=\"container\" data-settings=\"{&quot;ekit_has_onepagescroll_dot&quot;:&quot;yes&quot;}\">\r\n\t\t\t\t<div class=\"elementor-element elementor-element-3e308e4 elementor-widget elementor-widget-text-editor\" data-id=\"3e308e4\" data-element_type=\"widget\" data-e-type=\"widget\" data-settings=\"{&quot;ekit_we_effect_on&quot;:&quot;none&quot;}\" data-widget_type=\"text-editor.default\">\n\t\t\t\t<div class=\"elementor-widget-container\">\n\t\t\t\t\t\t\t\t\t<h4>\u00a0<\/h4><h4>1. Einleitung<\/h4><p>Jeder, der diese Website (vividclinic.net) besucht oder die auf dieser Website angebotenen Dienste anfordert, erkl\u00e4rt sich mit allen in diesen \u201eNutzungsbedingungen\u201c aufgef\u00fchrten Bedingungen einverstanden. Indem Sie sich bei V\u0130V\u0130D SA\u011eLIK TUR\u0130ZM H\u0130ZMETLER\u0130 T\u0130CARET L\u0130M\u0130TED \u015e\u0130RKET\u0130 registrieren oder die angebotenen Dienste anfordern, verpflichten Sie sich, die in diesen \u201eNutzungsbedingungen\u201c dargelegten Bedingungen und die Bestimmungen zum \u201eSchutz personenbezogener Daten\u201c von V\u0130V\u0130D SA\u011eLIK TUR\u0130ZM H\u0130ZMETLER\u0130 T\u0130CARET L\u0130M\u0130TED \u015e\u0130RKET\u0130 einzuhalten.<\/p><h4>2. \u00c4nderungen<\/h4><p>V\u0130V\u0130D SA\u011eLIK TUR\u0130ZM H\u0130ZMETLER\u0130 T\u0130CARET L\u0130M\u0130TED \u015e\u0130RKET\u0130 beh\u00e4lt sich das Recht vor, die Nutzungsbedingungen, den Datenschutz und andere Hinweise auf dieser Website jederzeit zu \u00e4ndern. Diese \u00c4nderungen werden ab dem Datum ihrer Ver\u00f6ffentlichung auf dieser Website wirksam und verbindlich. Es liegt in Ihrer Verantwortung, die Aktualisierungen und \u00c4nderungen zu verfolgen. V\u0130V\u0130D SA\u011eLIK TUR\u0130ZM H\u0130ZMETLER\u0130 T\u0130CARET L\u0130M\u0130TED \u015e\u0130RKET\u0130 ist nicht verpflichtet, Sie \u00fcber diese \u00c4nderungen zu informieren. Durch die Nutzung der Dienste von V\u0130V\u0130D SA\u011eLIK TUR\u0130ZM H\u0130ZMETLER\u0130 T\u0130CARET L\u0130M\u0130TED \u015e\u0130RKET\u0130 akzeptieren Sie diese \u00c4nderungen.<\/p><h4>3. Links<\/h4><p>Links auf der Website von V\u0130V\u0130D SA\u011eLIK TUR\u0130ZM H\u0130ZMETLER\u0130 T\u0130CARET L\u0130M\u0130TED \u015e\u0130RKET\u0130 k\u00f6nnen dazu f\u00fchren, dass Sie die Website verlassen, und V\u0130V\u0130D SA\u011eLIK TUR\u0130ZM H\u0130ZMETLER\u0130 T\u0130CARET L\u0130M\u0130TED \u015e\u0130RKET\u0130 ist nicht f\u00fcr den Inhalt verantwortlich. Genauigkeit oder Funktion dieser Websites beeintr\u00e4chtigen. Diese Links werden in gutem Glauben bereitgestellt und V\u0130V\u0130D SA\u011eLIK TUR\u0130ZM H\u0130ZMETLER\u0130 T\u0130CARET L\u0130M\u0130TED \u015e\u0130RKET\u0130 ist nicht verantwortlich f\u00fcr \u00c4nderungen, die auf den verlinkten Seiten auftreten k\u00f6nnen. V\u0130V\u0130D SA\u011eLIK TUR\u0130ZM H\u0130ZMETLER\u0130 T\u0130CARET L\u0130M\u0130TED \u015e\u0130RKET\u0130, seine verbundenen Unternehmen oder Drittparteien, die an der Erstellung, Produktion oder \u00dcbertragung dieser Site beteiligt sind, k\u00f6nnen nicht f\u00fcr direkte, indirekte oder Strafsch\u00e4den, Verluste oder Verbindlichkeiten haftbar gemacht werden, die sich aus dem Zugriff auf diese Site oder ihrer Verwendung ergeben.<\/p><h4>4. Nutzer<\/h4><p>Alle nat\u00fcrlichen und juristischen Personen, die gesch\u00e4ftsf\u00e4hig sind, k\u00f6nnen die Dienstleistungen von V\u0130V\u0130D SA\u011eLIK TUR\u0130ZM H\u0130ZMETLER\u0130 T\u0130CARET L\u0130M\u0130TED \u015e\u0130RKET\u0130 in Anspruch nehmen. Minderj\u00e4hrige unter 18 Jahren, Personen mit eingeschr\u00e4nkter Gesch\u00e4ftsf\u00e4higkeit und Personen ohne Gesch\u00e4ftsf\u00e4higkeit k\u00f6nnen nur mit ihren gesetzlichen Vertretern Gesch\u00e4fte t\u00e4tigen.<\/p><h4>5. Geistige Eigentumsrechte<\/h4><p>Alle Rechte an geistigem Eigentum wie Titel, Firmennamen, Marken, Patente, Logos, Designs, Informationen und Methoden auf dieser Website, ob registriert oder nicht, geh\u00f6ren V\u0130V\u0130D SA\u011eLIK TUR\u0130ZM H\u0130ZMETLER\u0130 T\u0130CARET L\u0130M\u0130TED \u015e\u0130RKET\u0130 oder dem angegebenen Eigent\u00fcmer und sind durch nationales und internationales Recht gesch\u00fctzt. Der Besuch dieser Website oder die Nutzung der dort angebotenen Dienste gew\u00e4hrt Ihnen keine Rechte an den genannten Rechten an geistigem Eigentum. Durch den Besuch oder die Nutzung dieser Website erkl\u00e4ren Sie sich damit einverstanden, diese Rechte an geistigem Eigentum nicht zu verletzen.<\/p><h4>6. Rechtm\u00e4\u00dfige Nutzung<\/h4><p>Unsere Website darf nur f\u00fcr rechtm\u00e4\u00dfige Zwecke und in \u00dcbereinstimmung mit dem Gesetz genutzt werden. Durch die Nutzung dieser Website verpflichten Sie sich, rechtm\u00e4\u00dfig zu handeln. Handlungen wie falsche Angaben zur Erlangung eines unlauteren Vorteils, das Verschweigen bestehender Sch\u00e4den, um diese sp\u00e4ter geltend zu machen, die Verwendung falscher Namen und Kreditkarten usw. f\u00fchren zu strafrechtlicher Haftung. V\u0130V\u0130D SA\u011eLIK TUR\u0130ZM H\u0130ZMETLER\u0130 T\u0130CARET L\u0130M\u0130TED \u015e\u0130RKET\u0130 ist berechtigt, Ma\u00dfnahmen wie die Sperrung des Zugriffs auf die Website oder das Einreichen von Beschwerden zu ergreifen, um solche Situationen zu verhindern. V\u0130V\u0130D SA\u011eLIK TUR\u0130ZM H\u0130ZMETLER\u0130 T\u0130CARET L\u0130M\u0130TED \u015e\u0130RKET\u0130 steht es frei, die Bereitstellung angeforderter Dienste anzunehmen oder abzulehnen.<\/p><h4>7. Streitbeilegung<\/h4><p>Im Falle eines Rechtsstreits im Zusammenhang mit den Dienstleistungen, die Sie \u00fcber unsere Website erhalten, gilt t\u00fcrkisches Recht. Gerichtsstand sind die Gerichte und Vollstreckungs\u00e4mter von Istanbul Bak\u0131rk\u00f6y.<\/p><h4>8. Urheberrecht<\/h4><p>Das Copyright dieser Website liegt bei <a href=\"https:\/\/vividclinic.net\/de\/\">LEBENDIG<\/a> SA\u011eLIK TUR\u0130ZM H\u0130ZMETLER\u0130 T\u0130CARET L\u0130M\u0130TED \u015e\u0130RKET\u0130. Alle Rechte vorbehalten. Texte, Bilder, Audio-, Animations- und Videodateien sowie Designs auf dieser Website sind durch das Gesetz Nr. 5846 und die damit verbundenen Gesetze gesch\u00fctzt. Alle Elemente d\u00fcrfen nicht zu kommerziellen Zwecken kopiert, verwendet oder auf anderen Websites ver\u00f6ffentlicht werden.<\/p>\t\t\t\t\t\t\t\t<\/div>\n\t\t\t\t<\/div>\n\t\t\t\t<\/div>\n\t\t\t\t\t<\/div>\n\t\t\t\t<\/div>\n\t\t\t\t<\/div>","protected":false},"excerpt":{"rendered":"<p>Terms of Use \u00a0 1. Introduction Anyone who visits this website (vividclinic.net) or requests services offered on this site agrees to all the terms and conditions stated in these \u201cTerms of Use.\u201d By registering with V\u0130V\u0130D SA\u011eLIK TUR\u0130ZM H\u0130ZMETLER\u0130 T\u0130CARET L\u0130M\u0130TED \u015e\u0130RKET\u0130 or requesting the services provided, you commit to complying with the terms and [&hellip;]<\/p>\n","protected":false},"author":1,"featured_media":0,"parent":6112,"menu_order":0,"comment_status":"closed","ping_status":"open","template":"","meta":{"footnotes":""},"class_list":["post-6071","page","type-page","status-publish","hentry"],"_links":{"self":[{"href":"https:\/\/vividclinic.net\/de\/wp-json\/wp\/v2\/pages\/6071","targetHints":{"allow":["GET"]}}],"collection":[{"href":"https:\/\/vividclinic.net\/de\/wp-json\/wp\/v2\/pages"}],"about":[{"href":"https:\/\/vividclinic.net\/de\/wp-json\/wp\/v2\/types\/page"}],"author":[{"embeddable":true,"href":"https:\/\/vividclinic.net\/de\/wp-json\/wp\/v2\/users\/1"}],"replies":[{"embeddable":true,"href":"https:\/\/vividclinic.net\/de\/wp-json\/wp\/v2\/comments?post=6071"}],"version-history":[{"count":0,"href":"https:\/\/vividclinic.net\/de\/wp-json\/wp\/v2\/pages\/6071\/revisions"}],"up":[{"embeddable":true,"href":"https:\/\/vividclinic.net\/de\/wp-json\/wp\/v2\/pages\/6112"}],"wp:attachment":[{"href":"https:\/\/vividclinic.net\/de\/wp-json\/wp\/v2\/media?parent=6071"}],"curies":[{"name":"wp","href":"https:\/\/api.w.org\/{rel}","templated":true}]}}