{"id":6066,"date":"2024-08-12T14:04:56","date_gmt":"2024-08-12T11:04:56","guid":{"rendered":"https:\/\/vividclinic.net\/?page_id=6066"},"modified":"2025-07-11T16:45:54","modified_gmt":"2025-07-11T13:45:54","slug":"cookie-policy","status":"publish","type":"page","link":"https:\/\/vividclinic.net\/es\/legal\/cookie-policy\/","title":{"rendered":"Pol\u00edtica de cookies"},"content":{"rendered":"<h1>Pol\u00edtica de cookies<\/h1>\n<h4>\u00bfQu\u00e9 es una Cookie?<\/h4>\n<p>Una cookie es un peque\u00f1o archivo de texto o informaci\u00f3n que se almacena en su ordenador o dispositivo m\u00f3vil (como un smartphone o una tableta) cuando visita nuestro sitio web (vividclinic.net). Las cookies suelen contener el nombre del sitio web del que proceden, su duraci\u00f3n y un n\u00famero \u00fanico.<\/p>\n<h4>\u00bfPor qu\u00e9 utilizamos cookies?<\/h4>\n<p>Utilizamos cookies para facilitar el uso de nuestro sitio web, adaptarlo a sus intereses y necesidades, y mostrar anuncios inteligentes a nuestros usuarios. Los sitios web pueden leer y escribir estos archivos, lo que les permite reconocerle y recordar informaci\u00f3n importante que har\u00e1 que su uso del sitio web sea m\u00e1s c\u00f3modo.<\/p>\n<p>Las cookies tambi\u00e9n ayudan a optimizar sus futuras actividades en nuestro sitio. Adem\u00e1s, podemos usarlas para recopilar informaci\u00f3n estad\u00edstica sobre el uso de nuestro sitio, lo que nos permite mejorar su dise\u00f1o y funcionalidad.<\/p>\n<h4>Galletas de Vivid Clinic<\/h4>\n<p>Utilizamos cookies para personalizar nuestro sitio web, aplicaci\u00f3n m\u00f3vil y sitio m\u00f3vil. Esto incluye cookies que guardan su contrase\u00f1a y mantienen abierta la sesi\u00f3n de su sitio web, aplicaci\u00f3n m\u00f3vil o sitio m\u00f3vil, evitando as\u00ed que tenga que introducir su contrase\u00f1a varias veces en cada visita.<\/p>\n<p>Utilizamos cookies para determinar c\u00f3mo utiliza el sitio web, la aplicaci\u00f3n m\u00f3vil y el sitio m\u00f3vil, como d\u00f3nde y desde qu\u00e9 dispositivos se conecta, qu\u00e9 contenido ve y la duraci\u00f3n de su visita.<\/p>\n<p>Utilizamos cookies para ofrecer contenido y anuncios que coincidan con sus intereses, es decir, con fines publicitarios o promocionales espec\u00edficos.<\/p>\n<h4>Tipos de cookies que utilizamos<\/h4>\n<p>Utilizamos dos tipos de cookies en nuestros sitios: cookies de sesi\u00f3n y cookies persistentes. Las cookies de sesi\u00f3n son temporales y solo permanecen hasta que cierra el navegador. Las cookies persistentes permanecen en su disco duro hasta que las elimine o caduquen (esto depende de su vida \u00fatil).<\/p>\n<h4>Cookies de terceros<\/h4>\n<p>Podemos permitir que nuestros socios comerciales, plataformas publicitarias, plataformas de redes sociales y proveedores de servicios de an\u00e1lisis instalen cookies en su dispositivo cuando visite nuestro sitio. Estos proveedores externos son responsables de las cookies que instalan y deben cumplir con sus propias pol\u00edticas de privacidad y de cookies.<\/p>\n<h4>\u00bfC\u00f3mo controlar o eliminar las cookies?<\/h4>\n<p>La mayor\u00eda de los navegadores de internet est\u00e1n configurados para aceptar cookies autom\u00e1ticamente de forma predeterminada. Puede cambiar esta configuraci\u00f3n para bloquearlas o recibir alertas cuando se env\u00eden a su dispositivo. Hay varias maneras de administrar las cookies. Consulte las instrucciones o la pantalla de ayuda de su navegador para obtener m\u00e1s informaci\u00f3n sobre c\u00f3mo ajustar o modificar la configuraci\u00f3n.<\/p>\n<p>Dependiendo de su navegador de Internet, puede seguir estos pasos para obtener informaci\u00f3n sobre las cookies y ejercer su derecho a permitir o rechazar las cookies:<\/p>\n<ul>\n<li><strong>Google Chrome<\/strong>:Haga clic en el icono del \u201ccandado\u201d o \u201ci\u201d en la secci\u00f3n \u201cdirecci\u00f3n\u201d de su navegador y administre los permisos de cookies en la secci\u00f3n \u201cCookies\u201d.<\/li>\n<li><strong>Internet Explorer<\/strong>:Haga clic en la secci\u00f3n \u201cHerramientas\u201d o \u201cConfiguraci\u00f3n\u201d en la esquina superior derecha de su navegador y luego administre su configuraci\u00f3n de cookies en la secci\u00f3n \u201cPrivacidad\u201d.<\/li>\n<li><strong>Mozilla Firefox<\/strong>Haz clic en la pesta\u00f1a &quot;Abrir men\u00fa&quot; en la esquina superior derecha de tu navegador. Luego, haz clic en la imagen &quot;Opciones&quot; y usa el bot\u00f3n &quot;Privacidad y seguridad&quot; para administrar tu configuraci\u00f3n de cookies.<\/li>\n<li><strong>Safari<\/strong>:Selecciona la pesta\u00f1a \u201cSafari\u201d en la secci\u00f3n \u201cConfiguraci\u00f3n\u201d de tu tel\u00e9fono y administra todas tus configuraciones de cookies en la secci\u00f3n \u201cPrivacidad y Seguridad\u201d.<\/li>\n<\/ul>\n<p>Para otros navegadores (por ejemplo, Opera, Microsoft Edge), consulte las p\u00e1ginas de ayuda o soporte del navegador correspondiente.<\/p>\n<p>Si desactiva nuestras cookies, su experiencia de usuario en vividclinic.net podr\u00eda verse afectada. Por ejemplo, es posible que no pueda ver ciertas partes del sitio ni acceder a informaci\u00f3n personalizada al visitarlo.<\/p>\n<p>Si utiliza diferentes dispositivos para ver el sitio vividclinic.net (por ejemplo, computadora, tel\u00e9fono inteligente, tableta, etc.), aseg\u00farese de que cada navegador en cada dispositivo est\u00e9 configurado de acuerdo con sus preferencias de cookies.<br \/><div class=\"wpconsent-cookie-policy\"><h2 class=\"wpconsent-cookie-category-name\">B\u00e1sico<\/h2><p class=\"wpconsent-cookie-category-description\">Las cookies esenciales habilitan funciones b\u00e1sicas y son necesarias para el correcto funcionamiento del sitio web.<\/p><table class=\"wpconsent-cookie-policy-table\"><tr><th>Nombre<\/th><th>Descripci\u00f3n<\/th><th>Duraci\u00f3n<\/th><\/tr><tr><td>preferencias de consentimiento de wp<\/td><td>Esta cookie se utiliza para almacenar las preferencias de consentimiento de cookies del usuario.<\/td><td>30 d\u00edas<\/td><\/tr><tr><td>preferencias de consentimiento de wp<\/td><td>Esta cookie se utiliza para almacenar las preferencias de consentimiento de cookies del usuario.<\/td><td>30 d\u00edas<\/td><\/tr><tr><td>preferencias de consentimiento de wp<\/td><td>Esta cookie se utiliza para almacenar las preferencias de consentimiento de cookies del usuario.<\/td><td>30 d\u00edas<\/td><\/tr><tr><td>preferencias de consentimiento de wp<\/td><td>Esta cookie se utiliza para almacenar las preferencias de consentimiento de cookies del usuario.<\/td><td>30 d\u00edas<\/td><\/tr><tr><td>preferencias de consentimiento de wp<\/td><td>Esta cookie se utiliza para almacenar las preferencias de consentimiento de cookies del usuario.<\/td><td>30 d\u00edas<\/td><\/tr><tr><td>preferencias de consentimiento de wp<\/td><td>Esta cookie se utiliza para almacenar las preferencias de consentimiento de cookies del usuario.<\/td><td>30 d\u00edas<\/td><\/tr><tr><td>preferencias de consentimiento de wp<\/td><td>Esta cookie se utiliza para almacenar las preferencias de consentimiento de cookies del usuario.<\/td><td>30 d\u00edas<\/td><\/tr><tr><td>preferencias de consentimiento de wp<\/td><td>Esta cookie se utiliza para almacenar las preferencias de consentimiento de cookies del usuario.<\/td><td>30 d\u00edas<\/td><\/tr><tr><td>preferencias de consentimiento de wp<\/td><td>Esta cookie se utiliza para almacenar las preferencias de consentimiento de cookies del usuario.<\/td><td>30 d\u00edas<\/td><\/tr><tr><td>preferencias de consentimiento de wp<\/td><td>Esta cookie se utiliza para almacenar las preferencias de consentimiento de cookies del usuario.<\/td><td>30 d\u00edas<\/td><\/tr><tr><td>preferencias de consentimiento de wp<\/td><td>Esta cookie se utiliza para almacenar las preferencias de consentimiento de cookies del usuario.<\/td><td>30 d\u00edas<\/td><\/tr><tr><td>preferencias de consentimiento de wp<\/td><td>Esta cookie se utiliza para almacenar las preferencias de consentimiento de cookies del usuario.<\/td><td>30 d\u00edas<\/td><\/tr><tr><td>preferencias de consentimiento de wp<\/td><td>Esta cookie se utiliza para almacenar las preferencias de consentimiento de cookies del usuario.<\/td><td>30 d\u00edas<\/td><\/tr><\/table><h3 class=\"wpconsent-cookie-service-name\">Comentarios<\/h3><p class=\"wpconsent-cookie-service-description\">Estas cookies son necesarias para agregar comentarios en este sitio web.<\/p><table class=\"wpconsent-cookie-policy-table\"><tr><th>Nombre<\/th><th>Descripci\u00f3n<\/th><th>Duraci\u00f3n<\/th><\/tr><tr><td>URL del autor del comentario<\/td><td>Se utiliza para rastrear al usuario a lo largo de m\u00faltiples sesiones.<\/td><td>Sesi\u00f3n<\/td><\/tr><tr><td>correo electr\u00f3nico del autor del comentario<\/td><td>Se utiliza para rastrear al usuario a lo largo de m\u00faltiples sesiones.<\/td><td>Sesi\u00f3n<\/td><\/tr><tr><td>autor del comentario<\/td><td>Se utiliza para rastrear al usuario a lo largo de m\u00faltiples sesiones.<\/td><td>Sesi\u00f3n<\/td><\/tr><\/table><h3 class=\"wpconsent-cookie-service-name\">Google reCAPTCHA<\/h3><p class=\"wpconsent-cookie-service-description\">Google reCAPTCHA ayuda a proteger los sitios web contra el spam y el abuso al verificar las interacciones de los usuarios mediante desaf\u00edos.<\/p><table class=\"wpconsent-cookie-policy-table\"><tr><th>Nombre<\/th><th>Descripci\u00f3n<\/th><th>Duraci\u00f3n<\/th><\/tr><tr><td>_GRECAPTCHA<\/td><td>Google reCAPTCHA establece una cookie necesaria (_GRECAPTCHA) cuando se ejecuta con el prop\u00f3sito de proporcionar su an\u00e1lisis de riesgo.<\/td><td>179 d\u00edas<\/td><\/tr><\/table><h3 class=\"wpconsent-cookie-service-name\">Administrador de etiquetas de Google<\/h3><p class=\"wpconsent-cookie-service-description\">Google Tag Manager simplifica la gesti\u00f3n de etiquetas de marketing en su sitio web sin cambios en el c\u00f3digo.<\/p><table class=\"wpconsent-cookie-policy-table\"><tr><th>Nombre<\/th><th>Descripci\u00f3n<\/th><th>Duraci\u00f3n<\/th><\/tr><tr><td>td<\/td><td>Registra datos estad\u00edsticos sobre el comportamiento de los usuarios en el sitio web. El operador del sitio web los utiliza para an\u00e1lisis internos.<\/td><td>sesi\u00f3n<\/td><\/tr><tr><td>Preferencias de cookies<\/td><td>Registra las preferencias de cookies de un usuario<\/td><td>2 a\u00f1os<\/td><\/tr><\/table><h2 class=\"wpconsent-cookie-category-name\">Estad\u00edstica<\/h2><p class=\"wpconsent-cookie-category-description\">Las cookies de estad\u00edsticas recopilan informaci\u00f3n de forma an\u00f3nima. Esta informaci\u00f3n nos ayuda a comprender c\u00f3mo los visitantes utilizan nuestro sitio web.<\/p><h3 class=\"wpconsent-cookie-service-name\">Google Analytics<\/h3><p class=\"wpconsent-cookie-service-description\">Google Analytics es una herramienta poderosa que rastrea y analiza el tr\u00e1fico del sitio web para tomar decisiones de marketing informadas.<\/p><a href=\"https:\/\/policies.google.com\/privacy\" target=\"_blank\" rel=\"noopener\">M\u00e1s informaci\u00f3n<\/a><table class=\"wpconsent-cookie-policy-table\"><tr><th>Nombre<\/th><th>Descripci\u00f3n<\/th><th>Duraci\u00f3n<\/th><\/tr><tr><td>_rev\u00f3lver<\/td><td>Se utiliza para supervisar el n\u00famero de solicitudes del servidor de Google Analytics al utilizar Google Tag Manager<\/td><td>1 minuto<\/td><\/tr><tr><td>_gid<\/td><td>ID utilizado para identificar a los usuarios durante 24 horas despu\u00e9s de la \u00faltima actividad<\/td><td>24 horas<\/td><\/tr><tr><td>_Georgia_<\/td><td>ID utilizado para identificar a los usuarios<\/td><td>2 a\u00f1os<\/td><\/tr><tr><td>_gali<\/td><td>Utilizado por Google Analytics para determinar en qu\u00e9 enlaces de una p\u00e1gina se hace clic.<\/td><td>30 segundos<\/td><\/tr><tr><td>_Georgia<\/td><td>ID utilizado para identificar a los usuarios<\/td><td>2 a\u00f1os<\/td><\/tr><tr><td>__utmx<\/td><td>Se utiliza para determinar si un usuario est\u00e1 incluido en una prueba A\/B o multivariada.<\/td><td>18 meses<\/td><\/tr><tr><td>__utmv<\/td><td>Contiene informaci\u00f3n personalizada configurada por el desarrollador web mediante el m\u00e9todo _setCustomVar de Google Analytics. Esta cookie se actualiza cada vez que se env\u00edan nuevos datos al servidor de Google Analytics.<\/td><td>2 a\u00f1os despu\u00e9s de la \u00faltima actividad<\/td><\/tr><tr><td>__utmz<\/td><td>Contiene informaci\u00f3n sobre la fuente de tr\u00e1fico o la campa\u00f1a que dirigi\u00f3 al usuario al sitio web. La cookie se establece al cargar el JavaScript de GA.js y se actualiza al enviar datos al servidor de Google Analytics.<\/td><td>6 meses despu\u00e9s de la \u00faltima actividad<\/td><\/tr><tr><td>__utmc<\/td><td>Se usaba solo con versiones antiguas de Urchin de Google Analytics, no con GA.js. Se utilizaba para distinguir entre sesiones nuevas y visitas al final de una sesi\u00f3n.<\/td><td>Fin de sesi\u00f3n (navegador)<\/td><\/tr><tr><td>__utmb<\/td><td>Se utiliza para distinguir nuevas sesiones y visitas. Esta cookie se establece al cargar la biblioteca de JavaScript GA.js y no existe una cookie __utmb. La cookie se actualiza cada vez que se env\u00edan datos al servidor de Google Analytics.<\/td><td>30 minutos despu\u00e9s de la \u00faltima actividad<\/td><\/tr><tr><td>__utmt<\/td><td>Se utiliza para monitorear el n\u00famero de solicitudes al servidor de Google Analytics<\/td><td>10 minutos<\/td><\/tr><tr><td>__utma<\/td><td>ID utilizado para identificar usuarios y sesiones<\/td><td>2 a\u00f1os despu\u00e9s de la \u00faltima actividad<\/td><\/tr><tr><td>_gac_<\/td><td>Contiene informaci\u00f3n relacionada con las campa\u00f1as de marketing del usuario. Esta informaci\u00f3n se comparte con Google AdWords\/Google Ads cuando las cuentas de Google Ads y Google Analytics est\u00e1n vinculadas.<\/td><td>90 d\u00edas<\/td><\/tr><\/table><h2 class=\"wpconsent-cookie-category-name\">Marketing<\/h2><p class=\"wpconsent-cookie-category-description\">Las cookies de marketing se utilizan para rastrear a los visitantes de los sitios web. El objetivo es mostrar anuncios relevantes y atractivos para cada usuario.<\/p><h3 class=\"wpconsent-cookie-service-name\">Mapas de Google<\/h3><p class=\"wpconsent-cookie-service-description\">Google Maps es un servicio de mapas web que proporciona im\u00e1genes satelitales, navegaci\u00f3n en tiempo real e informaci\u00f3n basada en la ubicaci\u00f3n.<\/p><a href=\"https:\/\/policies.google.com\/privacy\" target=\"_blank\" rel=\"noopener\">M\u00e1s informaci\u00f3n<\/a><table class=\"wpconsent-cookie-policy-table\"><tr><th>Nombre<\/th><th>Descripci\u00f3n<\/th><th>Duraci\u00f3n<\/th><\/tr><tr><td>OGP<\/td><td>Google utiliza esta cookie para activar y rastrear la funcionalidad de Google Maps.<\/td><td>2 meses<\/td><\/tr><tr><td>OGPC<\/td><td>Google utiliza estas cookies para almacenar las preferencias y la informaci\u00f3n del usuario mientras visualiza las p\u00e1ginas mapeadas por Google.<\/td><td>1 mes<\/td><\/tr><\/table><\/div>.<\/p>\n\n\n<p><\/p>","protected":false},"excerpt":{"rendered":"<p>Cookie Policy What is a Cookie? A cookie is a small text file or information stored on your computer or mobile device (such as a smartphone or tablet) when you visit our website (vividclinic.net). Cookies typically contain the name of the website they come from, their lifespan, and a unique number. Why Do We Use [&hellip;]<\/p>\n","protected":false},"author":1,"featured_media":0,"parent":6112,"menu_order":0,"comment_status":"closed","ping_status":"open","template":"","meta":{"footnotes":""},"class_list":["post-6066","page","type-page","status-publish","hentry"],"_links":{"self":[{"href":"https:\/\/vividclinic.net\/es\/wp-json\/wp\/v2\/pages\/6066","targetHints":{"allow":["GET"]}}],"collection":[{"href":"https:\/\/vividclinic.net\/es\/wp-json\/wp\/v2\/pages"}],"about":[{"href":"https:\/\/vividclinic.net\/es\/wp-json\/wp\/v2\/types\/page"}],"author":[{"embeddable":true,"href":"https:\/\/vividclinic.net\/es\/wp-json\/wp\/v2\/users\/1"}],"replies":[{"embeddable":true,"href":"https:\/\/vividclinic.net\/es\/wp-json\/wp\/v2\/comments?post=6066"}],"version-history":[{"count":0,"href":"https:\/\/vividclinic.net\/es\/wp-json\/wp\/v2\/pages\/6066\/revisions"}],"up":[{"embeddable":true,"href":"https:\/\/vividclinic.net\/es\/wp-json\/wp\/v2\/pages\/6112"}],"wp:attachment":[{"href":"https:\/\/vividclinic.net\/es\/wp-json\/wp\/v2\/media?parent=6066"}],"curies":[{"name":"gracias","href":"https:\/\/api.w.org\/{rel}","templated":true}]}}