{"id":6071,"date":"2024-08-12T14:08:02","date_gmt":"2024-08-12T11:08:02","guid":{"rendered":"https:\/\/vividclinic.net\/?page_id=6071"},"modified":"2024-09-05T16:49:47","modified_gmt":"2024-09-05T13:49:47","slug":"terms-of-use","status":"publish","type":"page","link":"https:\/\/vividclinic.net\/es\/legal\/terms-of-use\/","title":{"rendered":"Condiciones de uso"},"content":{"rendered":"<div data-elementor-type=\"wp-page\" data-elementor-id=\"6071\" class=\"elementor elementor-6071\" data-elementor-post-type=\"page\">\n\t\t\t\t<div class=\"elementor-element elementor-element-e2b269b e-flex e-con-boxed e-con e-parent\" data-id=\"e2b269b\" data-element_type=\"container\" data-e-type=\"container\" data-settings=\"{&quot;ekit_has_onepagescroll_dot&quot;:&quot;yes&quot;}\">\r\n\t\t\t\t\t<div class=\"e-con-inner\">\r\n\t\t<div class=\"elementor-element elementor-element-0ba340b e-con-full e-flex e-con e-child\" data-id=\"0ba340b\" data-element_type=\"container\" data-e-type=\"container\" data-settings=\"{&quot;ekit_has_onepagescroll_dot&quot;:&quot;yes&quot;}\">\r\n\t\t\t\t<div class=\"elementor-element elementor-element-2a9abe9 elementor-widget elementor-widget-elementskit-heading\" data-id=\"2a9abe9\" data-element_type=\"widget\" data-e-type=\"widget\" data-settings=\"{&quot;ekit_we_effect_on&quot;:&quot;none&quot;}\" data-widget_type=\"elementskit-heading.default\">\n\t\t\t\t<div class=\"elementor-widget-container\">\n\t\t\t\t\t<div class=\"ekit-wid-con\" ><div class=\"ekit-heading elementskit-section-title-wraper text_left   ekit_heading_tablet-   ekit_heading_mobile-\"><h1 class=\"ekit-heading--title elementskit-section-title\">Condiciones de uso<\/h1><div class=\"ekit_heading_separetor_wraper ekit_heading_elementskit-border-divider ekit-dotted\"><div class=\"elementskit-border-divider ekit-dotted\"><\/div><\/div><\/div><\/div>\t\t\t\t<\/div>\n\t\t\t\t<\/div>\n\t\t\t\t<\/div>\n\t\t\t\t\t<\/div>\n\t\t\t\t<\/div>\n\t\t<div class=\"elementor-element elementor-element-43113d0 e-flex e-con-boxed e-con e-parent\" data-id=\"43113d0\" data-element_type=\"container\" data-e-type=\"container\" data-settings=\"{&quot;ekit_has_onepagescroll_dot&quot;:&quot;yes&quot;}\">\r\n\t\t\t\t\t<div class=\"e-con-inner\">\r\n\t\t<div class=\"elementor-element elementor-element-4aa5708 e-con-full e-flex e-con e-child\" data-id=\"4aa5708\" data-element_type=\"container\" data-e-type=\"container\" data-settings=\"{&quot;ekit_has_onepagescroll_dot&quot;:&quot;yes&quot;}\">\r\n\t\t\t\t<div class=\"elementor-element elementor-element-3e308e4 elementor-widget elementor-widget-text-editor\" data-id=\"3e308e4\" data-element_type=\"widget\" data-e-type=\"widget\" data-settings=\"{&quot;ekit_we_effect_on&quot;:&quot;none&quot;}\" data-widget_type=\"text-editor.default\">\n\t\t\t\t<div class=\"elementor-widget-container\">\n\t\t\t\t\t\t\t\t\t<h4>\u00a0<\/h4><h4>1. Introducci\u00f3n<\/h4><p>Cualquier persona que visite este sitio web (vividclinic.net) o solicite los servicios ofrecidos en este sitio acepta todos los t\u00e9rminos y condiciones establecidos en estos &quot;T\u00e9rminos de uso&quot;. Al registrarse en V\u0130V\u0130D SA\u011eLIK TUR\u0130ZM H\u0130ZMETLER\u0130 T\u0130CARET L\u0130M\u0130TED \u015e\u0130RKET\u0130 o solicitar los servicios prestados, se compromete a cumplir con los t\u00e9rminos y condiciones descritos en estos &quot;T\u00e9rminos de uso&quot; y las disposiciones de la &quot;Protecci\u00f3n de datos personales&quot; de V\u0130V\u0130D SA\u011eLIK TUR\u0130ZM H\u0130ZMETLER\u0130 T\u0130CARET L\u0130M\u0130TED \u015e\u0130RKET\u0130 y otras instrucciones en este sitio.<\/p><h4>2. Enmiendas<\/h4><p>V\u0130V\u0130D SA\u011eLIK TUR\u0130ZM H\u0130ZMETLER\u0130 T\u0130CARET L\u0130M\u0130TED \u015e\u0130RKET\u0130 se reserva el derecho de modificar las &quot;Condiciones de uso&quot;, la &quot;Protecci\u00f3n de datos personales&quot; y otras instrucciones de este sitio en cualquier momento. Estos cambios entrar\u00e1n en vigor y ser\u00e1n vinculantes a partir de la fecha de su publicaci\u00f3n en este sitio. Es su responsabilidad mantenerse al tanto de las actualizaciones y los cambios, y V\u0130V\u0130D SA\u011eLIK TUR\u0130ZM H\u0130ZMETLER\u0130 T\u0130CARET L\u0130M\u0130TED \u015e\u0130RKET\u0130 no tiene la obligaci\u00f3n de informarle sobre estos cambios. Al utilizar los servicios de V\u0130V\u0130D SA\u011eLIK TUR\u0130ZM H\u0130ZMETLER\u0130 T\u0130CARET L\u0130M\u0130TED \u015e\u0130RKET\u0130, se considera que ha aceptado estos cambios.<\/p><h4>3. Enlaces<\/h4><p>Los enlaces en el sitio web de V\u0130V\u0130D SA\u011eLIK TUR\u0130ZM H\u0130ZMETLER\u0130 T\u0130CARET L\u0130M\u0130TED \u015e\u0130RKET\u0130 pueden llevarlo fuera del sitio, y V\u0130V\u0130D SA\u011eLIK TUR\u011eZM H\u0130ZMETLER\u0130 T\u0130CARET L\u0130M\u0130TED \u015e\u0130RKET\u0130 no es responsable del contenido. exactitud o funci\u00f3n de estos sitios. Estos enlaces se proporcionan de buena fe y V\u0130V\u0130D SA\u011eLIK TUR\u0130ZM H\u0130ZMETLER\u0130 T\u0130CARET L\u0130M\u0130TED \u015e\u0130RKET\u0130 no es responsable de los cambios que puedan ocurrir en los sitios vinculados. V\u0130V\u0130D SA\u011eLIK TUR\u0130ZM H\u0130ZMETLER\u0130 T\u0130CARET L\u0130M\u0130TED \u015e\u0130RKET\u0130, sus afiliados o cualquier tercero involucrado en la creaci\u00f3n, producci\u00f3n o transmisi\u00f3n de este sitio no pueden ser considerados responsables de ning\u00fan da\u00f1o, p\u00e9rdida o responsabilidad directa, indirecta o punitiva que surja del acceso o uso de este sitio.<\/p><h4>4. Usuarios<\/h4><p>Todas las personas f\u00edsicas y jur\u00eddicas con capacidad para ejercer sus derechos civiles pueden beneficiarse de los servicios de V\u0130V\u0130D SA\u011eLIK TUR\u0130ZM H\u0130ZMETLER\u0130 T\u0130CARET L\u0130M\u0130TED \u015e\u0130RKET\u0130. Los menores de 18 a\u00f1os, las personas con restricciones y quienes no tengan capacidad para ejercer sus derechos legales solo pueden realizar transacciones con sus tutores o representantes legales.<\/p><h4>5. Derechos de propiedad intelectual<\/h4><p>Todos los derechos de propiedad intelectual, como t\u00edtulos, nombres comerciales, marcas, patentes, logotipos, dise\u00f1os, informaci\u00f3n y m\u00e9todos de este sitio, registrados o no, pertenecen a V\u0130V\u0130D SA\u011eLIK TUR\u0130ZM H\u0130ZMETLER\u0130 T\u0130CARET L\u0130M\u0130TED \u015e\u0130RKET\u0130 o al propietario indicado y est\u00e1n protegidos por la legislaci\u00f3n nacional e internacional. Visitar este sitio o disfrutar de sus servicios no le otorga ning\u00fan derecho sobre los derechos de propiedad intelectual mencionados. Al visitar o utilizar este sitio, usted se compromete a no infringir estos derechos de propiedad intelectual.<\/p><h4>6. Uso legal<\/h4><p>Nuestro sitio web solo puede utilizarse con fines l\u00edcitos y de conformidad con la ley. Al utilizar este sitio, usted se compromete a actuar conforme a la ley. Acciones como realizar declaraciones falsas para obtener una ventaja injusta, ocultar da\u00f1os existentes para reclamarlos posteriormente, utilizar nombres y tarjetas de cr\u00e9dito falsos, etc., conllevan responsabilidad penal. V\u0130V\u0130D SA\u011eLIK TUR\u0130ZM H\u0130ZMETLER\u0130 T\u0130CARET L\u0130M\u0130TED \u015e\u0130RKET\u0130 est\u00e1 autorizada a tomar medidas como bloquear el acceso al sitio o presentar quejas para prevenir estas situaciones. V\u0130V\u0130D SA\u011eLIK TUR\u0130ZM H\u0130ZMETLER\u0130 T\u0130CARET L\u0130M\u0130TED \u015e\u0130RKET\u0130 es libre de aceptar o rechazar la prestaci\u00f3n de cualquier servicio solicitado.<\/p><h4>7. Resoluci\u00f3n de disputas<\/h4><p>En caso de disputa que surja de los servicios que recibe a trav\u00e9s de nuestro sitio web, se aplicar\u00e1 la ley turca y ser\u00e1n competentes los tribunales y las oficinas de ejecuci\u00f3n de Estambul Bak\u0131rk\u00f6y.<\/p><h4>8. Derechos de autor<\/h4><p>Los derechos de autor de este sitio pertenecen a <a href=\"https:\/\/vividclinic.net\/es\/\">V\u00cdVIDO<\/a> SA\u011eLIK TUR\u0130ZM H\u0130ZMETLER\u0130 T\u0130CARET L\u0130M\u0130TED \u015e\u0130RKET\u0130. Todos los derechos reservados. Los textos, im\u00e1genes, archivos de audio, animaci\u00f3n y v\u00eddeo, as\u00ed como los dise\u00f1os publicados en este sitio, est\u00e1n protegidos por la Ley n.\u00ba 5846 y la legislaci\u00f3n conexa. Queda prohibida la copia, el uso o la publicaci\u00f3n de todos los elementos en otros sitios con fines comerciales.<\/p>\t\t\t\t\t\t\t\t<\/div>\n\t\t\t\t<\/div>\n\t\t\t\t<\/div>\n\t\t\t\t\t<\/div>\n\t\t\t\t<\/div>\n\t\t\t\t<\/div>","protected":false},"excerpt":{"rendered":"<p>Terms of Use \u00a0 1. Introduction Anyone who visits this website (vividclinic.net) or requests services offered on this site agrees to all the terms and conditions stated in these \u201cTerms of Use.\u201d By registering with V\u0130V\u0130D SA\u011eLIK TUR\u0130ZM H\u0130ZMETLER\u0130 T\u0130CARET L\u0130M\u0130TED \u015e\u0130RKET\u0130 or requesting the services provided, you commit to complying with the terms and [&hellip;]<\/p>\n","protected":false},"author":1,"featured_media":0,"parent":6112,"menu_order":0,"comment_status":"closed","ping_status":"open","template":"","meta":{"footnotes":""},"class_list":["post-6071","page","type-page","status-publish","hentry"],"_links":{"self":[{"href":"https:\/\/vividclinic.net\/es\/wp-json\/wp\/v2\/pages\/6071","targetHints":{"allow":["GET"]}}],"collection":[{"href":"https:\/\/vividclinic.net\/es\/wp-json\/wp\/v2\/pages"}],"about":[{"href":"https:\/\/vividclinic.net\/es\/wp-json\/wp\/v2\/types\/page"}],"author":[{"embeddable":true,"href":"https:\/\/vividclinic.net\/es\/wp-json\/wp\/v2\/users\/1"}],"replies":[{"embeddable":true,"href":"https:\/\/vividclinic.net\/es\/wp-json\/wp\/v2\/comments?post=6071"}],"version-history":[{"count":0,"href":"https:\/\/vividclinic.net\/es\/wp-json\/wp\/v2\/pages\/6071\/revisions"}],"up":[{"embeddable":true,"href":"https:\/\/vividclinic.net\/es\/wp-json\/wp\/v2\/pages\/6112"}],"wp:attachment":[{"href":"https:\/\/vividclinic.net\/es\/wp-json\/wp\/v2\/media?parent=6071"}],"curies":[{"name":"gracias","href":"https:\/\/api.w.org\/{rel}","templated":true}]}}