{"id":6073,"date":"2024-08-12T14:08:06","date_gmt":"2024-08-12T11:08:06","guid":{"rendered":"https:\/\/vividclinic.net\/?page_id=6073"},"modified":"2024-10-18T21:40:17","modified_gmt":"2024-10-18T18:40:17","slug":"privacy-policy","status":"publish","type":"page","link":"https:\/\/vividclinic.net\/es\/legal\/privacy-policy\/","title":{"rendered":"pol\u00edtica de privacidad"},"content":{"rendered":"<div data-elementor-type=\"wp-page\" data-elementor-id=\"6073\" class=\"elementor elementor-6073\" data-elementor-post-type=\"page\">\n\t\t\t\t<div class=\"elementor-element elementor-element-2c63f25 e-flex e-con-boxed e-con e-parent\" data-id=\"2c63f25\" data-element_type=\"container\" data-e-type=\"container\" data-settings=\"{&quot;ekit_has_onepagescroll_dot&quot;:&quot;yes&quot;}\">\r\n\t\t\t\t\t<div class=\"e-con-inner\">\r\n\t\t<div class=\"elementor-element elementor-element-e8b12a2 e-con-full e-flex e-con e-child\" data-id=\"e8b12a2\" data-element_type=\"container\" data-e-type=\"container\" data-settings=\"{&quot;ekit_has_onepagescroll_dot&quot;:&quot;yes&quot;}\">\r\n\t\t\t\t<div class=\"elementor-element elementor-element-caab729 elementor-widget elementor-widget-elementskit-heading\" data-id=\"caab729\" data-element_type=\"widget\" data-e-type=\"widget\" data-settings=\"{&quot;ekit_we_effect_on&quot;:&quot;none&quot;}\" data-widget_type=\"elementskit-heading.default\">\n\t\t\t\t<div class=\"elementor-widget-container\">\n\t\t\t\t\t<div class=\"ekit-wid-con\" ><div class=\"ekit-heading elementskit-section-title-wraper text_left   ekit_heading_tablet-   ekit_heading_mobile-\"><h1 class=\"ekit-heading--title elementskit-section-title\">pol\u00edtica de privacidad<\/h1><div class=\"ekit_heading_separetor_wraper ekit_heading_elementskit-border-divider ekit-dotted\"><div class=\"elementskit-border-divider ekit-dotted\"><\/div><\/div><\/div><\/div>\t\t\t\t<\/div>\n\t\t\t\t<\/div>\n\t\t\t\t<div class=\"elementor-element elementor-element-448c922 elementor-widget elementor-widget-text-editor\" data-id=\"448c922\" data-element_type=\"widget\" data-e-type=\"widget\" data-settings=\"{&quot;ekit_we_effect_on&quot;:&quot;none&quot;}\" data-widget_type=\"text-editor.default\">\n\t\t\t\t<div class=\"elementor-widget-container\">\n\t\t\t\t\t\t\t\t\t<h3>\u00a0<\/h3><h2>Protecci\u00f3n de Datos Personales<\/h2><p>Este texto informativo se ajusta al art\u00edculo 10 de la Ley de Protecci\u00f3n de Datos Personales n.\u00ba 6698 (en adelante, la LEY DE PROTECCI\u00d3N DE DATOS PERSONALES o la Ley). Como responsable del tratamiento de datos, V\u0130V\u0130D SA\u011eLIK TUR\u0130ZM H\u0130ZMETLER\u0130 T\u0130CARET L\u0130M\u0130TED \u015e\u0130RKET\u0130 (en adelante, \u00abVivid Clinic\u00bb en el sentido de este texto aclaratorio) ha elaborado este documento para informarle sobre el m\u00e9todo y la base legal para la recopilaci\u00f3n de sus datos personales, la finalidad del tratamiento de estos datos, y a qui\u00e9n y con qu\u00e9 finalidad pueden transferirse.<\/p><h2>Identidad del responsable del tratamiento de datos<\/h2><ul><li><strong>T\u00edtulo de la empresa<\/strong>: V\u0130V\u0130D SA\u011eLIK TUR\u0130ZM H\u0130ZMETLER\u0130 T\u0130CARET L\u0130M\u0130TED \u015e\u0130RKET\u0130<\/li><li><strong>DIRECCI\u00d3N<\/strong>: ATAK\u00d6Y 7-8-9-10. KISIM MAH. \u00c7OBAN\u00c7E\u015eME E-5 YAN YOL CAD. 1 NO: 8\/1 \u0130\u00c7 KAPI NO: 14 BAKIRK\u00d6Y\/\u0130STANBUL\/T\u00dcRK\u0130YE<\/li><\/ul><h2>Sus datos personales procesados y la finalidad del procesamiento de datos<\/h2><p><strong>3.1. Sus datos personales procesados<\/strong><\/p><p><a href=\"https:\/\/vividclinic.net\/es\/how-to-achieve-a-perfect-beautiful-nose-at-vivid-clinic-in-istanbul\/\"  data-wpil-monitor-id=\"534\">Cl\u00ednica Vivid<\/a> proporciona sus datos personales que se indican a continuaci\u00f3n; los mismos se tratan de acuerdo a los requisitos y cualificaciones de las actividades a realizar en el \u00e1mbito del servicio que desea recibir:<\/p><ul><li><strong>Datos de identidad<\/strong>: Nombre, Apellido, Fecha de nacimiento, Lugar de nacimiento, Informaci\u00f3n de identidad\/pasaporte TR, Firma, G\u00e9nero, Informaci\u00f3n de nacionalidad, Informaci\u00f3n de estado civil<\/li><li><strong>Datos de comunicaci\u00f3n<\/strong>: N\u00famero de tel\u00e9fono, direcci\u00f3n de correo electr\u00f3nico, informaci\u00f3n de direcci\u00f3n, c\u00f3digo postal<\/li><li><strong>Seguridad del espacio f\u00edsico<\/strong>Grabaciones de c\u00e1maras de seguridad<\/li><li><strong>Datos financieros<\/strong>: N\u00famero de cuenta bancaria, informaci\u00f3n IBAN, informaci\u00f3n de tarjeta de cr\u00e9dito<\/li><li><strong>Datos visuales y de audio<\/strong>:Fotos antes y despu\u00e9s del procedimiento<\/li><li><strong>Informaci\u00f3n de salud<\/strong>: Informaci\u00f3n sobre el historial m\u00e9dico personal, informaci\u00f3n sobre enfermedades pasadas o actuales, informaci\u00f3n sobre el estado al\u00e9rgico, tipo de sangre, informe de consulta, informaci\u00f3n sobre medicamentos utilizados, informaci\u00f3n sobre el estado de embarazo, <a class=\"wpil_keyword_link\" href=\"https:\/\/vividclinic.net\/es\/doctor_cat\/dental\/\"   title=\"Dental\" data-wpil-keyword-link=\"linked\"  data-wpil-monitor-id=\"3770\">Dental<\/a> Informaci\u00f3n de salud, informaci\u00f3n sobre el tratamiento, tipo de enfermedad, valores m\u00e9dicos, resultados del an\u00e1lisis, dispositivo utilizado e informaci\u00f3n sobre la pr\u00f3tesis.<\/li><\/ul><h2><strong>3.2 Finalidad del tratamiento de datos<\/strong><\/h2><p>Sus datos personales antes mencionados son tratados para las siguientes finalidades por ser necesarios para el servicio recibido en el marco de la relaci\u00f3n jur\u00eddica establecida entre <a href=\"https:\/\/vividclinic.net\/es\/celebrities-hair-transplants-why-celebrities-love-dhi-technique\/\"  data-wpil-monitor-id=\"631\">Cl\u00ednica Vivid<\/a> y el Paciente\/Destinatario del Servicio:<\/p><ul><li>Creaci\u00f3n de expediente cl\u00ednico de pacientes para la prestaci\u00f3n de servicios de salud<\/li><li>Servicios de examen, diagn\u00f3stico m\u00e9dico, diagn\u00f3stico y tratamiento necesarios<\/li><li>Prestaci\u00f3n de servicios de apoyo postoperatorio<\/li><li>Ejecuci\u00f3n de procesos de gesti\u00f3n de la relaci\u00f3n con el paciente<\/li><li>Ejecuci\u00f3n de Actividades en Cumplimiento de la Legislaci\u00f3n<\/li><li>Responsabilidad legal del Ministerio de Salud, especialmente con las instituciones y organizaciones p\u00fablicas pertinentes que recopilan los datos solicitados y comparten informaci\u00f3n cuando es necesario<\/li><li>Ejecuci\u00f3n de ventas de servicios y asuntos financieros<\/li><li>Procesos de Ejecuci\u00f3n de Acuerdos<\/li><li>Ejecuci\u00f3n de Procesos de Publicidad\/Campa\u00f1as\/Promociones<\/li><li>Ejecuci\u00f3n de procesos de venta de bienes\/servicios<\/li><li>Ejecuci\u00f3n de bienes\/servicios Servicios de soporte posventa<\/li><li>Garantizar la seguridad del responsable del tratamiento de datos <a href=\"https:\/\/vividclinic.net\/es\/operations\/\"  data-wpil-monitor-id=\"1803\">Operaciones<\/a><\/li><\/ul><h2>Transferencia de datos personales<\/h2><p>Sus datos personales podr\u00e1n ser transferidos a nuestros socios comerciales, terceros de quienes recibimos servicios o cooperamos, instituciones p\u00fablicas legalmente autorizadas y personas privadas dentro del alcance de los motivos y prop\u00f3sitos mencionados anteriormente, en el marco y limitado a las condiciones de procesamiento de datos personales especificadas en los art\u00edculos 8 y 9 de la Ley No. 6698. Todos los procesadores de datos y terceros a quienes se transfieren datos personales est\u00e1n sujetos a la obligaci\u00f3n de confidencialidad por la Ley No. 6698.<\/p><h2>Periodo de conservaci\u00f3n de los datos personales<\/h2><p>Limitados a los fines especificados en este Texto Aclaratorio, sus datos personales ser\u00e1n tratados por los plazos de tratamiento de datos y de espera establecidos en todas las leyes pertinentes y otras regulaciones legales a las que <a href=\"https:\/\/vividclinic.net\/es\/the-hair-transplant-process-elon-musk-went-through\/\"  data-wpil-monitor-id=\"1804\">Cl\u00ednica Vivid<\/a> Est\u00e1 sujeto a cambios. En caso de cambios en la legislaci\u00f3n relativa a los plazos de tratamiento de datos, se tomar\u00e1n como base los nuevos plazos determinados. Transcurridos los plazos pertinentes, sus datos personales ser\u00e1n eliminados, destruidos y\/o anonimizados por <a class=\"wpil_keyword_link\" href=\"https:\/\/vividclinic.net\/es\/\"   title=\"Cl\u00ednica Vivid\" data-wpil-keyword-link=\"linked\"  data-wpil-monitor-id=\"2612\">Cl\u00ednica Vivid<\/a> o a petici\u00f3n suya mediante los m\u00e9todos previstos en la Ley y la normativa aplicable.<\/p><h2>Derechos de la persona relacionada<\/h2><p>En el \u00e1mbito del art\u00edculo 11 de la Ley, que regula los derechos del interesado, usted puede presentar sus solicitudes relativas al tratamiento de sus datos personales por escrito, mediante el Comunicado sobre Procedimientos y Principios de Solicitud del Responsable del Tratamiento, por correo postal a la direcci\u00f3n oficial de <a href=\"https:\/\/vividclinic.net\/es\/what-is-bmi-free-bmi-calculator-5-essential-facts\/\"  data-wpil-monitor-id=\"3475\">Cl\u00ednica Vivid<\/a> o electr\u00f3nicamente v\u00eda correo electr\u00f3nico.<\/p><ul><li><strong>DIRECCI\u00d3N<\/strong>: ATAK\u00d6Y 7-8-9-10. KISIM MAH. \u00c7OBAN\u00c7E\u015eME E-5 YAN YOL CAD. 1 NO: 8\/1 \u0130\u00c7 KAPI NO: 14 BAKIRK\u00d6Y\/\u0130STANBUL\/T\u00dcRK\u0130YE<\/li><li><strong>Correo electr\u00f3nico<\/strong>: info@vividclinic.net<\/li><\/ul><p>He le\u00eddo y comprendido el texto informativo.<\/p><ul><li><strong>Nombre Apellido<\/strong>:<\/li><li><strong>Fecha<\/strong>:<\/li><li><strong>Firma<\/strong>:<\/li><\/ul><h4>DECLARACI\u00d3N DE CONSENTIMIENTO EXPRESO RESPECTO AL TRATAMIENTO Y TRANSFERENCIA DE DATOS PERSONALES Y DATOS PERSONALES ESPECIALES AL EXTRANJERO<\/h4><p>He le\u00eddo y comprendido todo el TEXTO INFORMATIVO PARA EL PACIENTE\/RECEPTOR DEL SERVICIO BAJO LA LEY DE PROTECCI\u00d3N DE DATOS PERSONALES No. 6698. He sido informado sobre c\u00f3mo Vivid Clinic procesa y transfiere mis datos personales y personales sensibles dentro del marco de la Ley de Protecci\u00f3n de Datos Personales y c\u00f3mo puedo retirar mi consentimiento expl\u00edcito en cualquier momento.<\/p><p>De acuerdo con la Ley de Protecci\u00f3n de Datos Personales y la legislaci\u00f3n pertinente, Vivid Clinic y sus subsidiarias procesan mis datos de salud, que son datos personales especiales, para brindar los servicios que solicito, planificar estos servicios y compartirlos con otras personas y organizaciones en el pa\u00eds o en el extranjero cuando compartirlos sea necesario; Acepto y declaro que doy mi consentimiento.<\/p><p>Acepto haber le\u00eddo y comprendido el Texto Aclaratorio elaborado por Vivid Clinic. De conformidad con la LEY DE PROTECCI\u00d3N DE DATOS PERSONALES, Vivid Clinic procesar\u00e1 mis datos, incluidos mis datos personales de naturaleza especial, los utilizar\u00e1 \u00fanicamente para su tratamiento en el marco del proceso pertinente, los compartir\u00e1 tanto dentro como fuera del pa\u00eds, los almacenar\u00e1 durante el plazo requerido y utilizar\u00e1 servicios en la nube e internet en el extranjero para garantizar la continuidad del negocio. Acepto y declaro que consiento ser transferido al extranjero debido a su uso.<\/p><ul><li><strong>Nombre y Apellido<\/strong>:<\/li><li><strong>Fecha<\/strong>:<\/li><li><strong>Firma<\/strong>:<\/li><\/ul><h4>TEXTO DE CONSENTIMIENTO EXPRESO PARA EL TRATAMIENTO DE DATOS PERSONALES Y DATOS PERSONALES DE CALIDAD ESPECIAL EN CUENTAS DE REDES SOCIALES Y SITIO WEB<\/h4><p>Como Cl\u00ednica Vivid, seg\u00fan la Ley de <a href=\"https:\/\/vividclinic.net\/es\/legal\/protection-of-personal-data\/\"  data-wpil-monitor-id=\"140\">Protecci\u00f3n de Datos Personales<\/a> N.\u00ba 6698. En su calidad de Responsable del Tratamiento, Vivid Clinic tratar\u00e1 sus datos personales mediante su publicaci\u00f3n en redes sociales y en su sitio web oficial. Para el tratamiento de sus datos personales, le solicitamos su consentimiento expl\u00edcito.<\/p><p>DECLARACI\u00d3N DE CONSENTIMIENTO EXPRESO DE LA PERSONA PERTINENTE: De conformidad con la LEY DE PROTECCI\u00d3N DE DATOS PERSONALES, Vivid Clinic procesa mis datos, incluidos los datos personales especiales, y los publica en su sitio web y redes sociales. Acepto y declaro mi consentimiento. He recibido la aclaraci\u00f3n necesaria al respecto. Reconozco haber le\u00eddo y comprendido este texto y la aclaraci\u00f3n elaborada por Vivid Clinic.<\/p><ul><li><strong>Fecha<\/strong>:<\/li><li><strong>Nombre y Apellido<\/strong>:<\/li><li><strong>Firma<\/strong>:<\/li><\/ul>\t\t\t\t\t\t\t\t<\/div>\n\t\t\t\t<\/div>\n\t\t\t\t<\/div>\n\t\t\t\t\t<\/div>\n\t\t\t\t<\/div>\n\t\t<div class=\"elementor-element elementor-element-e30e48d e-flex e-con-boxed e-con e-parent\" data-id=\"e30e48d\" data-element_type=\"container\" data-e-type=\"container\" data-settings=\"{&quot;ekit_has_onepagescroll_dot&quot;:&quot;yes&quot;}\">\r\n\t\t\t\t\t<div class=\"e-con-inner\">\r\n\t\t<div class=\"elementor-element elementor-element-88da1c4 e-con-full e-flex e-con e-child\" data-id=\"88da1c4\" data-element_type=\"container\" data-e-type=\"container\" data-settings=\"{&quot;ekit_has_onepagescroll_dot&quot;:&quot;yes&quot;}\">\r\n\t\t\t\t<\/div>\n\t\t\t\t\t<\/div>\n\t\t\t\t<\/div>\n\t\t\t\t<\/div>","protected":false},"excerpt":{"rendered":"<p>Privacy Policy \u00a0 Protection of Personal Data This information text is in line with Article 10 of the Law on the Protection of Personal Data No. 6698 (referred to as the PERSONAL DATA PROTECTION LAW or the Law). As a data controller, it has been prepared by V\u0130V\u0130D SA\u011eLIK TUR\u0130ZM H\u0130ZMETLER\u0130 T\u0130CARET L\u0130M\u0130TED \u015e\u0130RKET\u0130 (referred [&hellip;]<\/p>\n","protected":false},"author":1,"featured_media":0,"parent":6112,"menu_order":0,"comment_status":"closed","ping_status":"open","template":"","meta":{"footnotes":""},"class_list":["post-6073","page","type-page","status-publish","hentry"],"_links":{"self":[{"href":"https:\/\/vividclinic.net\/es\/wp-json\/wp\/v2\/pages\/6073","targetHints":{"allow":["GET"]}}],"collection":[{"href":"https:\/\/vividclinic.net\/es\/wp-json\/wp\/v2\/pages"}],"about":[{"href":"https:\/\/vividclinic.net\/es\/wp-json\/wp\/v2\/types\/page"}],"author":[{"embeddable":true,"href":"https:\/\/vividclinic.net\/es\/wp-json\/wp\/v2\/users\/1"}],"replies":[{"embeddable":true,"href":"https:\/\/vividclinic.net\/es\/wp-json\/wp\/v2\/comments?post=6073"}],"version-history":[{"count":15,"href":"https:\/\/vividclinic.net\/es\/wp-json\/wp\/v2\/pages\/6073\/revisions"}],"predecessor-version":[{"id":31325,"href":"https:\/\/vividclinic.net\/es\/wp-json\/wp\/v2\/pages\/6073\/revisions\/31325"}],"up":[{"embeddable":true,"href":"https:\/\/vividclinic.net\/es\/wp-json\/wp\/v2\/pages\/6112"}],"wp:attachment":[{"href":"https:\/\/vividclinic.net\/es\/wp-json\/wp\/v2\/media?parent=6073"}],"curies":[{"name":"gracias","href":"https:\/\/api.w.org\/{rel}","templated":true}]}}