{"id":6066,"date":"2024-08-12T14:04:56","date_gmt":"2024-08-12T11:04:56","guid":{"rendered":"https:\/\/vividclinic.net\/?page_id=6066"},"modified":"2025-07-11T16:45:54","modified_gmt":"2025-07-11T13:45:54","slug":"cookie-policy","status":"publish","type":"page","link":"https:\/\/vividclinic.net\/es_mx\/legal\/cookie-policy\/","title":{"rendered":"Pol\u00edtica de cookies"},"content":{"rendered":"<h1>Pol\u00edtica de cookies<\/h1>\n<h4>\u00bfQu\u00e9 es una cookie?<\/h4>\n<p>Una cookie es un peque\u00f1o archivo de texto o informaci\u00f3n que se almacena en su ordenador o dispositivo m\u00f3vil (como un tel\u00e9fono inteligente o una tableta) cuando visita nuestro sitio web (vividclinic.net). Las cookies suelen contener el nombre del sitio web del que proceden, su duraci\u00f3n y un n\u00famero \u00fanico.<\/p>\n<h4>\u00bfPor qu\u00e9 utilizamos cookies?<\/h4>\n<p>Utilizamos cookies para que nuestro sitio sea m\u00e1s f\u00e1cil de usar, para adaptarlo a tus intereses y necesidades, y para mostrar anuncios personalizados. Los sitios web pueden leer y escribir estas cookies, lo que les permite reconocerte y recordar informaci\u00f3n importante para que tu experiencia en el sitio sea m\u00e1s c\u00f3moda.<\/p>\n<p>Las cookies tambi\u00e9n ayudan a agilizar sus futuras actividades en nuestro sitio web. Adem\u00e1s, podemos utilizarlas para recopilar informaci\u00f3n estad\u00edstica sobre el uso del sitio, lo que nos permite mejorar su dise\u00f1o y funcionalidad.<\/p>\n<h4>Galletas de Vivid Clinic<\/h4>\n<p>Utilizamos cookies para personalizar nuestro sitio web, aplicaci\u00f3n m\u00f3vil y sitio m\u00f3vil. Esto incluye cookies que guardan tu contrase\u00f1a y mantienen abierta tu sesi\u00f3n en el sitio web\/aplicaci\u00f3n m\u00f3vil\/sitio m\u00f3vil, evitando as\u00ed que tengas que introducir tu contrase\u00f1a varias veces en cada visita.<\/p>\n<p>Utilizamos cookies para determinar c\u00f3mo utiliza el sitio web, la aplicaci\u00f3n m\u00f3vil y el sitio m\u00f3vil, como por ejemplo desde d\u00f3nde y qu\u00e9 dispositivos se conecta, qu\u00e9 contenido ve y la duraci\u00f3n de su visita.<\/p>\n<p>Utilizamos cookies para ofrecer contenido y anuncios que se ajusten a sus intereses, es decir, para publicidad dirigida o con fines promocionales.<\/p>\n<h4>Tipos de cookies que utilizamos<\/h4>\n<p>En nuestros sitios web utilizamos dos tipos de cookies: cookies de sesi\u00f3n y cookies persistentes. Las cookies de sesi\u00f3n son temporales y solo permanecen hasta que cierre su navegador. Las cookies persistentes se almacenan en su disco duro hasta que las elimine o hasta que caduquen (esto depende de la duraci\u00f3n de la cookie).<\/p>\n<h4>Cookies de terceros<\/h4>\n<p>Podemos permitir que nuestros socios comerciales, plataformas publicitarias, plataformas de redes sociales y proveedores de servicios de an\u00e1lisis coloquen cookies en su dispositivo cuando visite nuestro sitio web. Estos proveedores de servicios externos son responsables de las cookies que instalan y deben cumplir con sus propias pol\u00edticas de privacidad y de cookies.<\/p>\n<h4>\u00bfC\u00f3mo controlar o eliminar las cookies?<\/h4>\n<p>La mayor\u00eda de los navegadores est\u00e1n configurados para aceptar cookies autom\u00e1ticamente de forma predeterminada. Puedes cambiar esta configuraci\u00f3n para bloquearlas o para que te avise cuando se env\u00eden cookies a tu dispositivo. Existen varias maneras de gestionar las cookies. Consulta las instrucciones o la ayuda de tu navegador para obtener m\u00e1s informaci\u00f3n sobre c\u00f3mo ajustar o modificar su configuraci\u00f3n.<\/p>\n<p>Dependiendo de su navegador de internet, puede seguir estos pasos para obtener informaci\u00f3n sobre las cookies y ejercer su derecho a permitirlas o rechazarlas:<\/p>\n<ul>\n<li><strong>Google Chrome<\/strong>: Haga clic en el icono \u201ccandado\u201d o \u201ci\u201d en la secci\u00f3n \u201cdirecci\u00f3n\u201d de su navegador y gestione los permisos de cookies en la secci\u00f3n \u201cCookies\u201d.<\/li>\n<li><strong>Explorador de Internet<\/strong>: Haga clic en la secci\u00f3n \u201cHerramientas\u201d o \u201cConfiguraci\u00f3n\u201d en la esquina superior derecha de su navegador y, a continuaci\u00f3n, gestione la configuraci\u00f3n de las cookies en la secci\u00f3n \u201cPrivacidad\u201d.<\/li>\n<li><strong>Mozilla Firefox<\/strong>Haz clic en el icono de men\u00fa (o \u201cAbrir men\u00fa\u201d) en la esquina superior derecha de tu navegador. Luego, haz clic en \u201cOpciones\u201d y utiliza el bot\u00f3n \u201cPrivacidad y seguridad\u201d para gestionar la configuraci\u00f3n de las cookies.<\/li>\n<li><strong>Safari<\/strong>Seleccione la pesta\u00f1a \u201cSafari\u201d en la secci\u00f3n \u201cAjustes\u201d de su tel\u00e9fono y gestione todos sus ajustes de cookies en la secci\u00f3n \u201cPrivacidad y seguridad\u201d.<\/li>\n<\/ul>\n<p>Para otros navegadores (por ejemplo, Opera, Microsoft Edge), consulte las p\u00e1ginas de ayuda o soporte del navegador correspondiente.<\/p>\n<p>Si desactiva nuestras cookies, esto podr\u00eda afectar su experiencia de usuario en vividclinic.net. Por ejemplo, es posible que no pueda ver ciertas partes del sitio o acceder a informaci\u00f3n personalizada para usted cuando lo visite.<\/p>\n<p>Si utiliza diferentes dispositivos para ver el sitio vividclinic.net (por ejemplo, ordenador, tel\u00e9fono inteligente, tableta, etc.), aseg\u00farese de que cada navegador en cada dispositivo est\u00e9 configurado de acuerdo con sus preferencias de cookies.<br \/><div class=\"wpconsent-cookie-policy\"><h2 class=\"wpconsent-cookie-category-name\">B\u00e1sico<\/h2><p class=\"wpconsent-cookie-category-description\">Las cookies esenciales habilitan funciones b\u00e1sicas y son necesarias para el correcto funcionamiento del sitio web.<\/p><table class=\"wpconsent-cookie-policy-table\"><tr><th>Nombre<\/th><th>Descripci\u00f3n<\/th><th>Duraci\u00f3n<\/th><\/tr><tr><td>wpconsent_preferences<\/td><td>Esta cookie se utiliza para almacenar las preferencias de consentimiento de cookies del usuario.<\/td><td>30 d\u00edas<\/td><\/tr><tr><td>wpconsent_preferences<\/td><td>Esta cookie se utiliza para almacenar las preferencias de consentimiento de cookies del usuario.<\/td><td>30 d\u00edas<\/td><\/tr><tr><td>wpconsent_preferences<\/td><td>Esta cookie se utiliza para almacenar las preferencias de consentimiento de cookies del usuario.<\/td><td>30 d\u00edas<\/td><\/tr><tr><td>wpconsent_preferences<\/td><td>Esta cookie se utiliza para almacenar las preferencias de consentimiento de cookies del usuario.<\/td><td>30 d\u00edas<\/td><\/tr><tr><td>wpconsent_preferences<\/td><td>Esta cookie se utiliza para almacenar las preferencias de consentimiento de cookies del usuario.<\/td><td>30 d\u00edas<\/td><\/tr><tr><td>wpconsent_preferences<\/td><td>Esta cookie se utiliza para almacenar las preferencias de consentimiento de cookies del usuario.<\/td><td>30 d\u00edas<\/td><\/tr><tr><td>wpconsent_preferences<\/td><td>Esta cookie se utiliza para almacenar las preferencias de consentimiento de cookies del usuario.<\/td><td>30 d\u00edas<\/td><\/tr><tr><td>wpconsent_preferences<\/td><td>Esta cookie se utiliza para almacenar las preferencias de consentimiento de cookies del usuario.<\/td><td>30 d\u00edas<\/td><\/tr><tr><td>wpconsent_preferences<\/td><td>Esta cookie se utiliza para almacenar las preferencias de consentimiento de cookies del usuario.<\/td><td>30 d\u00edas<\/td><\/tr><tr><td>wpconsent_preferences<\/td><td>Esta cookie se utiliza para almacenar las preferencias de consentimiento de cookies del usuario.<\/td><td>30 d\u00edas<\/td><\/tr><tr><td>wpconsent_preferences<\/td><td>Esta cookie se utiliza para almacenar las preferencias de consentimiento de cookies del usuario.<\/td><td>30 d\u00edas<\/td><\/tr><tr><td>wpconsent_preferences<\/td><td>Esta cookie se utiliza para almacenar las preferencias de consentimiento de cookies del usuario.<\/td><td>30 d\u00edas<\/td><\/tr><tr><td>wpconsent_preferences<\/td><td>Esta cookie se utiliza para almacenar las preferencias de consentimiento de cookies del usuario.<\/td><td>30 d\u00edas<\/td><\/tr><\/table><h3 class=\"wpconsent-cookie-service-name\">Comentarios<\/h3><p class=\"wpconsent-cookie-service-description\">Estas cookies son necesarias para a\u00f1adir comentarios en este sitio web.<\/p><table class=\"wpconsent-cookie-policy-table\"><tr><th>Nombre<\/th><th>Descripci\u00f3n<\/th><th>Duraci\u00f3n<\/th><\/tr><tr><td>URL del autor del comentario<\/td><td>Se utiliza para realizar un seguimiento del usuario a trav\u00e9s de m\u00faltiples sesiones.<\/td><td>Sesi\u00f3n<\/td><\/tr><tr><td>correo electr\u00f3nico del autor del comentario<\/td><td>Se utiliza para realizar un seguimiento del usuario a trav\u00e9s de m\u00faltiples sesiones.<\/td><td>Sesi\u00f3n<\/td><\/tr><tr><td>comentario_autor<\/td><td>Se utiliza para realizar un seguimiento del usuario a trav\u00e9s de m\u00faltiples sesiones.<\/td><td>Sesi\u00f3n<\/td><\/tr><\/table><h3 class=\"wpconsent-cookie-service-name\">Google reCAPTCHA<\/h3><p class=\"wpconsent-cookie-service-description\">Google reCAPTCHA ayuda a proteger los sitios web del spam y el abuso verificando las interacciones de los usuarios mediante desaf\u00edos.<\/p><table class=\"wpconsent-cookie-policy-table\"><tr><th>Nombre<\/th><th>Descripci\u00f3n<\/th><th>Duraci\u00f3n<\/th><\/tr><tr><td>_GRECAPTCHA<\/td><td>Google reCAPTCHA establece una cookie necesaria (_GRECAPTCHA) cuando se ejecuta con el fin de proporcionar su an\u00e1lisis de riesgos.<\/td><td>179 d\u00edas<\/td><\/tr><\/table><h3 class=\"wpconsent-cookie-service-name\">Administrador de etiquetas de Google<\/h3><p class=\"wpconsent-cookie-service-description\">Google Tag Manager simplifica la gesti\u00f3n de etiquetas de marketing en tu sitio web sin necesidad de modificar el c\u00f3digo.<\/p><table class=\"wpconsent-cookie-policy-table\"><tr><th>Nombre<\/th><th>Descripci\u00f3n<\/th><th>Duraci\u00f3n<\/th><\/tr><tr><td>td<\/td><td>Registra datos estad\u00edsticos sobre el comportamiento de los usuarios en el sitio web. Se utiliza para an\u00e1lisis internos por parte del operador del sitio web.<\/td><td>sesi\u00f3n<\/td><\/tr><tr><td>Preferencias de cookies<\/td><td>Registra las preferencias de cookies de un usuario<\/td><td>2 a\u00f1os<\/td><\/tr><\/table><h2 class=\"wpconsent-cookie-category-name\">Estad\u00edstica<\/h2><p class=\"wpconsent-cookie-category-description\">Las cookies de estad\u00edsticas recopilan informaci\u00f3n de forma an\u00f3nima. Esta informaci\u00f3n nos ayuda a comprender c\u00f3mo los visitantes utilizan nuestro sitio web.<\/p><h3 class=\"wpconsent-cookie-service-name\">Google Analytics<\/h3><p class=\"wpconsent-cookie-service-description\">Google Analytics es una potente herramienta que rastrea y analiza el tr\u00e1fico del sitio web para tomar decisiones de marketing informadas.<\/p><a href=\"https:\/\/policies.google.com\/privacy\" target=\"_blank\" rel=\"noopener\">M\u00e1s informaci\u00f3n<\/a><table class=\"wpconsent-cookie-policy-table\"><tr><th>Nombre<\/th><th>Descripci\u00f3n<\/th><th>Duraci\u00f3n<\/th><\/tr><tr><td>_rev\u00f3lver<\/td><td>Se utiliza para monitorizar el n\u00famero de solicitudes al servidor de Google Analytics al usar Google Tag Manager.<\/td><td>1 minuto<\/td><\/tr><tr><td>_gid<\/td><td>Se utiliza un ID para identificar a los usuarios durante 24 horas despu\u00e9s de su \u00faltima actividad.<\/td><td>24 horas<\/td><\/tr><tr><td>_Georgia_<\/td><td>ID utilizado para identificar a los usuarios<\/td><td>2 a\u00f1os<\/td><\/tr><tr><td>_gali<\/td><td>Utilizada por Google Analytics para determinar qu\u00e9 enlaces de una p\u00e1gina se est\u00e1n pulsando.<\/td><td>30 segundos<\/td><\/tr><tr><td>_Georgia<\/td><td>ID utilizado para identificar a los usuarios<\/td><td>2 a\u00f1os<\/td><\/tr><tr><td>__utmx<\/td><td>Se utiliza para determinar si un usuario est\u00e1 incluido en una prueba A\/B o multivariante.<\/td><td>18 meses<\/td><\/tr><tr><td>__utmv<\/td><td>Contiene informaci\u00f3n personalizada establecida por el desarrollador web mediante el m\u00e9todo _setCustomVar en Google Analytics. Esta cookie se actualiza cada vez que se env\u00edan nuevos datos al servidor de Google Analytics.<\/td><td>2 a\u00f1os despu\u00e9s de la \u00faltima actividad<\/td><\/tr><tr><td>__utmz<\/td><td>Contiene informaci\u00f3n sobre la fuente de tr\u00e1fico o la campa\u00f1a que dirigi\u00f3 al usuario al sitio web. La cookie se establece cuando se carga el c\u00f3digo JavaScript de GA.js y se actualiza cuando se env\u00edan datos al servidor de Google Analytics.<\/td><td>6 meses despu\u00e9s de la \u00faltima actividad<\/td><\/tr><tr><td>__utmc<\/td><td>Solo se utilizaba con versiones antiguas de Google Analytics (Urchin) y no con GA.js. Se usaba para distinguir entre sesiones nuevas y visitas al final de una sesi\u00f3n.<\/td><td>Fin de sesi\u00f3n (navegador)<\/td><\/tr><tr><td>__utmb<\/td><td>Se utiliza para distinguir entre nuevas sesiones y visitas. Esta cookie se establece cuando se carga la biblioteca JavaScript GA.js y no existe una cookie __utmb. La cookie se actualiza cada vez que se env\u00edan datos al servidor de Google Analytics.<\/td><td>30 minutos despu\u00e9s de la \u00faltima actividad<\/td><\/tr><tr><td>__utmt<\/td><td>Se utiliza para monitorizar el n\u00famero de solicitudes al servidor de Google Analytics.<\/td><td>10 minutos<\/td><\/tr><tr><td>__utma<\/td><td>ID utilizado para identificar usuarios y sesiones<\/td><td>2 a\u00f1os despu\u00e9s de la \u00faltima actividad<\/td><\/tr><tr><td>_gac_<\/td><td>Contiene informaci\u00f3n relacionada con las campa\u00f1as de marketing del usuario. Esta informaci\u00f3n se comparte con Google AdWords\/Google Ads cuando las cuentas de Google Ads y Google Analytics est\u00e1n vinculadas.<\/td><td>90 d\u00edas<\/td><\/tr><\/table><h2 class=\"wpconsent-cookie-category-name\">Marketing<\/h2><p class=\"wpconsent-cookie-category-description\">Las cookies de marketing se utilizan para rastrear a los visitantes de los sitios web. El objetivo es mostrar anuncios relevantes e interesantes para cada usuario.<\/p><h3 class=\"wpconsent-cookie-service-name\">Google Maps<\/h3><p class=\"wpconsent-cookie-service-description\">Google Maps es un servicio de mapas web que proporciona im\u00e1genes satelitales, navegaci\u00f3n en tiempo real e informaci\u00f3n basada en la ubicaci\u00f3n.<\/p><a href=\"https:\/\/policies.google.com\/privacy\" target=\"_blank\" rel=\"noopener\">M\u00e1s informaci\u00f3n<\/a><table class=\"wpconsent-cookie-policy-table\"><tr><th>Nombre<\/th><th>Descripci\u00f3n<\/th><th>Duraci\u00f3n<\/th><\/tr><tr><td>OGP<\/td><td>Esta cookie la utiliza Google para activar y realizar un seguimiento de la funcionalidad de Google Maps.<\/td><td>2 meses<\/td><\/tr><tr><td>OGPC<\/td><td>Estas cookies son utilizadas por Google para almacenar las preferencias e informaci\u00f3n del usuario mientras visualiza p\u00e1ginas con mapas de Google.<\/td><td>1 mes<\/td><\/tr><\/table><\/div>.<\/p>\n\n\n<p><\/p>","protected":false},"excerpt":{"rendered":"<p>Cookie Policy What is a Cookie? A cookie is a small text file or information stored on your computer or mobile device (such as a smartphone or tablet) when you visit our website (vividclinic.net). Cookies typically contain the name of the website they come from, their lifespan, and a unique number. Why Do We Use [&hellip;]<\/p>\n","protected":false},"author":1,"featured_media":0,"parent":6112,"menu_order":0,"comment_status":"closed","ping_status":"open","template":"","meta":{"footnotes":""},"class_list":["post-6066","page","type-page","status-publish","hentry"],"_links":{"self":[{"href":"https:\/\/vividclinic.net\/es_mx\/wp-json\/wp\/v2\/pages\/6066","targetHints":{"allow":["GET"]}}],"collection":[{"href":"https:\/\/vividclinic.net\/es_mx\/wp-json\/wp\/v2\/pages"}],"about":[{"href":"https:\/\/vividclinic.net\/es_mx\/wp-json\/wp\/v2\/types\/page"}],"author":[{"embeddable":true,"href":"https:\/\/vividclinic.net\/es_mx\/wp-json\/wp\/v2\/users\/1"}],"replies":[{"embeddable":true,"href":"https:\/\/vividclinic.net\/es_mx\/wp-json\/wp\/v2\/comments?post=6066"}],"version-history":[{"count":0,"href":"https:\/\/vividclinic.net\/es_mx\/wp-json\/wp\/v2\/pages\/6066\/revisions"}],"up":[{"embeddable":true,"href":"https:\/\/vividclinic.net\/es_mx\/wp-json\/wp\/v2\/pages\/6112"}],"wp:attachment":[{"href":"https:\/\/vividclinic.net\/es_mx\/wp-json\/wp\/v2\/media?parent=6066"}],"curies":[{"name":"wp","href":"https:\/\/api.w.org\/{rel}","templated":true}]}}