{"id":6107,"date":"2024-08-12T14:22:02","date_gmt":"2024-08-12T11:22:02","guid":{"rendered":"https:\/\/vividclinic.net\/?page_id=6107"},"modified":"2024-09-05T16:46:03","modified_gmt":"2024-09-05T13:46:03","slug":"consent-for-commercial-electronic-messages","status":"publish","type":"page","link":"https:\/\/vividclinic.net\/es_mx\/legal\/consent-for-commercial-electronic-messages\/","title":{"rendered":"Consentimiento para mensajes electr\u00f3nicos comerciales"},"content":{"rendered":"<div data-elementor-type=\"wp-page\" data-elementor-id=\"6107\" class=\"elementor elementor-6107\" data-elementor-post-type=\"page\">\n\t\t\t\t<div class=\"elementor-element elementor-element-29143ac e-flex e-con-boxed e-con e-parent\" data-id=\"29143ac\" data-element_type=\"container\" data-e-type=\"container\" data-settings=\"{&quot;ekit_has_onepagescroll_dot&quot;:&quot;yes&quot;}\">\r\n\t\t\t\t\t<div class=\"e-con-inner\">\r\n\t\t<div class=\"elementor-element elementor-element-f69d199 e-con-full e-flex e-con e-child\" data-id=\"f69d199\" data-element_type=\"container\" data-e-type=\"container\" data-settings=\"{&quot;ekit_has_onepagescroll_dot&quot;:&quot;yes&quot;}\">\r\n\t\t\t\t<div class=\"elementor-element elementor-element-b39f70d elementor-widget elementor-widget-elementskit-heading\" data-id=\"b39f70d\" data-element_type=\"widget\" data-e-type=\"widget\" data-settings=\"{&quot;ekit_we_effect_on&quot;:&quot;none&quot;}\" data-widget_type=\"elementskit-heading.default\">\n\t\t\t\t<div class=\"elementor-widget-container\">\n\t\t\t\t\t<div class=\"ekit-wid-con\" ><div class=\"ekit-heading elementskit-section-title-wraper text_left   ekit_heading_tablet-   ekit_heading_mobile-\"><h1 class=\"ekit-heading--title elementskit-section-title\">Consentimiento para mensajes electr\u00f3nicos comerciales<\/h1><div class=\"ekit_heading_separetor_wraper ekit_heading_elementskit-border-divider ekit-dotted\"><div class=\"elementskit-border-divider ekit-dotted\"><\/div><\/div><\/div><\/div>\t\t\t\t<\/div>\n\t\t\t\t<\/div>\n\t\t\t\t<\/div>\n\t\t\t\t\t<\/div>\n\t\t\t\t<\/div>\n\t\t<div class=\"elementor-element elementor-element-c3502d3 e-flex e-con-boxed e-con e-parent\" data-id=\"c3502d3\" data-element_type=\"container\" data-e-type=\"container\" data-settings=\"{&quot;ekit_has_onepagescroll_dot&quot;:&quot;yes&quot;}\">\r\n\t\t\t\t\t<div class=\"e-con-inner\">\r\n\t\t<div class=\"elementor-element elementor-element-d69b631 e-con-full e-flex e-con e-child\" data-id=\"d69b631\" data-element_type=\"container\" data-e-type=\"container\" data-settings=\"{&quot;ekit_has_onepagescroll_dot&quot;:&quot;yes&quot;}\">\r\n\t\t\t\t<div class=\"elementor-element elementor-element-e2e77ef elementor-widget elementor-widget-text-editor\" data-id=\"e2e77ef\" data-element_type=\"widget\" data-e-type=\"widget\" data-settings=\"{&quot;ekit_we_effect_on&quot;:&quot;none&quot;}\" data-widget_type=\"text-editor.default\">\n\t\t\t\t<div class=\"elementor-widget-container\">\n\t\t\t\t\t\t\t\t\t<h3><span style=\"color: var(--porto-h2-color,var(--porto-heading-color)); letter-spacing: var(--porto-h2-ls,-0.05em); text-align: var(--text-align);\">Informaci\u00f3n de consentimiento para mensajes electr\u00f3nicos comerciales<\/span><\/h3><p>Conforme a la Ley N\u00b0 6698 sobre Protecci\u00f3n de Datos Personales y la Ley N\u00b0 6563 sobre Regulaci\u00f3n del Comercio Electr\u00f3nico, <a href=\"https:\/\/vividclinic.net\/es_mx\/\">V\u00cdVIDO<\/a> SA\u011eLIK TUR\u0130ZM H\u0130ZMETLER\u0130 T\u0130CARET L\u0130M\u0130TED \u015e\u0130RKET\u0130 tratar\u00e1 sus datos personales con su consentimiento para todo tipo de actividades de marketing, campa\u00f1as, publicidad, lanzamientos, encuestas, sorteos, descuentos, promociones, ofertas especiales, inauguraciones, invitaciones, eventos y comunicaciones relacionadas con usted o con las personas bajo su tutela. Sus datos personales se compartir\u00e1n con los proveedores de servicios con los que colaboramos para el env\u00edo de SMS y correos electr\u00f3nicos, y se adoptar\u00e1n las medidas de seguridad necesarias.<\/p><h2>Consentimiento para el env\u00edo de mensajes electr\u00f3nicos comerciales<\/h2><p>Por la presente, doy mi consentimiento expl\u00edcito, sin ninguna presi\u00f3n, para que V\u0130V\u0130D SA\u011eLIK TUR\u0130ZM H\u0130ZMETLER\u0130 T\u0130CARET L\u0130M\u0130TED \u015e\u0130RKET\u0130 me env\u00ede mensajes electr\u00f3nicos comerciales a m\u00ed y\/o a las personas bajo mi tutela por SMS, correo electr\u00f3nico y llamadas telef\u00f3nicas para todo tipo de actividades de marketing, campa\u00f1as, anuncios, lanzamientos, encuestas, sorteos, descuentos, promociones, ofertas especiales, inauguraciones, invitaciones, eventos y actividades de comunicaci\u00f3n.<\/p>\t\t\t\t\t\t\t\t<\/div>\n\t\t\t\t<\/div>\n\t\t\t\t<\/div>\n\t\t\t\t\t<\/div>\n\t\t\t\t<\/div>\n\t\t\t\t<\/div>","protected":false},"excerpt":{"rendered":"<p>Consent for Commercial Electronic Messages Commercial Electronic Message Consent Information Under Law No. 6698 on the Protection of Personal Data and Law No. 6563 on the Regulation of Electronic Commerce, V\u0130V\u0130D SA\u011eLIK TUR\u0130ZM H\u0130ZMETLER\u0130 T\u0130CARET L\u0130M\u0130TED \u015e\u0130RKET\u0130 will process your personal data with your consent for all kinds of marketing activities, campaigns, advertisements, launches, surveys, [&hellip;]<\/p>\n","protected":false},"author":1,"featured_media":0,"parent":6112,"menu_order":0,"comment_status":"closed","ping_status":"open","template":"","meta":{"footnotes":""},"class_list":["post-6107","page","type-page","status-publish","hentry"],"_links":{"self":[{"href":"https:\/\/vividclinic.net\/es_mx\/wp-json\/wp\/v2\/pages\/6107","targetHints":{"allow":["GET"]}}],"collection":[{"href":"https:\/\/vividclinic.net\/es_mx\/wp-json\/wp\/v2\/pages"}],"about":[{"href":"https:\/\/vividclinic.net\/es_mx\/wp-json\/wp\/v2\/types\/page"}],"author":[{"embeddable":true,"href":"https:\/\/vividclinic.net\/es_mx\/wp-json\/wp\/v2\/users\/1"}],"replies":[{"embeddable":true,"href":"https:\/\/vividclinic.net\/es_mx\/wp-json\/wp\/v2\/comments?post=6107"}],"version-history":[{"count":0,"href":"https:\/\/vividclinic.net\/es_mx\/wp-json\/wp\/v2\/pages\/6107\/revisions"}],"up":[{"embeddable":true,"href":"https:\/\/vividclinic.net\/es_mx\/wp-json\/wp\/v2\/pages\/6112"}],"wp:attachment":[{"href":"https:\/\/vividclinic.net\/es_mx\/wp-json\/wp\/v2\/media?parent=6107"}],"curies":[{"name":"wp","href":"https:\/\/api.w.org\/{rel}","templated":true}]}}