{"id":6107,"date":"2024-08-12T14:22:02","date_gmt":"2024-08-12T11:22:02","guid":{"rendered":"https:\/\/vividclinic.net\/?page_id=6107"},"modified":"2024-09-05T16:46:03","modified_gmt":"2024-09-05T13:46:03","slug":"consent-for-commercial-electronic-messages","status":"publish","type":"page","link":"https:\/\/vividclinic.net\/fa\/legal\/consent-for-commercial-electronic-messages\/","title":{"rendered":"\u0631\u0636\u0627\u06cc\u062a \u0628\u0631\u0627\u06cc \u067e\u06cc\u0627\u0645\u200c\u0647\u0627\u06cc \u0627\u0644\u06a9\u062a\u0631\u0648\u0646\u06cc\u06a9\u06cc \u062a\u062c\u0627\u0631\u06cc"},"content":{"rendered":"<div data-elementor-type=\"wp-page\" data-elementor-id=\"6107\" class=\"elementor elementor-6107\" data-elementor-post-type=\"page\">\n\t\t\t\t<div class=\"elementor-element elementor-element-29143ac e-flex e-con-boxed e-con e-parent\" data-id=\"29143ac\" data-element_type=\"container\" data-e-type=\"container\" data-settings=\"{&quot;ekit_has_onepagescroll_dot&quot;:&quot;yes&quot;}\">\r\n\t\t\t\t\t<div class=\"e-con-inner\">\r\n\t\t<div class=\"elementor-element elementor-element-f69d199 e-con-full e-flex e-con e-child\" data-id=\"f69d199\" data-element_type=\"container\" data-e-type=\"container\" data-settings=\"{&quot;ekit_has_onepagescroll_dot&quot;:&quot;yes&quot;}\">\r\n\t\t\t\t<div class=\"elementor-element elementor-element-b39f70d elementor-widget elementor-widget-elementskit-heading\" data-id=\"b39f70d\" data-element_type=\"widget\" data-e-type=\"widget\" data-settings=\"{&quot;ekit_we_effect_on&quot;:&quot;none&quot;}\" data-widget_type=\"elementskit-heading.default\">\n\t\t\t\t<div class=\"elementor-widget-container\">\n\t\t\t\t\t<div class=\"ekit-wid-con\" ><div class=\"ekit-heading elementskit-section-title-wraper text_left   ekit_heading_tablet-   ekit_heading_mobile-\"><h1 class=\"ekit-heading--title elementskit-section-title\">\u0631\u0636\u0627\u06cc\u062a \u0628\u0631\u0627\u06cc \u067e\u06cc\u0627\u0645\u200c\u0647\u0627\u06cc \u0627\u0644\u06a9\u062a\u0631\u0648\u0646\u06cc\u06a9\u06cc \u062a\u062c\u0627\u0631\u06cc<\/h1><div class=\"ekit_heading_separetor_wraper ekit_heading_elementskit-border-divider ekit-dotted\"><div class=\"elementskit-border-divider ekit-dotted\"><\/div><\/div><\/div><\/div>\t\t\t\t<\/div>\n\t\t\t\t<\/div>\n\t\t\t\t<\/div>\n\t\t\t\t\t<\/div>\n\t\t\t\t<\/div>\n\t\t<div class=\"elementor-element elementor-element-c3502d3 e-flex e-con-boxed e-con e-parent\" data-id=\"c3502d3\" data-element_type=\"container\" data-e-type=\"container\" data-settings=\"{&quot;ekit_has_onepagescroll_dot&quot;:&quot;yes&quot;}\">\r\n\t\t\t\t\t<div class=\"e-con-inner\">\r\n\t\t<div class=\"elementor-element elementor-element-d69b631 e-con-full e-flex e-con e-child\" data-id=\"d69b631\" data-element_type=\"container\" data-e-type=\"container\" data-settings=\"{&quot;ekit_has_onepagescroll_dot&quot;:&quot;yes&quot;}\">\r\n\t\t\t\t<div class=\"elementor-element elementor-element-e2e77ef elementor-widget elementor-widget-text-editor\" data-id=\"e2e77ef\" data-element_type=\"widget\" data-e-type=\"widget\" data-settings=\"{&quot;ekit_we_effect_on&quot;:&quot;none&quot;}\" data-widget_type=\"text-editor.default\">\n\t\t\t\t<div class=\"elementor-widget-container\">\n\t\t\t\t\t\t\t\t\t<h3><span style=\"color: var(--porto-h2-color,var(--porto-heading-color)); letter-spacing: var(--porto-h2-ls,-0.05em); text-align: var(--text-align);\">\u0627\u0637\u0644\u0627\u0639\u0627\u062a \u0631\u0636\u0627\u06cc\u062a \u067e\u06cc\u0627\u0645 \u0627\u0644\u06a9\u062a\u0631\u0648\u0646\u06cc\u06a9\u06cc \u062a\u062c\u0627\u0631\u06cc<\/span><\/h3><p>\u0637\u0628\u0642 \u0642\u0627\u0646\u0648\u0646 \u0634\u0645\u0627\u0631\u0647 \u06f6\u06f6\u06f9\u06f8 \u062f\u0631 \u0645\u0648\u0631\u062f \u062d\u0641\u0627\u0638\u062a \u0627\u0632 \u062f\u0627\u062f\u0647\u200c\u0647\u0627\u06cc \u0634\u062e\u0635\u06cc \u0648 \u0642\u0627\u0646\u0648\u0646 \u0634\u0645\u0627\u0631\u0647 \u06f6\u06f5\u06f6\u06f3 \u062f\u0631 \u0645\u0648\u0631\u062f \u062a\u0646\u0638\u06cc\u0645 \u062a\u062c\u0627\u0631\u062a \u0627\u0644\u06a9\u062a\u0631\u0648\u0646\u06cc\u06a9\u060c <a href=\"https:\/\/vividclinic.net\/fa\/\">\u0648\u06cc\u0648\u06cc\u062f<\/a> \u0634\u0631\u06a9\u062a \u062e\u062f\u0645\u0627\u062a \u06af\u0631\u062f\u0634\u06af\u0631\u06cc SA\u011eLIK TUR\u0130ZM H\u0130ZMETLER\u0130 T\u0130CARET L\u0130M\u0130TED \u015e\u0130RKET\u0130 \u0628\u0627 \u0631\u0636\u0627\u06cc\u062a \u0634\u0645\u0627\u060c \u0627\u0637\u0644\u0627\u0639\u0627\u062a \u0634\u062e\u0635\u06cc \u0634\u0645\u0627 \u0631\u0627 \u0628\u0631\u0627\u06cc \u0627\u0646\u0648\u0627\u0639 \u0641\u0639\u0627\u0644\u06cc\u062a\u200c\u0647\u0627\u06cc \u0628\u0627\u0632\u0627\u0631\u06cc\u0627\u0628\u06cc\u060c \u06a9\u0645\u067e\u06cc\u0646\u200c\u0647\u0627\u060c \u062a\u0628\u0644\u06cc\u063a\u0627\u062a\u060c \u0631\u0627\u0647\u200c\u0627\u0646\u062f\u0627\u0632\u06cc\u200c\u0647\u0627\u060c \u0646\u0638\u0631\u0633\u0646\u062c\u06cc\u200c\u0647\u0627\u060c \u0642\u0631\u0639\u0647\u200c\u06a9\u0634\u06cc\u200c\u0647\u0627\u060c \u062a\u062e\u0641\u06cc\u0641\u200c\u0647\u0627\u060c \u067e\u0631\u0648\u0645\u0648\u0634\u0646\u200c\u0647\u0627\u060c \u067e\u06cc\u0634\u0646\u0647\u0627\u062f\u0627\u062a \u0648\u06cc\u0698\u0647\u060c \u062a\u0628\u0644\u06cc\u063a\u0627\u062a\u060c \u0627\u0641\u062a\u062a\u0627\u062d\u06cc\u0647\u200c\u0647\u0627\u060c \u062f\u0639\u0648\u062a\u200c\u0646\u0627\u0645\u0647\u200c\u0647\u0627\u060c \u0631\u0648\u06cc\u062f\u0627\u062f\u0647\u0627 \u0648 \u0641\u0639\u0627\u0644\u06cc\u062a\u200c\u0647\u0627\u06cc \u0627\u0631\u062a\u0628\u0627\u0637\u06cc \u0645\u0631\u0628\u0648\u0637 \u0628\u0647 \u0634\u0645\u0627 \u0648\/\u06cc\u0627 \u0627\u0641\u0631\u0627\u062f \u062a\u062d\u062a \u0633\u0631\u067e\u0631\u0633\u062a\u06cc \u0634\u0645\u0627 \u067e\u0631\u062f\u0627\u0632\u0634 \u062e\u0648\u0627\u0647\u062f \u06a9\u0631\u062f. \u0627\u0637\u0644\u0627\u0639\u0627\u062a \u0634\u062e\u0635\u06cc \u0634\u0645\u0627 \u0628\u0627 \u0627\u0631\u0627\u0626\u0647\u200c\u062f\u0647\u0646\u062f\u06af\u0627\u0646 \u062e\u062f\u0645\u0627\u062a\u06cc \u06a9\u0647 \u0645\u0627 \u0628\u0627 \u0622\u0646\u0647\u0627 \u0628\u0631\u0627\u06cc \u0627\u0631\u0633\u0627\u0644 \u067e\u06cc\u0627\u0645\u06a9 \u0648 \u0627\u06cc\u0645\u06cc\u0644 \u0647\u0645\u06a9\u0627\u0631\u06cc \u0645\u06cc\u200c\u06a9\u0646\u06cc\u0645\u060c \u0628\u0647 \u0627\u0634\u062a\u0631\u0627\u06a9 \u06af\u0630\u0627\u0634\u062a\u0647 \u0645\u06cc\u200c\u0634\u0648\u062f \u0648 \u0627\u0642\u062f\u0627\u0645\u0627\u062a \u0627\u0645\u0646\u06cc\u062a\u06cc \u0644\u0627\u0632\u0645 \u0627\u0646\u062c\u0627\u0645 \u062e\u0648\u0627\u0647\u062f \u0634\u062f.<\/p><h2>\u0631\u0636\u0627\u06cc\u062a \u067e\u06cc\u0627\u0645 \u0627\u0644\u06a9\u062a\u0631\u0648\u0646\u06cc\u06a9\u06cc \u062a\u062c\u0627\u0631\u06cc<\/h2><p>\u0628\u062f\u06cc\u0646\u0648\u0633\u06cc\u0644\u0647 \u0631\u0636\u0627\u06cc\u062a \u0635\u0631\u06cc\u062d \u062e\u0648\u062f \u0631\u0627\u060c \u0628\u062f\u0648\u0646 \u0647\u06cc\u0686 \u06af\u0648\u0646\u0647 \u0641\u0634\u0627\u0631\u06cc\u060c \u0628\u0647 \u0634\u0631\u06a9\u062a \u062e\u062f\u0645\u0627\u062a \u06af\u0631\u062f\u0634\u06af\u0631\u06cc \u0648 \u06af\u0631\u062f\u0634\u06af\u0631\u06cc \u0648\u06cc\u0648\u06cc\u062f \u0633\u0627\u063a\u0644\u06cc\u06a9 \u062a\u0648\u0631\u06cc\u0632\u0645 (V\u0130V\u0130D SA\u011eLIK TUR\u0130ZM H\u0130ZMETLER\u0130 T\u0130CARET L\u0130M\u0130TED \u015e\u0130RKET\u0130) \u0627\u0639\u0644\u0627\u0645 \u0645\u06cc\u200c\u06a9\u0646\u0645 \u062a\u0627 \u067e\u06cc\u0627\u0645\u200c\u0647\u0627\u06cc \u0627\u0644\u06a9\u062a\u0631\u0648\u0646\u06cc\u06a9\u06cc \u062a\u062c\u0627\u0631\u06cc \u0631\u0627 \u0628\u0631\u0627\u06cc \u0645\u0646 \u0648\/\u06cc\u0627 \u0627\u0641\u0631\u0627\u062f \u062a\u062d\u062a \u0633\u0631\u067e\u0631\u0633\u062a\u06cc \u0645\u0646 \u0627\u0632 \u0637\u0631\u06cc\u0642 \u067e\u06cc\u0627\u0645\u06a9\u060c \u0627\u06cc\u0645\u06cc\u0644 \u0648 \u062a\u0645\u0627\u0633 \u062a\u0644\u0641\u0646\u06cc \u0628\u0631\u0627\u06cc \u0627\u0646\u0648\u0627\u0639 \u0641\u0639\u0627\u0644\u06cc\u062a\u200c\u0647\u0627\u06cc \u0628\u0627\u0632\u0627\u0631\u06cc\u0627\u0628\u06cc\u060c \u06a9\u0645\u067e\u06cc\u0646\u200c\u0647\u0627\u060c \u062a\u0628\u0644\u06cc\u063a\u0627\u062a\u060c \u0631\u0627\u0647\u200c\u0627\u0646\u062f\u0627\u0632\u06cc\u200c\u0647\u0627\u060c \u0646\u0638\u0631\u0633\u0646\u062c\u06cc\u200c\u0647\u0627\u060c \u0642\u0631\u0639\u0647\u200c\u06a9\u0634\u06cc\u200c\u0647\u0627\u060c \u062a\u062e\u0641\u06cc\u0641\u200c\u0647\u0627\u060c \u067e\u0631\u0648\u0645\u0648\u0634\u0646\u200c\u0647\u0627\u060c \u067e\u06cc\u0634\u0646\u0647\u0627\u062f\u0627\u062a \u0648\u06cc\u0698\u0647\u060c \u062a\u0628\u0644\u06cc\u063a\u0627\u062a\u060c \u0627\u0641\u062a\u062a\u0627\u062d\u06cc\u0647\u200c\u0647\u0627\u060c \u062f\u0639\u0648\u062a\u200c\u0646\u0627\u0645\u0647\u200c\u0647\u0627\u060c \u0631\u0648\u06cc\u062f\u0627\u062f\u0647\u0627 \u0648 \u0641\u0639\u0627\u0644\u06cc\u062a\u200c\u0647\u0627\u06cc \u0627\u0631\u062a\u0628\u0627\u0637\u06cc \u0627\u0631\u0633\u0627\u0644 \u06a9\u0646\u062f.<\/p>\t\t\t\t\t\t\t\t<\/div>\n\t\t\t\t<\/div>\n\t\t\t\t<\/div>\n\t\t\t\t\t<\/div>\n\t\t\t\t<\/div>\n\t\t\t\t<\/div>","protected":false},"excerpt":{"rendered":"<p>Consent for Commercial Electronic Messages Commercial Electronic Message Consent Information Under Law No. 6698 on the Protection of Personal Data and Law No. 6563 on the Regulation of Electronic Commerce, V\u0130V\u0130D SA\u011eLIK TUR\u0130ZM H\u0130ZMETLER\u0130 T\u0130CARET L\u0130M\u0130TED \u015e\u0130RKET\u0130 will process your personal data with your consent for all kinds of marketing activities, campaigns, advertisements, launches, surveys, [&hellip;]<\/p>\n","protected":false},"author":1,"featured_media":0,"parent":6112,"menu_order":0,"comment_status":"closed","ping_status":"open","template":"","meta":{"footnotes":""},"class_list":["post-6107","page","type-page","status-publish","hentry"],"_links":{"self":[{"href":"https:\/\/vividclinic.net\/fa\/wp-json\/wp\/v2\/pages\/6107","targetHints":{"allow":["GET"]}}],"collection":[{"href":"https:\/\/vividclinic.net\/fa\/wp-json\/wp\/v2\/pages"}],"about":[{"href":"https:\/\/vividclinic.net\/fa\/wp-json\/wp\/v2\/types\/page"}],"author":[{"embeddable":true,"href":"https:\/\/vividclinic.net\/fa\/wp-json\/wp\/v2\/users\/1"}],"replies":[{"embeddable":true,"href":"https:\/\/vividclinic.net\/fa\/wp-json\/wp\/v2\/comments?post=6107"}],"version-history":[{"count":0,"href":"https:\/\/vividclinic.net\/fa\/wp-json\/wp\/v2\/pages\/6107\/revisions"}],"up":[{"embeddable":true,"href":"https:\/\/vividclinic.net\/fa\/wp-json\/wp\/v2\/pages\/6112"}],"wp:attachment":[{"href":"https:\/\/vividclinic.net\/fa\/wp-json\/wp\/v2\/media?parent=6107"}],"curies":[{"name":"\u0648\u0631\u062f\u067e\u0631\u0633","href":"https:\/\/api.w.org\/{rel}","templated":true}]}}