{"id":10286,"date":"2024-08-02T18:56:29","date_gmt":"2024-08-02T15:56:29","guid":{"rendered":"https:\/\/vividclinic.net\/mesafeli-satis-sozlesmesi\/"},"modified":"2025-07-16T17:19:23","modified_gmt":"2025-07-16T14:19:23","slug":"mesafeli-satis-sozlesmesi","status":"publish","type":"page","link":"https:\/\/vividclinic.net\/fr\/mesafeli-satis-sozlesmesi\/","title":{"rendered":"Mesafeli Sat\u0131\u015f S\u00f6zle\u015fmesi"},"content":{"rendered":"<div data-elementor-type=\"wp-page\" data-elementor-id=\"10286\" class=\"elementor elementor-10286\" data-elementor-post-type=\"page\">\n\t\t\t\t<div class=\"elementor-element elementor-element-f8a6ec6 e-flex e-con-boxed e-con e-parent\" data-id=\"f8a6ec6\" data-element_type=\"container\" data-e-type=\"container\" data-settings=\"{&quot;ekit_has_onepagescroll_dot&quot;:&quot;yes&quot;}\">\r\n\t\t\t\t\t<div class=\"e-con-inner\">\r\n\t\t<div class=\"elementor-element elementor-element-e13bd31 e-con-full e-flex e-con e-child\" data-id=\"e13bd31\" data-element_type=\"container\" data-e-type=\"container\" data-settings=\"{&quot;ekit_has_onepagescroll_dot&quot;:&quot;yes&quot;}\">\r\n\t\t\t\t<div class=\"elementor-element elementor-element-079d12b elementor-widget elementor-widget-elementskit-heading\" data-id=\"079d12b\" data-element_type=\"widget\" data-e-type=\"widget\" data-settings=\"{&quot;ekit_we_effect_on&quot;:&quot;none&quot;}\" data-widget_type=\"elementskit-heading.default\">\n\t\t\t\t<div class=\"elementor-widget-container\">\n\t\t\t\t\t<div class=\"ekit-wid-con\" ><div class=\"ekit-heading elementskit-section-title-wraper text_left   ekit_heading_tablet-   ekit_heading_mobile-\"><h1 class=\"ekit-heading--title elementskit-section-title\">Mesafeli Sat\u0131\u015f S\u00f6zle\u015fmesi<\/h1><div class=\"ekit_heading_separetor_wraper ekit_heading_elementskit-border-divider ekit-dotted\"><div class=\"elementskit-border-divider ekit-dotted\"><\/div><\/div><\/div><\/div>\t\t\t\t<\/div>\n\t\t\t\t<\/div>\n\t\t\t\t<\/div>\n\t\t\t\t\t<\/div>\n\t\t\t\t<\/div>\n\t\t<div class=\"elementor-element elementor-element-ca4d695 e-flex e-con-boxed e-con e-parent\" data-id=\"ca4d695\" data-element_type=\"container\" data-e-type=\"container\" data-settings=\"{&quot;ekit_has_onepagescroll_dot&quot;:&quot;yes&quot;}\">\r\n\t\t\t\t\t<div class=\"e-con-inner\">\r\n\t\t<div class=\"elementor-element elementor-element-8fc92bc e-con-full e-flex e-con e-child\" data-id=\"8fc92bc\" data-element_type=\"container\" data-e-type=\"container\" data-settings=\"{&quot;ekit_has_onepagescroll_dot&quot;:&quot;yes&quot;}\">\r\n\t\t\t\t<div class=\"elementor-element elementor-element-8224828 elementor-widget elementor-widget-text-editor\" data-id=\"8224828\" data-element_type=\"widget\" data-e-type=\"widget\" data-settings=\"{&quot;ekit_we_effect_on&quot;:&quot;none&quot;}\" data-widget_type=\"text-editor.default\">\n\t\t\t\t<div class=\"elementor-widget-container\">\n\t\t\t\t\t\t\t\t\t<h4> <\/h4>\n<h4>1. Taraflar<\/h4>\n<p>Bu Mesafeli Sat\u0131\u015f S\u00f6zle\u015fmesi, a\u015fa\u011f\u0131daki taraflar aras\u0131nda yap\u0131lm\u0131\u015ft\u0131r:<\/p>\n<ul>\n<li><strong>V\u0130V\u0130D SA\u011eLIK TUR\u0130ZM H\u0130ZMETLER\u0130 T\u0130CARET L\u0130M\u0130TED \u015e\u0130RKET\u0130<\/strong> (\u00ab\u00a0Sa\u011flay\u0131c\u0131\u00a0\u00bb), ATAK\u00d6Y 7-8-9-10.<br \/>\nKISIM MAH.<br \/>\n\u00c7OBAN\u00c7E\u015eME E-5 YAN YOL CAD.<br \/>\n1 NO\u00a0: 8\/1 \u0130\u00c7 KAPI NO\u00a0: 14 BAKIRK\u00d6Y\/\u0130STANBUL\/T\u00dcRK\u0130YE   <\/li>\n<li><strong>M\u00fc\u015fteri<\/strong> (\u00ab\u00a0M\u00fc\u015fteri\u00a0\u00bb), V\u0130V\u0130D SA\u011eLIK TUR\u0130ZM H\u0130ZMETLER\u0130 T\u0130CARET L\u0130M\u0130TED \u015e\u0130RKET\u0130&#039;nden hizmet sat\u0131n alan ki\u015fi.<\/li>\n<\/ul>\n<h4>2. S\u00f6zle\u015fmenin Konusu<\/h4>\n<p>Si vous \u00eates int\u00e9ress\u00e9, les sites Internet disponibles sur Internet sont disponibles dans tous les domaines, tels que les sites Web et les sites Web, 6502 disent T\u00fcketicinin Korunmas\u0131 Hakk\u0131nda Kanun ve Mesafeli S\u00f6zle\u015fmeler Vous pouvez utiliser la fonction de taraflar\u0131n hak et y\u00fck\u00fcml\u00fcl\u00fcklerinin belirlenmesidir.<\/p>\n<h4>3. Hizmet ve Fiyat Bilgileri<\/h4>\n<ul>\n<li><strong>Hizmet Tan\u0131m\u0131<\/strong>: Sa\u011flay\u0131c\u0131 taraf\u0131ndan sunulan estetik tedavi ve hizmetler.<\/li>\n<li><strong>Fiyat<\/strong>: Hizmetlerin g\u00fcncel fiyatlar\u0131, Sa\u011flay\u0131c\u0131&#039;n\u0131n internet sitesinde belirtilmi\u015ftir.<br \/>\nPour cela, si vous souhaitez que le tarif soit r\u00e9gl\u00e9 sur la commande et la mise en service, la commande doit \u00eatre effectu\u00e9e de mani\u00e8re \u00e0 ce que vous puissiez le faire. <\/li>\n<\/ul>\n<h4>4. Sipari\u015f et \u00d6deme<\/h4>\n<ul>\n<li><strong>Sipari\u015f<\/strong>: M\u00fc\u015fteri, Sa\u011flay\u0131c\u0131&#039;n\u0131n Internet sitesi \u00fczerinden istedi\u011fi hizmetleri se\u00e7er e sipari\u015fini tamamlar.<\/li>\n<li><strong>\u00d6deme<\/strong>: Sipari\u015fin tamamlanmas\u0131\u00e7in \u00f6deme, kredi kart\u0131 veya Sa\u011flay\u0131c\u0131&#039;n\u0131n sundu\u011fu di\u011fer \u00f6deme y\u00f6ntemleri ile yap\u0131l\u0131r.<br \/>\n\u00d6deme, sipari\u015f an\u0131nda al\u0131n\u0131r. <\/li>\n<\/ul>\n<h4>5. Cayma Hakk\u0131<\/h4>\n<p>M\u00fc\u015fteri, a\u015fa\u011f\u0131daki \u015fartlar alt\u0131nda s\u00f6zle\u015fmeden cayma hakk\u0131na sahiptir:<\/p>\n<ul>\n<li><strong>Cayma S\u00fcresi<\/strong>: M\u00fc\u015fteri, hizmetin verildi\u011fi tarihten itibaren 14 g\u00fcn i\u00e7inde cayma hakk\u0131n\u0131 kullanabilir.<\/li>\n<li>Ca\u00efma <strong>Bildirimi<\/strong>: Cayma hakk\u0131n\u0131n kullan\u0131lmas\u0131 i\u00e7in Sa\u011flay\u0131c\u0131&#039;ya yaz\u0131l\u0131 olarak veya electronic posta ile bildirim yap\u0131lmas\u0131 gerekmektedir.<\/li>\n<li>\u0130ade <strong>Commentaires :<\/strong> Cayma hakk\u0131n\u0131n kullan\u0131lmas\u0131 durumunda, M\u00fc\u015fteri&#039;den tahsil edilen \u00fccret, cayma bildiriminin Sa\u011flay\u0131c\u0131&#039;ya ula\u015ft\u0131\u011f\u0131 tarihten itibaren 14 g\u00fcn i\u00e7inde iade edilir.<br \/>\n\u0130ade, M\u00fc\u015fteri&#039;nin \u00f6deme yapt\u0131\u011f\u0131 y\u00f6ntemle yap\u0131l\u0131r. <\/li>\n<\/ul>\n<h4>6. Hizmetin Teslimi et Ifa S\u00fcresi<\/h4>\n<ul>\n<li><strong>Contenu<\/strong>: Hizmetler, Sa\u011flay\u0131c\u0131&#039;n\u0131n tesislerinde sunulur.<br \/>\nM\u00fc\u015fteri, hizmetin sunulaca\u011f\u0131 tarihte Sa\u011flay\u0131c\u0131&#039;n\u0131n tesislerinde haz\u0131r bulunmal\u0131d\u0131r. <\/li>\n<li>\u0130fa <strong>S\u00fcresi<\/strong>: Hizmetin ifas\u0131, M\u00fc\u015fteri ile mutab\u0131k kal\u0131nan tarihte ger\u00e7ekle\u015ftirilir.<\/li>\n<\/ul>\n<h4>7. M\u00fc\u015fteri Y\u00fck\u00fcml\u00fcl\u00fckleri<\/h4>\n<p>M\u00fc\u015fteri, a\u015fa\u011f\u0131daki y\u00fck\u00fcml\u00fcl\u00fcklere sahiptir\u00a0:<\/p>\n<ul>\n<li><strong>Bilgi Verme<\/strong>: M\u00fc\u015fteri, hizmetin ifas\u0131 i\u00e7in gerekli t\u00fcm bilgileri do\u011fru e eksiksiz olarak Sa\u011flay\u0131c\u0131&#039;ya sa\u011flamal\u0131d\u0131r.<\/li>\n<li><strong>Talimatlara Uyma<\/strong>: M\u00fc\u015fteri, Sa\u011flay\u0131c\u0131 taraf\u0131ndan verilen t\u00fcm talimatlara uymal\u0131 ve hizmet \u00f6ncesinde e sonras\u0131nda belirtilen kurallara riayet etmelidir.<\/li>\n<\/ul>\n<h4>8. Sa\u011flay\u0131c\u0131 Y\u00fck\u00fcml\u00fcl\u00fckleri<\/h4>\n<p>Sa\u011flay\u0131c\u0131, a\u015fa\u011f\u0131daki y\u00fck\u00fcml\u00fcl\u00fcklere sahiptir\u00a0:<\/p>\n<ul>\n<li><strong>Hizmet Sunumu<\/strong>: Sa\u011flay\u0131c\u0131, hizmetleri belirtilen tarihte e belirtilen \u015fekilde sunmay\u0131 taahhh\u00fct eder.<\/li>\n<li><strong>Gizlilik<\/strong>: Sa\u011flay\u0131c\u0131, M\u00fc\u015fteri&#039;nin ki\u015fisel ve sa\u011fl\u0131k bilgilerini gizli tutar e sadece hizmetin sunulmas\u0131 amac\u0131yla kullan\u0131r.<\/li>\n<\/ul>\n<h4>9. Ki\u015fisel Verilerin Korunmas\u0131<\/h4>\n<p>Sa\u011flay\u0131c\u0131, M\u00fc\u015fteri&#039;nin ki\u015fisel verilerini, 6698 dire <a href=\"https:\/\/vividclinic.net\/legal\/kisisel-verilerin-korunmasi\/\" title=\"Ki\u015fisel Verilerin Korunmas\u0131\"  data-wpil-monitor-id=\"81\">Ki\u015fisel Verilerin Korunmas\u0131<\/a> Kanunu&#039;na uygun olarak i\u015fler ve korur.<br \/>\nDetayl\u0131 bilgi \u00e7in Sa\u011flay\u0131c\u0131&#039;n\u0131n internet sitesinde yer alan Ki\u015fisel Verilerin Korunmas\u0131 Politikas\u0131n\u0131 inceleyebilirsiniz. <\/p>\n<h4>10. Uyu\u015fmazl\u0131klar\u0131n \u00c7\u00f6z\u00fcm\u00fc<\/h4>\n<p>Vous \u00eates d\u00e9j\u00e0 en contact avec les Mahkemeleri et l&#039;Icra Daireleri d&#039;Istanbul.<\/p>\n<h4>11. Y\u00fcrl\u00fck<\/h4>\n<p>M\u00fc\u015fteri, sites Interneti \u00fczerinden sipari\u015f verdi\u011finde bu s\u00f6zle\u015fmenin tum ko\u015fullar\u0131n\u0131 kabul etmi\u015f say\u0131l\u0131r.<br \/>\nSans embargo, la plupart des utilisateurs d&#039;Internet sont des personnes majeures. <\/p>\n<h4>\u0130leti\u015fim Bilgileri<\/h4>\n<ul>\n<li><strong>\u015eirket Unvan\u0131<\/strong>: V\u0130V\u0130D SA\u011eLIK TUR\u0130ZM H\u0130ZMETLER\u0130 T\u0130CARET L\u0130M\u0130TED \u015e\u0130RKET\u0130<\/li>\n<li><strong>Direction<\/strong>: ATAK\u00d6Y 7-8-9-10.<br \/>\nKISIM MAH.<br \/>\n\u00c7OBAN\u00c7E\u015eME E-5 YAN YOL CAD.<br \/>\n1 NO\u00a0: 8\/1 \u0130\u00c7 KAPI NO\u00a0: 14 BAKIRK\u00d6Y\/\u0130STANBUL\/T\u00dcRK\u0130YE   <\/li>\n<li><strong>T\u00e9l\u00e9phone<\/strong>+90 552 950 71 63<\/li>\n<li><strong>Courrier \u00e9lectronique<\/strong>: info@vividclinic.net<\/li>\n<li><strong>Pages Web:<\/strong> <a href=\"https:\/\/vividclinic.net\/es\/\" target=\"_new\" rel=\"noreferrer\">https:\/\/vividclinic.net<\/a><\/li>\n<\/ul>\n\t\t\t\t\t\t\t\t<\/div>\n\t\t\t\t<\/div>\n\t\t\t\t<\/div>\n\t\t\t\t\t<\/div>\n\t\t\t\t<\/div>\n\t\t\t\t<\/div>","protected":false},"excerpt":{"rendered":"<p>Mesafeli Sat\u0131\u015f S\u00f6zle\u015fmesi 1. Taraflar Bu Mesafeli Sat\u0131\u015f S\u00f6zle\u015fmesi, a\u015fa\u011f\u0131daki taraflar aras\u0131nda yap\u0131lm\u0131\u015ft\u0131r: V\u0130V\u0130D SA\u011eLIK TUR\u0130ZM H\u0130ZMETLER\u0130 T\u0130CARET L\u0130M\u0130TED \u015e\u0130RKET\u0130 (&#8220;Sa\u011flay\u0131c\u0131&#8221;), ATAK\u00d6Y 7-8-9-10. KISIM MAH. \u00c7OBAN\u00c7E\u015eME E-5 YAN YOL CAD. 1 NO: 8\/1 I\u0307\u00c7 KAPI NO: 14 BAKIRK\u00d6Y\/I\u0307STANBUL\/T\u00dcRKI\u0307YE M\u00fc\u015fteri (&#8220;M\u00fc\u015fteri&#8221;), V\u0130V\u0130D SA\u011eLIK TUR\u0130ZM H\u0130ZMETLER\u0130 T\u0130CARET L\u0130M\u0130TED \u015e\u0130RKET\u0130&#8217;nden hizmet sat\u0131n alan ki\u015fi. 2. S\u00f6zle\u015fmenin Konusu Bu [&hellip;]<\/p>\n","protected":false},"author":1,"featured_media":0,"parent":0,"menu_order":0,"comment_status":"closed","ping_status":"open","template":"","meta":{"footnotes":""},"class_list":["post-10286","page","type-page","status-publish","hentry"],"_links":{"self":[{"href":"https:\/\/vividclinic.net\/fr\/wp-json\/wp\/v2\/pages\/10286","targetHints":{"allow":["GET"]}}],"collection":[{"href":"https:\/\/vividclinic.net\/fr\/wp-json\/wp\/v2\/pages"}],"about":[{"href":"https:\/\/vividclinic.net\/fr\/wp-json\/wp\/v2\/types\/page"}],"author":[{"embeddable":true,"href":"https:\/\/vividclinic.net\/fr\/wp-json\/wp\/v2\/users\/1"}],"replies":[{"embeddable":true,"href":"https:\/\/vividclinic.net\/fr\/wp-json\/wp\/v2\/comments?post=10286"}],"version-history":[{"count":0,"href":"https:\/\/vividclinic.net\/fr\/wp-json\/wp\/v2\/pages\/10286\/revisions"}],"wp:attachment":[{"href":"https:\/\/vividclinic.net\/fr\/wp-json\/wp\/v2\/media?parent=10286"}],"curies":[{"name":"wp","href":"https:\/\/api.w.org\/{rel}","templated":true}]}}