{"id":10286,"date":"2024-08-02T18:56:29","date_gmt":"2024-08-02T15:56:29","guid":{"rendered":"https:\/\/vividclinic.net\/mesafeli-satis-sozlesmesi\/"},"modified":"2025-07-16T17:19:23","modified_gmt":"2025-07-16T14:19:23","slug":"mesafeli-satis-sozlesmesi","status":"publish","type":"page","link":"https:\/\/vividclinic.net\/he\/mesafeli-satis-sozlesmesi\/","title":{"rendered":"\u05de\u05e1\u05d0\u05e4\u05dc\u05d9 \u05e1\u05d0\u05d8\u05d9\u05e9 \u05e1\u05d5\u05d6\u05dc\u05e9\u05de\u05e1\u05d9"},"content":{"rendered":"<div data-elementor-type=\"wp-page\" data-elementor-id=\"10286\" class=\"elementor elementor-10286\" data-elementor-post-type=\"page\">\n\t\t\t\t<div class=\"elementor-element elementor-element-f8a6ec6 e-flex e-con-boxed e-con e-parent\" data-id=\"f8a6ec6\" data-element_type=\"container\" data-e-type=\"container\" data-settings=\"{&quot;ekit_has_onepagescroll_dot&quot;:&quot;yes&quot;}\">\r\n\t\t\t\t\t<div class=\"e-con-inner\">\r\n\t\t<div class=\"elementor-element elementor-element-e13bd31 e-con-full e-flex e-con e-child\" data-id=\"e13bd31\" data-element_type=\"container\" data-e-type=\"container\" data-settings=\"{&quot;ekit_has_onepagescroll_dot&quot;:&quot;yes&quot;}\">\r\n\t\t\t\t<div class=\"elementor-element elementor-element-079d12b elementor-widget elementor-widget-elementskit-heading\" data-id=\"079d12b\" data-element_type=\"widget\" data-e-type=\"widget\" data-settings=\"{&quot;ekit_we_effect_on&quot;:&quot;none&quot;}\" data-widget_type=\"elementskit-heading.default\">\n\t\t\t\t<div class=\"elementor-widget-container\">\n\t\t\t\t\t<div class=\"ekit-wid-con\" ><div class=\"ekit-heading elementskit-section-title-wraper text_left   ekit_heading_tablet-   ekit_heading_mobile-\"><h1 class=\"ekit-heading--title elementskit-section-title\">\u05de\u05e1\u05d0\u05e4\u05dc\u05d9 \u05e1\u05d0\u05d8\u05d9\u05e9 \u05e1\u05d5\u05d6\u05dc\u05e9\u05de\u05e1\u05d9<\/h1><div class=\"ekit_heading_separetor_wraper ekit_heading_elementskit-border-divider ekit-dotted\"><div class=\"elementskit-border-divider ekit-dotted\"><\/div><\/div><\/div><\/div>\t\t\t\t<\/div>\n\t\t\t\t<\/div>\n\t\t\t\t<\/div>\n\t\t\t\t\t<\/div>\n\t\t\t\t<\/div>\n\t\t<div class=\"elementor-element elementor-element-ca4d695 e-flex e-con-boxed e-con e-parent\" data-id=\"ca4d695\" data-element_type=\"container\" data-e-type=\"container\" data-settings=\"{&quot;ekit_has_onepagescroll_dot&quot;:&quot;yes&quot;}\">\r\n\t\t\t\t\t<div class=\"e-con-inner\">\r\n\t\t<div class=\"elementor-element elementor-element-8fc92bc e-con-full e-flex e-con e-child\" data-id=\"8fc92bc\" data-element_type=\"container\" data-e-type=\"container\" data-settings=\"{&quot;ekit_has_onepagescroll_dot&quot;:&quot;yes&quot;}\">\r\n\t\t\t\t<div class=\"elementor-element elementor-element-8224828 elementor-widget elementor-widget-text-editor\" data-id=\"8224828\" data-element_type=\"widget\" data-e-type=\"widget\" data-settings=\"{&quot;ekit_we_effect_on&quot;:&quot;none&quot;}\" data-widget_type=\"text-editor.default\">\n\t\t\t\t<div class=\"elementor-widget-container\">\n\t\t\t\t\t\t\t\t\t<h4> <\/h4>\n<h4>1. \u05d8\u05e8\u05e4\u05dc\u05e8<\/h4>\n<p>Bu Mesafeli Sat\u0131\u015f S\u00f6zle\u015fmesi, a\u015fa\u011f\u0131daki taraflar aras\u0131nda yap\u0131lm\u0131\u015ft\u0131r:<\/p>\n<ul>\n<li><strong>V\u0130V\u0130D SA\u011eLIK TUR\u0130ZM H\u0130ZMETLER\u0130 T\u0130CARET L\u0130M\u0130TED \u015e\u0130RKET\u0130<\/strong> (&quot;Sa\u011flay\u0131c\u0131&quot;), ATAK\u00d6Y 7-8-9-10.<br \/>\n\u05e7\u05d9\u05e1\u05d9\u05dd \u05de\u05d0.<br \/>\n\u00c7OBAN\u00c7E\u015eME E-5 YAN YOL CAD.<br \/>\n1 \u05de\u05e1&#039;: 8\/1 \u0130\u00c7 KAPI \u05de\u05e1&#039;: 14 BAKIRK\u00d6Y\/\u0130STANBUL\/T\u00dcRK\u0130YE   <\/li>\n<li><strong>\u05de\u05d5\u05bc\u05e9\u05b0\u05c1\u05d8\u05b6\u05e8\u05b4\u05d9<\/strong> (&quot;M\u00fc\u015fteri&quot;), V\u0130V\u0130D SA\u011eLIK TUR\u0130ZM H\u0130ZMETLER\u0130 T\u0130CARET L\u0130M\u0130TED \u015e\u0130RKET\u0130&#039;nden hizmet sat\u0131n alan ki\u015fi.<\/li>\n<\/ul>\n<h4>2. \u05e1\u05d5\u05d6\u05dc\u05e9\u05de\u05e0\u05d9\u05df \u05e7\u05d5\u05e0\u05d5\u05e1\u05d5<\/h4>\n<p>Bu s\u00f6zle\u015fmenin konusu, M\u00fc\u015fteri&#039;nin Sa\u011flay\u0131c\u0131&#039;n\u0131n internet sitesi \u00fczerinden sat\u0131n ald\u0131\u011f\u0131 estetik tedavi ve hizmetlerin sat\u0131\u015f\u0131na ve teslimine ili\u015fkin olarak 6502 say\u0131l\u0131 T\u00fcketicininsaf Korun\u0131n\u0131n\u0131n\u0131k Y\u00f6netmeli\u011fi h\u00fck\u00fcmleri gere\u011fince taraflar\u0131n hak ve y\u00fck\u00fcml\u00fcl\u00fcklerinin belirlenmesidir.<\/p>\n<h4>3. \u05d7\u05d9\u05d6\u05de\u05d8 \u05d5\u05e4\u05d9\u05d0\u05d8 \u05d1\u05d9\u05dc\u05d2\u05d9\u05dc\u05e8\u05d9<\/h4>\n<ul>\n<li><strong>\u05d7\u05d9\u05d6\u05de\u05d8 \u05d8\u05d0\u05e0\u05d9\u05de\u05d9<\/strong>: Sa\u011flay\u0131c\u0131 taraf\u0131ndan sunulan estetik tedavi ve hizmetler.<\/li>\n<li><strong>\u05e4\u05d9\u05d0\u05d8<\/strong>: Hizmetlerin g\u00fcncel fiyatlar\u0131, Sa\u011flay\u0131c\u0131&#039;n\u0131n internet sitesinde belirtilmi\u015ftir.<br \/>\nFiyatlar, sipari\u015fin verildi\u011fi tarihte ge\u00e7erli olan fiyatlard\u0131r ve Sa\u011flay\u0131c\u0131, fiyatlarda de\u011fi\u015fiklik yapma hakk\u0131n\u0131 sakl\u0131 tutar. <\/li>\n<\/ul>\n<h4>4. \u05e1\u05d9\u05e4\u05d0\u05e8\u05d9\u05e9 \u05d5\u05d0\u05d5\u05d3\u05de\u05d4<\/h4>\n<ul>\n<li><strong>\u05e1\u05d9\u05e4\u05d0\u05e8\u05d9\u05e9<\/strong>: M\u00fc\u015fteri, Sa\u011flay\u0131c\u0131&#039;n\u0131n \u05d0\u05ea\u05e8\u05d9 \u05d0\u05d9\u05e0\u05d8\u05e8\u05e0\u05d8 \u00fczerinden istedi\u011fi hizmetleri se\u00e7er ve sipari\u015fini tamamlar.<\/li>\n<li><strong>\u05d0\u05d5\u05d3\u05de\u05d4<\/strong>: Sipari\u015fin tamamlanmas\u0131 i\u00e7in \u00f6deme, kredi kart\u0131 veya Sa\u011flay\u0131c\u0131&#039;n\u0131n sundu\u011fu di\u011fer \u00f6deme y\u00f6ntemleri ile yap\u0131l\u0131r.<br \/>\n\u00d6deme, sipari\u015f an\u0131nda al\u0131n\u0131r. <\/li>\n<\/ul>\n<h4>5. \u05e7\u05d9\u05d9\u05de\u05d4 \u05d7\u05e7\u05d9<\/h4>\n<p>M\u00fc\u015fteri, a\u015fa\u011f\u0131daki \u015fartlar alt\u0131nda s\u00f6zle\u015fmeden cayma hakk\u0131na sahiptir:<\/p>\n<ul>\n<li><strong>\u05e7\u05d9\u05d9\u05de\u05d4 \u05e1\u05d5\u05e8\u05e1\u05d9<\/strong>: M\u00fc\u015fteri, hizmetin verildi\u011fi tarihten itibaren 14 g\u00fcn i\u00e7inde cayma hakk\u0131n\u0131 kullanabilir.<\/li>\n<li>\u05e7\u05d9\u05d9\u05de\u05d4 <strong>\u05d1\u05d9\u05dc\u05d3\u05d9\u05e8\u05d9\u05de\u05d9<\/strong>: Cayma hakk\u0131n\u0131n kullan\u0131lmas\u0131 i\u00e7in Sa\u011flay\u0131c\u0131&#039;ya yaz\u0131l\u0131 olarak veya elektronik posta ile bildirim yap\u0131lmas\u0131 gerekmektedir.<\/li>\n<li>\u05d0\u05d9\u05d3\u05d4 <strong>\u05e7\u05d5\u05e1\u05d5\u05dc\u05e8\u05d9:<\/strong> Cayma hakk\u0131n\u0131n kullan\u0131lmas\u0131 durumunda, M\u00fc\u015fteri&#039;den tahsil edilen \u00fccret, cayma bildiriminin Sa\u011flay\u0131c\u0131&#039;ya ula\u015ft\u0131\u011f\u0131 tarihten itibaren 14 g\u00fcn i\u00e7inde iade edilir.<br \/>\n\u0130ade, M\u00fc\u015fteri&#039;nin \u00f6deme yapt\u0131\u011f\u0131 y\u00f6ntemle yap\u0131l\u0131r. <\/li>\n<\/ul>\n<h4>6. Hizmetin Teslimi ve \u0130fa S\u00fcresi<\/h4>\n<ul>\n<li><strong>\u05ea\u05d5\u05db\u05df<\/strong>: Hizmetler, Sa\u011flay\u0131c\u0131&#039;n\u0131n tesislerinde sunulur.<br \/>\nM\u00fc\u015fteri, hizmetin sunulaca\u011f\u0131 tarihte Sa\u011flay\u0131c\u0131&#039;n\u0131n tesislerinde haz\u0131r bulunmal\u0131d\u0131r. <\/li>\n<li>\u05d0\u05d9\u05e4\u05d0 <strong>\u05e1\u05d5\u05e8\u05e1<\/strong>: Hizmetin ifas\u0131, M\u00fc\u015fteri ile mutab\u0131k kal\u0131nan tarihte ger\u00e7ekle\u015ftirilir.<\/li>\n<\/ul>\n<h4>7. M\u00fc\u015fteri Y\u00fck\u00fcml\u00fcl\u00fckleri<\/h4>\n<p>M\u00fc\u015fteri, a\u015fa\u011f\u0131daki y\u00fck\u00fcml\u00fcl\u00fcklere sahiptir:<\/p>\n<ul>\n<li><strong>\u05d1\u05d9\u05dc\u05d2\u05d9 \u05d5\u05e8\u05de\u05d4<\/strong>: M\u00fc\u015fteri, hizmetin ifas\u0131 i\u00e7in gerekli t\u00fcm bilgileri do\u011fru ve eksiksiz olarak Sa\u011flay\u0131c\u0131&#039;ya sa\u011flamal\u0131d\u0131r.<\/li>\n<li><strong>\u05d8\u05dc\u05d9\u05de\u05d8\u05dc\u05d0\u05e8\u05d4 \u05d0\u05d5\u05d9\u05de\u05d4<\/strong>: M\u00fc\u015fteri, Sa\u011flay\u0131c\u0131 taraf\u0131ndan verilen t\u00fcm talimatlara uymal\u0131 ve hizmet \u00f6ncesinde ve sonras\u0131nda belirtilen kurallara riayet etmelidir.<\/li>\n<\/ul>\n<h4>8. Sa\u011flay\u0131c\u0131 Y\u00fck\u00fcml\u00fcl\u00fckleri<\/h4>\n<p>Sa\u011flay\u0131c\u0131, a\u015fa\u011f\u0131daki y\u00fck\u00fcml\u00fcl\u00fcklere sahiptir:<\/p>\n<ul>\n<li><strong>\u05d7\u05d9\u05d6\u05de\u05d8 \u05e1\u05d5\u05e0\u05d5\u05de\u05d5<\/strong>: Sa\u011flay\u0131c\u0131, hizmetleri belirtilen tarihte ve belirtilen \u015fekilde sunmay\u0131 taahhh\u00fct eder.<\/li>\n<li><strong>\u05d2\u05d9\u05d6\u05dc\u05d9\u05dc\u05d9\u05e7<\/strong>: Sa\u011flay\u0131c\u0131, M\u00fc\u015fteri&#039;nin ki\u015fisel ve sa\u011fl\u0131k bilgilerini gizli tutar ve sadece hizmetin sunulmas\u0131 amac\u0131yla kullan\u0131r.<\/li>\n<\/ul>\n<h4>9. Ki\u015fisel Verilerin Korunmas\u0131<\/h4>\n<p>Sa\u011flay\u0131c\u0131, M\u00fc\u015fteri&#039;nin ki\u015fisel verilerini, 6698 say\u0131l\u0131 <a href=\"https:\/\/vividclinic.net\/legal\/kisisel-verilerin-korunmasi\/\" title=\"\u05e7\u05d9\u05e9\u05d9\u05e1\u05dc \u05d5\u05e8\u05d9\u05dc\u05e8\u05d9\u05df \u05e7\u05d5\u05e8\u05d5\u05e0\u05de\u05e1\u05d9\"  data-wpil-monitor-id=\"81\">\u05e7\u05d9\u05e9\u05d9\u05e1\u05dc \u05d5\u05e8\u05d9\u05dc\u05e8\u05d9\u05df \u05e7\u05d5\u05e8\u05d5\u05e0\u05de\u05e1\u05d9<\/a> Kanunu&#039;na uygun olarak i\u015fler ve korur.<br \/>\nDetayl\u0131 bilgi i\u00e7in Sa\u011flay\u0131c\u0131&#039;n\u0131n internet sitesinde yer alan Ki\u015fisel Verilerin Korunmas\u0131 Politikas\u0131n\u0131 inceleyebilirsiniz. <\/p>\n<h4>10. Uyu\u015fmazl\u0131klar\u0131n \u00c7\u00f6z\u00fcm\u00fc<\/h4>\n<p>Bu s\u00f6zle\u015fmeden do\u011fan uyu\u015fmazl\u0131klar\u0131n \u00e7\u00f6z\u00fcm\u00fcnde \u0130stanbul Mahkemeleri ve \u0130cra Daireleri yetkilidir.<\/p>\n<h4>11. \u05d9\u05d5\u05e8\u05dc\u05d5\u05e7<\/h4>\n<p>M\u00fc\u015fteri, \u05d0\u05ea\u05e8\u05d9 \u05d0\u05d9\u05e0\u05d8\u05e8\u05e0\u05d8 \u00fczerinden sipari\u015f verdi\u011finde bu s\u00f6zle\u015fmenin t\u00fcm ko\u015fullar\u0131n\u0131 kabul etmi\u015f say\u0131l\u0131r.<br \/>\n\u05d0\u05de\u05d1\u05e8\u05d2\u05d5 \u05d4\u05d7\u05d8\u05d0, la mayor\u00eda de los usuarios de internet son personas mayors. <\/p>\n<h4>\u05d0\u05d9\u05dc\u05d8\u05d9\u05e9\u05d9\u05dd \u05d1\u05d9\u05dc\u05d2\u05d9\u05dc\u05e8\u05d9<\/h4>\n<ul>\n<li><strong>\u05e9\u05d9\u05e8\u05e7\u05ea \u05d0\u05d5\u05e0\u05d5\u05d5\u05e0\u05d9<\/strong>: V\u0130V\u0130D SA\u011eLIK TUR\u0130ZM H\u0130ZMETLER\u0130 T\u0130CARET L\u0130M\u0130TED \u015e\u0130RKET\u0130<\/li>\n<li><strong>\u05db\u05d9\u05d5\u05d5\u05df<\/strong>\u05d0\u05d8\u05e7\u05d5\u05d9 7-8-9-10.<br \/>\n\u05e7\u05d9\u05e1\u05d9\u05dd \u05de\u05d0.<br \/>\n\u00c7OBAN\u00c7E\u015eME E-5 YAN YOL CAD.<br \/>\n1 \u05de\u05e1&#039;: 8\/1 \u0130\u00c7 KAPI \u05de\u05e1&#039;: 14 BAKIRK\u00d6Y\/\u0130STANBUL\/T\u00dcRK\u0130YE   <\/li>\n<li><strong>\u05d8\u05dc\u05e4\u05d5\u05df<\/strong>+90 552 950 71 63<\/li>\n<li><strong>\u05d3\u05d5\u05d0\u05e8 \u05d0\u05dc\u05e7\u05d8\u05e8\u05d5\u05e0\u05d9<\/strong>: info@vividclinic.net<\/li>\n<li><strong>\u05d3\u05e4\u05d9 \u05d0\u05d9\u05e0\u05d8\u05e8\u05e0\u05d8:<\/strong> <a href=\"https:\/\/vividclinic.net\/es\/\" target=\"_new\" rel=\"noreferrer\">https:\/\/vividclinic.net<\/a><\/li>\n<\/ul>\n\t\t\t\t\t\t\t\t<\/div>\n\t\t\t\t<\/div>\n\t\t\t\t<\/div>\n\t\t\t\t\t<\/div>\n\t\t\t\t<\/div>\n\t\t\t\t<\/div>","protected":false},"excerpt":{"rendered":"<p>Mesafeli Sat\u0131\u015f S\u00f6zle\u015fmesi 1. Taraflar Bu Mesafeli Sat\u0131\u015f S\u00f6zle\u015fmesi, a\u015fa\u011f\u0131daki taraflar aras\u0131nda yap\u0131lm\u0131\u015ft\u0131r: V\u0130V\u0130D SA\u011eLIK TUR\u0130ZM H\u0130ZMETLER\u0130 T\u0130CARET L\u0130M\u0130TED \u015e\u0130RKET\u0130 (&#8220;Sa\u011flay\u0131c\u0131&#8221;), ATAK\u00d6Y 7-8-9-10. KISIM MAH. \u00c7OBAN\u00c7E\u015eME E-5 YAN YOL CAD. 1 NO: 8\/1 I\u0307\u00c7 KAPI NO: 14 BAKIRK\u00d6Y\/I\u0307STANBUL\/T\u00dcRKI\u0307YE M\u00fc\u015fteri (&#8220;M\u00fc\u015fteri&#8221;), V\u0130V\u0130D SA\u011eLIK TUR\u0130ZM H\u0130ZMETLER\u0130 T\u0130CARET L\u0130M\u0130TED \u015e\u0130RKET\u0130&#8217;nden hizmet sat\u0131n alan ki\u015fi. 2. S\u00f6zle\u015fmenin Konusu Bu [&hellip;]<\/p>\n","protected":false},"author":1,"featured_media":0,"parent":0,"menu_order":0,"comment_status":"closed","ping_status":"open","template":"","meta":{"footnotes":""},"class_list":["post-10286","page","type-page","status-publish","hentry"],"_links":{"self":[{"href":"https:\/\/vividclinic.net\/he\/wp-json\/wp\/v2\/pages\/10286","targetHints":{"allow":["GET"]}}],"collection":[{"href":"https:\/\/vividclinic.net\/he\/wp-json\/wp\/v2\/pages"}],"about":[{"href":"https:\/\/vividclinic.net\/he\/wp-json\/wp\/v2\/types\/page"}],"author":[{"embeddable":true,"href":"https:\/\/vividclinic.net\/he\/wp-json\/wp\/v2\/users\/1"}],"replies":[{"embeddable":true,"href":"https:\/\/vividclinic.net\/he\/wp-json\/wp\/v2\/comments?post=10286"}],"version-history":[{"count":0,"href":"https:\/\/vividclinic.net\/he\/wp-json\/wp\/v2\/pages\/10286\/revisions"}],"wp:attachment":[{"href":"https:\/\/vividclinic.net\/he\/wp-json\/wp\/v2\/media?parent=10286"}],"curies":[{"name":"wp","href":"https:\/\/api.w.org\/{rel}","templated":true}]}}