{"id":10587,"date":"2024-08-12T15:48:13","date_gmt":"2024-08-12T12:48:13","guid":{"rendered":"https:\/\/vividclinic.net\/gizlilik-politikasi\/"},"modified":"2024-09-05T16:46:45","modified_gmt":"2024-09-05T13:46:45","slug":"gizlilik-politikasi","status":"publish","type":"page","link":"https:\/\/vividclinic.net\/he\/gizlilik-politikasi\/","title":{"rendered":"\u05d2\u05d9\u05d6\u05dc\u05d9\u05dc\u05d9\u05e7 \u05e4\u05d5\u05dc\u05d9\u05d8\u05d9\u05e7\u05d0\u05e1\u05d9"},"content":{"rendered":"<div data-elementor-type=\"wp-page\" data-elementor-id=\"10587\" class=\"elementor elementor-10587\" data-elementor-post-type=\"page\">\n\t\t\t\t<div class=\"elementor-element elementor-element-c54fda4 e-flex e-con-boxed e-con e-parent\" data-id=\"c54fda4\" data-element_type=\"container\" data-e-type=\"container\" data-settings=\"{&quot;ekit_has_onepagescroll_dot&quot;:&quot;yes&quot;}\">\r\n\t\t\t\t\t<div class=\"e-con-inner\">\r\n\t\t<div class=\"elementor-element elementor-element-3e873d3 e-con-full e-flex e-con e-child\" data-id=\"3e873d3\" data-element_type=\"container\" data-e-type=\"container\" data-settings=\"{&quot;ekit_has_onepagescroll_dot&quot;:&quot;yes&quot;}\">\r\n\t\t\t\t<div class=\"elementor-element elementor-element-d52bae5 elementor-widget elementor-widget-elementskit-heading\" data-id=\"d52bae5\" data-element_type=\"widget\" data-e-type=\"widget\" data-settings=\"{&quot;ekit_we_effect_on&quot;:&quot;none&quot;}\" data-widget_type=\"elementskit-heading.default\">\n\t\t\t\t<div class=\"elementor-widget-container\">\n\t\t\t\t\t<div class=\"ekit-wid-con\" ><div class=\"ekit-heading elementskit-section-title-wraper text_left   ekit_heading_tablet-   ekit_heading_mobile-\"><h1 class=\"ekit-heading--title elementskit-section-title\">\u05d2\u05d9\u05d6\u05dc\u05d9\u05dc\u05d9\u05e7 \u05e4\u05d5\u05dc\u05d9\u05d8\u05d9\u05e7\u05d0\u05e1\u05d9<\/h1><div class=\"ekit_heading_separetor_wraper ekit_heading_elementskit-border-divider ekit-dotted\"><div class=\"elementskit-border-divider ekit-dotted\"><\/div><\/div><\/div><\/div>\t\t\t\t<\/div>\n\t\t\t\t<\/div>\n\t\t\t\t<\/div>\n\t\t\t\t\t<\/div>\n\t\t\t\t<\/div>\n\t\t<div class=\"elementor-element elementor-element-e82445b e-flex e-con-boxed e-con e-parent\" data-id=\"e82445b\" data-element_type=\"container\" data-e-type=\"container\" data-settings=\"{&quot;ekit_has_onepagescroll_dot&quot;:&quot;yes&quot;}\">\r\n\t\t\t\t\t<div class=\"e-con-inner\">\r\n\t\t<div class=\"elementor-element elementor-element-0d6867d e-con-full e-flex e-con e-child\" data-id=\"0d6867d\" data-element_type=\"container\" data-e-type=\"container\" data-settings=\"{&quot;ekit_has_onepagescroll_dot&quot;:&quot;yes&quot;}\">\r\n\t\t\t\t<div class=\"elementor-element elementor-element-5f737af elementor-widget elementor-widget-text-editor\" data-id=\"5f737af\" data-element_type=\"widget\" data-e-type=\"widget\" data-settings=\"{&quot;ekit_we_effect_on&quot;:&quot;none&quot;}\" data-widget_type=\"text-editor.default\">\n\t\t\t\t<div class=\"elementor-widget-container\">\n\t\t\t\t\t\t\t\t\t<h2>\u05d2\u05d9\u05d6\u05dc\u05d9\u05dc\u05d9\u05e7 \u05e4\u05d5\u05dc\u05d9\u05d8\u05d9\u05e7\u05d0\u05e1\u05d9<\/h2>\n<p>Bu bilgi metni, 6698 say\u0131l\u0131 Ki\u015fisel Verilerin Korunmas\u0131 Kanunu&#039;nun 10.<br \/>\nmaddesi uyar\u0131nca haz\u0131rlanm\u0131\u015ft\u0131r.<br \/>\nV\u0130V\u0130D SA\u011eLIK TUR\u0130ZM H\u0130ZMETLER\u0130 T\u0130CARET L\u0130M\u0130TED \u015e\u0130RKET\u0130 (bu metin kapsam\u0131nda \u201cVivid Klinik\u201d olarak an\u0131lacakt\u0131r) veri sorumlusu olarak, ki\u015fisel verilerinizin semi toplanma, bu\u00f6nki han toplanma. ama\u00e7la i\u015flenece\u011fi, kimlere ve hangi ama\u00e7la aktar\u0131labilece\u011fi konusunda sizi bilgilendirmek amac\u0131yla haz\u0131rlanm\u0131\u015ft\u0131r.  <\/p>\n<h4>\u05d5\u05e8\u05d9 \u05e1\u05d5\u05e8\u05d5\u05de\u05dc\u05d5\u05e1\u05d5\u05e0\u05d5\u05df \u05e7\u05d9\u05de\u05dc\u05d9\u05d2\u05d9<\/h4>\n<ul>\n<li><strong>\u05e9\u05d9\u05e8\u05e7\u05ea \u05d0\u05d5\u05e0\u05d5\u05d5\u05e0\u05d9<\/strong>: V\u0130V\u0130D SA\u011eLIK TUR\u0130ZM H\u0130ZMETLER\u0130 T\u0130CARET L\u0130M\u0130TED \u015e\u0130RKET\u0130<\/li>\n<li><strong>\u05db\u05d9\u05d5\u05d5\u05df<\/strong>\u05d0\u05d8\u05e7\u05d5\u05d9 7-8-9-10.<br \/>\n\u05e7\u05d9\u05e1\u05d9\u05dd \u05de\u05d0.<br \/>\n\u00c7OBAN\u00c7E\u015eME E-5 YAN YOL CAD.<br \/>\n1 \u05de\u05e1&#039;: 8\/1 \u0130\u00c7 KAPI \u05de\u05e1&#039;: 14 BAKIRK\u00d6Y\/\u0130STANBUL\/T\u00dcRK\u0130YE   <\/li>\n<\/ul>\n<h4>\u0130\u015flenen Ki\u015fisel Verileriniz ve Veri \u0130\u015fleme Ama\u00e7lar\u0131<\/h4>\n<p><strong>3.1.<br \/>\n\u0130\u015flenen Ki\u015fisel Verileriniz <\/strong><\/p>\n<p>A\u015fa\u011f\u0131da belirtilen ki\u015fisel verileriniz Vivid Klinik taraf\u0131ndan; almak istedi\u011finiz hizmet kapsam\u0131nda ger\u00e7ekle\u015ftirilecek faaliyetlerin gerekleri ve niteliklerine g\u00f6re i\u015flenmektedir:<\/p>\n<ul>\n<li><strong>\u05e7\u05d9\u05de\u05dc\u05d9\u05e7 \u05d5\u05e8\u05d9\u05e1\u05d9<\/strong>: Ad, Soyad, Do\u011fum Tarihi, Do\u011fum Yeri, TC Kimlik\/Pasaport Bilgileri, \u0130mza, Cinsiyet, Uyruk Bilgisi, Medeni Hal Bilgisi<\/li>\n<li>\u05d0\u05d9\u05dc\u05d8\u05d9\u05e9\u05d9\u05dd <strong>\u05d5\u05e8\u05d9\u05e1<\/strong>: Telefon Numaras\u0131, E-posta Adresi, Address Bilgileri, Posta Kodu<\/li>\n<li><strong>\u05e4\u05d9\u05d6\u05d9\u05e7\u05dc \u05de\u05e7\u05d0\u05df \u05d2\u05d5\u05d1\u05e0\u05dc\u05d9\u05d2\u05d9<\/strong>: G\u00fcvenlik Kameras\u0131 Kay\u0131tlar\u0131<\/li>\n<li><strong>\u05e4\u05d9\u05e0\u05e0\u05e1\u05dc \u05d5\u05e8\u05d9<\/strong>: Banka Hesap Numaras\u0131, IBAN Bilgisi, Kredi Kart Bilgisi<\/li>\n<li><strong>\u05d2\u05d5\u05e8\u05e1\u05dc \u05d5\u05d0\u05d9\u05e9\u05d9\u05d8\u05e1\u05dc \u05d5\u05e8\u05d9<\/strong>: \u0130\u015flem \u00f6ncesi ve sonras\u0131 foto\u011fraflar\u0131<\/li>\n<li><strong>\u05d1\u05d9\u05dc\u05d2\u05d9\u05dc\u05e8\u05d9 \u05e1\u05d0\u05d2\u05dc\u05d9\u05e7<\/strong>: Ki\u015fisel Sa\u011fl\u0131k Ge\u00e7mi\u015fi Bilgileri, Ge\u00e7irmi\u015f Oldu\u011fu veya Sahip Oldu\u011fu Hastal\u0131k Bilgisi, Alerjik Durum Bilgisi, Kan Grubu, Kons\u00fcltasyon Raporu, Kullan\u0131lan \u0130la\u00e7 Bilgisi, Hamilelik Durumu Bilgi, Di\u011f\u011f Bilgi Bilgisi, Hastal\u0131k T\u00fcr\u00fc, T\u0131bbi De\u011ferler, Tahlil Sonu\u00e7lar\u0131, Kullan\u0131lan Cihaz ve Protez Bilgileri<\/li>\n<\/ul>\n<p><strong>3.2.<br \/>\nVeri Isleme Ama\u00e7lari <\/strong><\/p>\n<p>Yukar\u0131da belirtilen ki\u015fisel verileriniz <a href=\"https:\/\/vividclinic.net\/es\/\">\u05e7\u05dc\u05d9\u05e0\u05d9\u05e7 \u05d5\u05d9\u05d5\u05d9\u05d3<\/a> ile Hasta\/Hizmet Alan Ki\u015fi aras\u0131nda kurulan hukuki ili\u015fki \u00e7er\u00e7evesinde al\u0131nan hizmet i\u00e7in gerekli olmas\u0131 nedeniyle a\u015fa\u011f\u0131daki ama\u00e7larla i\u015flenmektedir:<\/p>\n<ul>\n<li>Sa\u011fl\u0131k hizmetlerininin sunulabilmesi i\u00e7in hasta kay\u0131t dosyas\u0131n\u0131n olu\u015fturulmas\u0131<\/li>\n<li>Gerekli Muayene, T\u0131bbi Te\u015fhis, Tan\u0131 ve Tedavi Hizmetlerinin Sa\u011flanmas\u0131<\/li>\n<li>Operasyon Sonras\u0131 Destek Hizmetlerinin Sunulmas\u0131<\/li>\n<li>Hasta \u0130li\u015fkileri Y\u00f6netimi S\u00fcre\u00e7lerininin Y\u00fcr\u00fct\u00fclmesi<\/li>\n<li>Faaliyetlerin Mevzuata Uygun Y\u00fcr\u00fct\u00fclmesi<\/li>\n<li>Sa\u011fl\u0131k Bakanl\u0131\u011f\u0131 Ba\u015fta Olmak \u00dczere \u0130lgili Kamu Kurum ve Kurulu\u015flar\u0131 ile Yasal Y\u00fck\u00fcml\u00fcl\u00fck Gere\u011fince Talep Edilen Verilerin Toplanmas\u0131 ve Gerekti\u011finde Bilgilerin Payla\u015f\u0131lmas\u0131<\/li>\n<li>Hizmet Sat\u0131\u015f\u0131n\u0131n Yap\u0131lmas\u0131 \u0130\u00e7in Muhasebe ve Finans \u0130\u015flerinin Y\u00fcr\u00fct\u00fclmesi<\/li>\n<li>S\u00f6zle\u015fme S\u00fcre\u00e7lerininin Y\u00fcr\u00fct\u00fclmesi<\/li>\n<li>Reklam\/Kampanya\/Promosyon S\u00fcre\u00e7lerininin Y\u00fcr\u00fct\u00fclmesi<\/li>\n<li>Mal\/Hizmet Sat\u0131\u015f S\u00fcre\u00e7lerinin Y\u00fcr\u00fct\u00fclmesi<\/li>\n<li>Mal\/Hizmet Sat\u0131\u015f Sonras\u0131 Destek Hizmetlerininin Y\u00fcr\u00fct\u00fclmesi<\/li>\n<li>Veri Sorumlusu Operasyonlar\u0131n\u0131n G\u00fcvenli\u011finin Temini<\/li>\n<\/ul>\n<h4>Ki\u015fisel Verilerin Aktar\u0131lmas\u0131<\/h4>\n<p>Ki\u015fisel verileriniz yukar\u0131da belirtilen dayanak ve ama\u00e7lar kapsam\u0131nda i\u015f ortaklar\u0131m\u0131za, hizmet ald\u0131\u011f\u0131m\u0131z veya i\u015f birli\u011fi i\u00e7inde oldu\u011fumuz \u00fc\u00e7\u00fcnc\u00fc ki\u015filere, kanunen yetkili kamu kurumlar\u0131 8 \u05e7\u05d0\u05e0\u05d5\u05df<br \/>\n8. \u05d5<br \/>\n9. maddelerinde belirtilen ki\u015fisel veri i\u015fleme \u015fartlar\u0131 \u00e7er\u00e7evesinde ve bunlarla s\u0131n\u0131rl\u0131 olarak aktar\u0131labilecektir.<br \/>\nKi\u015fisel veri aktar\u0131m\u0131 yap\u0131lan t\u00fcm veri i\u015fleyen ve \u00fc\u00e7\u00fcnc\u00fc ki\u015filer, 6698 say\u0131l\u0131 Kanuna uygun gizlilik y\u00fck\u00fcml\u00fcl\u00fc\u011f\u00fc alt\u0131ndad\u0131r.   <\/p>\n<h4>Ki\u015fisel Verilerin Saklanma S\u00fcresi<\/h4>\n<p>Ki\u015fisel verileriniz, i\u015fbu Ayd\u0131nlatma Metninde belirtilen ama\u00e7larla s\u0131n\u0131rl\u0131 olmak \u00fczere; Vivid Klinik&#039;in tabi oldu\u011fu, ilgili t\u00fcm kanun ve sair yasal mevzuatta yer alan veri i\u015fleme ve zamana\u015f\u0131m\u0131 s\u00fcrelerine riayet edilerek i\u015flenecektir.<br \/>\nKanunlarda veri i\u015fleme s\u00fcrelerine ili\u015fkin de\u011fi\u015fiklik yap\u0131lmas\u0131 halinde, belirlenen yeni s\u00fcreler esas al\u0131nacakt\u0131r.<br \/>\nVivid Klinik se reserva el derecho de rechazar o rechazar las solicitudes de asistencia m\u00e9dica de cualquier persona, independientemente de su nacionalidad o de que sea an\u00f3nima o no.  <\/p>\n<h4>\u05d0\u05d9\u05d2\u05dc\u05d9 \u05e7\u05d9\u05e9\u05d9 \u05d4\u05e7\u05dc\u05d0\u05e8\u05d9\u05e0\u05d9\u05d6<\/h4>\n<p>Kanunun ilgili ki\u015finin haklar\u0131n\u0131 d\u00fczenleyen 11.<br \/>\nmaddesi kapsam\u0131nda ki\u015fisel verilerinizin i\u015flenmesine dair taleplerinizi, Veri Sorumlusu Ba\u015fvuru Usul ve Esaslar\u0131 Hakk\u0131nda Tebli\u011fe g\u00f6re, yaz\u0131l\u0131 olarak Vivid Klinik resmi adresine posta yoluyla veya <wpcodeself wptype=\"\" wpml_attr_0=\"\" wpml_attr_1=\"\" wpml_attr_2=\"\"> e-posta adresi \u00fczerinden elektronik olarak iletebilirsiniz. <\/p>\n<p>Ayd\u0131nlatma metnini okudum, anlad\u0131m.<\/p>\n<ul>\n<li><strong>\u05d0\u05d3 \u05e1\u05d5\u05d9\u05d0\u05d3\u05d9<\/strong>:<\/li>\n<li><strong>\u05d8\u05d0\u05e8\u05d9\u05d4<\/strong>:<\/li>\n<li><strong>\u05d0\u05d9\u05de\u05d6\u05d4<\/strong>:<\/li>\n<\/ul>\n<h4>Ki\u015fisel Verilerin \u05d5 \u00d6zel Nitelikli Ki\u015fisel Verilerin \u0130\u015flenmesine ve Yurt D\u0131\u015f\u0131na Aktar\u0131lmas\u0131na \u0130li\u015fkin A\u00e7\u0131k R\u0131za Beyan\u0131<\/h4>\n<p>6698 SAYILI K\u0130\u015e\u0130SEL VER\u0130LER\u0130N KORUNMASI KANUNU KAPSAMINDA HASTA\/H\u0130ZMET ALAN K\u0130\u015e\u0130 AYDINLATMA METN\u0130&#039;nin tamam\u0131n\u0131 okudum, anlad\u0131m ve Vivid Klinik taraf\u0131\u00e7indan KVIVINDE \u00f6zel nitelikli ki\u015fisel verilerimin ne \u015fekilde i\u015flendi\u011fi ve aktar\u0131ld\u0131\u011f\u0131 ve a\u00e7\u0131k r\u0131zam\u0131 diledi\u011fim zaman geri alabilece\u011fim hakk\u0131nda bilgi sahibi oldum.<\/p>\n<p>KVKK ve ilgili mevzuat gere\u011fince Vivid Klinik ve i\u015ftirakleri taraf\u0131ndan \u00f6zel nitelikli ki\u015fisel veri niteli\u011findeki sa\u011fl\u0131k verilerimin i\u015flenmesine, istedi\u011fim hizmetlerin sa\u011flanmas\u0131 amac\u0131yla gereiz\u011fi veri bu hizmetlerin planlanmas\u0131 amac\u0131yla, i\u015flenmesine ve payla\u015f\u0131m\u0131n gerekli oldu\u011fu yurti\u00e7i veya yurtd\u0131\u015f\u0131nda bulunan di\u011fer ki\u015fi ve kurulu\u015flar ile payla\u015f\u0131lmas\u0131na; muvafakat etti\u011fimi kabul ve beyan ederim.<\/p>\n<p>\u0130\u015fbu metni, Vivid Klinik taraf\u0131ndan haz\u0131rlanan Ayd\u0131nlatma Metnini okudu\u011fumu ve anlad\u0131\u011f\u0131m\u0131 kabul ediyorum.<br \/>\nKVKK gere\u011fince Vivid Klinik taraf\u0131ndan \u00f6zel nitelikli ki\u015fisel veri niteli\u011findeki verilerimin de d\u00e2hil olmak \u00fczere verilerimin i\u015flenmesine, ilgili s\u00fcre\u00e7 kapsam\u0131nda i\u015flenme amac\u0131 ile s\u0131n\u0131rl\u0131 ollanmak \u00fclzerti yurtd\u0131\u015f\u0131nda payla\u015f\u0131lmas\u0131na, gereken s\u00fcre zarf\u0131nda saklanmas\u0131na, i\u015f s\u00fcreklili\u011finin sa\u011flanmas\u0131 i\u00e7in yurt d\u0131\u015f\u0131nda bulunan bulut ve internet hizmetlerinin kullan\u0131lmas\u0131 nedeniyle yurt\u0131r\u015f\u0131; muvafakat etti\u011fimi kabul ve beyan ederim. <\/p>\n<ul>\n<li><strong>\u05d0\u05d3 \u05e1\u05d5\u05d9\u05d0\u05d3\u05d9<\/strong>:<\/li>\n<li><strong>\u05d8\u05d0\u05e8\u05d9\u05d4<\/strong>:<\/li>\n<li><strong>\u05d0\u05d9\u05de\u05d6\u05d4<\/strong>:<\/li>\n<\/ul>\n<h4>Sosyal Medya Hesaplar\u0131nda \u05d5-Internet Sitesinde Ki\u015fisel Verilerin \u05d5 \u00d6zel Nitelikli Ki\u015fisel Verilerin \u0130\u015flenmesi Hakk\u0131nda A\u00e7\u0131k R\u0131za Metni<\/h4>\n<p>Vivid Klinik olarak, 6698 say\u0131l\u0131 Ki\u015fisel Verilerin Korunmas\u0131 Kanunu (&quot;KVKK&quot;) uyar\u0131nca; Veri Sorumlusu s\u0131fat\u0131yla, Vivid Klinik sosyal medya hesaplar\u0131nda ve resmi internetsiteinde siz \u0130lgili Ki\u015filerin ki\u015fisel verilerini yay\u0131nlamak sureti ile i\u015fleyecektir.<br \/>\nKi\u015fisel verilerinizin i\u015flenmesi kapsam\u0131nda bu hususa ili\u015fkin a\u00e7\u0131k r\u0131zan\u0131z\u0131 talep ediyoruz. <\/p>\n<p>\u0130LG\u0130L\u0130 K\u0130\u015e\u0130 A\u00c7IK RIZA BEYANI: KVKK gere\u011fince Vivid Klinik taraf\u0131ndan \u00f6zel nitelikli ki\u015fisel veri niteli\u011findeki verilerimin de dahil olmak \u00fczere verilerimin i\u015flenmesine, Vivid Klinik \u05d4\u05d5\u05d0 \u05db\u05dc \u05db\u05da \u05d8\u05d5\u05d1 \u05d1\u05d0\u05ea\u05e8\u05d9 \u05d0\u05d9\u05e0\u05d8\u05e8\u05e0\u05d8. yay\u0131nlanmas\u0131na; muvafakat etti\u011fimi kabul ve beyan ederim.<br \/>\nBu hususta taraf\u0131ma gerekli ayd\u0131nlatman\u0131n yap\u0131ld\u0131\u011f\u0131n\u0131; i\u015fbu metni, Vivid Klinik taraf\u0131ndan haz\u0131rlanan Ayd\u0131nlatma Metnini okudu\u011fumu ve anlad\u0131\u011f\u0131m\u0131 kabul ediyorum. <\/p>\n<ul>\n<li><strong>\u05d0\u05d3 \u05e1\u05d5\u05d9\u05d0\u05d3\u05d9<\/strong>:<\/li>\n<li><strong>\u05d8\u05d0\u05e8\u05d9\u05d4<\/strong>:<\/li>\n<li><strong>\u05d0\u05d9\u05de\u05d6\u05d4<\/strong>:<\/li>\n<\/ul>\n\t\t\t\t\t\t\t\t<\/div>\n\t\t\t\t<\/div>\n\t\t\t\t<\/div>\n\t\t\t\t\t<\/div>\n\t\t\t\t<\/div>\n\t\t\t\t<\/div>","protected":false},"excerpt":{"rendered":"<p>Gizlilik Politikas\u0131 Gizlilik Politikas\u0131 Bu bilgi metni, 6698 say\u0131l\u0131 Ki\u015fisel Verilerin Korunmas\u0131 Kanunu&#8217;nun 10. maddesi uyar\u0131nca haz\u0131rlanm\u0131\u015ft\u0131r. V\u0130V\u0130D SA\u011eLIK TUR\u0130ZM H\u0130ZMETLER\u0130 T\u0130CARET L\u0130M\u0130TED \u015e\u0130RKET\u0130 (bu metin kapsam\u0131nda &#8220;Vivid Klinik&#8221; olarak an\u0131lacakt\u0131r) veri sorumlusu olarak, ki\u015fisel verilerinizin toplanma y\u00f6ntemi ve hukuki sebebi, bu verilerin hangi ama\u00e7la i\u015flenece\u011fi, kimlere ve hangi ama\u00e7la aktar\u0131labilece\u011fi konusunda sizi bilgilendirmek amac\u0131yla [&hellip;]<\/p>\n","protected":false},"author":1,"featured_media":0,"parent":0,"menu_order":0,"comment_status":"closed","ping_status":"open","template":"","meta":{"footnotes":""},"class_list":["post-10587","page","type-page","status-publish","hentry"],"_links":{"self":[{"href":"https:\/\/vividclinic.net\/he\/wp-json\/wp\/v2\/pages\/10587","targetHints":{"allow":["GET"]}}],"collection":[{"href":"https:\/\/vividclinic.net\/he\/wp-json\/wp\/v2\/pages"}],"about":[{"href":"https:\/\/vividclinic.net\/he\/wp-json\/wp\/v2\/types\/page"}],"author":[{"embeddable":true,"href":"https:\/\/vividclinic.net\/he\/wp-json\/wp\/v2\/users\/1"}],"replies":[{"embeddable":true,"href":"https:\/\/vividclinic.net\/he\/wp-json\/wp\/v2\/comments?post=10587"}],"version-history":[{"count":0,"href":"https:\/\/vividclinic.net\/he\/wp-json\/wp\/v2\/pages\/10587\/revisions"}],"wp:attachment":[{"href":"https:\/\/vividclinic.net\/he\/wp-json\/wp\/v2\/media?parent=10587"}],"curies":[{"name":"wp","href":"https:\/\/api.w.org\/{rel}","templated":true}]}}