{"id":6071,"date":"2024-08-12T14:08:02","date_gmt":"2024-08-12T11:08:02","guid":{"rendered":"https:\/\/vividclinic.net\/?page_id=6071"},"modified":"2024-09-05T16:49:47","modified_gmt":"2024-09-05T13:49:47","slug":"terms-of-use","status":"publish","type":"page","link":"https:\/\/vividclinic.net\/he\/legal\/terms-of-use\/","title":{"rendered":"\u05ea\u05e0\u05d0\u05d9 \u05e9\u05d9\u05de\u05d5\u05e9"},"content":{"rendered":"<div data-elementor-type=\"wp-page\" data-elementor-id=\"6071\" class=\"elementor elementor-6071\" data-elementor-post-type=\"page\">\n\t\t\t\t<div class=\"elementor-element elementor-element-e2b269b e-flex e-con-boxed e-con e-parent\" data-id=\"e2b269b\" data-element_type=\"container\" data-e-type=\"container\" data-settings=\"{&quot;ekit_has_onepagescroll_dot&quot;:&quot;yes&quot;}\">\r\n\t\t\t\t\t<div class=\"e-con-inner\">\r\n\t\t<div class=\"elementor-element elementor-element-0ba340b e-con-full e-flex e-con e-child\" data-id=\"0ba340b\" data-element_type=\"container\" data-e-type=\"container\" data-settings=\"{&quot;ekit_has_onepagescroll_dot&quot;:&quot;yes&quot;}\">\r\n\t\t\t\t<div class=\"elementor-element elementor-element-2a9abe9 elementor-widget elementor-widget-elementskit-heading\" data-id=\"2a9abe9\" data-element_type=\"widget\" data-e-type=\"widget\" data-settings=\"{&quot;ekit_we_effect_on&quot;:&quot;none&quot;}\" data-widget_type=\"elementskit-heading.default\">\n\t\t\t\t<div class=\"elementor-widget-container\">\n\t\t\t\t\t<div class=\"ekit-wid-con\" ><div class=\"ekit-heading elementskit-section-title-wraper text_left   ekit_heading_tablet-   ekit_heading_mobile-\"><h1 class=\"ekit-heading--title elementskit-section-title\">\u05ea\u05e0\u05d0\u05d9 \u05e9\u05d9\u05de\u05d5\u05e9<\/h1><div class=\"ekit_heading_separetor_wraper ekit_heading_elementskit-border-divider ekit-dotted\"><div class=\"elementskit-border-divider ekit-dotted\"><\/div><\/div><\/div><\/div>\t\t\t\t<\/div>\n\t\t\t\t<\/div>\n\t\t\t\t<\/div>\n\t\t\t\t\t<\/div>\n\t\t\t\t<\/div>\n\t\t<div class=\"elementor-element elementor-element-43113d0 e-flex e-con-boxed e-con e-parent\" data-id=\"43113d0\" data-element_type=\"container\" data-e-type=\"container\" data-settings=\"{&quot;ekit_has_onepagescroll_dot&quot;:&quot;yes&quot;}\">\r\n\t\t\t\t\t<div class=\"e-con-inner\">\r\n\t\t<div class=\"elementor-element elementor-element-4aa5708 e-con-full e-flex e-con e-child\" data-id=\"4aa5708\" data-element_type=\"container\" data-e-type=\"container\" data-settings=\"{&quot;ekit_has_onepagescroll_dot&quot;:&quot;yes&quot;}\">\r\n\t\t\t\t<div class=\"elementor-element elementor-element-3e308e4 elementor-widget elementor-widget-text-editor\" data-id=\"3e308e4\" data-element_type=\"widget\" data-e-type=\"widget\" data-settings=\"{&quot;ekit_we_effect_on&quot;:&quot;none&quot;}\" data-widget_type=\"text-editor.default\">\n\t\t\t\t<div class=\"elementor-widget-container\">\n\t\t\t\t\t\t\t\t\t<h4>\u00a0<\/h4><h4>1. \u05de\u05d1\u05d5\u05d0<\/h4><p>\u05db\u05dc \u05de\u05d9 \u05e9\u05de\u05d1\u05e7\u05e8 \u05d1\u05d0\u05ea\u05e8 \u05d6\u05d4 (vividclinic.net) \u05d0\u05d5 \u05de\u05d1\u05e7\u05e9 \u05e9\u05d9\u05e8\u05d5\u05ea\u05d9\u05dd \u05d4\u05de\u05d5\u05e6\u05e2\u05d9\u05dd \u05d1\u05d0\u05ea\u05e8 \u05d6\u05d4 \u05de\u05e1\u05db\u05d9\u05dd \u05dc\u05db\u05dc \u05d4\u05ea\u05e0\u05d0\u05d9\u05dd \u05d5\u05d4\u05d4\u05d2\u05d1\u05dc\u05d5\u05ea \u05d4\u05de\u05e4\u05d5\u05e8\u05d8\u05d9\u05dd \u05d1&quot;\u05ea\u05e0\u05d0\u05d9 \u05e9\u05d9\u05de\u05d5\u05e9&quot; \u05d0\u05dc\u05d4. \u05e2\u05dc \u05d9\u05d3\u05d9 \u05d4\u05e8\u05e9\u05de\u05d4 \u05dc-V\u0130V\u0130D SA\u011eLIK TUR\u0130ZM H\u0130ZMETLER\u0130 T\u0130CARET L\u0130M\u0130TED \u015e\u0130RKET\u0130 \u05d0\u05d5 \u05d1\u05e7\u05e9\u05ea \u05d4\u05e9\u05d9\u05e8\u05d5\u05ea\u05d9\u05dd \u05d4\u05e0\u05d9\u05ea\u05e0\u05d9\u05dd, \u05d4\u05e0\u05da \u05de\u05ea\u05d7\u05d9\u05d9\u05d1 \u05dc\u05e6\u05d9\u05d9\u05ea \u05dc\u05ea\u05e0\u05d0\u05d9\u05dd \u05d5\u05d4\u05d4\u05d2\u05d1\u05dc\u05d5\u05ea \u05d4\u05de\u05e4\u05d5\u05e8\u05d8\u05d9\u05dd \u05d1&quot;\u05ea\u05e0\u05d0\u05d9 \u05e9\u05d9\u05de\u05d5\u05e9&quot; \u05d0\u05dc\u05d4 \u05d5\u05dc\u05d4\u05d5\u05e8\u05d0\u05d5\u05ea &quot;\u05d4\u05d2\u05e0\u05ea \u05de\u05d9\u05d3\u05e2 \u05d0\u05d9\u05e9\u05d9&quot; \u05e9\u05dc V\u0130V\u0130D SA\u011eLIK TUR\u0130ZM H\u0130ZMETLER\u0130 T\u0130CARET L\u0130M\u0130TED \u015e\u0130RKET\u0130 \u05d5\u05d4\u05d5\u05e8\u05d0\u05d5\u05ea \u05d0\u05d7\u05e8\u05d5\u05ea \u05d1\u05d0\u05ea\u05e8 \u05d6\u05d4.<\/p><h4>2. \u05ea\u05d9\u05e7\u05d5\u05e0\u05d9\u05dd<\/h4><p>V\u0130V\u0130D SA\u011eLIK TUR\u0130ZM H\u0130ZMETLER\u0130 T\u0130CARET L\u0130M\u0130TED \u015e\u0130RKET\u0130 \u05e9\u05d5\u05de\u05e8\u05ea \u05dc\u05e2\u05e6\u05de\u05d4 \u05d0\u05ea \u05d4\u05d6\u05db\u05d5\u05ea \u05dc\u05d1\u05e6\u05e2 \u05e9\u05d9\u05e0\u05d5\u05d9\u05d9\u05dd \u05d1&quot;\u05ea\u05e0\u05d0\u05d9 \u05d4\u05e9\u05d9\u05de\u05d5\u05e9&quot;, &quot;\u05d4\u05d2\u05e0\u05ea \u05de\u05d9\u05d3\u05e2 \u05d0\u05d9\u05e9\u05d9&quot; \u05d5\u05d4\u05d5\u05e8\u05d0\u05d5\u05ea \u05d0\u05d7\u05e8\u05d5\u05ea \u05d1\u05d0\u05ea\u05e8 \u05d6\u05d4 \u05d1\u05db\u05dc \u05e2\u05ea. \u05e9\u05d9\u05e0\u05d5\u05d9\u05d9\u05dd \u05d0\u05dc\u05d4 \u05d9\u05d9\u05db\u05e0\u05e1\u05d5 \u05dc\u05ea\u05d5\u05e7\u05e3 \u05d5\u05d9\u05d7\u05d9\u05d9\u05d1\u05d5 \u05d0\u05d5\u05ea\u05dd \u05de\u05de\u05d5\u05e2\u05d3 \u05e4\u05e8\u05e1\u05d5\u05de\u05dd \u05d1\u05d0\u05ea\u05e8 \u05d6\u05d4. \u05d1\u05d0\u05d7\u05e8\u05d9\u05d5\u05ea\u05da \u05dc\u05e2\u05e7\u05d5\u05d1 \u05d0\u05d7\u05e8 \u05d4\u05e2\u05d3\u05db\u05d5\u05e0\u05d9\u05dd \u05d5\u05d4\u05e9\u05d9\u05e0\u05d5\u05d9\u05d9\u05dd, \u05d5-V\u0130V\u0130D SA\u011eLIK TUR\u0130ZM H\u0130ZMETLER\u0130 T\u0130CARET L\u0130M\u0130TED \u015e\u0130RKET\u0130 \u05d0\u05d9\u05e0\u05d4 \u05de\u05d7\u05d5\u05d9\u05d1\u05ea \u05dc\u05d4\u05d5\u05d3\u05d9\u05e2 \u05dc\u05da \u05e2\u05dc \u05e9\u05d9\u05e0\u05d5\u05d9\u05d9\u05dd \u05d0\u05dc\u05d4. \u05e2\u05dc \u05d9\u05d3\u05d9 \u05e9\u05d9\u05de\u05d5\u05e9 \u05d1\u05e9\u05d9\u05e8\u05d5\u05ea\u05d9 V\u0130V\u0130D SA\u011eLIK TUR\u0130ZM H\u0130ZMETLER\u0130 T\u0130CARET L\u0130M\u0130TED \u015e\u0130RKET\u0130, \u05d4\u05e0\u05da \u05e0\u05d7\u05e9\u05d1 \u05db\u05de\u05d9 \u05e9\u05d4\u05e1\u05db\u05d9\u05dd \u05dc\u05e9\u05d9\u05e0\u05d5\u05d9\u05d9\u05dd \u05d0\u05dc\u05d4.<\/p><h4>3. \u05e7\u05d9\u05e9\u05d5\u05e8\u05d9\u05dd<\/h4><p>\u05e7\u05d9\u05e9\u05d5\u05e8\u05d9\u05dd \u05d1\u05d0\u05ea\u05e8 \u05d4\u05d0\u05d9\u05e0\u05d8\u05e8\u05e0\u05d8 \u05e9\u05dc V\u0130V\u0130D SA\u011eLIK TUR\u0130ZM H\u0130ZMETLER\u0130 T\u0130CARET L\u0130M\u0130TED \u015e\u0130RKET\u0130 \u05e2\u05e9\u05d5\u05d9\u05d9\u05dd \u05dc\u05d4\u05d5\u05e6\u05d9\u05d0 \u05d0\u05d5\u05ea\u05da \u05d0\u05dc \u05de\u05d7\u05d5\u05e5 \u05dc\u05d0\u05ea\u05e8, \u05d5-V\u0130V\u0130D SA\u011eLIK TUR\u0130ZM H\u0130ZMETLER\u0130 T\u0130ZMETLER\u0130 T\u011e\u0130CARET L\u0130DD \u05d0\u05d9\u05e0\u05d4 \u05d0\u05d7\u05e8\u05d0\u05d9\u05ea \u05d4\u05ea\u05d5\u05db\u05df, \u05d4\u05d3\u05d9\u05d5\u05e7 \u05d0\u05d5 \u05d4\u05ea\u05e4\u05e7\u05d5\u05d3 \u05e9\u05dc \u05d0\u05ea\u05e8\u05d9\u05dd \u05d0\u05dc\u05d4. \u05e7\u05d9\u05e9\u05d5\u05e8\u05d9\u05dd \u05d0\u05dc\u05d5 \u05de\u05e1\u05d5\u05e4\u05e7\u05d9\u05dd \u05d1\u05ea\u05d5\u05dd \u05dc\u05d1, \u05d5-V\u0130V\u0130D SA\u011eLIK TUR\u0130ZM H\u0130ZMETLER\u0130 T\u0130CARET L\u0130M\u0130TED \u015e\u0130RKET\u0130 \u05d0\u05d9\u05e0\u05d4 \u05d0\u05d7\u05e8\u05d0\u05d9\u05ea \u05dc\u05db\u05dc \u05e9\u05d9\u05e0\u05d5\u05d9 \u05e9\u05e2\u05dc\u05d5\u05dc \u05dc\u05d4\u05ea\u05e8\u05d7\u05e9 \u05d1\u05d0\u05ea\u05e8\u05d9\u05dd \u05d4\u05de\u05e7\u05d5\u05e9\u05e8\u05d9\u05dd. V\u0130V\u0130D SA\u011eLIK TUR\u0130ZM H\u0130ZMETLER\u0130 T\u0130CARET L\u0130M\u0130TED \u015e\u0130RKET\u0130, \u05d7\u05d1\u05e8\u05d5\u05ea \u05d4\u05d1\u05ea \u05e9\u05dc\u05d4, \u05d0\u05d5 \u05db\u05dc \u05e6\u05d3 \u05e9\u05dc\u05d9\u05e9\u05d9 \u05d4\u05de\u05e2\u05d5\u05e8\u05d1 \u05d1\u05d9\u05e6\u05d9\u05e8\u05d4, \u05d4\u05e4\u05e7\u05d4 \u05d0\u05d5 \u05e9\u05d9\u05d3\u05d5\u05e8 \u05e9\u05dc \u05d0\u05ea\u05e8 \u05d6\u05d4, \u05d0\u05d9\u05e0\u05dd \u05d0\u05d7\u05e8\u05d0\u05d9\u05dd \u05dc\u05db\u05dc \u05e0\u05d6\u05e7, \u05d4\u05e4\u05e1\u05d3 \u05d0\u05d5 \u05d4\u05ea\u05d7\u05d9\u05d9\u05d1\u05d5\u05ea \u05d9\u05e9\u05d9\u05e8\u05d9\u05dd, \u05e2\u05e7\u05d9\u05e4\u05d9\u05dd \u05d0\u05d5 \u05e2\u05d5\u05e0\u05e9\u05d9\u05d9\u05dd \u05d4\u05e0\u05d5\u05d1\u05e2\u05d9\u05dd \u05de\u05d2\u05d9\u05e9\u05d4 \u05d0\u05d5 \u05e9\u05d9\u05de\u05d5\u05e9 \u05d1\u05d0\u05ea\u05e8 \u05d6\u05d4.<\/p><h4>4. \u05de\u05e9\u05ea\u05de\u05e9\u05d9\u05dd<\/h4><p>\u05db\u05dc \u05d9\u05d7\u05d9\u05d3\u05d9\u05dd \u05d5\u05d9\u05e9\u05d5\u05d9\u05d5\u05ea \u05de\u05e9\u05e4\u05d8\u05d9\u05d5\u05ea \u05d1\u05e2\u05dc\u05d5\u05ea \u05d9\u05db\u05d5\u05dc\u05ea \u05dc\u05de\u05de\u05e9 \u05d6\u05db\u05d5\u05d9\u05d5\u05ea \u05d0\u05d6\u05e8\u05d7 \u05d9\u05db\u05d5\u05dc\u05d9\u05dd \u05dc\u05d9\u05d4\u05e0\u05d5\u05ea \u05de\u05e9\u05d9\u05e8\u05d5\u05ea\u05d9\u05d4 \u05e9\u05dc V\u0130V\u0130D SA\u011eLIK TUR\u0130ZM H\u0130ZMETLER\u0130 T\u0130CARET L\u0130M\u0130TED \u015e\u0130RKET\u0130. \u05e7\u05d8\u05d9\u05e0\u05d9\u05dd \u05de\u05ea\u05d7\u05ea \u05dc\u05d2\u05d9\u05dc 18, \u05d0\u05e0\u05e9\u05d9\u05dd \u05e2\u05dd \u05de\u05d5\u05d2\u05d1\u05dc\u05d5\u05d9\u05d5\u05ea, \u05d5\u05d0\u05dc\u05d5 \u05e9\u05d0\u05d9\u05df \u05dc\u05d4\u05dd \u05d9\u05db\u05d5\u05dc\u05ea \u05dc\u05de\u05de\u05e9 \u05d6\u05db\u05d5\u05d9\u05d5\u05ea \u05d7\u05d5\u05e7\u05d9\u05d5\u05ea \u05d9\u05db\u05d5\u05dc\u05d9\u05dd \u05dc\u05d1\u05e6\u05e2 \u05e2\u05e1\u05e7\u05d0\u05d5\u05ea \u05e8\u05e7 \u05e2\u05dd \u05d4\u05d0\u05e4\u05d5\u05d8\u05e8\u05d5\u05e4\u05d5\u05e1\u05d9\u05dd \u05d4\u05d7\u05d5\u05e7\u05d9\u05d9\u05dd \u05e9\u05dc\u05d4\u05dd \u05d0\u05d5 \u05e0\u05e6\u05d9\u05d2\u05d9\u05d4\u05dd.<\/p><h4>5. \u05d6\u05db\u05d5\u05d9\u05d5\u05ea \u05e7\u05e0\u05d9\u05d9\u05df \u05e8\u05d5\u05d7\u05e0\u05d9<\/h4><p>\u05db\u05dc \u05d6\u05db\u05d5\u05d9\u05d5\u05ea \u05d4\u05e7\u05e0\u05d9\u05d9\u05df \u05d4\u05e8\u05d5\u05d7\u05e0\u05d9, \u05db\u05d2\u05d5\u05df \u05db\u05d5\u05ea\u05e8\u05d5\u05ea, \u05e9\u05de\u05d5\u05ea \u05e2\u05e1\u05e7\u05d9\u05d9\u05dd, \u05de\u05d5\u05ea\u05d2\u05d9\u05dd, \u05e4\u05d8\u05e0\u05d8\u05d9\u05dd, \u05dc\u05d5\u05d2\u05d5\u05d0\u05d9\u05dd, \u05e2\u05d9\u05e6\u05d5\u05d1\u05d9\u05dd, \u05de\u05d9\u05d3\u05e2 \u05d5\u05e9\u05d9\u05d8\u05d5\u05ea \u05d1\u05d0\u05ea\u05e8 \u05d6\u05d4, \u05d1\u05d9\u05df \u05d0\u05dd \u05e8\u05e9\u05d5\u05de\u05d9\u05dd \u05d5\u05d1\u05d9\u05df \u05d0\u05dd \u05dc\u05d0\u05d5, \u05e9\u05d9\u05d9\u05db\u05d5\u05ea \u05dc-V\u0130V\u0130D SA\u011eLIK TUR\u0130ZM H\u0130ZMETLER\u0130 T\u0130CARET L\u0130M\u0130TED \u015e\u0130RKET\u0130 \u05d0\u05d5 \u05dc\u05d1\u05e2\u05dc\u05d9\u05dd \u05d4\u05de\u05e6\u05d5\u05d9\u05df, \u05d5\u05d4\u05df \u05de\u05d5\u05d2\u05e0\u05d5\u05ea \u05e2\u05dc \u05e4\u05d9 \u05d4\u05d7\u05d5\u05e7 \u05d4\u05dc\u05d0\u05d5\u05de\u05d9 \u05d5\u05d4\u05d1\u05d9\u05e0\u05dc\u05d0\u05d5\u05de\u05d9. \u05d1\u05d9\u05e7\u05d5\u05e8 \u05d1\u05d0\u05ea\u05e8 \u05d6\u05d4 \u05d0\u05d5 \u05d4\u05e0\u05d0\u05d4 \u05de\u05d4\u05e9\u05d9\u05e8\u05d5\u05ea\u05d9\u05dd \u05d1\u05d0\u05ea\u05e8 \u05d6\u05d4 \u05d0\u05d9\u05e0\u05dd \u05de\u05e2\u05e0\u05d9\u05e7\u05d9\u05dd \u05dc\u05da \u05db\u05dc \u05d6\u05db\u05d5\u05d9\u05d5\u05ea \u05d1\u05e0\u05d5\u05d2\u05e2 \u05dc\u05d6\u05db\u05d5\u05d9\u05d5\u05ea \u05d4\u05e7\u05e0\u05d9\u05d9\u05df \u05d4\u05e8\u05d5\u05d7\u05e0\u05d9 \u05d4\u05e0\u05d6\u05db\u05e8\u05d5\u05ea. \u05e2\u05dc \u05d9\u05d3\u05d9 \u05d1\u05d9\u05e7\u05d5\u05e8 \u05d0\u05d5 \u05e9\u05d9\u05de\u05d5\u05e9 \u05d1\u05d0\u05ea\u05e8 \u05d6\u05d4, \u05d4\u05e0\u05da \u05de\u05e1\u05db\u05d9\u05dd \u05dc\u05d0 \u05dc\u05d4\u05e4\u05e8 \u05d6\u05db\u05d5\u05d9\u05d5\u05ea \u05e7\u05e0\u05d9\u05d9\u05df \u05e8\u05d5\u05d7\u05e0\u05d9 \u05d0\u05dc\u05d4.<\/p><h4>6. \u05e9\u05d9\u05de\u05d5\u05e9 \u05d7\u05d5\u05e7\u05d9<\/h4><p>\u05e0\u05d9\u05ea\u05df \u05dc\u05d4\u05e9\u05ea\u05de\u05e9 \u05d1\u05d0\u05ea\u05e8 \u05d4\u05d0\u05d9\u05e0\u05d8\u05e8\u05e0\u05d8 \u05e9\u05dc\u05e0\u05d5 \u05d0\u05da \u05d5\u05e8\u05e7 \u05dc\u05de\u05d8\u05e8\u05d5\u05ea \u05d7\u05d5\u05e7\u05d9\u05d5\u05ea \u05d5\u05d1\u05d4\u05ea\u05d0\u05dd \u05dc\u05d7\u05d5\u05e7. \u05e2\u05dc \u05d9\u05d3\u05d9 \u05e9\u05d9\u05de\u05d5\u05e9 \u05d1\u05d0\u05ea\u05e8 \u05d6\u05d4, \u05d4\u05e0\u05da \u05de\u05ea\u05d7\u05d9\u05d9\u05d1 \u05dc\u05e4\u05e2\u05d5\u05dc \u05db\u05d7\u05d5\u05e7. \u05e4\u05e2\u05d5\u05dc\u05d5\u05ea \u05db\u05d2\u05d5\u05df \u05de\u05e1\u05d9\u05e8\u05ea \u05d4\u05e6\u05d4\u05e8\u05d5\u05ea \u05db\u05d5\u05d6\u05d1\u05d5\u05ea \u05db\u05d3\u05d9 \u05dc\u05d4\u05e9\u05d9\u05d2 \u05d9\u05ea\u05e8\u05d5\u05df \u05dc\u05d0 \u05d4\u05d5\u05d2\u05df, \u05d4\u05e1\u05ea\u05e8\u05ea \u05e0\u05d6\u05e7\u05d9\u05dd \u05e7\u05d9\u05d9\u05de\u05d9\u05dd \u05db\u05d3\u05d9 \u05dc\u05ea\u05d1\u05d5\u05e2 \u05d0\u05d5\u05ea\u05dd \u05de\u05d0\u05d5\u05d7\u05e8 \u05d9\u05d5\u05ea\u05e8, \u05e9\u05d9\u05de\u05d5\u05e9 \u05d1\u05e9\u05de\u05d5\u05ea \u05de\u05d6\u05d5\u05d9\u05e4\u05d9\u05dd \u05d5\u05db\u05e8\u05d8\u05d9\u05e1\u05d9 \u05d0\u05e9\u05e8\u05d0\u05d9 \u05d5\u05db\u05d5&#039;, \u05d2\u05d5\u05e8\u05e8\u05d5\u05ea \u05d0\u05d7\u05e8\u05d9\u05d5\u05ea \u05e4\u05dc\u05d9\u05dc\u05d9\u05ea. V\u0130V\u0130D SA\u011eLIK TUR\u0130ZM H\u0130ZMETLER\u0130 T\u0130CARET L\u0130M\u0130TED \u015e\u0130RKET\u0130 \u05de\u05d5\u05e8\u05e9\u05d9\u05ea \u05dc\u05e0\u05e7\u05d5\u05d8 \u05d1\u05d0\u05de\u05e6\u05e2\u05d9\u05dd \u05db\u05d2\u05d5\u05df \u05d7\u05e1\u05d9\u05de\u05ea \u05d2\u05d9\u05e9\u05d4 \u05dc\u05d0\u05ea\u05e8 \u05d0\u05d5 \u05d4\u05d2\u05e9\u05ea \u05ea\u05dc\u05d5\u05e0\u05d5\u05ea \u05db\u05d3\u05d9 \u05dc\u05de\u05e0\u05d5\u05e2 \u05de\u05e6\u05d1\u05d9\u05dd \u05db\u05d0\u05dc\u05d4. V\u0130V\u0130D SA\u011eLIK TUR\u0130ZM H\u0130ZMETLER\u0130 T\u0130CARET L\u0130M\u0130TED \u015e\u0130RKET\u0130 \u05e8\u05e9\u05d0\u05d9\u05ea \u05dc\u05e7\u05d1\u05dc \u05d0\u05d5 \u05dc\u05e1\u05e8\u05d1 \u05dc\u05e1\u05e4\u05e7 \u05db\u05dc \u05e9\u05d9\u05e8\u05d5\u05ea \u05de\u05d1\u05d5\u05e7\u05e9.<\/p><h4>7. \u05d9\u05d9\u05e9\u05d5\u05d1 \u05e1\u05db\u05e1\u05d5\u05db\u05d9\u05dd<\/h4><p>\u05d1\u05de\u05e7\u05e8\u05d4 \u05e9\u05dc \u05de\u05d7\u05dc\u05d5\u05e7\u05ea \u05d4\u05e0\u05d5\u05d1\u05e2\u05ea \u05de\u05d4\u05e9\u05d9\u05e8\u05d5\u05ea\u05d9\u05dd \u05e9\u05d0\u05ea\u05dd \u05de\u05e7\u05d1\u05dc\u05d9\u05dd \u05d3\u05e8\u05da \u05d0\u05ea\u05e8 \u05d4\u05d0\u05d9\u05e0\u05d8\u05e8\u05e0\u05d8 \u05e9\u05dc\u05e0\u05d5, \u05d4\u05d7\u05d5\u05e7 \u05d4\u05d8\u05d5\u05e8\u05e7\u05d9 \u05d9\u05d7\u05d5\u05dc, \u05d5\u05ea\u05d4\u05d9\u05d4 \u05e1\u05de\u05db\u05d5\u05ea \u05e9\u05d9\u05e4\u05d5\u05d8 \u05dc\u05d1\u05ea\u05d9 \u05d4\u05de\u05e9\u05e4\u05d8 \u05d5\u05dc\u05de\u05e9\u05e8\u05d3\u05d9 \u05d4\u05d4\u05d5\u05e6\u05d0\u05d4 \u05dc\u05e4\u05d5\u05e2\u05dc \u05e9\u05dc \u05d0\u05d9\u05e1\u05d8\u05e0\u05d1\u05d5\u05dc \u05d1\u05e7\u05d9\u05e8\u05e7\u05d5\u05d9.<\/p><h4>8. \u05d6\u05db\u05d5\u05d9\u05d5\u05ea \u05d9\u05d5\u05e6\u05e8\u05d9\u05dd<\/h4><p>\u05d6\u05db\u05d5\u05d9\u05d5\u05ea \u05d4\u05d9\u05d5\u05e6\u05e8\u05d9\u05dd \u05e9\u05dc \u05d0\u05ea\u05e8 \u05d6\u05d4 \u05e9\u05d9\u05d9\u05db\u05d5\u05ea \u05dc <a href=\"https:\/\/vividclinic.net\/he\/\">\u05d1\u05bc\u05b8\u05d4\u05b4\u05d9\u05e8<\/a> SA\u011eLIK TUR\u0130ZM H\u0130ZMETLER\u0130 T\u0130CARET L\u0130M\u0130TED \u015e\u0130RKET\u0130. \u05db\u05dc \u05d4\u05d6\u05db\u05d5\u05d9\u05d5\u05ea \u05e9\u05de\u05d5\u05e8\u05d5\u05ea. \u05d8\u05e7\u05e1\u05d8\u05d9\u05dd, \u05ea\u05de\u05d5\u05e0\u05d5\u05ea, \u05e7\u05d1\u05e6\u05d9 \u05d0\u05d5\u05d3\u05d9\u05d5, \u05d0\u05e0\u05d9\u05de\u05e6\u05d9\u05d4 \u05d5\u05d5\u05d9\u05d3\u05d0\u05d5, \u05db\u05de\u05d5 \u05d2\u05dd \u05e2\u05d9\u05e6\u05d5\u05d1\u05d9\u05dd \u05d4\u05de\u05ea\u05e4\u05e8\u05e1\u05de\u05d9\u05dd \u05d1\u05d0\u05ea\u05e8 \u05d6\u05d4, \u05de\u05d5\u05d2\u05e0\u05d9\u05dd \u05e2\u05dc \u05d9\u05d3\u05d9 \u05d7\u05d5\u05e7 \u05de\u05e1&#039; 5846 \u05d5\u05d7\u05e7\u05d9\u05e7\u05d4 \u05e7\u05e9\u05d5\u05e8\u05d4. \u05d0\u05d9\u05df \u05dc\u05d4\u05e2\u05ea\u05d9\u05e7, \u05dc\u05d4\u05e9\u05ea\u05de\u05e9 \u05d0\u05d5 \u05dc\u05e4\u05e8\u05e1\u05dd \u05d0\u05ea \u05db\u05dc \u05d4\u05d0\u05dc\u05de\u05e0\u05d8\u05d9\u05dd \u05d1\u05d0\u05ea\u05e8\u05d9\u05dd \u05d0\u05d7\u05e8\u05d9\u05dd \u05dc\u05de\u05d8\u05e8\u05d5\u05ea \u05de\u05e1\u05d7\u05e8\u05d9\u05d5\u05ea.<\/p>\t\t\t\t\t\t\t\t<\/div>\n\t\t\t\t<\/div>\n\t\t\t\t<\/div>\n\t\t\t\t\t<\/div>\n\t\t\t\t<\/div>\n\t\t\t\t<\/div>","protected":false},"excerpt":{"rendered":"<p>Terms of Use \u00a0 1. Introduction Anyone who visits this website (vividclinic.net) or requests services offered on this site agrees to all the terms and conditions stated in these \u201cTerms of Use.\u201d By registering with V\u0130V\u0130D SA\u011eLIK TUR\u0130ZM H\u0130ZMETLER\u0130 T\u0130CARET L\u0130M\u0130TED \u015e\u0130RKET\u0130 or requesting the services provided, you commit to complying with the terms and [&hellip;]<\/p>\n","protected":false},"author":1,"featured_media":0,"parent":6112,"menu_order":0,"comment_status":"closed","ping_status":"open","template":"","meta":{"footnotes":""},"class_list":["post-6071","page","type-page","status-publish","hentry"],"_links":{"self":[{"href":"https:\/\/vividclinic.net\/he\/wp-json\/wp\/v2\/pages\/6071","targetHints":{"allow":["GET"]}}],"collection":[{"href":"https:\/\/vividclinic.net\/he\/wp-json\/wp\/v2\/pages"}],"about":[{"href":"https:\/\/vividclinic.net\/he\/wp-json\/wp\/v2\/types\/page"}],"author":[{"embeddable":true,"href":"https:\/\/vividclinic.net\/he\/wp-json\/wp\/v2\/users\/1"}],"replies":[{"embeddable":true,"href":"https:\/\/vividclinic.net\/he\/wp-json\/wp\/v2\/comments?post=6071"}],"version-history":[{"count":0,"href":"https:\/\/vividclinic.net\/he\/wp-json\/wp\/v2\/pages\/6071\/revisions"}],"up":[{"embeddable":true,"href":"https:\/\/vividclinic.net\/he\/wp-json\/wp\/v2\/pages\/6112"}],"wp:attachment":[{"href":"https:\/\/vividclinic.net\/he\/wp-json\/wp\/v2\/media?parent=6071"}],"curies":[{"name":"wp","href":"https:\/\/api.w.org\/{rel}","templated":true}]}}