{"id":6107,"date":"2024-08-12T14:22:02","date_gmt":"2024-08-12T11:22:02","guid":{"rendered":"https:\/\/vividclinic.net\/?page_id=6107"},"modified":"2024-09-05T16:46:03","modified_gmt":"2024-09-05T13:46:03","slug":"consent-for-commercial-electronic-messages","status":"publish","type":"page","link":"https:\/\/vividclinic.net\/he\/legal\/consent-for-commercial-electronic-messages\/","title":{"rendered":"\u05d4\u05e1\u05db\u05de\u05d4 \u05dc\u05d4\u05d5\u05d3\u05e2\u05d5\u05ea \u05d0\u05dc\u05e7\u05d8\u05e8\u05d5\u05e0\u05d9\u05d5\u05ea \u05de\u05e1\u05d7\u05e8\u05d9\u05d5\u05ea"},"content":{"rendered":"<div data-elementor-type=\"wp-page\" data-elementor-id=\"6107\" class=\"elementor elementor-6107\" data-elementor-post-type=\"page\">\n\t\t\t\t<div class=\"elementor-element elementor-element-29143ac e-flex e-con-boxed e-con e-parent\" data-id=\"29143ac\" data-element_type=\"container\" data-e-type=\"container\" data-settings=\"{&quot;ekit_has_onepagescroll_dot&quot;:&quot;yes&quot;}\">\r\n\t\t\t\t\t<div class=\"e-con-inner\">\r\n\t\t<div class=\"elementor-element elementor-element-f69d199 e-con-full e-flex e-con e-child\" data-id=\"f69d199\" data-element_type=\"container\" data-e-type=\"container\" data-settings=\"{&quot;ekit_has_onepagescroll_dot&quot;:&quot;yes&quot;}\">\r\n\t\t\t\t<div class=\"elementor-element elementor-element-b39f70d elementor-widget elementor-widget-elementskit-heading\" data-id=\"b39f70d\" data-element_type=\"widget\" data-e-type=\"widget\" data-settings=\"{&quot;ekit_we_effect_on&quot;:&quot;none&quot;}\" data-widget_type=\"elementskit-heading.default\">\n\t\t\t\t<div class=\"elementor-widget-container\">\n\t\t\t\t\t<div class=\"ekit-wid-con\" ><div class=\"ekit-heading elementskit-section-title-wraper text_left   ekit_heading_tablet-   ekit_heading_mobile-\"><h1 class=\"ekit-heading--title elementskit-section-title\">\u05d4\u05e1\u05db\u05de\u05d4 \u05dc\u05d4\u05d5\u05d3\u05e2\u05d5\u05ea \u05d0\u05dc\u05e7\u05d8\u05e8\u05d5\u05e0\u05d9\u05d5\u05ea \u05de\u05e1\u05d7\u05e8\u05d9\u05d5\u05ea<\/h1><div class=\"ekit_heading_separetor_wraper ekit_heading_elementskit-border-divider ekit-dotted\"><div class=\"elementskit-border-divider ekit-dotted\"><\/div><\/div><\/div><\/div>\t\t\t\t<\/div>\n\t\t\t\t<\/div>\n\t\t\t\t<\/div>\n\t\t\t\t\t<\/div>\n\t\t\t\t<\/div>\n\t\t<div class=\"elementor-element elementor-element-c3502d3 e-flex e-con-boxed e-con e-parent\" data-id=\"c3502d3\" data-element_type=\"container\" data-e-type=\"container\" data-settings=\"{&quot;ekit_has_onepagescroll_dot&quot;:&quot;yes&quot;}\">\r\n\t\t\t\t\t<div class=\"e-con-inner\">\r\n\t\t<div class=\"elementor-element elementor-element-d69b631 e-con-full e-flex e-con e-child\" data-id=\"d69b631\" data-element_type=\"container\" data-e-type=\"container\" data-settings=\"{&quot;ekit_has_onepagescroll_dot&quot;:&quot;yes&quot;}\">\r\n\t\t\t\t<div class=\"elementor-element elementor-element-e2e77ef elementor-widget elementor-widget-text-editor\" data-id=\"e2e77ef\" data-element_type=\"widget\" data-e-type=\"widget\" data-settings=\"{&quot;ekit_we_effect_on&quot;:&quot;none&quot;}\" data-widget_type=\"text-editor.default\">\n\t\t\t\t<div class=\"elementor-widget-container\">\n\t\t\t\t\t\t\t\t\t<h3><span style=\"color: var(--porto-h2-color,var(--porto-heading-color)); letter-spacing: var(--porto-h2-ls,-0.05em); text-align: var(--text-align);\">\u05de\u05d9\u05d3\u05e2 \u05e2\u05dc \u05d4\u05e1\u05db\u05de\u05d4 \u05dc\u05d4\u05d5\u05d3\u05e2\u05d5\u05ea \u05d0\u05dc\u05e7\u05d8\u05e8\u05d5\u05e0\u05d9\u05d5\u05ea \u05de\u05e1\u05d7\u05e8\u05d9\u05d5\u05ea<\/span><\/h3><p>\u05e2\u05dc \u05e4\u05d9 \u05d7\u05d5\u05e7 \u05de\u05e1&#039; 6698 \u05d1\u05e0\u05d5\u05e9\u05d0 \u05d4\u05d2\u05e0\u05ea \u05de\u05d9\u05d3\u05e2 \u05d0\u05d9\u05e9\u05d9 \u05d5\u05d7\u05d5\u05e7 \u05de\u05e1&#039; 6563 \u05d1\u05e0\u05d5\u05e9\u05d0 \u05d4\u05e1\u05d3\u05e8\u05ea \u05d4\u05de\u05e1\u05d7\u05e8 \u05d4\u05d0\u05dc\u05e7\u05d8\u05e8\u05d5\u05e0\u05d9, <a href=\"https:\/\/vividclinic.net\/he\/\">\u05d1\u05bc\u05b8\u05d4\u05b4\u05d9\u05e8<\/a> SA\u011eLIK TUR\u0130ZM H\u0130ZMETLER\u0130 T\u0130CARET L\u0130M\u0130TED \u015e\u0130RKET\u0130 \u05ea\u05e2\u05d1\u05d3 \u05d0\u05ea \u05d4\u05de\u05d9\u05d3\u05e2 \u05d4\u05d0\u05d9\u05e9\u05d9 \u05e9\u05dc\u05da \u05d1\u05d4\u05e1\u05db\u05de\u05ea\u05da \u05e2\u05d1\u05d5\u05e8 \u05db\u05dc \u05de\u05d9\u05e0\u05d9 \u05e4\u05e2\u05d9\u05dc\u05d5\u05d9\u05d5\u05ea \u05e9\u05d9\u05d5\u05d5\u05e7, \u05e7\u05de\u05e4\u05d9\u05d9\u05e0\u05d9\u05dd, \u05e4\u05e8\u05e1\u05d5\u05de\u05d5\u05ea, \u05d4\u05e9\u05e7\u05d5\u05ea, \u05e1\u05e7\u05e8\u05d9\u05dd, \u05d4\u05d2\u05e8\u05dc\u05d5\u05ea, \u05d4\u05e0\u05d7\u05d5\u05ea, \u05de\u05d1\u05e6\u05e2\u05d9\u05dd, \u05de\u05d1\u05e6\u05e2\u05d9\u05dd \u05de\u05d9\u05d5\u05d7\u05d3\u05d9\u05dd, \u05e4\u05ea\u05d9\u05d7\u05d5\u05ea, \u05d4\u05d6\u05de\u05e0\u05d5\u05ea, \u05d0\u05d9\u05e8\u05d5\u05e2\u05d9\u05dd \u05d5\u05e4\u05e2\u05d9\u05dc\u05d5\u05d9\u05d5\u05ea \u05ea\u05e7\u05e9\u05d5\u05e8\u05ea \u05d4\u05e7\u05e9\u05d5\u05e8\u05d5\u05ea \u05d0\u05dc\u05d9\u05da \u05d5\/\u05d0\u05d5 \u05dc\u05d0\u05dc\u05d5 \u05e9\u05ea\u05d7\u05ea \u05d0\u05e4\u05d5\u05d8\u05e8\u05d5\u05e4\u05e1\u05d5\u05ea\u05da. \u05d4\u05de\u05d9\u05d3\u05e2 \u05d4\u05d0\u05d9\u05e9\u05d9 \u05e9\u05dc\u05da \u05d9\u05e9\u05d5\u05ea\u05e3 \u05e2\u05dd \u05e1\u05e4\u05e7\u05d9 \u05d4\u05e9\u05d9\u05e8\u05d5\u05ea \u05e9\u05d0\u05e0\u05d5 \u05e2\u05d5\u05d1\u05d3\u05d9\u05dd \u05d0\u05d9\u05ea\u05dd \u05dc\u05e9\u05dc\u05d9\u05d7\u05ea SMS \u05d5\u05d3\u05d5\u05d0&quot;\u05dc, \u05d5\u05d9\u05e0\u05e7\u05d8\u05d5 \u05d0\u05de\u05e6\u05e2\u05d9 \u05d0\u05d1\u05d8\u05d7\u05d4 \u05e0\u05d7\u05d5\u05e6\u05d9\u05dd.<\/p><h2>\u05d4\u05e1\u05db\u05de\u05d4 \u05dc\u05d4\u05d5\u05d3\u05e2\u05d5\u05ea \u05d0\u05dc\u05e7\u05d8\u05e8\u05d5\u05e0\u05d9\u05d5\u05ea \u05de\u05e1\u05d7\u05e8\u05d9\u05d5\u05ea<\/h2><p>\u05d0\u05e0\u05d9 \u05e0\u05d5\u05ea\u05df \u05d1\u05d6\u05d0\u05ea \u05d0\u05ea \u05d4\u05e1\u05db\u05de\u05ea\u05d9 \u05d4\u05de\u05e4\u05d5\u05e8\u05e9\u05ea, \u05dc\u05dc\u05d0 \u05db\u05dc \u05dc\u05d7\u05e5, \u05dc\u05d7\u05d1\u05e8\u05ea V\u0130V\u0130D SA\u011eLIK TUR\u0130ZM H\u0130ZMETLER\u0130 T\u0130CARET L\u0130M\u0130TED \u015e\u0130RKET\u0130 \u05dc\u05e9\u05dc\u05d5\u05d7 \u05dc\u05d9 \u05d5\/\u05d0\u05d5 \u05dc\u05d0\u05dc\u05d5 \u05d4\u05e0\u05de\u05e6\u05d0\u05d9\u05dd \u05ea\u05d7\u05ea \u05d0\u05e4\u05d5\u05d8\u05e8\u05d5\u05e4\u05e1\u05d5\u05ea\u05d9 \u05d4\u05d5\u05d3\u05e2\u05d5\u05ea \u05d0\u05dc\u05e7\u05d8\u05e8\u05d5\u05e0\u05d9\u05d5\u05ea \u05de\u05e1\u05d7\u05e8\u05d9\u05d5\u05ea \u05d1\u05d0\u05de\u05e6\u05e2\u05d5\u05ea SMS, \u05d3\u05d5\u05d0&quot;\u05dc \u05d5\u05e9\u05d9\u05d7\u05d5\u05ea \u05d8\u05dc\u05e4\u05d5\u05df \u05e2\u05d1\u05d5\u05e8 \u05db\u05dc \u05de\u05d9\u05e0\u05d9 \u05e4\u05e2\u05d9\u05dc\u05d5\u05d9\u05d5\u05ea \u05e9\u05d9\u05d5\u05d5\u05e7, \u05e7\u05de\u05e4\u05d9\u05d9\u05e0\u05d9\u05dd, \u05e4\u05e8\u05e1\u05d5\u05de\u05d5\u05ea, \u05d4\u05e9\u05e7\u05d5\u05ea, \u05e1\u05e7\u05e8\u05d9\u05dd, \u05d4\u05d2\u05e8\u05dc\u05d5\u05ea, \u05d4\u05e0\u05d7\u05d5\u05ea, \u05de\u05d1\u05e6\u05e2\u05d9\u05dd, \u05d4\u05e6\u05e2\u05d5\u05ea \u05de\u05d9\u05d5\u05d7\u05d3\u05d5\u05ea, \u05e7\u05d9\u05d3\u05d5\u05de\u05d9 \u05de\u05db\u05d9\u05e8\u05d5\u05ea, \u05e4\u05ea\u05d9\u05d7\u05d5\u05ea, \u05d4\u05d6\u05de\u05e0\u05d5\u05ea, \u05d0\u05d9\u05e8\u05d5\u05e2\u05d9\u05dd \u05d5\u05e4\u05e2\u05d9\u05dc\u05d5\u05d9\u05d5\u05ea \u05ea\u05e7\u05e9\u05d5\u05e8\u05ea.<\/p>\t\t\t\t\t\t\t\t<\/div>\n\t\t\t\t<\/div>\n\t\t\t\t<\/div>\n\t\t\t\t\t<\/div>\n\t\t\t\t<\/div>\n\t\t\t\t<\/div>","protected":false},"excerpt":{"rendered":"<p>Consent for Commercial Electronic Messages Commercial Electronic Message Consent Information Under Law No. 6698 on the Protection of Personal Data and Law No. 6563 on the Regulation of Electronic Commerce, V\u0130V\u0130D SA\u011eLIK TUR\u0130ZM H\u0130ZMETLER\u0130 T\u0130CARET L\u0130M\u0130TED \u015e\u0130RKET\u0130 will process your personal data with your consent for all kinds of marketing activities, campaigns, advertisements, launches, surveys, [&hellip;]<\/p>\n","protected":false},"author":1,"featured_media":0,"parent":6112,"menu_order":0,"comment_status":"closed","ping_status":"open","template":"","meta":{"footnotes":""},"class_list":["post-6107","page","type-page","status-publish","hentry"],"_links":{"self":[{"href":"https:\/\/vividclinic.net\/he\/wp-json\/wp\/v2\/pages\/6107","targetHints":{"allow":["GET"]}}],"collection":[{"href":"https:\/\/vividclinic.net\/he\/wp-json\/wp\/v2\/pages"}],"about":[{"href":"https:\/\/vividclinic.net\/he\/wp-json\/wp\/v2\/types\/page"}],"author":[{"embeddable":true,"href":"https:\/\/vividclinic.net\/he\/wp-json\/wp\/v2\/users\/1"}],"replies":[{"embeddable":true,"href":"https:\/\/vividclinic.net\/he\/wp-json\/wp\/v2\/comments?post=6107"}],"version-history":[{"count":0,"href":"https:\/\/vividclinic.net\/he\/wp-json\/wp\/v2\/pages\/6107\/revisions"}],"up":[{"embeddable":true,"href":"https:\/\/vividclinic.net\/he\/wp-json\/wp\/v2\/pages\/6112"}],"wp:attachment":[{"href":"https:\/\/vividclinic.net\/he\/wp-json\/wp\/v2\/media?parent=6107"}],"curies":[{"name":"wp","href":"https:\/\/api.w.org\/{rel}","templated":true}]}}