{"id":10273,"date":"2024-08-12T13:38:46","date_gmt":"2024-08-12T10:38:46","guid":{"rendered":"https:\/\/vividclinic.net\/cerez-politikasi\/"},"modified":"2024-09-05T16:45:48","modified_gmt":"2024-09-05T13:45:48","slug":"cerez-politikasi","status":"publish","type":"page","link":"https:\/\/vividclinic.net\/it\/cerez-politikasi\/","title":{"rendered":"\u00c7erez Politikas\u0131"},"content":{"rendered":"<div data-elementor-type=\"wp-page\" data-elementor-id=\"10273\" class=\"elementor elementor-10273\" data-elementor-post-type=\"page\">\n\t\t\t\t<div class=\"elementor-element elementor-element-d0ab785 e-flex e-con-boxed e-con e-parent\" data-id=\"d0ab785\" data-element_type=\"container\" data-e-type=\"container\" data-settings=\"{&quot;ekit_has_onepagescroll_dot&quot;:&quot;yes&quot;}\">\r\n\t\t\t\t\t<div class=\"e-con-inner\">\r\n\t\t<div class=\"elementor-element elementor-element-6387afe e-con-full e-flex e-con e-child\" data-id=\"6387afe\" data-element_type=\"container\" data-e-type=\"container\" data-settings=\"{&quot;ekit_has_onepagescroll_dot&quot;:&quot;yes&quot;}\">\r\n\t\t\t\t<div class=\"elementor-element elementor-element-3151673 elementor-widget elementor-widget-elementskit-heading\" data-id=\"3151673\" data-element_type=\"widget\" data-e-type=\"widget\" data-settings=\"{&quot;ekit_we_effect_on&quot;:&quot;none&quot;}\" data-widget_type=\"elementskit-heading.default\">\n\t\t\t\t<div class=\"elementor-widget-container\">\n\t\t\t\t\t<div class=\"ekit-wid-con\" ><div class=\"ekit-heading elementskit-section-title-wraper text_left   ekit_heading_tablet-   ekit_heading_mobile-\"><h1 class=\"ekit-heading--title elementskit-section-title\">\u00c7erez Politikas\u0131<\/h1><div class=\"ekit_heading_separetor_wraper ekit_heading_elementskit-border-divider ekit-dotted\"><div class=\"elementskit-border-divider ekit-dotted\"><\/div><\/div><\/div><\/div>\t\t\t\t<\/div>\n\t\t\t\t<\/div>\n\t\t\t\t<\/div>\n\t\t\t\t\t<\/div>\n\t\t\t\t<\/div>\n\t\t<div class=\"elementor-element elementor-element-7060f9f e-flex e-con-boxed e-con e-parent\" data-id=\"7060f9f\" data-element_type=\"container\" data-e-type=\"container\" data-settings=\"{&quot;ekit_has_onepagescroll_dot&quot;:&quot;yes&quot;}\">\r\n\t\t\t\t\t<div class=\"e-con-inner\">\r\n\t\t<div class=\"elementor-element elementor-element-f99511d e-con-full e-flex e-con e-child\" data-id=\"f99511d\" data-element_type=\"container\" data-e-type=\"container\" data-settings=\"{&quot;ekit_has_onepagescroll_dot&quot;:&quot;yes&quot;}\">\r\n\t\t\t\t<div class=\"elementor-element elementor-element-e7fed95 elementor-widget elementor-widget-text-editor\" data-id=\"e7fed95\" data-element_type=\"widget\" data-e-type=\"widget\" data-settings=\"{&quot;ekit_we_effect_on&quot;:&quot;none&quot;}\" data-widget_type=\"text-editor.default\">\n\t\t\t\t<div class=\"elementor-widget-container\">\n\t\t\t\t\t\t\t\t\t<h4>\u00c7erez Politikas\u0131 nedir?<\/h4>\n<p>Se il tuo dispositivo \u00e8 &quot;cookie&quot;, il tuo cellulare e il tuo cellulare possono essere scaricati dal sito (vividclinic.net) e possono essere visualizzati su un cellulare o su un cellulare (come telefono, tablet o altro).<br \/>\n\u00c7erezler genellikle geldikleri sito internet isimlerini, kullan\u0131m \u00f6m\u00fcrlerini ve rastgele verilen say\u0131lardan olu\u015fan de\u011ferleri i\u00e7erir. <\/p>\n<h4>Ne i\u00e7in Kullan\u0131yoruz?<\/h4>\n<p>\u00c7erezleri, sitemizin daha kolay kullan\u0131lmas\u0131, sizin ilgi ve ihtiya\u00e7lar\u0131n\u0131za g\u00f6re ayarlanmas\u0131 ve kullan\u0131c\u0131lar\u0131m\u0131za ak\u0131ll\u0131 reklam g\u00f6sterimi i\u00e7in ki\u015fiselle\u015ftirme amac\u0131yla kullan\u0131yoruz.<br \/>\nI siti Internet bu \u00e7erez dosyalar\u0131n\u0131 okuyup yazabiliyorlar ve bu sayede tan\u0131nman\u0131z ve size daha uygun bir internet sitesi sunulmas\u0131 amac\u0131yla sizinle ilgili \u00f6nemli bilgilerin hat\u0131rlanmas\u0131 sa\u011flan\u0131yor. <\/p>\n<p>\u00c7erezler ayr\u0131ca, sitemiz \u00fczerinde gelecekteki hareketlerinizin h\u0131zlanmas\u0131na da yard\u0131mc\u0131 olur.<br \/>\nBunlara ek olarak, ziyaret\u00e7ilerin sitemizi nas\u0131l kulland\u0131\u011f\u0131n\u0131 anlamak ve sitemizin tasar\u0131m\u0131 ile kullan\u0131\u015fl\u0131l\u0131\u011f\u0131n\u0131 geli\u015ftirmek amac\u0131yla \u00e7erezleri sitemizin kullan\u0131m\u0131 hakk\u0131nda statistiksel bilgiler toplamak i\u00e7in de kullanabiliriz. <\/p>\n<h4>V\u0130V\u0130D SA\u011eLIK TUR\u0130ZM H\u0130ZMETLER\u0130 T\u0130CARET L\u0130M\u0130TED \u015e\u0130RKET\u0130 \u00c7erezleri<\/h4>\n<p>I siti web, i servizi di telefonia mobile e i siti di telefonia mobile sono disponibili in tutto il mondo.<br \/>\nSe hai una parola d&#039;ordine nei siti web\/in dispositivi mobili\/siti mobili, puoi accedere facilmente ai tuoi siti web, seleziona la tua schermata di uccelli fazla quando la parola ti consente di accedere ai siti Web, utilizzare i dispositivi mobili e\/o i siti mobili daha sonraki ziyaretlerde kullan\u0131c\u0131y\u0131 hat\u0131rlayan ve tan\u0131yan \u00e7erezleri i\u00e7erir. <\/p>\n<p>Kullan\u0131c\u0131lar\u0131n web sitesi, mobil uygulama ve\/mobil siteye nereden ve hangi cihazlardan ba\u011fland\u0131\u011f\u0131, web sitesi\/mobil uygulama\/mobil sitesi \u00fczerinde hangi i\u00e7eri\u011fi g\u00f6r\u00fcnt\u00fcledi\u011fi ve ziyaret s\u00fcresi gibi web sitesini\/mobil uygulamay\u0131\/mobil sitesini nas\u0131l kulland\u0131\u011f\u0131n\u0131z\u0131n tespiti de dahil olmak \u00fczere; siti web, uygulama mobile ve\/veya mobile siteyi kullan\u0131c\u0131n\u0131n nas\u0131l kulland\u0131\u011f\u0131n\u0131 belirlemek amac\u0131yla kullan\u0131r.<\/p>\n<p>Kullan\u0131c\u0131n\u0131n ilgi alan\u0131na uygun i\u00e7erik ve reklamlar\u0131 sunmak, di\u011fer bir ifade ile hedeflenmi\u015f reklam veya tan\u0131t\u0131m amac\u0131yla kullan\u0131r.<\/p>\n<h4>\u00bfHangi T\u00fcrlerini Kullan\u0131yoruz?<\/h4>\n<p>Oturum \u00e7erezleri (cookie di sessione) ve kal\u0131c\u0131 \u00e7erezler (cookie persistenti) olmak \u00fczere sitelerimiz genelinde iki t\u00fcr \u00e7erez kullanmaktay\u0131z.<br \/>\nOturum \u00e7erezleri ge\u00e7ici \u00e7erezler olup sadece taray\u0131c\u0131n\u0131z\u0131 kapat\u0131ncaya kadar ge\u00e7erlidirler.<br \/>\nKal\u0131c\u0131 \u00e7erezler siz silinceye veya s\u00fcreleri doluncaya (bu \u015fekilde \u00e7erezlerin cihaz\u0131nda ne kadar kalaca\u011f\u0131, \u00e7erezlerin \u201ckullan\u0131m \u00f6m\u00fcrlerine\u201d ba\u011fl\u0131 olacakt\u0131r) kadar sabit diskinizde kal\u0131rlar.  <\/p>\n<h4>\u00dc\u00e7\u00fcnc\u00fc Parti \u00c7erezleri (Cookies de terceros)<\/h4>\n<p>\u0130\u015f ortaklar\u0131m\u0131z, reklam platformlar\u0131, sosyal medya platformlar\u0131 ile analitik bilgileri toplama hizmeti veren, sitemiz genelinde kullan\u0131lan bu servis sa\u011flay\u0131c\u0131lar hizmetlerini sunabilmeleri i\u00e7in sitelerimizi ziyaret etti\u011finizde, bizim yerimize cihazlar\u0131n\u0131za \u00e7erez kaydetmelerine izin verebiliriz.<br \/>\nBu \u00e7erezler hakk\u0131nda daha fazla bilgi edinmek ve bu \u00e7erezlerin nas\u0131l kontrol edilece\u011fine ili\u015fkin ayr\u0131nt\u0131l\u0131 bilgi i\u00e7in, l\u00fctfen bu \u00fc\u00e7\u00fcnc\u00fc parti kurum ve kurulu\u015flar\u0131n gizlilik politikalar\u0131n\u0131 o \u00e7erez politikalar\u0131n\u0131 inceleyiniz. <\/p>\n<p>Vividclinic.net \u00e8 disponibile per i motori, i siti web vividclinic.net, i siti web per dispositivi mobili o per i siti mobili e\/veya vividclinic.net sitesinin reklam verdi\u011fi web sitelerini ziyaret etti\u011finizde ilginizi \u00e7ekebilece\u011fini d\u00fc\u015f\u00fcnd\u00fc\u011f\u00fc reklamlar\u0131 size sunabilmek amaciyla kullanabilir.<br \/>\nSe hai un sito web, una pagina web mobile, una pagina web mobile o una pagina web di vividclinic.net, la dimensione del tuo sito web, della tua pagina web mobile o della tua pagina web mobile pu\u00f2 variare.<br \/>\nKi\u015fiselle\u015ftirilmi\u015f bu reklamlar\u0131 sunarken, vividclinic.net sizi tan\u0131yabilmesi amac\u0131yla taray\u0131c\u0131n\u0131za benzersiz bir \u00fc\u00e7\u00fcnc\u00fc taraf \u00e7erezi yerle\u015ftirilebilir.<br \/>\nVividclinic.net utilizza i servizi di Google, Inc. (\u201cGoogle\u201d) per l&#039;analisi web di Google Analytics.<br \/>\nGoogle Analytics \u00e8 un servizio di analisi di siti web, applicazioni mobili e siti mobili che fornisce statistiche sull&#039;uso e sulla resa dei dati analitici.<br \/>\nGoogle Analytics ha eseguito l&#039;accesso alla fase successiva (sezione rossa), quindi l&#039;indirizzo pu\u00f2 essere modificato: <a target=\"\" rel=\"\">http:\/\/www.google.com\/intl\/tr\/policies\/privacy\/#infocollect<\/a>     <\/p>\n<p><a target=\"_new\" rel=\"noreferrer\">\u00c7erez Politikas\u0131<br \/><\/a><\/p>\n<h4>\u00c7erezleri Nas\u0131l Kontrol Edebilir veya Silebilirsiniz?<\/h4>\n<p>Bir\u00e7ok internet taray\u0131c\u0131s\u0131, varsay\u0131lan olarak \u00e7erezleri otomatik olarak kabul etmeye ayarl\u0131d\u0131r.<br \/>\nBu ayarlar\u0131, \u00e7erezleri engelleyecek veya cihaz\u0131n\u0131za \u00e7erez g\u00f6nderildi\u011finde uyar\u0131 verecek \u015fekilde de\u011fi\u015ftirebilirsiniz.<br \/>\n\u00c7erezleri y\u00f6netmenin birka\u00e7 yolu bulunmaktad\u0131r.<br \/>\nTaray\u0131c\u0131 ayarlar\u0131n\u0131z\u0131 nas\u0131l d\u00fczenleyece\u011finiz hakk\u0131nda ayr\u0131nt\u0131l\u0131 bilgi almak i\u00e7in l\u00fctfen taray\u0131c\u0131n\u0131z\u0131n talimat veya yard\u0131m ekran\u0131na ba\u015fvurun.   <\/p>\n<p>\u0130nternet taray\u0131c\u0131n\u0131z\u0131n \u00e7e\u015fidine g\u00f6re a\u015fa\u011f\u0131daki ad\u0131mlar\u0131 izleyerek, \u00e7erezler hakk\u0131nda bilgi edinip, izin verme veya reddetme hakk\u0131n\u0131z\u0131 kullanabilirsiniz:<\/p>\n<ul>\n<li><strong>Google Chrome<\/strong>: Browser&#039;\u0131n\u0131z\u0131n \u201cadres\u201d b\u00f6l\u00fcm\u00fcnde yer alan, \u201ckilit i\u015fareti\u201d o \u201ci\u201d harfini t\u0131klayarak, \u201cCookie\u201d sekmesinden \u00e7erezlere izin verebilir o bloke edebilirsiniz.<\/li>\n<li><strong>Esploratore di<\/strong> Internet: Browser&#039;\u0131n\u0131z\u0131n sa\u011f \u00fcst k\u00f6\u015fesinde yer alan \u201cTool\u201d o \u201cAra\u00e7lar\u201d b\u00f6l\u00fcm\u00fcnden \u201cG\u00fcvenlik\u201d sekmesini t\u0131klay\u0131n ve \u201cizin ver\u201d o \u201cizin verme\u201d \u015feklinde \u00e7erez y\u00f6netiminizi ger\u00e7ekle\u015ftirin.<\/li>\n<li><strong>Mozilla Firefox<\/strong>: Browser&#039;\u0131n\u0131z\u0131n sa\u011f \u00fcst k\u00f6\u015fesinde yer alan \u201cmenuy\u00fc a\u00e7\u201d sekmesini t\u0131klay\u0131n\u0131z.<br \/>\n\u201cSe\u00e7enekler\u201d g\u00f6rselini t\u0131klayarak \u201cGizlilik ve G\u00fcvenlik\u201d buttononunu kullanarak \u00e7erez y\u00f6netiminizi yap\u0131n\u0131z. <\/li>\n<li><strong>Safari<\/strong>: Telefonunuzun \u201cAyarlar\u201d b\u00f6l\u00fcm\u00fcnden \u201csafari\u201d sekmesini se\u00e7ip, \u201cGizlilik ve G\u00fcvenlik\u201d b\u00f6l\u00fcm\u00fcnden t\u00fcm \u00e7erez y\u00f6netiminizi sa\u011flayabilirsiniz.<\/li>\n<\/ul>\n<p>Dal tuo browser (Opera, Microsoft Edge a tutti), il tuo browser si trova in un cortile o in una posizione inceleyebilirsiniz.<\/p>\n<p>E\u011fer kulland\u0131\u011f\u0131m\u0131z \u00e7erezleri devre d\u0131\u015f\u0131 b\u0131rak\u0131rsan\u0131z, bu eylem <a href=\"https:\/\/vividclinic.net\/es\/\">vividclinic.net<\/a> sitesindeki kullan\u0131c\u0131 deneyiminizi etkileyebilir.<br \/>\n\u00d6rne\u011fin <a href=\"https:\/\/vividclinic.net\/es\/\">vividclinic<\/a>.net sitesinin belirli b\u00f6l\u00fcmlerini g\u00f6r\u00fcnt\u00fcleyemeyebilir o vividclinic.net sitesini ziyaret etti\u011finizde sizin i\u00e7in \u00f6zelle\u015ftirilmi\u015f olan bilgilere ula\u015famayabilirsiniz. <\/p>\n<p>I siti di Vividclinic.net ti permettono di usare i prodotti per la cura dei bambini (per esempio, telefono, tablet, tablet vb.), ma cihazlar\u0131n her birindeki her taray\u0131c\u0131n\u0131n \u00e7erez tercihlerinize uygun \u015fekilde ayarlanm\u0131\u015f oldu\u011fundan emin olman\u0131z gerekir.<\/p>\n\t\t\t\t\t\t\t\t<\/div>\n\t\t\t\t<\/div>\n\t\t\t\t<\/div>\n\t\t\t\t\t<\/div>\n\t\t\t\t<\/div>\n\t\t\t\t<\/div>","protected":false},"excerpt":{"rendered":"<p>\u00c7erez Politikas\u0131 \u00c7erez Politikas\u0131 nedir? \u00c7erez veya bilinen ismiyle &#8220;cookie&#8221;, mobil ve masa\u00fcst\u00fc cihazlar kullanarak sitemizi (vividclinic.net) ziyaret etti\u011finizde bilgisayar\u0131n\u0131z veya mobil cihaz\u0131n\u0131za (ak\u0131ll\u0131 telefon, tablet gibi) kaydedilen k\u00fc\u00e7\u00fck metin dosyas\u0131 veya bilgilerdir. \u00c7erezler genellikle geldikleri internet site isimlerini, kullan\u0131m \u00f6m\u00fcrlerini ve rastgele verilen say\u0131lardan olu\u015fan de\u011ferleri i\u00e7erir. Ne i\u00e7in Kullan\u0131yoruz? \u00c7erezleri, sitemizin daha kolay [&hellip;]<\/p>\n","protected":false},"author":1,"featured_media":0,"parent":0,"menu_order":0,"comment_status":"closed","ping_status":"open","template":"","meta":{"footnotes":""},"class_list":["post-10273","page","type-page","status-publish","hentry"],"_links":{"self":[{"href":"https:\/\/vividclinic.net\/it\/wp-json\/wp\/v2\/pages\/10273","targetHints":{"allow":["GET"]}}],"collection":[{"href":"https:\/\/vividclinic.net\/it\/wp-json\/wp\/v2\/pages"}],"about":[{"href":"https:\/\/vividclinic.net\/it\/wp-json\/wp\/v2\/types\/page"}],"author":[{"embeddable":true,"href":"https:\/\/vividclinic.net\/it\/wp-json\/wp\/v2\/users\/1"}],"replies":[{"embeddable":true,"href":"https:\/\/vividclinic.net\/it\/wp-json\/wp\/v2\/comments?post=10273"}],"version-history":[{"count":0,"href":"https:\/\/vividclinic.net\/it\/wp-json\/wp\/v2\/pages\/10273\/revisions"}],"wp:attachment":[{"href":"https:\/\/vividclinic.net\/it\/wp-json\/wp\/v2\/media?parent=10273"}],"curies":[{"name":"parola chiave","href":"https:\/\/api.w.org\/{rel}","templated":true}]}}