{"id":10277,"date":"2024-08-12T13:21:29","date_gmt":"2024-08-12T10:21:29","guid":{"rendered":"https:\/\/vividclinic.net\/kisisel-verilerin-korunmasi\/"},"modified":"2024-09-05T16:47:41","modified_gmt":"2024-09-05T13:47:41","slug":"kisisel-verilerin-korunmasi","status":"publish","type":"page","link":"https:\/\/vividclinic.net\/it\/kisisel-verilerin-korunmasi\/","title":{"rendered":"Ki\u015fisel Verilerin Korunmas\u0131"},"content":{"rendered":"<div data-elementor-type=\"wp-page\" data-elementor-id=\"10277\" class=\"elementor elementor-10277\" data-elementor-post-type=\"page\">\n\t\t\t\t<div class=\"elementor-element elementor-element-7dc9209 e-flex e-con-boxed e-con e-parent\" data-id=\"7dc9209\" data-element_type=\"container\" data-e-type=\"container\" data-settings=\"{&quot;ekit_has_onepagescroll_dot&quot;:&quot;yes&quot;}\">\r\n\t\t\t\t\t<div class=\"e-con-inner\">\r\n\t\t<div class=\"elementor-element elementor-element-0104efa e-con-full e-flex e-con e-child\" data-id=\"0104efa\" data-element_type=\"container\" data-e-type=\"container\" data-settings=\"{&quot;ekit_has_onepagescroll_dot&quot;:&quot;yes&quot;}\">\r\n\t\t\t\t<div class=\"elementor-element elementor-element-e19b9e5 elementor-widget elementor-widget-elementskit-heading\" data-id=\"e19b9e5\" data-element_type=\"widget\" data-e-type=\"widget\" data-settings=\"{&quot;ekit_we_effect_on&quot;:&quot;none&quot;}\" data-widget_type=\"elementskit-heading.default\">\n\t\t\t\t<div class=\"elementor-widget-container\">\n\t\t\t\t\t<div class=\"ekit-wid-con\" ><div class=\"ekit-heading elementskit-section-title-wraper text_left   ekit_heading_tablet-   ekit_heading_mobile-\"><h1 class=\"ekit-heading--title elementskit-section-title\">Ki\u015fisel Verilerin Korunmas\u0131<\/h1><div class=\"ekit_heading_separetor_wraper ekit_heading_elementskit-border-divider ekit-dotted\"><div class=\"elementskit-border-divider ekit-dotted\"><\/div><\/div><\/div><\/div>\t\t\t\t<\/div>\n\t\t\t\t<\/div>\n\t\t\t\t<\/div>\n\t\t\t\t\t<\/div>\n\t\t\t\t<\/div>\n\t\t<div class=\"elementor-element elementor-element-0b05ae8 e-flex e-con-boxed e-con e-parent\" data-id=\"0b05ae8\" data-element_type=\"container\" data-e-type=\"container\" data-settings=\"{&quot;ekit_has_onepagescroll_dot&quot;:&quot;yes&quot;}\">\r\n\t\t\t\t\t<div class=\"e-con-inner\">\r\n\t\t<div class=\"elementor-element elementor-element-7abe7cf e-con-full e-flex e-con e-child\" data-id=\"7abe7cf\" data-element_type=\"container\" data-e-type=\"container\" data-settings=\"{&quot;ekit_has_onepagescroll_dot&quot;:&quot;yes&quot;}\">\r\n\t\t\t\t<div class=\"elementor-element elementor-element-dc371de elementor-widget elementor-widget-text-editor\" data-id=\"dc371de\" data-element_type=\"widget\" data-e-type=\"widget\" data-settings=\"{&quot;ekit_we_effect_on&quot;:&quot;none&quot;}\" data-widget_type=\"text-editor.default\">\n\t\t\t\t<div class=\"elementor-widget-container\">\n\t\t\t\t\t\t\t\t\t<h4> <\/h4>\n<h4>6698 SAYILI K\u0130\u015e\u0130SEL VER\u0130LER\u0130N KORUNMASI KANUNU KAPSAMINDA HASTA\/H\u0130ZMET ALAN K\u0130\u015e\u0130 AYDINLATMA METN\u0130<\/h4>\n<h4>1. AYDINLATMA METN\u0130 AMACI VE KAPSAMI<\/h4>\n<p>\u0130\u015fbu ayd\u0131nlatma metni, 6698 say\u0131l\u0131 Ki\u015fisel Verilerin Korunmas\u0131 Kanunu&#039;nun (\u201cKVKK\u201d veya \u201cKanun\u201d olarak an\u0131lacakt\u0131r.) \u201cVeri Sorumlusunun Ayd\u0131nlatma Y\u00fck\u00fcml\u00fcl\u00fc\u011f\u00fc\u201d ba\u015fl\u0131kl\u0131 10.<br \/>\nMaddesi do\u011frultusunda ve Ki\u015fisel Verileri Koruma Kurulu taraf\u0131ndan yay\u0131nlanan Ayd\u0131nlatma Y\u00fck\u00fcml\u00fcl\u00fc\u011f\u00fcn\u00fcn Yerine Getirilmesinde Uyulacak Usul ve Esaslar Hakk\u0131nda Tebli\u011f kapsam\u0131nda veri sorumlusu s\u0131fat\u0131yla V\u0130V\u0130D SA\u011eLIK TUR\u0130ZM H\u0130ZMETLER\u0130 T\u0130CARET L\u0130M\u0130TED \u015e\u0130RKET\u0130 (i\u015fbu ayd\u0131nlatma metni kapsam\u0131nda<a href=\"https:\/\/vividclinic.net\/es\/\">\u201cVivid Klinik<\/a>\u201d olarak an\u0131lacakt\u0131r.) taraf\u0131ndan ki\u015fisel verilerinizin toplanma y\u00f6ntemi ve hukuki sebebi, bu verilerin hangi ama\u00e7la i\u015flenece\u011fi, kimlere ve hangi ama\u00e7la aktar\u0131labilece\u011fi hakk\u0131nda bilgilendirme amac\u0131yla haz\u0131rlanm\u0131\u015ft\u0131r. <\/p>\n<h4>2. VER\u0130 SORUMLUSUNUN K\u0130ML\u0130\u011e\u0130<\/h4>\n<ul>\n<li><strong>\u015eirket Unvan\u0131<\/strong>: V\u0130V\u0130D SA\u011eLIK TUR\u0130ZM H\u0130ZMETLER\u0130 T\u0130CARET L\u0130M\u0130TED \u015e\u0130RKET\u0130<\/li>\n<li><strong>Direzione<\/strong>: ATAK\u00d6Y 7-8-9-10.<br \/>\nKISIM MAH.<br \/>\n\u00c7OBAN\u00c7E\u015eME E-5 YAN YOL CAD.<br \/>\n1 NO: 8\/1 \u0130\u00c7 KAPI NO: 14 BAKIRK\u00d6Y\/\u0130STANBUL\/T\u00dcRK\u0130YE   <\/li>\n<\/ul>\n<h4>3. \u0130\u015eLENEN K\u0130\u015e\u0130SEL VER\u0130LER\u0130N\u0130Z VE VER\u0130 \u0130\u015eLEME AMA\u00c7LARI.<\/h4>\n<p><strong>3.1.<br \/>\n\u0130\u015eLENEN K\u0130\u015e\u0130SEL VER\u0130LER\u0130N\u0130Z <\/strong><\/p>\n<p>A\u015fa\u011f\u0131da belirtilen ki\u015fisel verileriniz Vivid Klinik taraf\u0131ndan; almak istedi\u011finiz hizmet kapsam\u0131nda ger\u00e7ekle\u015ftirilecek faaliyetlerin gerekleri ve niteliklerine g\u00f6re i\u015flenmektedir:<\/p>\n<ul>\n<li><strong>Kimlik Verisi<\/strong>: Ad, Soyad, Do\u011fum Tarihi, Do\u011fum Yeri, TC Kimlik\/Pasaport Bilgileri, \u0130mza, Cinsiyet, Uyruk Bilgisi, Medeni Hal Bilgisi<\/li>\n<li>\u0130leti\u015fim <strong>Verisi<\/strong>: Telefon Numaras\u0131, E-posta Adresi, Adres Bilgileri, Posta Kodu<\/li>\n<li><strong>Fiziksel Mekan G\u00fcvenli\u011fi<\/strong>: G\u00fcvenlik Kameras\u0131 Kay\u0131tlar\u0131<\/li>\n<li><strong>Verifiche finanziarie<\/strong>: Banka Hesap Numaras\u0131, IBAN Bilgisi, Kredi Kart Bilgisi<\/li>\n<li><strong>G\u00f6rsel ve \u0130\u015fitsel Veri<\/strong>: \u0130\u015flem \u00f6ncesi ve sonras\u0131 foto\u011fraflar\u0131<\/li>\n<li><strong>Bilgileri Sa\u011fl\u0131k<\/strong>: Ki\u015fisel Sa\u011fl\u0131k Ge\u00e7mi\u015fi Bilgileri, Ge\u00e7irmi\u015f Oldu\u011fu veya Sahip Oldu\u011fu Hastal\u0131k Bilgisi, Alerjik Durum Bilgisi, Kan Grubu, Kons\u00fcltasyon Raporu, Kullan\u0131lan \u0130la\u00e7 Bilgisi, Hamilelik Durumu Bilgisi, Di\u015f Sa\u011fl\u0131\u011f\u0131 Bilgisi, Tedavi Bilgisi, Hastal\u0131k T\u00fcr\u00fc, T\u0131bbi De\u011ferler, Tahlil Sonu\u00e7lar\u0131, Kullan\u0131lan Cihaz ve Protez Bilgileri<\/li>\n<\/ul>\n<p><strong>3.2.<br \/>\nVER\u0130 \u0130\u015eLEME AMA\u00c7LARI <\/strong><\/p>\n<p>Yukar\u0131da belirtilen ki\u015fisel verileriniz Vivid Klinik ile Hasta\/Hizmet Alan Ki\u015fi aras\u0131nda kurulan hukuki ili\u015fki \u00e7er\u00e7evesinde al\u0131nan hizmet i\u00e7in gerekli olmas\u0131 nedeniyle a\u015fa\u011f\u0131daki ama\u00e7larla i\u015flenmektedir:<\/p>\n<ul>\n<li>Sa\u011fl\u0131k hizmetlerininin sunulabilmesi i\u00e7in hasta kay\u0131t dosyas\u0131n\u0131n olu\u015fturulmas\u0131<\/li>\n<li>Gerekli Muayene, T\u0131bbi Te\u015fhis, Tan\u0131 e Tedavi Hizmetlerin in Sa\u011flanmas\u0131<\/li>\n<li>Operasyon Sonras\u0131 Destek Hizmetlerinin Sunulmas\u0131<\/li>\n<li>Hasta \u0130li\u015fkileri Y\u00f6netimi S\u00fcre\u00e7lerininin Y\u00fcr\u00fct\u00fclmesi<\/li>\n<li>Faaliyetlerin Mevzuata Uygun Y\u00fcr\u00fct\u00fclmesi<\/li>\n<li>Sa\u011fl\u0131k Bakanl\u0131\u011f\u0131 Ba\u015fta Olmak \u00dczere \u0130lgili Kamu Kurum ve Kurulu\u015flar\u0131 ile Yasal Y\u00fck\u00fcml\u00fcl\u00fck Gere\u011fince Talep Edilen Verilerin Toplanmas\u0131 ve Gerekti\u011finde Bilgilerin Payla\u015f\u0131lmas\u0131<\/li>\n<li>Hizmet Sat\u0131\u015f\u0131n\u0131n Yap\u0131lmas\u0131 \u0130\u00e7in Muhasebe e Finans \u0130\u015flerinin Y\u00fcr\u00fct\u00fclmesi<\/li>\n<li>S\u00f6zle\u015fme S\u00fcre\u00e7lerininin Y\u00fcr\u00fct\u00fclmesi<\/li>\n<li>Reklam\/Kampanya\/Promosyon S\u00fcre\u00e7lerininin Y\u00fcr\u00fct\u00fclmesi<\/li>\n<li>Mal\/Hizmet Sat\u0131\u015f S\u00fcre\u00e7lerinin Y\u00fcr\u00fct\u00fclmesi<\/li>\n<li>Mal\/Hizmet Sat\u0131\u015f Sonras\u0131 Destek Hizmetlerininin Y\u00fcr\u00fct\u00fclmesi<\/li>\n<li>Veri Sorumlusu Operasyonlar\u0131n\u0131n G\u00fcvenli\u011finin Temini<\/li>\n<\/ul>\n<h4>4. K\u0130\u015e\u0130SEL VER\u0130LER\u0130N AKTARILMASI<\/h4>\n<p>Ki\u015fisel verileriniz yukar\u0131da belirtilen dayanak ve ama\u00e7lar capsam\u0131nda i\u015f ortaklar\u0131m\u0131za, hizmet ald\u0131\u011f\u0131m\u0131z veya i\u015f birli\u011fi i\u00e7inde oldu\u011fumuz \u00fc\u00e7\u00fcnc\u00fc ki\u015filere, kanunen yetkili kamu kurumlar\u0131 ve \u00f6zel ki\u015filere 6698 say\u0131l\u0131 Kanun&#039;un<br \/>\n8. ve<br \/>\n9. maddelerinde belirtilen ki\u015fisel veri i\u015fleme \u015fartlar\u0131 \u00e7er\u00e7evesinde ve bunlarla s\u0131n\u0131rl\u0131 olarak aktar\u0131labilecektir.<br \/>\nKi\u015fisel veri aktar\u0131m\u0131 yap\u0131lan t\u00fcm veri i\u015fleyen ve \u00fc\u00e7\u00fcnc\u00fc ki\u015filer, 6698 say\u0131l\u0131 Kanuna uygun gizlilik y\u00fck\u00fcml\u00fcl\u00fc\u011f\u00fc alt\u0131ndad\u0131r.   <\/p>\n<h4>5. K\u0130\u015e\u0130SEL VER\u0130LER\u0130N SAKLANMA S\u00dcRES\u0130<\/h4>\n<p>Ki\u015fisel verileriniz, i\u015fbu Ayd\u0131nlatma Metninde belirtilen ama\u00e7larla s\u0131n\u0131rl\u0131 olmak \u00fczere; Vivid Klinik&#039;in tabi oldu\u011fu, ilgili t\u00fcm kanun ve sair yasal mevzuatta yer alan veri i\u015fleme ve zamana\u015f\u0131m\u0131 s\u00fcrelerine riayet edilerek i\u015flenecektir.<br \/>\nKanunlarda veri i\u015fleme s\u00fcrelerine ili\u015fkin de\u011fi\u015fiklik yap\u0131lmas\u0131 halinde, belirlenen yeni s\u00fcreler esas al\u0131nacakt\u0131r.<br \/>\nVivid Klinik si riserva il diritto di ricercare o ricercare le sollecitudine dell&#039;assistenza medica di qualsiasi persona, indipendentemente dalla sua nazione o da se sia anonimo o no.  <\/p>\n<h4>6. \u0130LG\u0130L\u0130 K\u0130\u015e\u0130 HAKLARINIZ.<\/h4>\n<p>Kanunun ilgili ki\u015finin haklar\u0131n\u0131 d\u00fczenleyen 11.<br \/>\nmaddesi kapsam\u0131nda ki\u015fisel verilerinizin i\u015flenmesine dair taleplerinizi, Veri Sorumlusu Ba\u015fvuru Usul ve Esaslar\u0131 Hakk\u0131nda Tebli\u011fe g\u00f6re, yaz\u0131l\u0131 olarak Vivid Klinik resmi adresine posta yoluyla veya <wpcodeself wptype=\"\" wpml_attr_0=\"\" wpml_attr_1=\"\" wpml_attr_2=\"\"> e-posta adresi \u00fczerinden elektronik olarak iletebilirsiniz. <\/p>\n<p>Ayd\u0131nlatma metnini okudum, anlad\u0131m.<\/p>\n<ul>\n<li><strong>Ad Soyad\u0131<\/strong>:<\/li>\n<li><strong>Tarih<\/strong>:<\/li>\n<li><strong>\u0130mza<\/strong>:<\/li>\n<\/ul>\n<h4>K\u0130\u015e\u0130SEL VER\u0130LER\u0130N VE \u00d6ZEL N\u0130TEL\u0130KL\u0130 K\u0130\u015e\u0130SEL VER\u0130LER\u0130N \u0130\u015eLENMES\u0130NE VE YURT DI\u015eINA AKTARILMASINA \u0130L\u0130\u015eK\u0130N A\u00c7IK RIZA BEYANI.<\/h4>\n<p>6698 SAYILI K\u0130\u015e\u0130SEL VER\u0130LER\u0130N KORUNMASI KANUNU KAPSAMINDA HASTA\/H\u0130ZMET ALAN K\u0130\u015e\u0130 AYDINLATMA METN\u0130&#039;nin tamam\u0131n\u0131 okudum, anlad\u0131m ve Vivid Klinik taraf\u0131ndan KVKK \u00e7er\u00e7evesinde ki\u015fisel verilerimin ve \u00f6zel nitelikli ki\u015fisel verilerimin ne \u015fekilde i\u015flendi\u011fi ve aktar\u0131ld\u0131\u011f\u0131 ve a\u00e7\u0131k r\u0131zam\u0131 diledi\u011fim zaman geri alabilece\u011fim hakk\u0131nda bilgi sahibi oldum.<\/p>\n<p>KVKK e il suo team di gestione Vivid Klinik e istirakleri taraf\u0131ndan \u00f6zel nitelikli ki\u015fisel veri niteli\u011findeki sa\u011fl\u0131k verilerimin i\u015flenmesine, istedi\u011fim hizmetlerin sa\u011flanmas\u0131 amac\u0131yla gere\u011fi ile sa\u011fl\u0131k hizmeti verilebilmesi ve bu hizmetlerin planlanmas\u0131 amac\u0131yla, i\u015flenmesine ve payla\u015f\u0131m\u0131n gerekli oldu\u011fu yurti\u00e7i veya yurtd\u0131\u015f\u0131nda bulunan di\u011fer ki\u015fi ve kurulu\u015flar ile payla\u015f\u0131lmas\u0131na; muvafakat etti\u011fimi kabul ve beyan ederim.<\/p>\n<p>\u0130\u015fbu metni, Vivid Klinik taraf\u0131ndan haz\u0131rlanan Ayd\u0131nlatma Metnini okudu\u011fumu ve anlad\u0131\u011f\u0131m\u0131 kabul ediyorum.<br \/>\nKVKK gestisce Vivid Klinik taraf\u0131ndan \u00f6zel nitelikli ki\u015fisel veri nitili\u011findeki verilerimin de d\u00e2hil olmak \u00fczere verilerimin i\u015flenmesine, ilgili s\u00fcre\u00e7 kapsam\u0131nda i\u015flenme amac\u0131 ile s\u0131n\u0131rl\u0131 olmak \u00fczere kullan\u0131lmas\u0131na ve yurti\u00e7inde ve yurtd\u0131\u015f\u0131nda payla\u015f\u0131lmas\u0131na, gereken s\u00fcre zarf\u0131nda saklanmas\u0131na, i\u015f s\u00fcreklili\u011finin sa\u011flanmas\u0131 i\u00e7in yurt d\u0131\u015f\u0131nda bulunan bulut ve internet hizmetlerinin kullan\u0131lmas\u0131 nedeniyle yurt d\u0131\u015f\u0131na aktar\u0131lmas\u0131na; muvafakat etti\u011fimi kabul ve beyan ederim. <\/p>\n<ul>\n<li><strong>Ad Soyad\u0131<\/strong>:<\/li>\n<li><strong>Tarih<\/strong>:<\/li>\n<li><strong>\u0130mza<\/strong>:<\/li>\n<\/ul>\n<h4>SOSYAL MEDYA HESAPLARINDA VE \u0130NTERNET S\u0130TES\u0130NDE K\u0130\u015e\u0130SEL VER\u0130LER\u0130N VE \u00d6ZEL N\u0130TEL\u0130KL\u0130 K\u0130\u015e\u0130SEL VER\u0130LER\u0130N \u0130\u015eLENMES\u0130 HAKKINDA A\u00c7IK RIZA METN\u0130.<\/h4>\n<p>Vivid Klinik olarak, 6698 say\u0131l\u0131 Ki\u015fisel Verilerin Korunmas\u0131 Kanunu (\u201cKVKK\u201d) uyar\u0131nca; Veri Sorumlusu s\u0131fat\u0131yla, Vivid Klinik sosyal medya hesaplar\u0131nda ve resmi internet sitesinde siz \u0130lgili Ki\u015filerin ki\u015fisel verilerini yay\u0131nlamak sureti ile i\u015fleyecektir.<br \/>\nKi\u015fisel verilerinizin i\u015flenmesi kapsam\u0131nda bu hususa ili\u015fkin a\u00e7\u0131k r\u0131zan\u0131z\u0131 talep ediyoruz. <\/p>\n<p>\u0130LG\u0130L\u0130 K\u0130\u015e\u0130 A\u00c7IK RIZA BEYANI: KVKK gere\u011fince Vivid Klinik taraf\u0131ndan \u00f6zel nitelikli ki\u015fisel veri niteli\u011findeki verilerimin de dahil olmak \u00fczere verilerimin islenmesine, Vivid Klinik internet sitesinde ve sosyal medya hesaplar\u0131nda yay\u0131nlanmas\u0131na; muvafakat etti\u011fimi kabul ve beyan ederim.<br \/>\nBu hususta taraf\u0131ma gerekli ayd\u0131nlatman\u0131n yap\u0131ld\u0131\u011f\u0131n\u0131; i\u015fbu metni, Vivid Klinik taraf\u0131ndan haz\u0131rlanan Ayd\u0131nlatma Metnini okudu\u011fumu ve anlad\u0131\u011f\u0131m\u0131 kabul ediyorum. <\/p>\n<ul>\n<li><strong>Ad Soyad\u0131<\/strong>:<\/li>\n<li><strong>Tarih<\/strong>:<\/li>\n<li><strong>\u0130mza<\/strong>:<\/li>\n<\/ul>\n\t\t\t\t\t\t\t\t<\/div>\n\t\t\t\t<\/div>\n\t\t\t\t<\/div>\n\t\t\t\t\t<\/div>\n\t\t\t\t<\/div>\n\t\t<div class=\"elementor-element elementor-element-143bee7 e-flex e-con-boxed e-con e-parent\" data-id=\"143bee7\" data-element_type=\"container\" data-e-type=\"container\" data-settings=\"{&quot;ekit_has_onepagescroll_dot&quot;:&quot;yes&quot;}\">\r\n\t\t\t\t\t<div class=\"e-con-inner\">\r\n\t\t\t\t\t<\/div>\n\t\t\t\t<\/div>\n\t\t\t\t<\/div>","protected":false},"excerpt":{"rendered":"<p>Ki\u015fisel Verilerin Korunmas\u0131 6698 SAYILI KI\u0307\u015eI\u0307SEL VERI\u0307LERI\u0307N KORUNMASI KANUNU KAPSAMINDA HASTA\/HI\u0307ZMET ALAN KI\u0307\u015eI\u0307 AYDINLATMA METNI\u0307 1. AYDINLATMA METNI\u0307 AMACI VE KAPSAMI \u0130\u015fbu ayd\u0131nlatma metni, 6698 say\u0131l\u0131 Ki\u015fisel Verilerin Korunmas\u0131 Kanunu&#8217;nun (&#8220;KVKK&#8221; veya &#8220;Kanun&#8221; olarak an\u0131lacakt\u0131r.) &#8220;Veri Sorumlusunun Ayd\u0131nlatma Y\u00fck\u00fcml\u00fcl\u00fc\u011f\u00fc&#8221; ba\u015fl\u0131kl\u0131 10. Maddesi do\u011frultusunda ve Ki\u015fisel Verileri Koruma Kurulu taraf\u0131ndan yay\u0131nlanan Ayd\u0131nlatma Y\u00fck\u00fcml\u00fcl\u00fc\u011f\u00fcn\u00fcn Yerine Getirilmesinde Uyulacak [&hellip;]<\/p>\n","protected":false},"author":1,"featured_media":0,"parent":0,"menu_order":0,"comment_status":"closed","ping_status":"open","template":"","meta":{"footnotes":""},"class_list":["post-10277","page","type-page","status-publish","hentry"],"_links":{"self":[{"href":"https:\/\/vividclinic.net\/it\/wp-json\/wp\/v2\/pages\/10277","targetHints":{"allow":["GET"]}}],"collection":[{"href":"https:\/\/vividclinic.net\/it\/wp-json\/wp\/v2\/pages"}],"about":[{"href":"https:\/\/vividclinic.net\/it\/wp-json\/wp\/v2\/types\/page"}],"author":[{"embeddable":true,"href":"https:\/\/vividclinic.net\/it\/wp-json\/wp\/v2\/users\/1"}],"replies":[{"embeddable":true,"href":"https:\/\/vividclinic.net\/it\/wp-json\/wp\/v2\/comments?post=10277"}],"version-history":[{"count":0,"href":"https:\/\/vividclinic.net\/it\/wp-json\/wp\/v2\/pages\/10277\/revisions"}],"wp:attachment":[{"href":"https:\/\/vividclinic.net\/it\/wp-json\/wp\/v2\/media?parent=10277"}],"curies":[{"name":"parola chiave","href":"https:\/\/api.w.org\/{rel}","templated":true}]}}