{"id":6025,"date":"2024-08-12T12:45:44","date_gmt":"2024-08-12T09:45:44","guid":{"rendered":"https:\/\/vividclinic.net\/?page_id=6025"},"modified":"2025-01-03T13:28:50","modified_gmt":"2025-01-03T10:28:50","slug":"protection-of-personal-data","status":"publish","type":"page","link":"https:\/\/vividclinic.net\/nl\/legal\/protection-of-personal-data\/","title":{"rendered":"Bescherming van persoonsgegevens"},"content":{"rendered":"<div data-elementor-type=\"wp-page\" data-elementor-id=\"6025\" class=\"elementor elementor-6025\" data-elementor-post-type=\"page\">\n\t\t\t\t<div class=\"elementor-element elementor-element-95a6f56 e-flex e-con-boxed e-con e-parent\" data-id=\"95a6f56\" data-element_type=\"container\" data-e-type=\"container\" data-settings=\"{&quot;ekit_has_onepagescroll_dot&quot;:&quot;yes&quot;}\">\r\n\t\t\t\t\t<div class=\"e-con-inner\">\r\n\t\t\t\t<div class=\"elementor-element elementor-element-2c58b28 elementor-widget elementor-widget-elementskit-heading\" data-id=\"2c58b28\" data-element_type=\"widget\" data-e-type=\"widget\" data-settings=\"{&quot;ekit_we_effect_on&quot;:&quot;none&quot;}\" data-widget_type=\"elementskit-heading.default\">\n\t\t\t\t<div class=\"elementor-widget-container\">\n\t\t\t\t\t<div class=\"ekit-wid-con\" ><div class=\"ekit-heading elementskit-section-title-wraper text_left   ekit_heading_tablet-   ekit_heading_mobile-\"><h1 class=\"ekit-heading--title elementskit-section-title\">Bescherming van persoonsgegevens<\/h1><div class=\"ekit_heading_separetor_wraper ekit_heading_elementskit-border-divider ekit-dotted\"><div class=\"elementskit-border-divider ekit-dotted\"><\/div><\/div><\/div><\/div>\t\t\t\t<\/div>\n\t\t\t\t<\/div>\n\t\t\t\t\t<\/div>\n\t\t\t\t<\/div>\n\t\t<div class=\"elementor-element elementor-element-42e4113 e-flex e-con-boxed e-con e-parent\" data-id=\"42e4113\" data-element_type=\"container\" data-e-type=\"container\" data-settings=\"{&quot;ekit_has_onepagescroll_dot&quot;:&quot;yes&quot;}\">\r\n\t\t\t\t\t<div class=\"e-con-inner\">\r\n\t\t<div class=\"elementor-element elementor-element-87a1342 e-con-full e-flex e-con e-child\" data-id=\"87a1342\" data-element_type=\"container\" data-e-type=\"container\" data-settings=\"{&quot;ekit_has_onepagescroll_dot&quot;:&quot;yes&quot;}\">\r\n\t\t\t\t<div class=\"elementor-element elementor-element-e479825 elementor-widget elementor-widget-text-editor\" data-id=\"e479825\" data-element_type=\"widget\" data-e-type=\"widget\" data-settings=\"{&quot;ekit_we_effect_on&quot;:&quot;none&quot;}\" data-widget_type=\"text-editor.default\">\n\t\t\t\t<div class=\"elementor-widget-container\">\n\t\t\t\t\t\t\t\t\t<h4>\u00a0<\/h4><h4>INFORMATIETEKST VOOR PATI\u00cbNTEN\/DIENSTENONTVANGERS ONDER DE WET BESCHERMING PERSOONSGEGEVENS NR. 6698<\/h4><h4>1. DOEL EN REIKWIJDTE VAN DE INFORMATIETEKST<\/h4><p>Deze verduidelijkende tekst is in overeenstemming met artikel 10 van de Wet Bescherming Persoonsgegevens nr. 6698 (hierna de WET BESCHERMING PERSOONSGEGEVENS of de Wet). Als verwerkingsverantwoordelijke is deze opgesteld door V\u0130V\u0130D SA\u011eLIK TUR\u0130ZM H\u0130ZMETLER\u0130 T\u0130CARET L\u0130M\u0130TED \u015e\u0130RKET\u0130 (hierna &quot;\u201c<a href=\"https:\/\/vividclinic.net\/nl\/\">Vivid Kliniek<\/a>\u201din het kader van deze verduidelijkende tekst) om u te informeren over de wijze en de wettelijke grondslag voor het verzamelen van uw persoonsgegevens, voor welk doel deze gegevens worden verwerkt en aan wie en voor welk doel deze eventueel worden doorgegeven.<\/p><h4>2. IDENTITEIT VAN DE GEGEVENSVERWERKER<\/h4><ul><li><strong>Bedrijfsnaam<\/strong>: V\u0130V\u0130D SA\u011eLIK TUR\u0130ZM H\u0130ZMETLER\u0130 T\u0130CARET L\u0130M\u0130TED \u015e\u0130RKET\u0130<\/li><li><strong>Adres<\/strong>: ATAK\u00d6Y 7-8-9-10. KISIM MAH. \u00c7OBAN\u00c7E\u015eME E-5 YAN YOL CAD. 1 NR: 8\/1 \u0130\u00c7 KAPI NR: 14 BAKIRK\u00d6Y\/\u0130STANBUL\/T\u00dcRK\u0130YE<\/li><\/ul><h4>3. UW VERWERKTE PERSOONSGEGEVENS EN HET DOEL VAN DE GEGEVENSVERWERKING<\/h4><p><strong>3.1. UW VERWERKTE PERSOONSGEGEVENS<\/strong><\/p><p><a href=\"https:\/\/vividclinic.net\/nl\/how-to-achieve-a-perfect-beautiful-nose-at-vivid-clinic-in-istanbul\/\"  data-wpil-monitor-id=\"532\">Vivid Kliniek<\/a> verstrekt u de hieronder vermelde persoonsgegevens; deze worden verwerkt in overeenstemming met de vereisten en kwalificaties van de uit te voeren activiteiten binnen het kader van de door u gewenste dienst:<\/p><ul><li><strong>Identiteitsgegevens<\/strong>: Naam, achternaam, geboortedatum, geboorteplaats, TR-identiteits-\/paspoortgegevens, handtekening, geslacht, nationaliteitsgegevens, burgerlijke staatgegevens<\/li><li><strong>Communicatiegegevens<\/strong>: Telefoonnummer, e-mailadres, adresgegevens, postcode<\/li><li><strong>Beveiliging van fysieke ruimte<\/strong>: Beveiligingscamera-opnames<\/li><li><strong>Financi\u00eble gegevens<\/strong>: Bankrekeningnummer, IBAN-gegevens, creditcardgegevens<\/li><li><strong>Visuele en audiogegevens<\/strong>: Foto&#039;s voor en na de procedure<\/li><li><strong>Gezondheidsinformatie<\/strong>: Persoonlijke medische geschiedenis, informatie over eerdere of huidige ziekten, informatie over allergische status, bloedgroep, consultatierapport, informatie over gebruikte medicijnen, informatie over de zwangerschapsstatus, informatie over de tandheelkundige gezondheid, informatie over behandelingen, ziektetype, medische waarden, analyseresultaten, gebruikt hulpmiddel en prothese-informatie<\/li><\/ul><p><strong>3.2. DOEL VAN DE GEGEVENSVERWERKING<\/strong><\/p><p>Uw hierboven genoemde persoonsgegevens worden verwerkt voor de volgende doeleinden, aangezien dit noodzakelijk is voor de ontvangen dienst in het kader van de rechtsverhouding die tussen u is ontstaan <a href=\"https:\/\/vividclinic.net\/nl\/celebrities-hair-transplants-why-celebrities-love-dhi-technique\/\"  data-wpil-monitor-id=\"633\">Vivid Kliniek<\/a> en de pati\u00ebnt\/dienstontvanger:<\/p><ul><li>Aanmaken van een pati\u00ebntendossier om gezondheidsdiensten te verlenen<\/li><li>Noodzakelijk onderzoek, medische diagnose, diagnose en behandelingsdiensten<\/li><li>Het leveren van post-operationele ondersteunende diensten<\/li><li>Uitvoering van processen voor pati\u00ebntrelatiebeheer<\/li><li>Uitvoering van activiteiten in overeenstemming met de wetgeving<\/li><li>Wettelijke aansprakelijkheid van het Ministerie van Volksgezondheid, met name met relevante openbare instellingen en organisaties die de gevraagde gegevens verzamelen en indien nodig informatie delen<\/li><li>Service Verkoopuitvoering en Financi\u00eble Zaken<\/li><li>Uitvoering van overeenkomstprocessen<\/li><li>Uitvoering van reclame-\/campagne-\/promotieprocessen<\/li><li>Uitvoering van verkoopprocessen voor goederen\/diensten<\/li><li>Uitvoering van goederen\/diensten Aftersales-ondersteuningsdiensten<\/li><li>Zorgen voor de beveiliging van de gegevensbeheerder <a href=\"https:\/\/vividclinic.net\/nl\/operations\/\"  data-wpil-monitor-id=\"1807\">Operaties<\/a><\/li><\/ul><h4>4. OVERDRACHT VAN PERSOONSGEGEVENS<\/h4><p>Uw persoonsgegevens kunnen worden doorgegeven aan onze zakenpartners, derden van wie wij diensten ontvangen of samenwerken, wettelijk bevoegde overheidsinstellingen en natuurlijke personen binnen het bereik van de hierboven genoemde gronden en doeleinden, binnen het kader van en beperkt tot de verwerkingsvoorwaarden voor persoonsgegevens zoals gespecificeerd in artikelen 8 en 9 van de Wet nr. 6698. Alle gegevensverwerkers en derden aan wie persoonsgegevens worden doorgegeven, zijn onderworpen aan de geheimhoudingsplicht van Wet nr. 6698.<\/p><h4>5. BEWAARPERIODE PERSOONLIJKE GEGEVENS<\/h4><p>Beperkt tot de doeleinden die in deze Verduidelijkingstekst worden gespecificeerd, worden uw persoonsgegevens verwerkt volgens de gegevensverwerkings- en time-outperioden in alle relevante wetten en andere wettelijke voorschriften waaraan <a href=\"https:\/\/vividclinic.net\/nl\/the-hair-transplant-process-elon-musk-went-through\/\"  data-wpil-monitor-id=\"1808\">Vivid Kliniek<\/a> is onderworpen aan. Bij wijzigingen in de wetgeving met betrekking tot de verwerkingstermijnen, zullen de nieuw vastgestelde termijnen als basis gelden. Na het verstrijken van de relevante termijnen zullen uw persoonsgegevens door ons worden verwijderd, vernietigd en\/of geanonimiseerd. <a href=\"https:\/\/vividclinic.net\/nl\/what-is-bmi-free-bmi-calculator-5-essential-facts\/\"  data-wpil-monitor-id=\"3479\">Vivid Kliniek<\/a> of op uw verzoek via methoden die binnen het bereik van de wet en de relevante regelgeving vallen.<\/p><h4>6. RECHTEN VAN VERWANTE PERSOON<\/h4><p>In het kader van artikel 11 van de wet, die de rechten van de betrokkene regelt, kunt u uw verzoeken met betrekking tot de verwerking van uw persoonsgegevens schriftelijk indienen, via het Communiqu\u00e9 over de procedures en principes voor de verwerkingsverantwoordelijke, per post naar het offici\u00eble adres van <a href=\"https:\/\/vividclinic.net\/nl\/type-1-hair-care-guide\/\" title=\"Haarverzorging type 1: geheimen voor glad en steil perfect haar\"  data-wpil-monitor-id=\"6039\">Vivid Kliniek<\/a> of elektronisch via e-mail.<\/p><ul><li><strong>Adres<\/strong>: ATAK\u00d6Y 7-8-9-10. KISIM MAH. \u00c7OBAN\u00c7E\u015eME E-5 YAN YOL CAD. 1 NR: 8\/1 \u0130\u00c7 KAPI NR: 14 BAKIRK\u00d6Y\/\u0130STANBUL\/T\u00dcRK\u0130YE<\/li><li><strong>E-mail<\/strong>: info@vividclinic.net<\/li><\/ul><p>Ik heb de informatietekst gelezen en begrepen.<\/p><ul><li><strong>Naam Achternaam<\/strong>:<\/li><li><strong>Datum<\/strong>:<\/li><li><strong>Handtekening<\/strong>:<\/li><\/ul><h4>UITDRUKKELIJKE TOESTEMMINGSVERKLARING BETREFFENDE DE VERWERKING EN OVERDRACHT VAN PERSOONSGEGEVENS EN BIJZONDERE PERSOONSGEGEVENS IN HET BUITENLAND<\/h4><p>Ik heb de volledige INFORMATIETEKST VOOR PATI\u00cbNTEN\/ONTVANGERS VAN DIENSTEN ONDER DE WET BESCHERMING PERSOONSGEGEVENS NR. 6698 gelezen en begrepen. Ik ben ge\u00efnformeerd over hoe Vivid Clinic mijn persoonsgegevens en gevoelige persoonsgegevens verwerkt en overdraagt in het kader van de Wet bescherming persoonsgegevens en hoe ik mijn uitdrukkelijke toestemming op elk moment kan intrekken.<\/p><p>Vivid Clinic en haar dochterondernemingen verwerken mijn gezondheidsgegevens, dat wil zeggen bijzondere persoonsgegevens, op grond van de Wet Bescherming Persoonsgegevens en de relevante wetgeving, om de door mij gevraagde diensten te verlenen, deze diensten te plannen en deze te delen met andere personen en organisaties in binnen- en buitenland indien delen noodzakelijk is. Ik ga hiermee akkoord en verklaar hierbij mijn toestemming.<\/p><p>Ik ga ermee akkoord dat ik de door Vivid Clinic opgestelde verduidelijkingstekst heb gelezen en begrepen. Overeenkomstig de WET BESCHERMING PERSOONSGEGEVENS zal Vivid Clinic mijn gegevens, inclusief mijn persoonsgegevens van bijzondere aard, verwerken, deze gebruiken voor het doel van de verwerking binnen de reikwijdte van de relevante verwerking, deze delen in binnen- en buitenland, deze binnen de vereiste termijn bewaren en cloud- en internetdiensten in het buitenland gebruiken om de bedrijfscontinu\u00efteit te waarborgen. Ik wil u laten weten dat ik vanwege het gebruik ervan naar het buitenland zal worden overgeplaatst; ik accepteer dit en verklaar mijn toestemming.<\/p><ul><li><strong>Naam en achternaam<\/strong>:<\/li><li><strong>Datum<\/strong>:<\/li><li><strong>Handtekening<\/strong>:<\/li><\/ul><h4>UITDRUKKELIJKE TOESTEMMINGSTEKST OVER DE VERWERKING VAN PERSOONSGEGEVENS EN BIJZONDERE KWALITEITSPERSOONSGEGEVENS IN SOCIALE MEDIA-ACCOUNTS EN WEBSITES<\/h4><p>Als Vivid Clinic, conform de Wet Bescherming Persoonsgegevens nr. 6698, verwerkt Vivid Clinic als verwerkingsverantwoordelijke uw persoonsgegevens door deze te plaatsen op sociale media en de offici\u00eble website. Voor de verwerking van uw persoonsgegevens vragen wij u om uw uitdrukkelijke toestemming.<\/p><p>UITDRUKKELIJKE TOESTEMMINGSVERKLARING VAN DE BETROKKEN PERSOON: Vivid Clinic verwerkt mijn gegevens, waaronder bijzondere persoonsgegevens, in overeenstemming met de WETGEVING INZAKE DE BESCHERMING VAN PERSOONSGEGEVENS, en publiceert deze op de website en socialemedia-accounts van Vivid Clinic; ik accepteer en verklaar mijn toestemming. Ik heb de nodige toelichting hierover ontvangen; ik erken dat ik deze tekst en de door Vivid Clinic opgestelde toelichtingstekst heb gelezen en begrepen.<\/p><ul><li><strong>Datum<\/strong>:<\/li><li><strong>Naam en achternaam<\/strong>:<\/li><li><strong>Handtekening<\/strong>:<\/li><\/ul>\t\t\t\t\t\t\t\t<\/div>\n\t\t\t\t<\/div>\n\t\t\t\t<\/div>\n\t\t\t\t\t<\/div>\n\t\t\t\t<\/div>\n\t\t\t\t<\/div>","protected":false},"excerpt":{"rendered":"<p>Protection of Personal Data \u00a0 INFORMATION TEXT FOR PATIENT\/SERVICE RECEIVER UNDER THE PERSONAL DATA PROTECTION LAW No. 6698 1. PURPOSE AND SCOPE OF THE INFORMATION TEXT This clarification text is in line with Article 10 of the Law on the Protection of Personal Data No. 6698 (referred to as the PERSONAL DATA PROTECTION LAW or [&hellip;]<\/p>\n","protected":false},"author":1,"featured_media":0,"parent":6112,"menu_order":0,"comment_status":"closed","ping_status":"open","template":"","meta":{"footnotes":""},"class_list":["post-6025","page","type-page","status-publish","hentry"],"_links":{"self":[{"href":"https:\/\/vividclinic.net\/nl\/wp-json\/wp\/v2\/pages\/6025","targetHints":{"allow":["GET"]}}],"collection":[{"href":"https:\/\/vividclinic.net\/nl\/wp-json\/wp\/v2\/pages"}],"about":[{"href":"https:\/\/vividclinic.net\/nl\/wp-json\/wp\/v2\/types\/page"}],"author":[{"embeddable":true,"href":"https:\/\/vividclinic.net\/nl\/wp-json\/wp\/v2\/users\/1"}],"replies":[{"embeddable":true,"href":"https:\/\/vividclinic.net\/nl\/wp-json\/wp\/v2\/comments?post=6025"}],"version-history":[{"count":12,"href":"https:\/\/vividclinic.net\/nl\/wp-json\/wp\/v2\/pages\/6025\/revisions"}],"predecessor-version":[{"id":31092,"href":"https:\/\/vividclinic.net\/nl\/wp-json\/wp\/v2\/pages\/6025\/revisions\/31092"}],"up":[{"embeddable":true,"href":"https:\/\/vividclinic.net\/nl\/wp-json\/wp\/v2\/pages\/6112"}],"wp:attachment":[{"href":"https:\/\/vividclinic.net\/nl\/wp-json\/wp\/v2\/media?parent=6025"}],"curies":[{"name":"wp","href":"https:\/\/api.w.org\/{rel}","templated":true}]}}