{"id":10271,"date":"2024-08-12T13:48:35","date_gmt":"2024-08-12T10:48:35","guid":{"rendered":"https:\/\/vividclinic.net\/ticari-elektronik-ileti-izni-bilgilendirmesi\/"},"modified":"2024-09-05T16:50:14","modified_gmt":"2024-09-05T13:50:14","slug":"ticari-elektronik-ileti-izni-bilgilendirmesi","status":"publish","type":"page","link":"https:\/\/vividclinic.net\/ru\/ticari-elektronik-ileti-izni-bilgilendirmesi\/","title":{"rendered":"\u0422\u0438\u043a\u0430\u0440\u0438 \u042d\u043b\u0435\u043a\u0442\u0440\u043e\u043d\u0438\u043a \u0418\u043b\u0435\u0442\u0438 \u0418\u0437\u043d\u0438 \u0411\u0438\u043b\u0433\u0438\u043b\u0435\u043d\u0434\u0438\u0440\u043c\u0435\u0441\u0438"},"content":{"rendered":"<div data-elementor-type=\"wp-page\" data-elementor-id=\"10271\" class=\"elementor elementor-10271\" data-elementor-post-type=\"page\">\n\t\t\t\t<div class=\"elementor-element elementor-element-8f953a0 e-flex e-con-boxed e-con e-parent\" data-id=\"8f953a0\" data-element_type=\"container\" data-e-type=\"container\" data-settings=\"{&quot;ekit_has_onepagescroll_dot&quot;:&quot;yes&quot;}\">\r\n\t\t\t\t\t<div class=\"e-con-inner\">\r\n\t\t<div class=\"elementor-element elementor-element-9f51b0f e-con-full e-flex e-con e-child\" data-id=\"9f51b0f\" data-element_type=\"container\" data-e-type=\"container\" data-settings=\"{&quot;ekit_has_onepagescroll_dot&quot;:&quot;yes&quot;}\">\r\n\t\t\t\t<div class=\"elementor-element elementor-element-e6eb20d elementor-widget elementor-widget-elementskit-heading\" data-id=\"e6eb20d\" data-element_type=\"widget\" data-e-type=\"widget\" data-settings=\"{&quot;ekit_we_effect_on&quot;:&quot;none&quot;}\" data-widget_type=\"elementskit-heading.default\">\n\t\t\t\t<div class=\"elementor-widget-container\">\n\t\t\t\t\t<div class=\"ekit-wid-con\" ><div class=\"ekit-heading elementskit-section-title-wraper text_left   ekit_heading_tablet-   ekit_heading_mobile-\"><h1 class=\"ekit-heading--title elementskit-section-title\">\u0422\u0438\u043a\u0430\u0440\u0438 \u042d\u043b\u0435\u043a\u0442\u0440\u043e\u043d\u0438\u043a \u0418\u043b\u0435\u0442\u0438 \u0418\u0437\u043d\u0438 \u0411\u0438\u043b\u0433\u0438\u043b\u0435\u043d\u0434\u0438\u0440\u043c\u0435\u0441\u0438<\/h1><div class=\"ekit_heading_separetor_wraper ekit_heading_elementskit-border-divider ekit-dotted\"><div class=\"elementskit-border-divider ekit-dotted\"><\/div><\/div><\/div><\/div>\t\t\t\t<\/div>\n\t\t\t\t<\/div>\n\t\t\t\t<\/div>\n\t\t\t\t\t<\/div>\n\t\t\t\t<\/div>\n\t\t<div class=\"elementor-element elementor-element-5012b91 e-flex e-con-boxed e-con e-parent\" data-id=\"5012b91\" data-element_type=\"container\" data-e-type=\"container\" data-settings=\"{&quot;ekit_has_onepagescroll_dot&quot;:&quot;yes&quot;}\">\r\n\t\t\t\t\t<div class=\"e-con-inner\">\r\n\t\t<div class=\"elementor-element elementor-element-f38931a e-con-full e-flex e-con e-child\" data-id=\"f38931a\" data-element_type=\"container\" data-e-type=\"container\" data-settings=\"{&quot;ekit_has_onepagescroll_dot&quot;:&quot;yes&quot;}\">\r\n\t\t\t\t<div class=\"elementor-element elementor-element-b233597 elementor-widget elementor-widget-text-editor\" data-id=\"b233597\" data-element_type=\"widget\" data-e-type=\"widget\" data-settings=\"{&quot;ekit_we_effect_on&quot;:&quot;none&quot;}\" data-widget_type=\"text-editor.default\">\n\t\t\t\t<div class=\"elementor-widget-container\">\n\t\t\t\t\t\t\t\t\t<p>6698 \u0441\u043e\u043e\u0431\u0449\u0435\u043d\u0438\u0439 Ki\u015fisel Verilerin Korunmas\u0131 Kanunu \u0438 6563 \u0441\u043e\u043e\u0431\u0449\u0435\u043d\u0438\u0439 Elektronik Ticaretin D\u00fczenlenmesi Hakk\u0131nda Kanun kapsam\u0131nda V\u0130V\u0130D SA\u011eLIK TUR\u0130ZM H\u0130ZMETLER\u0130 T\u0130CARET LIM\u0130TED \u015e\u0130RKET\u0130 olarak her t\u00fcrl\u00fc pazarlama faaliyetleri, \u043f\u0440\u043e\u0434\u0443\u043a\u0442\u044b, \u0443\u0441\u043b\u0443\u0433\u0438, \u0440\u0435\u043a\u043b\u0430\u043c\u043d\u044b\u0435 \u0430\u043a\u0446\u0438\u0438, \u0440\u0435\u043a\u043b\u0430\u043c\u043d\u044b\u0435 \u0430\u043a\u0446\u0438\u0438.., \u00f6zel f\u0131rsatlar, tan\u0131t\u0131m, a\u00e7\u0131l\u0131\u015f, davet, etkinlik \u0438 ileti\u015fim \u00e7al\u0131\u015fmalar\u0131 ile ilgili olarak taraf\u0131n\u0131za \u0432\u0435\/\u0432\u0435\u0439\u044f \u0430\u0434\u044b\u043d\u0430 \u0438\u0448\u043b\u0435\u043c \u0433\u0435\u0440\u0447\u0435\u043a\u043b\u0435\u0448\u0442\u0438\u0440\u0434\u0438\u0433\u044b\u043d\u0438\u0437 \u0432\u0435\u043b\u0438\u0441\u0438\/\u0432\u0430\u0441\u0438\u0441\u0438 \u0431\u0443\u043b\u0443\u043d\u0434\u0443\u0433\u0443\u043d\u0443\u0437 \u043a\u0438\u0448\u0438\u043b\u0435\u0440\u0435 \u043f\u0430\u0439\u043b\u0430\u0448\u0438\u043c\u044b\u043d\u0438 \u0441\u0430\u0433\u043b\u0430\u043c\u0430\u043a \u0430\u043c\u0430\u0441\u044b\u0439\u043b\u0430 KVKK \u0438 \u044d\u043b\u0435\u043a\u0442\u0440\u043e\u043d\u0438\u043a\u0430 \u0422\u0438\u043a\u0430\u0440\u0435\u0442\u0438\u043d \u0414\u044e\u0437\u0435\u043d\u043b\u0435\u043d\u043c\u0435\u0441\u0438 \u0425\u0430\u043a\u043a\u0438\u043d\u0434\u0430 \u041a\u0430\u043d\u0443\u043d \u043a\u0430\u043f\u0441\u0430\u043c\u0438\u043d\u0434\u0430 \u043e\u043d\u0430\u043d\u0430\u0439\u044b\u043d\u0438\u0437 \u0430\u043b\u0438\u043d\u0430\u0440\u0430\u043a \u0438\u0448\u043b\u0435\u043d\u0435\u0441\u0435\u043a\u0442\u0438\u0440.<br \/>\n\u0415\u0441\u043b\u0438 \u0432\u044b \u0445\u043e\u0442\u0438\u0442\u0435 \u043f\u043e\u043b\u0443\u0447\u0438\u0442\u044c \u0434\u043e\u043f\u043e\u043b\u043d\u0438\u0442\u0435\u043b\u044c\u043d\u044b\u0435 SMS-\u0441\u043e\u043e\u0431\u0449\u0435\u043d\u0438\u044f \u0438 \u043e\u0442\u043f\u0440\u0430\u0432\u0438\u0442\u044c \u044d\u043b\u0435\u043a\u0442\u0440\u043e\u043d\u043d\u043e\u0435 \u043f\u0438\u0441\u044c\u043c\u043e, \u0432\u044b \u043c\u043e\u0436\u0435\u0442\u0435 \u043f\u043e\u043b\u0443\u0447\u0438\u0442\u044c \u043f\u043e\u0434\u0442\u0432\u0435\u0440\u0436\u0434\u0435\u043d\u0438\u0435 \u043e \u043f\u043b\u0430\u0442\u0435\u0436\u0435. (\u0422\u0438\u043a\u0430\u0440\u0438 \u042d\u043b\u0435\u043a\u0442\u0440\u043e\u043d\u0438\u043a \u0418\u043b\u0435\u0442\u0438)<\/p>\n<h3>\u0422\u0438\u043a\u0430\u0440\u0438 \u042d\u043b\u0435\u043a\u0442\u0440\u043e\u043d\u0438\u043a \u0418\u043b\u0435\u0442\u0438 \u0418\u0437\u043d\u0438 \u041e\u043d\u0430\u0439\u044b<\/h3>\n<p>\u0411\u0435\u043d, \u0430\u043a\u0441\u0438\u043d\u0438 \u0431\u0438\u043b\u0434\u0438\u0440\u043c\u0435\u0434\u0438\u043a\u0447\u0435 \u0435\u0435 \u0442\u044e\u0440\u043b\u044e \u043f\u0430\u0437\u0430\u0440\u043b\u0430\u043c\u0430 \u0444\u0430\u0430\u043b\u0438\u0435\u0442\u043b\u0435\u0440\u0438, \u043a\u0430\u043c\u043f\u0430\u043d\u044c\u044f\u043b\u0430\u0440, \u0440\u0435\u043a\u043b\u0430\u043c\u0430, \u043b\u0430\u043d\u0441\u043c\u0430\u043d\u043b\u0430\u0440, \u0430\u043d\u043a\u0435\u0442\u043b\u0435\u0440, \u0447\u0435\u043a\u0438\u043b\u0438\u0448\u043b\u0435\u0440, \u0438\u043d\u0434\u0438\u0440\u0438\u043c\u043b\u0435\u0440, \u043f\u0440\u043e\u043c\u043e\u0441\u044c\u043e\u043d\u043b\u0430\u0440, \u043e\u0437\u0435\u043b\u044c \u0444\u0438\u0440\u0441\u0430\u0442\u043b\u0430\u0440, \u0442\u0430\u043d\u0438\u0442\u044b\u043c, \u0430\u0447\u0438\u043b\u0438\u0448, \u0434\u0430\u0432\u0435\u0442, \u044d\u0442\u0438\u043a\u0438\u043d\u043b\u0438\u043a \u0438 \u0438\u043b\u0435\u0442\u0438\u0448\u043c\u0430\u043b\u0430\u0440\u0438 \u0438\u043b\u0435 \u0438\u043b\u0438 \u0433\u0438\u043b\u0438 \u043e\u043b\u0430\u0440\u0430\u043a \u0442\u0430\u0440\u0430\u0444\u044b\u043c\u0430 \u0432\u0435\/\u0432\u0435\u044f \u0430\u0434\u044b\u043d\u0430 \u0438\u0448\u043b\u0430\u043c \u0433\u0435\u0440\u0447\u0435\u043a\u043b\u0435\u0448\u0442\u0438\u0440\u0434\u0438\u0433\u0438\u043c \u0432\u0435\u043b\u0438\u043a\u0438\/\u0432\u0430\u0441\u0438\u0441\u0438 \u0431\u0443\u043b\u0443\u043d\u0434\u0443\u0433\u0443\u043c \u043a\u0438\u0448\u0438\u043b\u0435\u0440\u0435 <a href=\"https:\/\/vividclinic.net\/es\/\">\u042f\u0420\u041a\u0418\u0419<\/a> SA\u011eLIK TUR\u0130ZM H\u0130ZMETLER\u0130 T\u0130CARET LIM\u0130TED \u015e\u0130RKET\u0130 taraf\u0131ndan SMS, \u044d\u043b\u0435\u043a\u0442\u0440\u043e\u043d\u043d\u0430\u044f \u043f\u043e\u0447\u0442\u0430 \u0438 \u0430\u0440\u0430\u043c\u0430 \u043f\u0438\u0441\u044c\u043c\u0430 \u0438 \u044d\u043b\u0435\u043a\u0442\u0440\u043e\u043d\u043d\u044b\u0435 \u043f\u0438\u0441\u044c\u043c\u0430 \u0438 \u044d\u043b\u0435\u043a\u0442\u0440\u043e\u043d\u043d\u044b\u0435 \u043f\u0438\u0441\u044c\u043c\u0430 \u0434\u043b\u044f \u043f\u043e\u043b\u0443\u0447\u0435\u043d\u0438\u044f \u0434\u043e\u043f\u043e\u043b\u043d\u0438\u0442\u0435\u043b\u044c\u043d\u044b\u0445 \u0441\u043e\u043e\u0431\u0449\u0435\u043d\u0438\u0439 a\u00e7\u0131k\u00e7a onay verdi\u011fimi beyan ederim.<\/p>\n\t\t\t\t\t\t\t\t<\/div>\n\t\t\t\t<\/div>\n\t\t\t\t<\/div>\n\t\t\t\t\t<\/div>\n\t\t\t\t<\/div>\n\t\t\t\t<\/div>","protected":false},"excerpt":{"rendered":"<p>Ticari Elektronik \u0130leti \u0130zni Bilgilendirmesi 6698 say\u0131l\u0131 Ki\u015fisel Verilerin Korunmas\u0131 Kanunu ve 6563 say\u0131l\u0131 Elektronik Ticaretin D\u00fczenlenmesi Hakk\u0131nda Kanun kapsam\u0131nda V\u0130V\u0130D SA\u011eLIK TUR\u0130ZM H\u0130ZMETLER\u0130 T\u0130CARET L\u0130M\u0130TED \u015e\u0130RKET\u0130 olarak her t\u00fcrl\u00fc pazarlama faaliyetleri, productos, servicios, promociones, promociones de ventas.., \u00f6zel f\u0131rsatlar, tan\u0131t\u0131m, a\u00e7\u0131l\u0131\u015f, davet, etkinlik ve ileti\u015fim \u00e7al\u0131\u015fmalar\u0131 ile ilgili olarak taraf\u0131n\u0131za ve\/veya ad\u0131na i\u015flem ger\u00e7ekle\u015ftirdi\u011finiz [&hellip;]<\/p>\n","protected":false},"author":1,"featured_media":0,"parent":0,"menu_order":0,"comment_status":"closed","ping_status":"open","template":"","meta":{"footnotes":""},"class_list":["post-10271","page","type-page","status-publish","hentry"],"_links":{"self":[{"href":"https:\/\/vividclinic.net\/ru\/wp-json\/wp\/v2\/pages\/10271","targetHints":{"allow":["GET"]}}],"collection":[{"href":"https:\/\/vividclinic.net\/ru\/wp-json\/wp\/v2\/pages"}],"about":[{"href":"https:\/\/vividclinic.net\/ru\/wp-json\/wp\/v2\/types\/page"}],"author":[{"embeddable":true,"href":"https:\/\/vividclinic.net\/ru\/wp-json\/wp\/v2\/users\/1"}],"replies":[{"embeddable":true,"href":"https:\/\/vividclinic.net\/ru\/wp-json\/wp\/v2\/comments?post=10271"}],"version-history":[{"count":0,"href":"https:\/\/vividclinic.net\/ru\/wp-json\/wp\/v2\/pages\/10271\/revisions"}],"wp:attachment":[{"href":"https:\/\/vividclinic.net\/ru\/wp-json\/wp\/v2\/media?parent=10271"}],"curies":[{"name":"WP","href":"https:\/\/api.w.org\/{rel}","templated":true}]}}