{"id":10587,"date":"2024-08-12T15:48:13","date_gmt":"2024-08-12T12:48:13","guid":{"rendered":"https:\/\/vividclinic.net\/gizlilik-politikasi\/"},"modified":"2024-09-05T16:46:45","modified_gmt":"2024-09-05T13:46:45","slug":"gizlilik-politikasi","status":"publish","type":"page","link":"https:\/\/vividclinic.net\/tr\/gizlilik-politikasi\/","title":{"rendered":"Gizlilik Politikas\u0131"},"content":{"rendered":"<div data-elementor-type=\"wp-page\" data-elementor-id=\"10587\" class=\"elementor elementor-10587\" data-elementor-post-type=\"page\">\n\t\t\t\t<div class=\"elementor-element elementor-element-c54fda4 e-flex e-con-boxed e-con e-parent\" data-id=\"c54fda4\" data-element_type=\"container\" data-e-type=\"container\" data-settings=\"{&quot;ekit_has_onepagescroll_dot&quot;:&quot;yes&quot;}\">\r\n\t\t\t\t\t<div class=\"e-con-inner\">\r\n\t\t<div class=\"elementor-element elementor-element-3e873d3 e-con-full e-flex e-con e-child\" data-id=\"3e873d3\" data-element_type=\"container\" data-e-type=\"container\" data-settings=\"{&quot;ekit_has_onepagescroll_dot&quot;:&quot;yes&quot;}\">\r\n\t\t\t\t<div class=\"elementor-element elementor-element-d52bae5 elementor-widget elementor-widget-elementskit-heading\" data-id=\"d52bae5\" data-element_type=\"widget\" data-e-type=\"widget\" data-settings=\"{&quot;ekit_we_effect_on&quot;:&quot;none&quot;}\" data-widget_type=\"elementskit-heading.default\">\n\t\t\t\t<div class=\"elementor-widget-container\">\n\t\t\t\t\t<div class=\"ekit-wid-con\" ><div class=\"ekit-heading elementskit-section-title-wraper text_left   ekit_heading_tablet-   ekit_heading_mobile-\"><h1 class=\"ekit-heading--title elementskit-section-title\">Gizlilik Politikas\u0131<\/h1><div class=\"ekit_heading_separetor_wraper ekit_heading_elementskit-border-divider ekit-dotted\"><div class=\"elementskit-border-divider ekit-dotted\"><\/div><\/div><\/div><\/div>\t\t\t\t<\/div>\n\t\t\t\t<\/div>\n\t\t\t\t<\/div>\n\t\t\t\t\t<\/div>\n\t\t\t\t<\/div>\n\t\t<div class=\"elementor-element elementor-element-e82445b e-flex e-con-boxed e-con e-parent\" data-id=\"e82445b\" data-element_type=\"container\" data-e-type=\"container\" data-settings=\"{&quot;ekit_has_onepagescroll_dot&quot;:&quot;yes&quot;}\">\r\n\t\t\t\t\t<div class=\"e-con-inner\">\r\n\t\t<div class=\"elementor-element elementor-element-0d6867d e-con-full e-flex e-con e-child\" data-id=\"0d6867d\" data-element_type=\"container\" data-e-type=\"container\" data-settings=\"{&quot;ekit_has_onepagescroll_dot&quot;:&quot;yes&quot;}\">\r\n\t\t\t\t<div class=\"elementor-element elementor-element-5f737af elementor-widget elementor-widget-text-editor\" data-id=\"5f737af\" data-element_type=\"widget\" data-e-type=\"widget\" data-settings=\"{&quot;ekit_we_effect_on&quot;:&quot;none&quot;}\" data-widget_type=\"text-editor.default\">\n\t\t\t\t<div class=\"elementor-widget-container\">\n\t\t\t\t\t\t\t\t\t<h2>Gizlilik Politikas\u0131<\/h2>\n<p>Bu bilgi metni, 6698 say\u0131l\u0131 Ki\u015fisel Verilerin Korunmas\u0131 Kanunu&#039;nun 10.<br \/>\n\u00f6\u011felerinin haz\u0131rlanmas\u0131 sa\u011flanm\u0131\u015ft\u0131r.<br \/>\nV\u0130V\u0130D SA\u011eLIK TUR\u0130ZM H\u0130ZMETLER\u0130 T\u0130CARET L\u0130M\u0130TED \u015e\u0130RKET\u0130 (bu metin kapsam\u0131nda \u201cVivid Klinik\u201d olarak an\u0131lacakt\u0131r) veri sorumlusu olarak, ki\u015fisel bilgilerin toplanma y\u00f6ntemi ve hukuki sebebi, bu verilerin hangi ama\u00e7la i\u015flenece\u011fi, kimlere ve hangi ama\u00e7la aktar\u0131labilece\u011fi konusunda bilgilendirme amac\u0131yla haz\u0131rlanm\u0131\u015ft\u0131r.  <\/p>\n<h4>Veri Sorumlusunun Kimli\u011fi<\/h4>\n<ul>\n<li><strong>\u015eirket Unvan\u0131<\/strong>: V\u0130V\u0130D SA\u011eLIK TUR\u0130ZM H\u0130ZMETLER\u0130 T\u0130CARET L\u0130M\u0130TED \u015e\u0130RKET\u0130<\/li>\n<li><strong>Y\u00f6n<\/strong>: ATAK\u00d6Y 7-8-9-10.<br \/>\nKISIM MAH.<br \/>\n\u00c7OBAN\u00c7E\u015eME E-5 YAN YOL CAD.<br \/>\n1 NO: 8\/1 \u0130\u00c7 KAPI NO: 14 BAKIRK\u00d6Y\/\u0130STANBUL\/T\u00dcRK\u0130YE   <\/li>\n<\/ul>\n<h4>\u0130\u015flenen Ki\u015fisel Verileriniz ve Veri \u0130\u015fleme Ama\u00e7lar\u0131<\/h4>\n<p><strong>3.1.<br \/>\n\u0130\u015flenen Ki\u015fisel Verileriniz <\/strong><\/p>\n<p>A\u015fa\u011f\u0131da belirtilen ki\u015fisel bak\u0131mlardan Vivid Klinik taraf\u0131ndan; Almak istedi\u011finiz hizmet kapsam\u0131nda ger\u00e7ekle\u015ftirilecek hizmetlerin gerekleri ve \u00f6zelliklerine g\u00f6re i\u015flenmektedir:<\/p>\n<ul>\n<li><strong>Kimlik Verisi<\/strong>: Ad, Soyad, Do\u011fum Tarihi, Do\u011fum Yeri, TC Kimlik\/Pasaport Bilgileri, \u0130mza, Cinsiyet, Uyruk Bilgisi, Medeni Hal Bilgisi<\/li>\n<li>\u0130leti\u015fim <strong>Verisi<\/strong>: Telefon Numaras\u0131, E-posta Adresi, Adres Bilgileri, Posta Kodu<\/li>\n<li><strong>Fiziksel Mekan G\u00fcvenli\u011fi<\/strong>: G\u00fcvenlik Kameras\u0131 Kay\u0131tlar\u0131<\/li>\n<li><strong>Finansal Veri<\/strong>: Banka Hesap Numaras\u0131, IBAN Bilgisi, Kredi Kart Bilgisi<\/li>\n<li><strong>G\u00f6rsel ve \u0130\u015fitsel Veri<\/strong>: \u0130\u015flem \u00f6ncesi ve sonras\u0131 foto\u011fraflar<\/li>\n<li><strong>Bilgileri Sa\u011fl\u0131k<\/strong>: Ki\u015fisel Sa\u011fl\u0131k Ge\u00e7mi\u015fi Bilgileri, Ge\u00e7irmi\u015f Oldu\u011fu veya Sahip Oldu\u011fu Hastal\u0131k Bilgisi, Alerjik Durum Bilgisi, Kan Grubu, Kons\u00fcltasyon Raporu, Kullan\u0131lan \u0130la\u00e7 Bilgisi, Do\u011fum Durumu Bilgisi, Di\u015f Sa\u011fl\u0131\u011f\u0131 Bilgisi, Tedavi Bilgisi, Hastal\u0131k T\u00fcr\u00fc, T\u0131bbi De\u011ferler, Tahlil Sonu\u00e7lar\u0131, Kullan\u0131lan Cihaz ve Protez Bilgileri<\/li>\n<\/ul>\n<p><strong>3.2.<br \/>\nVeri \u0130\u015fleme Ama\u00e7lar\u0131 <\/strong><\/p>\n<p>Yukar\u0131da belirtilen ki\u015fisel korunmaz <a href=\"https:\/\/vividclinic.net\/es\/\">Canl\u0131 Klinik<\/a> ile Hasta\/Hizmet Alan Ki\u015fi aras\u0131nda kurulan hukuki ili\u015fki kapsam\u0131ndaki hizmet i\u00e7in gerekli olmas\u0131 nedeniyle a\u015fa\u011f\u0131daki \u015fekilde i\u015flenmektedir:<\/p>\n<ul>\n<li>Sa\u011fl\u0131k durumunun sunulabilmesi i\u00e7in hasta kay\u0131t se\u00e7eneklerinin mevcut olmas\u0131<\/li>\n<li>Gerekli Muayene, T\u0131bbi Te\u015fhis, Tan\u0131 ve Tedavi Hizmetlerinin Sa\u011flanmas\u0131<\/li>\n<li>Operasyon Sonras\u0131 Destek Hizmetlerinin Sunulmas\u0131<\/li>\n<li>Hasta \u0130li\u015fkileri Y\u00f6netimi S\u00fcrecinin Y\u00fcr\u00fct\u00fclmesi<\/li>\n<li>Faaliyetlerin Mevzuata Uygun Y\u00fcr\u00fct\u00fclmesi<\/li>\n<li>Sa\u011fl\u0131k Bakanl\u0131\u011f\u0131 Ba\u015fta Olmak \u00dczere \u0130lgili Kamu Kurum ve Kurulu\u015flar\u0131 ile Yasal Y\u00fck\u00fcml\u00fcl\u00fck Gere\u011fince Talep Edilen Verilerin Toplanmas\u0131 ve Gerekti\u011finde Bilgilerin Payla\u015f\u0131lmas\u0131<\/li>\n<li>Hizmet Sat\u0131\u015f\u0131n\u0131n Yap\u0131lmas\u0131 \u0130\u00e7in Muhasebe ve Finans \u0130\u015flerinin Y\u00fcr\u00fct\u00fclmesi<\/li>\n<li>S\u00f6zle\u015fme S\u00fcre\u00e7lerinin Y\u00fcr\u00fct\u00fclmesi<\/li>\n<li>Reklam\/Kampanya\/Promosyon S\u00fcre\u00e7lerinin Y\u00fcr\u00fct\u00fclmesi<\/li>\n<li>Mal\/Hizmet Sat\u0131\u015f S\u00fcre\u00e7lerinin Y\u00fcr\u00fct\u00fclmesi<\/li>\n<li>Mal\/Hizmet Sat\u0131\u015f Sonras\u0131 Destek Hizmetlerinin Y\u00fcr\u00fct\u00fclmesi<\/li>\n<li>Veri Sorumlusu Operasyonlar\u0131n\u0131n G\u00fcvenli\u011finin Temini<\/li>\n<\/ul>\n<h4>Ki\u015fisel Verilerin Aktar\u0131lmas\u0131<\/h4>\n<p>Ki\u015fisel hastal\u0131klar\u0131n yukar\u0131da belirtilen dayanak ve kapsaml\u0131 olarak i\u015f ortaklar\u0131m\u0131za, hizmet birimine veya i\u015f birli\u011fi i\u00e7inde biz \u00fc\u00e7\u00fcnc\u00fc ki\u015filere, kanunen yetkili kamu idarelerine ve \u00f6zel ki\u015filere ait 6698 say\u0131l\u0131 Kanun&#039;un<br \/>\n8. ve<br \/>\n9. Par\u00e7alarda belirtilen ki\u015fisel veri i\u015fleme ko\u015fullar\u0131 \u00e7er\u00e7eveleri ve bak\u0131m s\u0131n\u0131rlar\u0131 olarak aktar\u0131labilir.<br \/>\nKi\u015fisel veri aktar\u0131m\u0131 yap\u0131lan t\u00fcm veriyi veren ve \u00fc\u00e7\u00fcnc\u00fc ki\u015filer, 6698 say\u0131l\u0131 Kanuna uygun Gizlilik hakk\u0131 sakl\u0131d\u0131r.   <\/p>\n<h4>Ki\u015fisel Verilerin Saklanma S\u00fcresi<\/h4>\n<p>Ki\u015fisel hastal\u0131klar\u0131nz, i\u015fbu Ayd\u0131nlatma Metninde belirtilen oranlarla s\u0131n\u0131rl\u0131 olmak \u00fczere; Vivid Klinik&#039;in tabi oldu\u011fu, ilgili t\u00fcm kanun ve sair yasal mevzuatta yer alan veri i\u015fleme ve zamana\u015f\u0131m\u0131 s\u00fcrelerine riayetin aktar\u0131laca\u011f\u0131 i\u015flenecektir.<br \/>\nKanunlarda veri i\u015fleme s\u00fcrelerine ili\u015fkin de\u011fi\u015fiklik yap\u0131lmas\u0131 halinde, kaydedilen yeni s\u00fcreler esas al\u0131n\u0131r.<br \/>\nVivid Klinik, ulusal veya deniz anoniminden ba\u011f\u0131ms\u0131z olarak, t\u0131bbi yard\u0131m taleplerini sakl\u0131 tutar veya talep eder.  <\/p>\n<h4>\u0130lgili Ki\u015fi Haklar\u0131n\u0131z<\/h4>\n<p>Kanunun ilgili ki\u015finin haklar\u0131n\u0131 d\u00fczenleyen11.<br \/>\nmadde kapsam\u0131ndaki talep ki\u015fisel bak\u0131mlar\u0131n\u0131z\u0131n i\u015flemlerine, Veri Sorumlusu Ba\u015fvuru Usul ve Esaslar\u0131 Hakk\u0131nda Tebli\u011fe g\u00f6re, Vivid Klinik resmi talimatlar\u0131 posta yoluyla veya <wpcodeself wptype=\"\" wpml_attr_0=\"\" wpml_attr_1=\"\" wpml_attr_2=\"\"> e-posta adresi \u00fczerinden elektronik olarak iletebilirsiniz. <\/p>\n<p>Ayd\u0131nlatma metnini okudum, okudum.<\/p>\n<ul>\n<li><strong>Ad Soyad\u0131<\/strong>:<\/li>\n<li><strong>Tarih<\/strong>:<\/li>\n<li><strong>\u0130mza<\/strong>:<\/li>\n<\/ul>\n<h4>Ki\u015fisel Verilerin ve \u00d6zel Nitelikli Ki\u015fisel Verilerin \u0130\u015flenmesine ve Yurt D\u0131\u015f\u0131na Aktar\u0131lmas\u0131na \u0130li\u015fkin A\u00e7\u0131k R\u0131za Beyan\u0131<\/h4>\n<p>6698 SAYILI K\u0130\u015e\u0130SEL VER\u0130LER\u0130N KORUNMASI KANUNU KAPSAMINDA HASTA\/H\u0130ZMET ALAN K\u0130\u015e\u0130 AYDINLATMA METN\u0130&#039;nin tamam\u0131n\u0131 Klinikte okudum, biriktirdim ve Vivid taraf\u0131ndan KVKK \u00e7er\u00e7evesinde ki\u015fisel verilerimin ve \u00f6zel ki\u015fisel verilerimin ne \u015fekilde i\u015flendi\u011fi ve aktar\u0131ld\u0131\u011f\u0131 ve a\u00e7\u0131k r\u0131zam\u0131 diledi\u011fim zaman geri alabilece\u011fim hakk\u0131nda bilgi sahibi oldum.<\/p>\n<p>KVKK ve ilgili mevzuat gere\u011fince Vivid Klinik ve kat\u0131l\u0131mlar\u0131 taraf\u0131ndan \u00f6zel kapsaml\u0131 ki\u015fisel veri niteli\u011findeki sa\u011fl\u0131k verilerinin bak\u0131m\u0131na, ihtiya\u00e7 duyulan hizmetlerin sa\u011flanmas\u0131 amac\u0131yla gerekli ile sa\u011fl\u0131k hizmetinin verilmesi ve bu hizmetlerin planlanmas\u0131 amac\u0131yla, bak\u0131m\u0131n ve payla\u015f\u0131m\u0131n gerekli oldu\u011fu veya s\u00fcrd\u00fcr\u00fcld\u00fc\u011f\u00fc bulunan di\u011fer ki\u015fi ve kurulu\u015flar\u0131n ile payla\u015f\u0131lmas\u0131na; Muvafakat kapsam\u0131n\u0131 kabul ve beyan ederim.<\/p>\n<p>\u0130\u015fbu metni, Vivid Klinik taraf\u0131ndan sa\u011flanan Ayd\u0131nlatma Metnini kullanmay\u0131 ve anlad\u0131\u011f\u0131m\u0131 kabul ediyorum.<br \/>\nKVKK gereklili\u011fince Vivid Klinik taraf\u0131ndan \u00f6zel olarak s\u0131n\u0131fland\u0131r\u0131lmas\u0131 ki\u015fisel veri niteli\u011findeki verilerinin de dahil olmak \u00fczere verilerimin bak\u0131m\u0131ne, ilgili s\u00fcre\u00e7 kapsam\u0131nda i\u015flenme amac\u0131 ile s\u0131n\u0131rland\u0131r\u0131lmak \u00fczere kullan\u0131lmas\u0131na ve sakland\u0131\u011f\u0131nda ve saklanmas\u0131na, tutulmas\u0131 gereken s\u00fcre boyunca saklanmas\u0131na, i\u015f s\u00fcrd\u00fcr\u00fclmesi i\u00e7in yurt d\u0131\u015f\u0131nda bulunan bulut ve internetin \u00e7al\u0131\u015ft\u0131r\u0131lmas\u0131 nedeniyle yurt aktar\u0131lmas\u0131na; Muvafakat kapsam\u0131n\u0131 kabul ve beyan ederim. <\/p>\n<ul>\n<li><strong>Ad Soyad\u0131<\/strong>:<\/li>\n<li><strong>Tarih<\/strong>:<\/li>\n<li><strong>\u0130mza<\/strong>:<\/li>\n<\/ul>\n<h4>Sosyal Medya Hesaplar\u0131nda ve \u0130nternet Sitesinde Ki\u015fisel Verilerin ve \u00d6zel Nitelikli Ki\u015fisel Verilerin \u0130\u015flenmesi Hakk\u0131nda A\u00e7\u0131k R\u0131za Metni<\/h4>\n<p>Vivid Klinik olarak, 6698 say\u0131l\u0131 Ki\u015fisel Verilerin Korunmas\u0131 Kanunu (\u201cKVKK\u201d) saklanmaz; Veri Sorumlusu s\u0131fat\u0131yla, Vivid Klinik sosyal medya hesaplar\u0131nda ve resmi internet sitesinde siz \u0130lgili Ki\u015filerin ki\u015fisel olarak yay\u0131nlanmas\u0131n\u0131 sa\u011flayacaks\u0131n\u0131z.<br \/>\nKi\u015fisel bak\u0131mlar\u0131n bak\u0131m\u0131n\u0131 bu hususa ili\u015fkin a\u00e7\u0131k r\u0131zan\u0131z\u0131 talep ediyoruz. <\/p>\n<p>\u0130LG\u0130L\u0130 K\u0130\u015e\u0130 A\u00c7IK RIZA BEYANI: KVKK gere\u011fince Vivid Klinik taraf\u0131ndan \u00f6zel olarak haz\u0131rlanm\u0131\u015f ki\u015fisel veri niteli\u011findeki verilerimin de dahil olmak \u00fczere verilerimin \u00e7al\u0131\u015ft\u0131r\u0131lmas\u0131na, Vivid Klinik internet sitesinde ve sosyal medya hesaplar\u0131nda yay\u0131nlanmas\u0131na; Muvafakat kapsam\u0131n\u0131 kabul ve beyan ederim.<br \/>\nBu hususta \u015fahsi ayd\u0131nlatman\u0131n gereklili\u011fi; i\u015fbu metni, Vivid Klinik taraf\u0131ndan sa\u011flanan Ayd\u0131nlatma Metnini kullanmay\u0131 ve anlad\u0131\u011f\u0131m\u0131 kabul edece\u011fimi kabul ediyorum. <\/p>\n<ul>\n<li><strong>Ad Soyad\u0131<\/strong>:<\/li>\n<li><strong>Tarih<\/strong>:<\/li>\n<li><strong>\u0130mza<\/strong>:<\/li>\n<\/ul>\n\t\t\t\t\t\t\t\t<\/div>\n\t\t\t\t<\/div>\n\t\t\t\t<\/div>\n\t\t\t\t\t<\/div>\n\t\t\t\t<\/div>\n\t\t\t\t<\/div>","protected":false},"excerpt":{"rendered":"<p>Gizlilik Politikas\u0131 Gizlilik Politikas\u0131 Bu bilgi metni, 6698 say\u0131l\u0131 Ki\u015fisel Verilerin Korunmas\u0131 Kanunu&#8217;nun 10. maddesi uyar\u0131nca haz\u0131rlanm\u0131\u015ft\u0131r. V\u0130V\u0130D SA\u011eLIK TUR\u0130ZM H\u0130ZMETLER\u0130 T\u0130CARET L\u0130M\u0130TED \u015e\u0130RKET\u0130 (bu metin kapsam\u0131nda &#8220;Vivid Klinik&#8221; olarak an\u0131lacakt\u0131r) veri sorumlusu olarak, ki\u015fisel verilerinizin toplanma y\u00f6ntemi ve hukuki sebebi, bu verilerin hangi ama\u00e7la i\u015flenece\u011fi, kimlere ve hangi ama\u00e7la aktar\u0131labilece\u011fi konusunda sizi bilgilendirmek amac\u0131yla [&hellip;]<\/p>\n","protected":false},"author":1,"featured_media":0,"parent":0,"menu_order":0,"comment_status":"closed","ping_status":"open","template":"","meta":{"footnotes":""},"class_list":["post-10587","page","type-page","status-publish","hentry"],"_links":{"self":[{"href":"https:\/\/vividclinic.net\/tr\/wp-json\/wp\/v2\/pages\/10587","targetHints":{"allow":["GET"]}}],"collection":[{"href":"https:\/\/vividclinic.net\/tr\/wp-json\/wp\/v2\/pages"}],"about":[{"href":"https:\/\/vividclinic.net\/tr\/wp-json\/wp\/v2\/types\/page"}],"author":[{"embeddable":true,"href":"https:\/\/vividclinic.net\/tr\/wp-json\/wp\/v2\/users\/1"}],"replies":[{"embeddable":true,"href":"https:\/\/vividclinic.net\/tr\/wp-json\/wp\/v2\/comments?post=10587"}],"version-history":[{"count":0,"href":"https:\/\/vividclinic.net\/tr\/wp-json\/wp\/v2\/pages\/10587\/revisions"}],"wp:attachment":[{"href":"https:\/\/vividclinic.net\/tr\/wp-json\/wp\/v2\/media?parent=10587"}],"curies":[{"name":"wp","href":"https:\/\/api.w.org\/{rel}","templated":true}]}}