{"id":10589,"date":"2024-08-12T15:46:40","date_gmt":"2024-08-12T12:46:40","guid":{"rendered":"https:\/\/vividclinic.net\/teslimat-ve-iade-politikasi\/"},"modified":"2024-09-05T16:49:59","modified_gmt":"2024-09-05T13:49:59","slug":"teslimat-ve-iade-politikasi","status":"publish","type":"page","link":"https:\/\/vividclinic.net\/tr\/teslimat-ve-iade-politikasi\/","title":{"rendered":"Teslimat ve \u0130ade Politikas\u0131"},"content":{"rendered":"\t\t<div data-elementor-type=\"wp-page\" data-elementor-id=\"10589\" class=\"elementor elementor-10589\" data-elementor-post-type=\"page\">\n\t\t\t\t<div class=\"elementor-element elementor-element-0912987 e-flex e-con-boxed e-con e-parent\" data-id=\"0912987\" data-element_type=\"container\" data-e-type=\"container\" data-settings=\"{&quot;ekit_has_onepagescroll_dot&quot;:&quot;yes&quot;}\">\r\n\t\t\t\t\t<div class=\"e-con-inner\">\r\n\t\t<div class=\"elementor-element elementor-element-ca55dc5 e-con-full e-flex e-con e-child\" data-id=\"ca55dc5\" data-element_type=\"container\" data-e-type=\"container\" data-settings=\"{&quot;ekit_has_onepagescroll_dot&quot;:&quot;yes&quot;}\">\r\n\t\t\t\t<div class=\"elementor-element elementor-element-0c78382 elementor-widget elementor-widget-elementskit-heading\" data-id=\"0c78382\" data-element_type=\"widget\" data-e-type=\"widget\" data-settings=\"{&quot;ekit_we_effect_on&quot;:&quot;none&quot;}\" data-widget_type=\"elementskit-heading.default\">\n\t\t\t\t<div class=\"elementor-widget-container\">\n\t\t\t\t\t<div class=\"ekit-wid-con\" ><div class=\"ekit-heading elementskit-section-title-wraper text_left   ekit_heading_tablet-   ekit_heading_mobile-\"><h1 class=\"ekit-heading--title elementskit-section-title \">Teslimat ve \u0130ade Politikas\u0131<\/h1><div class=\"ekit_heading_separetor_wraper ekit_heading_elementskit-border-divider ekit-dotted\"><div class=\"elementskit-border-divider ekit-dotted\"><\/div><\/div><\/div><\/div>\t\t\t\t<\/div>\n\t\t\t\t<\/div>\n\t\t\t\t<\/div>\n\t\t\t\t\t<\/div>\n\t\t\t\t<\/div>\n\t\t<div class=\"elementor-element elementor-element-7aeab03 e-flex e-con-boxed e-con e-parent\" data-id=\"7aeab03\" data-element_type=\"container\" data-e-type=\"container\" data-settings=\"{&quot;ekit_has_onepagescroll_dot&quot;:&quot;yes&quot;}\">\r\n\t\t\t\t\t<div class=\"e-con-inner\">\r\n\t\t<div class=\"elementor-element elementor-element-3def165 e-con-full e-flex e-con e-child\" data-id=\"3def165\" data-element_type=\"container\" data-e-type=\"container\" data-settings=\"{&quot;ekit_has_onepagescroll_dot&quot;:&quot;yes&quot;}\">\r\n\t\t\t\t<div class=\"elementor-element elementor-element-b31c371 elementor-widget elementor-widget-text-editor\" data-id=\"b31c371\" data-element_type=\"widget\" data-e-type=\"widget\" data-settings=\"{&quot;ekit_we_effect_on&quot;:&quot;none&quot;}\" data-widget_type=\"text-editor.default\">\n\t\t\t\t<div class=\"elementor-widget-container\">\n\t\t\t\t\t\t\t\t\t<h2>Teslimat ve \u0130ade Politikas\u0131<\/h2>\n<p>V\u0130V\u0130D SA\u011eLIK TUR\u0130ZM H\u0130ZMETLER\u0130 T\u0130CARET L\u0130M\u0130TED \u015e\u0130RKET\u0130 olarak, hizmetlerimizin en y\u00fcksek kalitede sunulmas\u0131n\u0131 taahh\u00fct ediyoruz.<br \/>\nL\u00fctfen teslimat ve iade politikalar\u0131m\u0131z\u0131 dikkatlice inceleyiniz. <\/p>\n<h4>Teslimat Ko\u015fullar\u0131<\/h4>\n<p>V\u0130V\u0130D SA\u011eLIK TUR\u0130ZM H\u0130ZMETLER\u0130 T\u0130CARET L\u0130M\u0130TED \u015e\u0130RKET\u0130 taraf\u0131ndan sunulan estetik tedavi ve hizmetler, \u0130stanbul&#8217;daki tesislerimizde sunulmaktad\u0131r.<\/p>\n<ul>\n<li><strong>Planificar un viaje<\/strong>: Randevunuzu web sitemiz \u00fczerinden ald\u0131ktan sonra, size randevu detaylar\u0131n\u0131 i\u00e7eren bir onay e-postas\u0131 g\u00f6nderilecektir.<\/li>\n<li>La <strong>salud<\/strong>: Her tedavi \u00f6ncesinde uzmanlar\u0131m\u0131zla yapaca\u011f\u0131n\u0131z ki\u015fisel bir kons\u00fcltasyon ger\u00e7ekle\u015ftirilecektir.<\/li>\n<li><strong>Hizmet Teslimi<\/strong>: T\u00fcm tedaviler, \u0130stanbul, T\u00fcrkiye&#8217;deki modern tesislerimizde ger\u00e7ekle\u015ftirilir.<br \/>\nProfesyonel ekibimiz, tedavi s\u00fcrecinde rahat ve g\u00fcvenli bir deneyim sunmak i\u00e7in yan\u0131n\u0131zda olacakt\u0131r. <\/li>\n<li><strong>Takip ve Destek<\/strong>: Tedavi sonras\u0131 takip ve destek hizmetlerimizle, iyile\u015fme s\u00fcrecinizi yak\u0131ndan izliyoruz.<\/li>\n<\/ul>\n<h4>\u0130ptal ve \u0130ade Politikas\u0131<\/h4>\n<p>M\u00fc\u015fteri memnuniyeti bizim i\u00e7in \u00f6nemlidir.<br \/>\n\u0130ptal ve iade politikam\u0131z a\u015fa\u011f\u0131daki gibidir: <\/p>\n<ul>\n<li>\u0130ptal <strong>Ko\u015fullar\u0131:<\/strong>\n<ul>\n<li>Randevular\u0131n\u0131z\u0131, randevu saatinden en az 24 saat \u00f6nce iptal edebilir veya de\u011fi\u015ftirebilirsiniz.<\/li>\n<li>Randevu saatinden 24 saat i\u00e7inde yap\u0131lan iptaller i\u00e7in [\u0130ptal \u00dccreti] tahsil edilir.<\/li>\n<\/ul>\n<\/li>\n<li>\u0130ade <strong>Ko\u015fullar\u0131:<\/strong>\n<ul>\n<li>Los derechos de propiedad intelectual est\u00e1n protegidos.<br \/>\nAncak, tedaviye devam etmeniz durumunda bu \u00fccret tedavi maliyetinden d\u00fc\u015f\u00fclebilir. <\/li>\n<li>Paket halinde sat\u0131n al\u0131nan hizmetlerin iadesi durumunda, kullan\u0131lmayan hizmetlerin bedeli pro-rata hesaplanarak iade edilir.<\/li>\n<li>Tedavi sonu\u00e7lar\u0131ndan memnun kalmad\u0131\u011f\u0131n\u0131z takdirde, 7 g\u00fcn i\u00e7inde bizimle ileti\u015fime ge\u00e7erek durumu bildirebilirsiniz.<br \/>\nGerekli incelemeler yap\u0131larak, ek d\u00fczeltme i\u015flemleri veya di\u011fer \u00e7\u00f6z\u00fcmler sa\u011flanacakt\u0131r. <\/li>\n<\/ul>\n<\/li>\n<\/ul>\n<h4>\u0130leti\u015fim Bilgileri<\/h4>\n<p>Herhangi bir sorunuz veya endi\u015feniz oldu\u011funda, a\u015fa\u011f\u0131daki ileti\u015fim bilgileri \u00fczerinden bizimle ileti\u015fime ge\u00e7ebilirsiniz:<\/p>\n<ul>\n<li><strong>Direcci\u00f3n<\/strong>: ATAK\u00d6Y 7-8-9-10.<br \/>\nKISIM MAH.<br \/>\n\u00c7OBAN\u00c7E\u015eME E-5 YAN YOL CAD.<br \/>\n1 NO: 8\/1 I\u0307\u00c7 KAPI NO: 14 BAKIRK\u00d6Y\/I\u0307STANBUL\/T\u00dcRKI\u0307YE   <\/li>\n<li><strong>Tel\u00e9fono<\/strong>:  [Telefon numaras\u0131]<\/li>\n<li><strong>E-posta<\/strong>: info@vividclinic.net<\/li>\n<li><strong>P\u00e1ginas web:<\/strong> <a href=\"https:\/\/vividclinic.net\/es\/\" target=\"_new\" rel=\"noreferrer\">https:\/\/vividclinic.net<\/a><\/li>\n<\/ul>\n\t\t\t\t\t\t\t\t<\/div>\n\t\t\t\t<\/div>\n\t\t\t\t<\/div>\n\t\t\t\t\t<\/div>\n\t\t\t\t<\/div>\n\t\t\t\t<\/div>\n\t\t","protected":false},"excerpt":{"rendered":"<p>Teslimat ve \u0130ade Politikas\u0131 Teslimat ve \u0130ade Politikas\u0131 V\u0130V\u0130D SA\u011eLIK TUR\u0130ZM H\u0130ZMETLER\u0130 T\u0130CARET L\u0130M\u0130TED \u015e\u0130RKET\u0130 olarak, hizmetlerimizin en y\u00fcksek kalitede sunulmas\u0131n\u0131 taahh\u00fct ediyoruz. L\u00fctfen teslimat ve iade politikalar\u0131m\u0131z\u0131 dikkatlice inceleyiniz. Teslimat Ko\u015fullar\u0131 V\u0130V\u0130D SA\u011eLIK TUR\u0130ZM H\u0130ZMETLER\u0130 T\u0130CARET L\u0130M\u0130TED \u015e\u0130RKET\u0130 taraf\u0131ndan sunulan estetik tedavi ve hizmetler, \u0130stanbul&#8217;daki tesislerimizde sunulmaktad\u0131r. Planificar un viaje: Randevunuzu web sitemiz \u00fczerinden [&hellip;]<\/p>\n","protected":false},"author":1,"featured_media":0,"parent":0,"menu_order":0,"comment_status":"closed","ping_status":"open","template":"","meta":{"footnotes":""},"class_list":["post-10589","page","type-page","status-publish","hentry"],"_links":{"self":[{"href":"https:\/\/vividclinic.net\/tr\/wp-json\/wp\/v2\/pages\/10589","targetHints":{"allow":["GET"]}}],"collection":[{"href":"https:\/\/vividclinic.net\/tr\/wp-json\/wp\/v2\/pages"}],"about":[{"href":"https:\/\/vividclinic.net\/tr\/wp-json\/wp\/v2\/types\/page"}],"author":[{"embeddable":true,"href":"https:\/\/vividclinic.net\/tr\/wp-json\/wp\/v2\/users\/1"}],"replies":[{"embeddable":true,"href":"https:\/\/vividclinic.net\/tr\/wp-json\/wp\/v2\/comments?post=10589"}],"version-history":[{"count":0,"href":"https:\/\/vividclinic.net\/tr\/wp-json\/wp\/v2\/pages\/10589\/revisions"}],"wp:attachment":[{"href":"https:\/\/vividclinic.net\/tr\/wp-json\/wp\/v2\/media?parent=10589"}],"curies":[{"name":"wp","href":"https:\/\/api.w.org\/{rel}","templated":true}]}}