{"id":22396,"date":"2024-11-25T20:59:36","date_gmt":"2024-11-25T17:59:36","guid":{"rendered":"https:\/\/vividclinic.net\/?page_id=22396"},"modified":"2024-11-26T11:09:26","modified_gmt":"2024-11-26T08:09:26","slug":"vivid-clinic-testimonials","status":"publish","type":"page","link":"https:\/\/vividclinic.net\/tr\/vivid-clinic-testimonials\/","title":{"rendered":"Vivid Clinic Referanslar\u0131"},"content":{"rendered":"<div data-elementor-type=\"wp-page\" data-elementor-id=\"22396\" class=\"elementor elementor-22396\" data-elementor-post-type=\"page\">\n\t\t\t\t<div class=\"elementor-element elementor-element-undefined-fc1d33a e-flex e-con-boxed e-con e-parent\" data-id=\"undefined-fc1d33a\" data-element_type=\"container\" data-e-type=\"container\" data-settings=\"{&quot;ekit_has_onepagescroll_dot&quot;:&quot;yes&quot;}\">\r\n\t\t\t\t\t<div class=\"e-con-inner\">\r\n\t\t<div class=\"elementor-element elementor-element-undefined-58ab5b0 e-con-full e-flex e-con e-child\" data-id=\"undefined-58ab5b0\" data-element_type=\"container\" data-e-type=\"container\" data-settings=\"{&quot;ekit_has_onepagescroll_dot&quot;:&quot;yes&quot;}\">\r\n\t\t\t\t<div class=\"elementor-element elementor-element-undefined-0406a88 elementor-widget-tablet__width-inherit elementor-widget elementor-widget-heading\" data-id=\"undefined-0406a88\" data-element_type=\"widget\" data-e-type=\"widget\" data-settings=\"{&quot;ekit_we_effect_on&quot;:&quot;none&quot;}\" data-widget_type=\"heading.default\">\n\t\t\t\t<div class=\"elementor-widget-container\">\n\t\t\t\t\t<h2 class=\"elementor-heading-title elementor-size-default\">Mutlu Hastalar\u0131m\u0131z\u0131n Hikayelerini Dinleyin!<\/h2>\t\t\t\t<\/div>\n\t\t\t\t<\/div>\n\t\t\t\t<div class=\"elementor-element elementor-element-d043831 elementor-widget elementor-widget-text-editor\" data-id=\"d043831\" data-element_type=\"widget\" data-e-type=\"widget\" data-settings=\"{&quot;ekit_we_effect_on&quot;:&quot;none&quot;}\" data-widget_type=\"text-editor.default\">\n\t\t\t\t<div class=\"elementor-widget-container\">\n\t\t\t\t\t\t\t\t\t<h3>Referanslar sayfam\u0131za ho\u015f geldiniz! <strong>Vivid Klinik<\/strong>Ola\u011fan\u00fcst\u00fc bak\u0131m ve d\u00f6n\u00fc\u015ft\u00fcr\u00fcc\u00fc sonu\u00e7lar sunmaktan gurur duyuyoruz. \u0130\u015fte hastalar\u0131m\u0131z\u0131n Vivid Clinic&#039;teki deneyimleri hakk\u0131ndaki yorumlar\u0131!<\/h3><p>\u00a0<\/p>\t\t\t\t\t\t\t\t<\/div>\n\t\t\t\t<\/div>\n\t\t\t\t<div class=\"elementor-element elementor-element-6bfd90d elementor-widget elementor-widget-text-editor\" data-id=\"6bfd90d\" data-element_type=\"widget\" data-e-type=\"widget\" data-settings=\"{&quot;ekit_we_effect_on&quot;:&quot;none&quot;}\" data-widget_type=\"text-editor.default\">\n\t\t\t\t<div class=\"elementor-widget-container\">\n\t\t\t\t\t\t\t\t\t<h4>M\u00fc\u015fterilerimizin deneyimleri hakk\u0131nda neler s\u00f6ylediklerini ke\u015ffedin <a href=\"https:\/\/vividclinic.net\/tr\/\">Vivid Klinik<\/a>.<\/h4>\t\t\t\t\t\t\t\t<\/div>\n\t\t\t\t<\/div>\n\t\t\t\t<\/div>\n\t\t\t\t\t<\/div>\n\t\t\t\t<\/div>\n\t\t<div class=\"elementor-element elementor-element-0ee46f8 e-con-full e-flex e-con e-parent\" data-id=\"0ee46f8\" data-element_type=\"container\" data-e-type=\"container\" data-settings=\"{&quot;ekit_has_onepagescroll_dot&quot;:&quot;yes&quot;}\">\r\n\t\t\t\t<div class=\"elementor-element elementor-element-f2029ed elementor-widget-tablet__width-inherit elementor-widget elementor-widget-heading\" data-id=\"f2029ed\" data-element_type=\"widget\" data-e-type=\"widget\" data-settings=\"{&quot;ekit_we_effect_on&quot;:&quot;none&quot;}\" data-widget_type=\"heading.default\">\n\t\t\t\t<div class=\"elementor-widget-container\">\n\t\t\t\t\t<h3 class=\"elementor-heading-title elementor-size-default\">Google Yorumlar\u0131: <br>Vivid Clinic Referanslar\u0131<\/h3>\t\t\t\t<\/div>\n\t\t\t\t<\/div>\n\t\t<div class=\"elementor-element elementor-element-9c738c9 e-flex e-con-boxed e-con e-child\" data-id=\"9c738c9\" data-element_type=\"container\" data-e-type=\"container\" data-settings=\"{&quot;ekit_has_onepagescroll_dot&quot;:&quot;yes&quot;}\">\r\n\t\t\t\t\t<div class=\"e-con-inner\">\r\n\t\t\t\t<div class=\"elementor-element elementor-element-2ea1b56 elementor-widget-tablet__width-inherit elementor-widget elementor-widget-heading\" data-id=\"2ea1b56\" data-element_type=\"widget\" data-e-type=\"widget\" data-settings=\"{&quot;ekit_we_effect_on&quot;:&quot;none&quot;}\" data-widget_type=\"heading.default\">\n\t\t\t\t<div class=\"elementor-widget-container\">\n\t\t\t\t\t<h3 class=\"elementor-heading-title elementor-size-default\">Vivid Clinic i\u00e7in Trustpilot Yorumlar\u0131<\/h3>\t\t\t\t<\/div>\n\t\t\t\t<\/div>\n\t\t\t\t\t<\/div>\n\t\t\t\t<\/div>\n\t\t\t\t<\/div>\n\t\t\t\t<\/div>","protected":false},"excerpt":{"rendered":"<p>Hear From Our Happy Patients! Welcome to our testimonials page! At Vivid Clinic, we pride ourselves on delivering exceptional care and transformative results. Here&#8217;s what our patients say about their experiences at Vivid Clinic! \u00a0 Discover what our clients have to say about their experience with Vivid Clinic. Google Reviews: Vivid Clinic Testimonials Abdallah Debs [&hellip;]<\/p>\n","protected":false},"author":1,"featured_media":22046,"parent":0,"menu_order":0,"comment_status":"closed","ping_status":"open","template":"elementor_header_footer","meta":{"footnotes":""},"class_list":["post-22396","page","type-page","status-publish","has-post-thumbnail","hentry"],"_links":{"self":[{"href":"https:\/\/vividclinic.net\/tr\/wp-json\/wp\/v2\/pages\/22396","targetHints":{"allow":["GET"]}}],"collection":[{"href":"https:\/\/vividclinic.net\/tr\/wp-json\/wp\/v2\/pages"}],"about":[{"href":"https:\/\/vividclinic.net\/tr\/wp-json\/wp\/v2\/types\/page"}],"author":[{"embeddable":true,"href":"https:\/\/vividclinic.net\/tr\/wp-json\/wp\/v2\/users\/1"}],"replies":[{"embeddable":true,"href":"https:\/\/vividclinic.net\/tr\/wp-json\/wp\/v2\/comments?post=22396"}],"version-history":[{"count":0,"href":"https:\/\/vividclinic.net\/tr\/wp-json\/wp\/v2\/pages\/22396\/revisions"}],"wp:featuredmedia":[{"embeddable":true,"href":"https:\/\/vividclinic.net\/tr\/wp-json\/wp\/v2\/media\/22046"}],"wp:attachment":[{"href":"https:\/\/vividclinic.net\/tr\/wp-json\/wp\/v2\/media?parent=22396"}],"curies":[{"name":"wp","href":"https:\/\/api.w.org\/{rel}","templated":true}]}}