{"id":6071,"date":"2024-08-12T14:08:02","date_gmt":"2024-08-12T11:08:02","guid":{"rendered":"https:\/\/vividclinic.net\/?page_id=6071"},"modified":"2024-09-05T16:49:47","modified_gmt":"2024-09-05T13:49:47","slug":"terms-of-use","status":"publish","type":"page","link":"https:\/\/vividclinic.net\/tr\/legal\/terms-of-use\/","title":{"rendered":"Kullan\u0131m \u015eartlar\u0131"},"content":{"rendered":"<div data-elementor-type=\"wp-page\" data-elementor-id=\"6071\" class=\"elementor elementor-6071\" data-elementor-post-type=\"page\">\n\t\t\t\t<div class=\"elementor-element elementor-element-e2b269b e-flex e-con-boxed e-con e-parent\" data-id=\"e2b269b\" data-element_type=\"container\" data-e-type=\"container\" data-settings=\"{&quot;ekit_has_onepagescroll_dot&quot;:&quot;yes&quot;}\">\r\n\t\t\t\t\t<div class=\"e-con-inner\">\r\n\t\t<div class=\"elementor-element elementor-element-0ba340b e-con-full e-flex e-con e-child\" data-id=\"0ba340b\" data-element_type=\"container\" data-e-type=\"container\" data-settings=\"{&quot;ekit_has_onepagescroll_dot&quot;:&quot;yes&quot;}\">\r\n\t\t\t\t<div class=\"elementor-element elementor-element-2a9abe9 elementor-widget elementor-widget-elementskit-heading\" data-id=\"2a9abe9\" data-element_type=\"widget\" data-e-type=\"widget\" data-settings=\"{&quot;ekit_we_effect_on&quot;:&quot;none&quot;}\" data-widget_type=\"elementskit-heading.default\">\n\t\t\t\t<div class=\"elementor-widget-container\">\n\t\t\t\t\t<div class=\"ekit-wid-con\" ><div class=\"ekit-heading elementskit-section-title-wraper text_left   ekit_heading_tablet-   ekit_heading_mobile-\"><h1 class=\"ekit-heading--title elementskit-section-title\">Kullan\u0131m \u015eartlar\u0131<\/h1><div class=\"ekit_heading_separetor_wraper ekit_heading_elementskit-border-divider ekit-dotted\"><div class=\"elementskit-border-divider ekit-dotted\"><\/div><\/div><\/div><\/div>\t\t\t\t<\/div>\n\t\t\t\t<\/div>\n\t\t\t\t<\/div>\n\t\t\t\t\t<\/div>\n\t\t\t\t<\/div>\n\t\t<div class=\"elementor-element elementor-element-43113d0 e-flex e-con-boxed e-con e-parent\" data-id=\"43113d0\" data-element_type=\"container\" data-e-type=\"container\" data-settings=\"{&quot;ekit_has_onepagescroll_dot&quot;:&quot;yes&quot;}\">\r\n\t\t\t\t\t<div class=\"e-con-inner\">\r\n\t\t<div class=\"elementor-element elementor-element-4aa5708 e-con-full e-flex e-con e-child\" data-id=\"4aa5708\" data-element_type=\"container\" data-e-type=\"container\" data-settings=\"{&quot;ekit_has_onepagescroll_dot&quot;:&quot;yes&quot;}\">\r\n\t\t\t\t<div class=\"elementor-element elementor-element-3e308e4 elementor-widget elementor-widget-text-editor\" data-id=\"3e308e4\" data-element_type=\"widget\" data-e-type=\"widget\" data-settings=\"{&quot;ekit_we_effect_on&quot;:&quot;none&quot;}\" data-widget_type=\"text-editor.default\">\n\t\t\t\t<div class=\"elementor-widget-container\">\n\t\t\t\t\t\t\t\t\t<h4>\u00a0<\/h4><h4>1. Giri\u015f<\/h4><p>Bu web sitesini (vividclinic.net) ziyaret eden veya bu sitede sunulan hizmetleri talep eden herkes, bu \u201cKullan\u0131m Ko\u015fullar\u0131\u201dnda belirtilen t\u00fcm h\u00fck\u00fcm ve ko\u015fullar\u0131 kabul etmi\u015f say\u0131l\u0131r. V\u0130V\u0130D SA\u011eLIK TUR\u0130ZM H\u0130ZMETLER\u0130 T\u0130CARET L\u0130M\u0130TED \u015e\u0130RKET\u0130\u2019ne kay\u0131t olarak veya sa\u011flanan hizmetleri talep ederek, bu \u201cKullan\u0131m Ko\u015fullar\u0131\u201dnda belirtilen h\u00fck\u00fcm ve ko\u015fullara ve V\u0130V\u0130D SA\u011eLIK TUR\u0130ZM H\u0130ZMETLER\u0130 T\u0130CARET L\u0130M\u0130TED \u015e\u0130RKET\u0130\u2019nin \u201cKi\u015fisel Verilerin Korunmas\u0131\u201d ve bu sitedeki di\u011fer talimatlara uymay\u0131 taahh\u00fct etmi\u015f olursunuz.<\/p><h4>2. De\u011fi\u015fiklikler<\/h4><p>V\u0130V\u0130D SA\u011eLIK TUR\u0130ZM H\u0130ZMETLER\u0130 T\u0130CARET L\u0130M\u0130TED \u015e\u0130RKET\u0130, bu sitedeki &quot;Kullan\u0131m Ko\u015fullar\u0131&quot;, &quot;Ki\u015fisel Verilerin Korunmas\u0131&quot; ve di\u011fer talimatlarda herhangi bir zamanda de\u011fi\u015fiklik yapma hakk\u0131n\u0131 sakl\u0131 tutar. Bu de\u011fi\u015fiklikler, bu sitede yay\u0131nland\u0131\u011f\u0131 tarihten itibaren ge\u00e7erli ve ba\u011flay\u0131c\u0131 olacakt\u0131r. G\u00fcncellemeleri ve de\u011fi\u015fiklikleri takip etmek sizin sorumlulu\u011funuzdad\u0131r ve V\u0130V\u0130D SA\u011eLIK TUR\u0130ZM H\u0130ZMETLER\u0130 T\u0130CARET L\u0130M\u0130TED \u015e\u0130RKET\u0130&#039;nin sizi bu de\u011fi\u015fiklikler hakk\u0131nda bilgilendirme y\u00fck\u00fcml\u00fcl\u00fc\u011f\u00fc yoktur. V\u0130V\u0130D SA\u011eLIK TUR\u0130ZM H\u0130ZMETLER\u0130 T\u0130CARET L\u0130M\u0130TED \u015e\u0130RKET\u0130&#039;nin hizmetlerini kullanarak, bu de\u011fi\u015fiklikleri kabul etmi\u015f say\u0131l\u0131rs\u0131n\u0131z.<\/p><h4>3. Ba\u011flant\u0131lar<\/h4><p>V\u0130V\u0130D SA\u011eLIK TUR\u0130ZM H\u0130ZMETLER\u0130 T\u0130CARET L\u0130M\u0130TED \u015e\u0130RKET\u0130&#039;nin web sitesindeki ba\u011flant\u0131lar sizi site d\u0131\u015f\u0131na g\u00f6t\u00fcrebilir ve V\u0130V\u0130D SA\u011eLIK TUR\u0130ZM H\u0130ZMETLER\u0130 T\u0130CARET L\u0130M\u0130TED \u015e\u0130RKET\u0130, bu sitelerin i\u00e7eri\u011finden, do\u011frulu\u011fundan veya i\u015flevinden sorumlu de\u011fildir. Bu ba\u011flant\u0131lar iyi niyetle sa\u011flanm\u0131\u015ft\u0131r ve V\u0130V\u0130D SA\u011eLIK TUR\u0130ZM H\u0130ZMETLER\u0130 T\u0130CARET L\u0130M\u0130TED \u015e\u0130RKET\u0130, ba\u011flant\u0131l\u0131 sitelerde meydana gelebilecek de\u011fi\u015fikliklerden sorumlu de\u011fildir. V\u0130V\u0130D SA\u011eLIK TUR\u0130ZM H\u0130ZMETLER\u0130 T\u0130CARET L\u0130M\u0130TED \u015e\u0130RKET\u0130, ba\u011fl\u0131 kurulu\u015flar\u0131 veya bu sitenin olu\u015fturulmas\u0131, \u00fcretilmesi veya iletilmesinde yer alan herhangi bir \u00fc\u00e7\u00fcnc\u00fc taraf, bu siteye eri\u015fim veya kullan\u0131m\u0131ndan kaynaklanan hi\u00e7bir do\u011frudan, dolayl\u0131 veya cezai zarar, ziyan veya y\u00fck\u00fcml\u00fcl\u00fckten sorumlu tutulamaz.<\/p><h4>4. Kullan\u0131c\u0131lar<\/h4><p>V\u0130V\u0130D SA\u011eLIK TUR\u0130ZM H\u0130ZMETLER\u0130 T\u0130CARET L\u0130M\u0130TED \u015e\u0130RKET\u0130&#039;nin hizmetlerinden, medeni haklar\u0131 kullanma ehliyetine sahip t\u00fcm ger\u00e7ek ve t\u00fczel ki\u015filer yararlanabilir. 18 ya\u015f\u0131n\u0131 doldurmam\u0131\u015f k\u00fc\u00e7\u00fckler, k\u0131s\u0131tl\u0131lar ve yasal haklar\u0131n\u0131 kullanma ehliyetine sahip olmayanlar, yaln\u0131zca yasal vasileri veya temsilcileri arac\u0131l\u0131\u011f\u0131yla i\u015flem yapabilirler.<\/p><h4>5. Fikri M\u00fclkiyet Haklar\u0131<\/h4><p>Bu sitedeki \u00fcnvan, i\u015fletme ad\u0131, marka, patent, logo, tasar\u0131m, bilgi ve y\u00f6ntem gibi t\u00fcm fikri m\u00fclkiyet haklar\u0131, tescilli veya tescilsiz olsun, V\u0130V\u0130D SA\u011eLIK TUR\u0130ZM H\u0130ZMETLER\u0130 T\u0130CARET L\u0130M\u0130TED \u015e\u0130RKET\u0130&#039;ne veya belirtilen sahibine ait olup, ulusal ve uluslararas\u0131 hukuk kapsam\u0131nda korunmaktad\u0131r. Bu siteyi ziyaret etmeniz veya bu sitedeki hizmetlerden yararlanman\u0131z, size s\u00f6z konusu fikri m\u00fclkiyet haklar\u0131 ile ilgili herhangi bir hak vermez. Bu siteyi ziyaret ederek veya kullanarak, bu fikri m\u00fclkiyet haklar\u0131n\u0131 ihlal etmemeyi kabul etmi\u015f olursunuz.<\/p><h4>6. Yasal Kullan\u0131m<\/h4><p>Web sitemiz yaln\u0131zca yasal ama\u00e7lar do\u011frultusunda ve yasalara uygun olarak kullan\u0131labilir. Bu siteyi kullanarak yasalara uygun hareket etmeyi taahh\u00fct edersiniz. Haks\u0131z bir \u00e7\u0131kar elde etmek i\u00e7in yanl\u0131\u015f beyanda bulunmak, mevcut zararlar\u0131 daha sonra talep etmek i\u00e7in gizlemek, sahte isim ve kredi kart\u0131 kullanmak vb. gibi eylemler cezai sorumlulu\u011fa yol a\u00e7abilir. V\u0130V\u0130D SA\u011eLIK TUR\u0130ZM H\u0130ZMETLER\u0130 T\u0130CARET L\u0130M\u0130TED \u015e\u0130RKET\u0130, bu t\u00fcr durumlar\u0131 \u00f6nlemek i\u00e7in siteye eri\u015fimi engelleme veya \u015fikayette bulunma gibi \u00f6nlemler almaya yetkilidir. V\u0130V\u0130D SA\u011eLIK TUR\u0130ZM H\u0130ZMETLER\u0130 T\u0130CARET L\u0130M\u0130TED \u015e\u0130RKET\u0130, talep edilen herhangi bir hizmeti kabul edip etmemekte serbesttir.<\/p><h4>7. Uyu\u015fmazl\u0131klar\u0131n \u00c7\u00f6z\u00fcm\u00fc<\/h4><p>Sitemiz arac\u0131l\u0131\u011f\u0131yla ald\u0131\u011f\u0131n\u0131z hizmetlerden dolay\u0131 do\u011fabilecek her t\u00fcrl\u00fc uyu\u015fmazl\u0131k halinde T\u00fcrk Hukuku uygulanacak olup, \u0130stanbul Bak\u0131rk\u00f6y Mahkemeleri ve \u0130cra Daireleri yetkili olacakt\u0131r.<\/p><h4>8. Telif Hakk\u0131<\/h4><p>Bu sitenin telif hakk\u0131 \u015funa aittir: <a href=\"https:\/\/vividclinic.net\/tr\/\">CANLI<\/a> SA\u011eLIK TUR\u0130ZM H\u0130ZMETLER\u0130 T\u0130CARET L\u0130M\u0130TED \u015e\u0130RKET\u0130. T\u00fcm haklar\u0131 sakl\u0131d\u0131r. Bu sitede yay\u0131nlanan metinler, g\u00f6rseller, ses, animasyon ve video dosyalar\u0131 ile tasar\u0131mlar 5846 say\u0131l\u0131 Kanun ve ilgili mevzuat kapsam\u0131nda korunmaktad\u0131r. Hi\u00e7bir unsur ticari ama\u00e7larla kopyalanamaz, kullan\u0131lamaz veya ba\u015fka sitelerde yay\u0131nlanamaz.<\/p>\t\t\t\t\t\t\t\t<\/div>\n\t\t\t\t<\/div>\n\t\t\t\t<\/div>\n\t\t\t\t\t<\/div>\n\t\t\t\t<\/div>\n\t\t\t\t<\/div>","protected":false},"excerpt":{"rendered":"<p>Terms of Use \u00a0 1. Introduction Anyone who visits this website (vividclinic.net) or requests services offered on this site agrees to all the terms and conditions stated in these \u201cTerms of Use.\u201d By registering with V\u0130V\u0130D SA\u011eLIK TUR\u0130ZM H\u0130ZMETLER\u0130 T\u0130CARET L\u0130M\u0130TED \u015e\u0130RKET\u0130 or requesting the services provided, you commit to complying with the terms and [&hellip;]<\/p>\n","protected":false},"author":1,"featured_media":0,"parent":6112,"menu_order":0,"comment_status":"closed","ping_status":"open","template":"","meta":{"footnotes":""},"class_list":["post-6071","page","type-page","status-publish","hentry"],"_links":{"self":[{"href":"https:\/\/vividclinic.net\/tr\/wp-json\/wp\/v2\/pages\/6071","targetHints":{"allow":["GET"]}}],"collection":[{"href":"https:\/\/vividclinic.net\/tr\/wp-json\/wp\/v2\/pages"}],"about":[{"href":"https:\/\/vividclinic.net\/tr\/wp-json\/wp\/v2\/types\/page"}],"author":[{"embeddable":true,"href":"https:\/\/vividclinic.net\/tr\/wp-json\/wp\/v2\/users\/1"}],"replies":[{"embeddable":true,"href":"https:\/\/vividclinic.net\/tr\/wp-json\/wp\/v2\/comments?post=6071"}],"version-history":[{"count":0,"href":"https:\/\/vividclinic.net\/tr\/wp-json\/wp\/v2\/pages\/6071\/revisions"}],"up":[{"embeddable":true,"href":"https:\/\/vividclinic.net\/tr\/wp-json\/wp\/v2\/pages\/6112"}],"wp:attachment":[{"href":"https:\/\/vividclinic.net\/tr\/wp-json\/wp\/v2\/media?parent=6071"}],"curies":[{"name":"wp","href":"https:\/\/api.w.org\/{rel}","templated":true}]}}