{"id":6073,"date":"2024-08-12T14:08:06","date_gmt":"2024-08-12T11:08:06","guid":{"rendered":"https:\/\/vividclinic.net\/?page_id=6073"},"modified":"2024-10-18T21:40:17","modified_gmt":"2024-10-18T18:40:17","slug":"privacy-policy","status":"publish","type":"page","link":"https:\/\/vividclinic.net\/tr\/legal\/privacy-policy\/","title":{"rendered":"Gizlilik Politikas\u0131"},"content":{"rendered":"<div data-elementor-type=\"wp-page\" data-elementor-id=\"6073\" class=\"elementor elementor-6073\" data-elementor-post-type=\"page\">\n\t\t\t\t<div class=\"elementor-element elementor-element-2c63f25 e-flex e-con-boxed e-con e-parent\" data-id=\"2c63f25\" data-element_type=\"container\" data-e-type=\"container\" data-settings=\"{&quot;ekit_has_onepagescroll_dot&quot;:&quot;yes&quot;}\">\r\n\t\t\t\t\t<div class=\"e-con-inner\">\r\n\t\t<div class=\"elementor-element elementor-element-e8b12a2 e-con-full e-flex e-con e-child\" data-id=\"e8b12a2\" data-element_type=\"container\" data-e-type=\"container\" data-settings=\"{&quot;ekit_has_onepagescroll_dot&quot;:&quot;yes&quot;}\">\r\n\t\t\t\t<div class=\"elementor-element elementor-element-caab729 elementor-widget elementor-widget-elementskit-heading\" data-id=\"caab729\" data-element_type=\"widget\" data-e-type=\"widget\" data-settings=\"{&quot;ekit_we_effect_on&quot;:&quot;none&quot;}\" data-widget_type=\"elementskit-heading.default\">\n\t\t\t\t<div class=\"elementor-widget-container\">\n\t\t\t\t\t<div class=\"ekit-wid-con\" ><div class=\"ekit-heading elementskit-section-title-wraper text_left   ekit_heading_tablet-   ekit_heading_mobile-\"><h1 class=\"ekit-heading--title elementskit-section-title\">Gizlilik Politikas\u0131<\/h1><div class=\"ekit_heading_separetor_wraper ekit_heading_elementskit-border-divider ekit-dotted\"><div class=\"elementskit-border-divider ekit-dotted\"><\/div><\/div><\/div><\/div>\t\t\t\t<\/div>\n\t\t\t\t<\/div>\n\t\t\t\t<div class=\"elementor-element elementor-element-448c922 elementor-widget elementor-widget-text-editor\" data-id=\"448c922\" data-element_type=\"widget\" data-e-type=\"widget\" data-settings=\"{&quot;ekit_we_effect_on&quot;:&quot;none&quot;}\" data-widget_type=\"text-editor.default\">\n\t\t\t\t<div class=\"elementor-widget-container\">\n\t\t\t\t\t\t\t\t\t<h3>\u00a0<\/h3><h2>Ki\u015fisel Verilerin Korunmas\u0131<\/h2><p>Bu ayd\u0131nlatma metni, 6698 say\u0131l\u0131 Ki\u015fisel Verilerin Korunmas\u0131 Kanunu\u2019nun (K\u0130\u015e\u0130SEL VER\u0130LER\u0130N KORUNMASI KANUNU veya Kanun olarak an\u0131lacakt\u0131r) 10. maddesi uyar\u0131nca haz\u0131rlanm\u0131\u015ft\u0131r. Veri sorumlusu s\u0131fat\u0131yla V\u0130V\u0130D SA\u011eLIK TUR\u0130ZM H\u0130ZMETLER\u0130 T\u0130CARET L\u0130M\u0130TED \u015e\u0130RKET\u0130 (bu ayd\u0131nlatma metni kapsam\u0131nda \u201cVivid Clinic\u201d olarak an\u0131lacakt\u0131r) taraf\u0131ndan, ki\u015fisel verilerinizin toplanma y\u00f6ntemi ve hukuki sebebi, bu verilerin hangi ama\u00e7la i\u015flenece\u011fi ve kimlere ve hangi ama\u00e7la aktar\u0131labilece\u011fi konusunda sizi bilgilendirmek amac\u0131yla haz\u0131rlanm\u0131\u015ft\u0131r.<\/p><h2>Veri Sorumlusunun Kimli\u011fi<\/h2><ul><li><strong>\u015eirket \u00dcnvan\u0131<\/strong>: V\u0130V\u0130D SA\u011eLIK TUR\u0130ZM H\u0130ZMETLER\u0130 T\u0130CARET L\u0130M\u0130TED \u015e\u0130RKET\u0130<\/li><li><strong>Adres<\/strong>: ATAK\u00d6Y 7-8-9-10. KISIM MAH. \u00c7OBAN\u00c7E\u015eME E-5 YAN YOL CAD. 1 NO: 8\/1 \u0130\u00c7 KAPI NO: 14 BAKIRK\u00d6Y\/\u0130STANBUL\/T\u00dcRK\u0130YE<\/li><\/ul><h2>\u0130\u015flenen Ki\u015fisel Verileriniz ve Veri \u0130\u015fleme Amac\u0131<\/h2><p><strong>3.1. \u0130\u015flenen Ki\u015fisel Verileriniz<\/strong><\/p><p><a href=\"https:\/\/vividclinic.net\/tr\/how-to-achieve-a-perfect-beautiful-nose-at-vivid-clinic-in-istanbul\/\"  data-wpil-monitor-id=\"534\">Vivid Klinik<\/a> a\u015fa\u011f\u0131da belirtilen ki\u015fisel verilerinizi; almak istedi\u011finiz hizmet kapsam\u0131nda ger\u00e7ekle\u015ftirilecek faaliyetlerin gereklerine ve niteliklerine g\u00f6re i\u015flenmektedir:<\/p><ul><li><strong>Kimlik Verileri<\/strong>: Ad, Soyad, Do\u011fum Tarihi, Do\u011fum Yeri, TC Kimlik\/Pasaport Bilgileri, \u0130mza, Cinsiyet, Uyruk Bilgileri, Medeni Durum Bilgileri<\/li><li><strong>\u0130leti\u015fim Verileri<\/strong>: Telefon Numaras\u0131, E-posta Adresi, Adres Bilgileri, Posta Kodu<\/li><li><strong>Fiziksel Alan\u0131n G\u00fcvenli\u011fi<\/strong>: G\u00fcvenlik Kameras\u0131 Kay\u0131tlar\u0131<\/li><li><strong>Finansal Veriler<\/strong>: Banka Hesap Numaras\u0131, IBAN Bilgileri, Kredi Kart\u0131 Bilgileri<\/li><li><strong>G\u00f6rsel ve \u0130\u015fitsel Veriler<\/strong>: \u0130\u015flem \u00f6ncesi ve sonras\u0131 foto\u011fraflar<\/li><li><strong>Sa\u011fl\u0131k Bilgileri<\/strong>: Ki\u015fisel Sa\u011fl\u0131k Ge\u00e7mi\u015fi Bilgileri, Ge\u00e7mi\u015f veya Mevcut Hastal\u0131k Bilgileri, Alerjik Durum Bilgileri, Kan Grubu, Kons\u00fcltasyon Raporu, Kullan\u0131lan \u0130la\u00e7 Bilgileri, Hamilelik Durumu Bilgileri, Di\u015f Sa\u011fl\u0131\u011f\u0131 Bilgileri, Tedavi Bilgileri, Hastal\u0131k T\u00fcr\u00fc, T\u0131bbi De\u011ferler, Analiz Sonu\u00e7lar\u0131, Kullan\u0131lan Cihaz ve Protez Bilgileri<\/li><\/ul><h2><strong>3.2. Veri \u0130\u015fleme Amac\u0131<\/strong><\/h2><p>Yukar\u0131da belirtilen ki\u015fisel verileriniz, taraf\u0131m\u0131zla kurulan hukuki ili\u015fki \u00e7er\u00e7evesinde al\u0131nan hizmetin yerine getirilmesi i\u00e7in gerekli olmas\u0131 halinde a\u015fa\u011f\u0131daki ama\u00e7lar do\u011frultusunda i\u015flenmektedir: <a href=\"https:\/\/vividclinic.net\/tr\/celebrities-hair-transplants-why-celebrities-love-dhi-technique\/\"  data-wpil-monitor-id=\"631\">Vivid Klinik<\/a> ve Hasta\/Hizmet Alan:<\/p><ul><li>Sa\u011fl\u0131k hizmetlerinin sa\u011flanmas\u0131 i\u00e7in hasta kay\u0131t dosyas\u0131n\u0131n olu\u015fturulmas\u0131<\/li><li>Gerekli Muayene, T\u0131bbi Tan\u0131, Te\u015fhis ve Tedavi Hizmetleri<\/li><li>Ameliyat Sonras\u0131 Destek Hizmetlerinin Sa\u011flanmas\u0131<\/li><li>Hasta \u0130li\u015fkileri Y\u00f6netimi S\u00fcre\u00e7lerinin Y\u00fcr\u00fct\u00fclmesi<\/li><li>Faaliyetlerin Mevzuata Uygun Y\u00fcr\u00fct\u00fclmesi<\/li><li>Sa\u011fl\u0131k Bakanl\u0131\u011f\u0131&#039;n\u0131n, \u00d6zellikle \u0130lgili Kamu Kurum ve Kurulu\u015flar\u0131n\u0131n Talep Edilen Verileri Toplamalar\u0131 ve Gerekti\u011finde Bilgileri Payla\u015fmalar\u0131 Konusunda Hukuki Sorumlulu\u011fu<\/li><li>Hizmet Sat\u0131\u015f Uygulama ve Mali \u0130\u015fler<\/li><li>Anla\u015fma S\u00fcre\u00e7lerinin Y\u00fcr\u00fct\u00fclmesi<\/li><li>Reklam \/ Kampanya \/ Promosyon S\u00fcre\u00e7lerinin Y\u00fcr\u00fct\u00fclmesi<\/li><li>Mal\/Hizmet Sat\u0131\u015f S\u00fcre\u00e7lerinin Y\u00fcr\u00fct\u00fclmesi<\/li><li>Mal\/Hizmet Sat\u0131\u015f Sonras\u0131 Destek Hizmetleri<\/li><li>Veri Sorumlusunun G\u00fcvenli\u011finin Sa\u011flanmas\u0131 <a href=\"https:\/\/vividclinic.net\/tr\/operations\/\"  data-wpil-monitor-id=\"1803\">Operasyonlar<\/a><\/li><\/ul><h2>Ki\u015fisel Verilerin Aktar\u0131m\u0131<\/h2><p>Ki\u015fisel verileriniz, yukar\u0131da belirtilen ama\u00e7lar ve ama\u00e7lar kapsam\u0131nda, 6698 say\u0131l\u0131 Kanun\u2019un 8. ve 9. maddelerinde belirtilen ki\u015fisel veri i\u015fleme \u015fartlar\u0131 \u00e7er\u00e7evesinde ve bu \u015fartlarla s\u0131n\u0131rl\u0131 olarak i\u015f ortaklar\u0131m\u0131za, hizmet ald\u0131\u011f\u0131m\u0131z veya i\u015fbirli\u011fi yapt\u0131\u011f\u0131m\u0131z \u00fc\u00e7\u00fcnc\u00fc ki\u015filere, kanunen yetkili kamu kurumlar\u0131na ve \u00f6zel ki\u015filere aktar\u0131labilecektir. T\u00fcm veri i\u015fleyenler ve ki\u015fisel verilerin aktar\u0131ld\u0131\u011f\u0131 \u00fc\u00e7\u00fcnc\u00fc ki\u015filer, 6698 say\u0131l\u0131 Kanun uyar\u0131nca gizlilik y\u00fck\u00fcml\u00fcl\u00fc\u011f\u00fc alt\u0131ndad\u0131r.<\/p><h2>Ki\u015fisel Verilerin Saklanma S\u00fcresi<\/h2><p>Ki\u015fisel verileriniz, i\u015fbu Ayd\u0131nlatma Metni&#039;nde belirtilen ama\u00e7larla s\u0131n\u0131rl\u0131 olarak, ilgili t\u00fcm mevzuat ve sair mevzuatta yer alan veri i\u015fleme ve zamana\u015f\u0131m\u0131 s\u00fcrelerine uygun olarak i\u015flenecektir. <a href=\"https:\/\/vividclinic.net\/tr\/the-hair-transplant-process-elon-musk-went-through\/\"  data-wpil-monitor-id=\"1804\">Vivid Klinik<\/a> Veri i\u015fleme s\u00fcrelerine ili\u015fkin mevzuatta de\u011fi\u015fiklik olmas\u0131 halinde, yeni belirlenen s\u00fcreler esas al\u0131nacakt\u0131r. \u0130lgili s\u00fcreler ge\u00e7tikten sonra ki\u015fisel verileriniz a\u015fa\u011f\u0131dakiler taraf\u0131ndan silinecek, yok edilecek ve\/veya anonim hale getirilecektir: <a class=\"wpil_keyword_link\" href=\"https:\/\/vividclinic.net\/tr\/\"   title=\"Vivid Klinik\" data-wpil-keyword-link=\"linked\"  data-wpil-monitor-id=\"2612\">Vivid Klinik<\/a> veya talebiniz \u00fczerine Kanun ve ilgili mevzuat kapsam\u0131ndaki y\u00f6ntemlerle.<\/p><h2>\u0130lgili Ki\u015finin Haklar\u0131<\/h2><p>\u0130lgili ki\u015finin haklar\u0131n\u0131 d\u00fczenleyen Kanun\u2019un 11. maddesi kapsam\u0131nda, ki\u015fisel verilerinizin i\u015flenmesine ili\u015fkin taleplerinizi, Veri Sorumlusu Ba\u015fvuru Usul ve Esaslar\u0131 Hakk\u0131nda Tebli\u011f\u2019e uygun olarak yaz\u0131l\u0131 olarak, posta yoluyla veya <a href=\"https:\/\/vividclinic.net\/tr\/what-is-bmi-free-bmi-calculator-5-essential-facts\/\"  data-wpil-monitor-id=\"3475\">Vivid Klinik<\/a> veya elektronik olarak e-posta yoluyla.<\/p><ul><li><strong>Adres<\/strong>: ATAK\u00d6Y 7-8-9-10. KISIM MAH. \u00c7OBAN\u00c7E\u015eME E-5 YAN YOL CAD. 1 NO: 8\/1 \u0130\u00c7 KAPI NO: 14 BAKIRK\u00d6Y\/\u0130STANBUL\/T\u00dcRK\u0130YE<\/li><li><strong>E-posta<\/strong>: info@vividclinic.net<\/li><\/ul><p>Bilgilendirme metnini okudum ve anlad\u0131m.<\/p><ul><li><strong>Ad\u0131 Soyad\u0131<\/strong>:<\/li><li><strong>Tarih<\/strong>:<\/li><li><strong>\u0130mza<\/strong>:<\/li><\/ul><h4>K\u0130\u015e\u0130SEL VER\u0130LER\u0130N VE \u00d6ZEL K\u0130\u015e\u0130SEL VER\u0130LER\u0130N YURT DI\u015eINA \u0130\u015eLENMES\u0130 VE AKTARILMASINA \u0130L\u0130\u015eK\u0130N A\u00c7IK RIZA BEYANI<\/h4><p>I have read and understood the entire INFORMATION TEXT FOR PATIENT\/SERVICE RECEIVER UNDER THE PERSONAL DATA PROTECTION LAW No. 6698. I have been informed about how <a class=\"wpil_keyword_link\" href=\"https:\/\/vividclinic.net\/tr\/?p=24702\"   title=\"Roman Nose &#038; 9 Other Nose Shapes Explained\" data-wpil-keyword-link=\"linked\"  data-wpil-monitor-id=\"3416\">Vivid Klinik<\/a> processes and transfers my personal and sensitive personal data within the Personal Data Protection Law framework and how I can withdraw my explicit consent anytime.<\/p><p>Ki\u015fisel Verilerin Korunmas\u0131 Kanunu ve ilgili mevzuat kapsam\u0131nda, Vivid Clinic ve ba\u011fl\u0131 \u015firketleri taraf\u0131ndan, talep etti\u011fim hizmetlerin sunulabilmesi, bu hizmetlerin planlanabilmesi ve payla\u015f\u0131m\u0131n gerekli oldu\u011fu hallerde yurt i\u00e7inde veya yurt d\u0131\u015f\u0131nda di\u011fer ki\u015fi ve kurulu\u015flarla payla\u015f\u0131labilmesi amac\u0131yla \u00f6zel nitelikli ki\u015fisel veri niteli\u011findeki sa\u011fl\u0131k verilerimin i\u015flenmesine; r\u0131za g\u00f6sterdi\u011fimi kabul ve beyan ederim.<\/p><p>Vivid Clinic taraf\u0131ndan haz\u0131rlanan Ayd\u0131nlatma Metni&#039;ni okudu\u011fumu ve anlad\u0131\u011f\u0131m\u0131 kabul ediyorum. K\u0130\u015e\u0130SEL VER\u0130LER\u0130N KORUNMASI KANUNU uyar\u0131nca, Vivid Clinic, \u00f6zel nitelikli ki\u015fisel verilerim de dahil olmak \u00fczere verilerimi i\u015fleyecek, yaln\u0131zca ilgili i\u015flem kapsam\u0131nda i\u015flenme amac\u0131 do\u011frultusunda kullanacak, yurt i\u00e7inde ve yurt d\u0131\u015f\u0131nda payla\u015facak, gerekli s\u00fcre i\u00e7erisinde saklayacak ve i\u015f s\u00fcreklili\u011fini sa\u011flamak amac\u0131yla yurt d\u0131\u015f\u0131nda bulut ve internet hizmetlerinden yararlanacakt\u0131r. Kullan\u0131m\u0131 nedeniyle yurt d\u0131\u015f\u0131na aktar\u0131lmas\u0131na r\u0131za g\u00f6sterdi\u011fimi kabul ve beyan ederim.<\/p><ul><li><strong>Ad\u0131 ve Soyad\u0131<\/strong>:<\/li><li><strong>Tarih<\/strong>:<\/li><li><strong>\u0130mza<\/strong>:<\/li><\/ul><h4>SOSYAL MEDYA HESAPLARIMIZDA VE WEB S\u0130TEM\u0130ZDE K\u0130\u015e\u0130SEL VER\u0130LER\u0130N VE \u00d6ZEL N\u0130TEL\u0130KL\u0130 K\u0130\u015e\u0130SEL VER\u0130LER\u0130N \u0130\u015eLENMES\u0130NE \u0130L\u0130\u015eK\u0130N A\u00c7IK RIZA METN\u0130<\/h4><p>Vivid Clinic olarak, Sa\u011fl\u0131k Bakanl\u0131\u011f\u0131&#039;n\u0131n 2008\/1001 say\u0131l\u0131 kanunu uyar\u0131nca; <a href=\"https:\/\/vividclinic.net\/tr\/legal\/protection-of-personal-data\/\"  data-wpil-monitor-id=\"140\">Ki\u015fisel Verilerin Korunmas\u0131<\/a> 6698 Say\u0131l\u0131 Ki\u015fisel Verilerin Korunmas\u0131 Kanunu uyar\u0131nca, Vivid Clinic, Veri Sorumlusu s\u0131fat\u0131yla ki\u015fisel verilerinizi sosyal medya hesaplar\u0131m\u0131zda ve resmi web sitemizde yay\u0131nlayarak i\u015fleyecektir. Ki\u015fisel verilerinizi i\u015flerken a\u00e7\u0131k r\u0131zan\u0131z\u0131 rica ediyoruz.<\/p><p>\u0130LG\u0130L\u0130 K\u0130\u015e\u0130N\u0130N A\u00c7IK RIZA BEYANI: Vivid Clinic, K\u0130\u015e\u0130SEL VER\u0130LER\u0130N KORUNMASI KANUNU uyar\u0131nca, \u00f6zel nitelikli ki\u015fisel verilerim de dahil olmak \u00fczere verilerimi i\u015fliyor ve Vivid Clinic internet sitesinde ve sosyal medya hesaplar\u0131nda yay\u0131nl\u0131yor; r\u0131zam\u0131 kabul ve beyan ediyorum. Bu konuda gerekli ayd\u0131nlatmay\u0131 ald\u0131m; bu metni ve Vivid Clinic taraf\u0131ndan haz\u0131rlanan Ayd\u0131nlatma Metni&#039;ni okudu\u011fumu ve anlad\u0131\u011f\u0131m\u0131 kabul ediyorum.<\/p><ul><li><strong>Tarih<\/strong>:<\/li><li><strong>Ad\u0131 ve Soyad\u0131<\/strong>:<\/li><li><strong>\u0130mza<\/strong>:<\/li><\/ul>\t\t\t\t\t\t\t\t<\/div>\n\t\t\t\t<\/div>\n\t\t\t\t<\/div>\n\t\t\t\t\t<\/div>\n\t\t\t\t<\/div>\n\t\t<div class=\"elementor-element elementor-element-e30e48d e-flex e-con-boxed e-con e-parent\" data-id=\"e30e48d\" data-element_type=\"container\" data-e-type=\"container\" data-settings=\"{&quot;ekit_has_onepagescroll_dot&quot;:&quot;yes&quot;}\">\r\n\t\t\t\t\t<div class=\"e-con-inner\">\r\n\t\t<div class=\"elementor-element elementor-element-88da1c4 e-con-full e-flex e-con e-child\" data-id=\"88da1c4\" data-element_type=\"container\" data-e-type=\"container\" data-settings=\"{&quot;ekit_has_onepagescroll_dot&quot;:&quot;yes&quot;}\">\r\n\t\t\t\t<\/div>\n\t\t\t\t\t<\/div>\n\t\t\t\t<\/div>\n\t\t\t\t<\/div>","protected":false},"excerpt":{"rendered":"<p>Privacy Policy \u00a0 Protection of Personal Data This information text is in line with Article 10 of the Law on the Protection of Personal Data No. 6698 (referred to as the PERSONAL DATA PROTECTION LAW or the Law). As a data controller, it has been prepared by V\u0130V\u0130D SA\u011eLIK TUR\u0130ZM H\u0130ZMETLER\u0130 T\u0130CARET L\u0130M\u0130TED \u015e\u0130RKET\u0130 (referred [&hellip;]<\/p>\n","protected":false},"author":1,"featured_media":0,"parent":6112,"menu_order":0,"comment_status":"closed","ping_status":"open","template":"","meta":{"footnotes":""},"class_list":["post-6073","page","type-page","status-publish","hentry"],"_links":{"self":[{"href":"https:\/\/vividclinic.net\/tr\/wp-json\/wp\/v2\/pages\/6073","targetHints":{"allow":["GET"]}}],"collection":[{"href":"https:\/\/vividclinic.net\/tr\/wp-json\/wp\/v2\/pages"}],"about":[{"href":"https:\/\/vividclinic.net\/tr\/wp-json\/wp\/v2\/types\/page"}],"author":[{"embeddable":true,"href":"https:\/\/vividclinic.net\/tr\/wp-json\/wp\/v2\/users\/1"}],"replies":[{"embeddable":true,"href":"https:\/\/vividclinic.net\/tr\/wp-json\/wp\/v2\/comments?post=6073"}],"version-history":[{"count":13,"href":"https:\/\/vividclinic.net\/tr\/wp-json\/wp\/v2\/pages\/6073\/revisions"}],"predecessor-version":[{"id":31172,"href":"https:\/\/vividclinic.net\/tr\/wp-json\/wp\/v2\/pages\/6073\/revisions\/31172"}],"up":[{"embeddable":true,"href":"https:\/\/vividclinic.net\/tr\/wp-json\/wp\/v2\/pages\/6112"}],"wp:attachment":[{"href":"https:\/\/vividclinic.net\/tr\/wp-json\/wp\/v2\/media?parent=6073"}],"curies":[{"name":"wp","href":"https:\/\/api.w.org\/{rel}","templated":true}]}}