{"id":10587,"date":"2024-08-12T15:48:13","date_gmt":"2024-08-12T12:48:13","guid":{"rendered":"https:\/\/vividclinic.net\/gizlilik-politikasi\/"},"modified":"2024-09-05T16:46:45","modified_gmt":"2024-09-05T13:46:45","slug":"gizlilik-politikasi","status":"publish","type":"page","link":"https:\/\/vividclinic.net\/zh\/gizlilik-politikasi\/","title":{"rendered":"\u79d8\u5bc6\u653f\u7b56"},"content":{"rendered":"<div data-elementor-type=\"wp-page\" data-elementor-id=\"10587\" class=\"elementor elementor-10587\" data-elementor-post-type=\"page\">\n\t\t\t\t<div class=\"elementor-element elementor-element-c54fda4 e-flex e-con-boxed e-con e-parent\" data-id=\"c54fda4\" data-element_type=\"container\" data-e-type=\"container\" data-settings=\"{&quot;ekit_has_onepagescroll_dot&quot;:&quot;yes&quot;}\">\r\n\t\t\t\t\t<div class=\"e-con-inner\">\r\n\t\t<div class=\"elementor-element elementor-element-3e873d3 e-con-full e-flex e-con e-child\" data-id=\"3e873d3\" data-element_type=\"container\" data-e-type=\"container\" data-settings=\"{&quot;ekit_has_onepagescroll_dot&quot;:&quot;yes&quot;}\">\r\n\t\t\t\t<div class=\"elementor-element elementor-element-d52bae5 elementor-widget elementor-widget-elementskit-heading\" data-id=\"d52bae5\" data-element_type=\"widget\" data-e-type=\"widget\" data-settings=\"{&quot;ekit_we_effect_on&quot;:&quot;none&quot;}\" data-widget_type=\"elementskit-heading.default\">\n\t\t\t\t<div class=\"elementor-widget-container\">\n\t\t\t\t\t<div class=\"ekit-wid-con\" ><div class=\"ekit-heading elementskit-section-title-wraper text_left   ekit_heading_tablet-   ekit_heading_mobile-\"><h1 class=\"ekit-heading--title elementskit-section-title\">\u79d8\u5bc6\u653f\u7b56<\/h1><div class=\"ekit_heading_separetor_wraper ekit_heading_elementskit-border-divider ekit-dotted\"><div class=\"elementskit-border-divider ekit-dotted\"><\/div><\/div><\/div><\/div>\t\t\t\t<\/div>\n\t\t\t\t<\/div>\n\t\t\t\t<\/div>\n\t\t\t\t\t<\/div>\n\t\t\t\t<\/div>\n\t\t<div class=\"elementor-element elementor-element-e82445b e-flex e-con-boxed e-con e-parent\" data-id=\"e82445b\" data-element_type=\"container\" data-e-type=\"container\" data-settings=\"{&quot;ekit_has_onepagescroll_dot&quot;:&quot;yes&quot;}\">\r\n\t\t\t\t\t<div class=\"e-con-inner\">\r\n\t\t<div class=\"elementor-element elementor-element-0d6867d e-con-full e-flex e-con e-child\" data-id=\"0d6867d\" data-element_type=\"container\" data-e-type=\"container\" data-settings=\"{&quot;ekit_has_onepagescroll_dot&quot;:&quot;yes&quot;}\">\r\n\t\t\t\t<div class=\"elementor-element elementor-element-5f737af elementor-widget elementor-widget-text-editor\" data-id=\"5f737af\" data-element_type=\"widget\" data-e-type=\"widget\" data-settings=\"{&quot;ekit_we_effect_on&quot;:&quot;none&quot;}\" data-widget_type=\"text-editor.default\">\n\t\t\t\t<div class=\"elementor-widget-container\">\n\t\t\t\t\t\t\t\t\t<h2>\u79d8\u5bc6\u653f\u7b56<\/h2>\n<p>\u8bf7\u53c2\u9605\u7b2c 6698 \u53f7 Ki\u015fisel Verilerin Korunmas\u0131 Kanunu&#039;nun 10\u3002.<br \/>\nmaddesi uyar\u0131nca haz\u0131rlanm\u0131\u015ft\u0131r\u3002.<br \/>\nV\u0131V\u0131D SA\u011eLIK TURIZM HZMETLER\u0131 T\u0131CARET L\u0131M\u0456TED \u015e\u0131RKET\u0131\uff08bu metin kapsam\u0131nda\u201cVivid Klinik\u201dolarak an\u0131lacakt\u0131r\uff09veri sorumlusu olarak\uff0cki\u015fisel verilerinizin toplanma y\u00f6ntemi ve hukuki sebebi\uff0cbu verilerinhangi ama\u00e7la\u662f\u7684\uff0c\u8bf7\u8bb0\u4f4f\uff0c\u6211\u7684\u884c\u4e3a\u53ef\u80fd\u4f1a\u5f71\u54cd\u60a8\u7684\u884c\u4e3a\u3002.  <\/p>\n<h4>Veri Sorumlusunun Kimli\u011fi<\/h4>\n<ul>\n<li><strong>\u015eirket Unvan\u0131<\/strong>: V\u0131V\u00efD SA\u011eLIK TURIZM HZMETLER\u00deICARET L\u00deM\u00deTED\u00de\u00deRKET\u00de<\/li>\n<li><strong>\u65b9\u5411<\/strong>\uff1aATAK\u00d6Y 7-8-9-10\u3002.<br \/>\n\u57fa\u897f\u59c6\u00b7\u9a6c\u8d6b\u3002.<br \/>\n\u00c7OBAN\u00c7E\u015eME E-5 YAN YOL CAD\u3002.<br \/>\n1 \u53f7\uff1a8\/1 \u00c7KAPI \u53f7\uff1a14 \u5df4\u57fa\u5c14\u79d1\u4f0a\/\u4f0a\u65af\u5766\u5e03\u5c14\/\u571f\u8033\u5176\u4f0a\u8036   <\/li>\n<\/ul>\n<h4>Islenen Ki\u015fisel Verileriniz ve Veri \u015fleme Ama\u00e7lar\u0131<\/h4>\n<p><strong>3.1.<br \/>\n\u4f0a\u65af\u83b1\u5b81\u00b7\u57fa\u897f\u585e\u5c14\u00b7\u97e6\u83b1\u91cc\u5c3c\u5179 <\/strong><\/p>\n<p>Vivid Klinik taraf\u0131ndan\uff1b almak istedi\u011finiz hizmet kapsam\u0131nda ger\u00e7ekle\u015ftirilecek faaliyetlerin gerekleri ve niteliklerine g\u00f6re i\u015flenmektedir:<\/p>\n<ul>\n<li><strong>Kimlik Verisi<\/strong>\uff1aAd\u3001Soyad\u3001Do\u011fum Tarihi\u3001Do\u011fum Yeri\u3001TC Kimlik\/Pasaport Bilgileri\u3001Imza\u3001Cinsiyet\u3001Uyruk Bilgisi\u3001Medeni Hal Bilgisi<\/li>\n<li>\u4f0a\u83b1\u8482\u5e0c\u59c6 <strong>\u9a8c\u8bc1<\/strong>: Telefon Numaras\u0131\u3001E-posta Adresi\u3001Adres Bilgileri\u3001Posta Kodu<\/li>\n<li><strong>Fiziksel Mekan G\u00fcvenli\u011fi<\/strong>: G\u00fcvenlik Kameras\u0131 Kay\u0131tlar\u0131<\/li>\n<li><strong>\u8d22\u52a1\u9a8c\u8bc1<\/strong>: Banka Hesap Numaras\u0131\u3001IBAN Bilgisi\u3001Kredi Kart Bilgisi<\/li>\n<li><strong>G\u00f6rsel ve \u0130\u015fitsel Veri<\/strong>: Islem \u00f6ncesi ve sonras\u0131 foto\u011fraflar\u0131<\/li>\n<li><strong>\u6bd4\u5c14\u5409\u83b1\u91cc\u00b7\u8428\u683c\u52d2\u514b<\/strong>: Ki\u015fisel Sa\u011fl\u0131k Ge\u00e7mi\u015fi Bilgileri, Ge\u00e7irmi\u015f Oldu\u011fu veya Sahip Oldu\u011fu Hastal\u0131k Bilgisi, Alerjik Durum Bilgisi, Kan Grubu, Kons\u00fcltasyon Raporu, Kullan\u0131lan ila\u00e7 Bilgisi, Hamilelik Drumu Bilgisi, Di\u015f Sa\u011fl\u0131\u011f\u0131 Bilgisi, Tedavi Bilgisi\u3001Hastal\u0131k T\u00fcr\u00fc\u3001T\u0131bbi De\u011ferler\u3001Tahlil Sonu\u00e7lar\u0131\u3001Kullan\u0131lan Cihaz ve Protez Bilgileri<\/li>\n<\/ul>\n<p><strong>3.2.<br \/>\nVeri \u0130\u015fleme Ama\u00e7lar\u0131 <\/strong><\/p>\n<p>Yukar\u0131da belirtilen ki\u015fisel verileriniz <a href=\"https:\/\/vividclinic.net\/es\/\">\u7ef4\u7ef4\u5fb7\u8bca\u6240<\/a> ile Hasta\/Hizmet Alan Ki\u015fi aras\u0131nda kurulan hukuki ili\u015fki \u00e7er\u00e7evesinde al\u0131nan hizmet i\u00e7in gerekli olmas\u0131 nedeniyle a\u015fa\u011f\u0131daki ama\u00e7larla i\u015flenmektedir:<\/p>\n<ul>\n<li>\u8bf7\u6ce8\u610f\u4ee5\u4e0b\u4e8b\u9879\uff1a<\/li>\n<li>Gerekli Muayene\u3001T\u0131bbi Te\u015fhis\u3001Tani ve Tedavi Hizmetlerinin Sa\u011flanmas\u0131<\/li>\n<li>Operasyon Sonras\u0131 Destek Hizmetlerinin Sunulmas\u0131<\/li>\n<li>Hasta ili\u015fkileri Y\u00f6netimi S\u00fcre\u00e7lerininin Y\u00fcr\u00fct\u00fclmesi<\/li>\n<li>Faaliyetlerin Mevzuata Uygun Y\u00fcr\u00fct\u00fclmesi<\/li>\n<li>Sa\u011fl\u0131k Bakanl\u0131\u011f\u0131 Ba\u015fta Olmak \u00dczere ligili Kamu Kurum ve Kurulu\u015flar\u0131 ile Yasal Y\u00fck\u00fcml\u00fcl\u00fck Gere\u011fince Talep Edilen Verilerin Toplanmas\u0131 ve Gerekti\u011finde Bilgilerin Payla\u015f\u0131lmas\u0131<\/li>\n<li>Hizmet Sat\u0131\u015f\u0131n\u0131n Yap\u0131lmas\u0131 \u00ef\u00e7in Muhasebe ve Finans \u015flerinin Y\u00fcr\u00fct\u00fclmesi<\/li>\n<li>S\u00f6zle\u015fme S\u00fcre\u00e7lerininin Y\u00fcr\u00fct\u00fclmesi<\/li>\n<li>\u96f7\u514b\u62c9\u59c6\/\u574e\u5e15\u5c3c\u4e9a\/Promosyon S\u00fcre\u00e7lerininin Y\u00fcr\u00fct\u00fclmesi<\/li>\n<li>Mal\/Hizmet Sat\u0131\u015f S\u00fcre\u00e7lerinin Y\u00fcr\u00fct\u00fclmesi<\/li>\n<li>Mal\/Hizmet Sat\u0131\u015f Sonras\u0131 Destek Hizmetlerininin Y\u00fcr\u00fct\u00fclmesi<\/li>\n<li>Veri Sorumlusu Operasyonlar\u0131n\u0131n G\u00fcvenli\u011finin Temini<\/li>\n<\/ul>\n<h4>Ki\u015fisel Verilerin Aktar\u0131lmas\u0131<\/h4>\n<p>Ki\u015fisel verileriniz yukar\u0131da belirtilen dayanak ve ama\u00e7lar kapsam\u0131nda i\u015f ortaklar\u0131m\u0131za, hizmet ald\u0131\u011f\u0131m\u0131z veya i\u015f birli\u011fi i\u00e7inde oldu\u011fumuz \u00fc\u00e7\u00fcnc\u00fc ki\u015filere, kanunen Yetkili kamu kurumlar\u0131 ve \u00f6zel ki\u015filere 6698\u8428\u4f0a\u52d2\u00b7\u5361\u52aa\u6069<br \/>\n8. ve<br \/>\n9. Maddelerinde Belirtilen ki\u015fisel veri i\u015fleme \u015fartlar\u0131 \u00e7er\u00e7evesinde ve Bunlarla s\u0131n\u0131rl\u0131 olarak aktar\u0131labilecektir\u3002.<br \/>\nKi\u015fisel veri aktar\u0131m\u0131 yap\u0131lan t\u00fcm veri i\u015fleyen ve \u00fc\u00e7\u00fcnc\u00fc ki\u015filer, 6698 say\u0131l\u0131 Kanuna Uygun gizlilik y\u00fck\u00fcml\u00fcl\u00fc\u011f\u00fc alt\u0131ndad\u0131r\u3002.   <\/p>\n<h4>\u57fa\u897f\u585e\u5c14\u00b7\u97e6\u91cc\u83b1\u6797\u00b7\u8428\u514b\u5170\u9a6c\u00b7\u82cf\u96f7\u897f<\/h4>\n<p>Ki\u015fisel verileriniz\uff0ci\u015fbu Ayd\u0131nlatma Metninde belirtilen ama\u00e7larla s\u0131n\u0131rl\u0131 olmak \u00fczere\uff1b Vivid Klinik&#039;in tabi oldugu\uff0cilgili t\u00fcm kanun ve sair yasal mevzuatta yer alan veri i\u015fleme ve zamana\u015f\u0131m\u0131 s\u00fcrelerine riayet edilerek i\u015flenecektir\u3002.<br \/>\nKanunlarda veri i\u015fleme s\u00fcrelerine ili\u015fkin de\u011fi\u015fiklik yap\u0131lmas\u0131 halinde, belirlenen Yeni s\u00fcreler esas al\u0131nacakt\u0131r.<br \/>\nVivid Klinik se reserva el derecho de rechazar or rechazar las solicitudes de asistencia m\u00e9dica de cualquier persona, independientemente de su nacionalidad o de que sea an\u00f3nima o no.  <\/p>\n<h4>\u0130lgili Ki\u015fi Haklar\u0131n\u0131z<\/h4>\n<p>Kanunun ilgili ki\u015finin haklar\u0131n\u0131 d\u00fczenleyen 11.<br \/>\nMaddesi kapsam\u0131nda ki\u015fisel verilerinizin i\u015flenmesine dair taleplerinizi, Veri Sorumlusu Ba\u015fvuru Usul ve Esaslar\u0131 Hakk\u0131nda Tebli\u011fe g\u00f6re, yaz\u0131l\u0131 olarak Vivid Klinik resmi adresine posta yoluyla veya <wpcodeself wptype=\"\" wpml_attr_0=\"\" wpml_attr_1=\"\" wpml_attr_2=\"\"> e-posta adresi \u00fczerinden elektronik olarak iletebilirsiniz\u3002. <\/p>\n<p>Ayd\u0131nlatma metnini okudum, anlad\u0131m\u3002.<\/p>\n<ul>\n<li><strong>Ad Soyad\u0131<\/strong>:<\/li>\n<li><strong>\u5854\u91cc\u8d6b<\/strong>:<\/li>\n<li><strong>\u4f0a\u59c6\u624e<\/strong>:<\/li>\n<\/ul>\n<h4>Ki\u015fisel Verilerin \u548c \u00d6zel Nitelikli Ki\u015fisel Verilerin \u548c Yurt D\u0131\u015f\u0131na Aktar\u0131lmas\u0131na ili\u015fkin A\u00e7\u0131k R\u0131za Beyan\u0131<\/h4>\n<p>\u7b2c6698\u7ae0 nitelikli ki\u015fisel verilerimin ne \u015fekilde i\u015flendi\u011fi ve aktar\u0131ld\u0131\u011f\u0131 ve a\u00e7\u0131k r\u0131zam\u0131 diledi\u011fim zaman geri alabilece\u011fim hakk\u0131nda bilgi sahibi oldum.<\/p>\n<p>KVKK \u5df2\u4e3a Vivid Klinik \u63d0\u4f9b\u4e86\u6240\u6709\u670d\u52a1\uff0c\u5e76\u4e3a\u60a8\u63d0\u4f9b\u4e86\u826f\u597d\u7684\u670d\u52a1\u3002 bu hizmetlerin planlanmas\u0131 amac\u0131yla, i\u015flenmesine ve payla\u015f\u0131m\u0131n gerekli oldu\u011fu yurti\u00e7i veya yurtd\u0131\u015f\u0131nda bulunan di\u011fer ki\u015fi ve kurulu\u015flar ile payla\u015f\u0131lmas\u0131na;\u8bf7\u6ce8\u610f\u5580\u5e03\u5c14\u7684\u60c5\u51b5\u3002.<\/p>\n<p>\u662f\u7684\uff0cVivid Klinik taraf\u0131ndan haz\u0131rlanan Ayd\u0131nlatma Metnini okudu\u011fumu ve anlad\u0131\u011f\u0131m\u0131 kabul ediyorum\u3002.<br \/>\nKVKK gere\u011fince Vivid Klinik taraf\u0131ndan \u00f6zel nitelikli ki\u015fisel veri niteli\u011findeki verilerimin de d\u00e2hil olmak \u00fczere verilerimin i\u015flenmesine, ilgili s\u00fcre\u00e7 kapsam\u0131nda i\u015flenme amac\u0131 ile s\u0131n\u0131rl\u0131 olmak \u00fczere kullan\u0131lmas\u0131na\u60a8\u53ef\u4ee5\u4f7f\u7528\u8499\u53e4\u5305\u3001\u8499\u53e4\u5305\u3001\u8499\u53e4\u5305\u3001\u8499\u53e4\u5305\u3001\u8499\u53e4\u5305\u6216\u8499\u53e4\u5305\u7b49\u65b9\u5f0f\u4f7f\u7528\u4e92\u8054\u7f51\u3002\u6d3b\u52a8\uff1b\u8bf7\u6ce8\u610f\u5580\u5e03\u5c14\u7684\u60c5\u51b5\u3002. <\/p>\n<ul>\n<li><strong>Ad Soyad\u0131<\/strong>:<\/li>\n<li><strong>\u5854\u91cc\u8d6b<\/strong>:<\/li>\n<li><strong>\u4f0a\u59c6\u624e<\/strong>:<\/li>\n<\/ul>\n<h4>\u793e\u4f1a\u533b\u7597\u4fdd\u5065\u548c\u4e92\u8054\u7f51\u7ad9\u70b9<\/h4>\n<p>Vivid Klinik olarak, 6698 say\u0131l\u0131 Ki\u015fisel Verilerin Korunmas\u0131 Kanunu (\u201cKVKK\u201d) uyar\u0131nca\uff1b Veri Sorumlusu s\u0131fat\u0131yla\uff0cVivid Klinik sosyal medya hesaplar\u0131nda ve resmi internet sitesinde size ilgili Ki\u015filerin ki\u015fisel verilerini yay\u0131nlamaksureti ile i\u015fleyecektir.<br \/>\nKi\u015fisel verilerinizin i\u015flenmesi kapsam\u0131nda bu hususa ili\u015fkin a\u00e7\u0131k r\u0131zan\u0131z\u0131 talep ediyoruz\u3002. <\/p>\n<p>A\u00c7IK RIZA BEYANI\uff1aKVKK gere\u011fince Vivid Klinik taraf\u0131ndan \u00f6zel nitelikli ki\u015fisel veri niteli\u011findeki verilerimin de dahil olmak \u00fczere verilerimin i\u015flenmesine\uff0cVivid Klinik \u4e92\u8054\u7f51\u7ad9\u70b9inde ve sosyal medya hesaplar\u0131nda\u4e9a\u56e0\u5170\u9a6c\u897f\u7eb3\uff1b\u8bf7\u6ce8\u610f\u5580\u5e03\u5c14\u7684\u60c5\u51b5\u3002.<br \/>\nBu hususta taraf\u0131ma gerekli ayd\u0131nlatman\u0131n yap\u0131ld\u0131\u011f\u0131n\u0131;\u662f\u7684\uff0cVivid Klinik taraf\u0131ndan haz\u0131rlanan Ayd\u0131nlatma Metnini okudu\u011fumu ve anlad\u0131\u011f\u0131m\u0131 kabul ediyorum\u3002. <\/p>\n<ul>\n<li><strong>Ad Soyad\u0131<\/strong>:<\/li>\n<li><strong>\u5854\u91cc\u8d6b<\/strong>:<\/li>\n<li><strong>\u4f0a\u59c6\u624e<\/strong>:<\/li>\n<\/ul>\n\t\t\t\t\t\t\t\t<\/div>\n\t\t\t\t<\/div>\n\t\t\t\t<\/div>\n\t\t\t\t\t<\/div>\n\t\t\t\t<\/div>\n\t\t\t\t<\/div>","protected":false},"excerpt":{"rendered":"<p>Gizlilik Politikas\u0131 Gizlilik Politikas\u0131 Bu bilgi metni, 6698 say\u0131l\u0131 Ki\u015fisel Verilerin Korunmas\u0131 Kanunu&#8217;nun 10. maddesi uyar\u0131nca haz\u0131rlanm\u0131\u015ft\u0131r. V\u0130V\u0130D SA\u011eLIK TUR\u0130ZM H\u0130ZMETLER\u0130 T\u0130CARET L\u0130M\u0130TED \u015e\u0130RKET\u0130 (bu metin kapsam\u0131nda &#8220;Vivid Klinik&#8221; olarak an\u0131lacakt\u0131r) veri sorumlusu olarak, ki\u015fisel verilerinizin toplanma y\u00f6ntemi ve hukuki sebebi, bu verilerin hangi ama\u00e7la i\u015flenece\u011fi, kimlere ve hangi ama\u00e7la aktar\u0131labilece\u011fi konusunda sizi bilgilendirmek amac\u0131yla [&hellip;]<\/p>\n","protected":false},"author":1,"featured_media":0,"parent":0,"menu_order":0,"comment_status":"closed","ping_status":"open","template":"","meta":{"footnotes":""},"class_list":["post-10587","page","type-page","status-publish","hentry"],"_links":{"self":[{"href":"https:\/\/vividclinic.net\/zh\/wp-json\/wp\/v2\/pages\/10587","targetHints":{"allow":["GET"]}}],"collection":[{"href":"https:\/\/vividclinic.net\/zh\/wp-json\/wp\/v2\/pages"}],"about":[{"href":"https:\/\/vividclinic.net\/zh\/wp-json\/wp\/v2\/types\/page"}],"author":[{"embeddable":true,"href":"https:\/\/vividclinic.net\/zh\/wp-json\/wp\/v2\/users\/1"}],"replies":[{"embeddable":true,"href":"https:\/\/vividclinic.net\/zh\/wp-json\/wp\/v2\/comments?post=10587"}],"version-history":[{"count":0,"href":"https:\/\/vividclinic.net\/zh\/wp-json\/wp\/v2\/pages\/10587\/revisions"}],"wp:attachment":[{"href":"https:\/\/vividclinic.net\/zh\/wp-json\/wp\/v2\/media?parent=10587"}],"curies":[{"name":"wp","href":"https:\/\/api.w.org\/{rel}","templated":true}]}}