{"id":6071,"date":"2024-08-12T14:08:02","date_gmt":"2024-08-12T11:08:02","guid":{"rendered":"https:\/\/vividclinic.net\/?page_id=6071"},"modified":"2024-09-05T16:49:47","modified_gmt":"2024-09-05T13:49:47","slug":"terms-of-use","status":"publish","type":"page","link":"https:\/\/vividclinic.net\/zh\/legal\/terms-of-use\/","title":{"rendered":"\u4f7f\u7528\u6761\u6b3e"},"content":{"rendered":"<div data-elementor-type=\"wp-page\" data-elementor-id=\"6071\" class=\"elementor elementor-6071\" data-elementor-post-type=\"page\">\n\t\t\t\t<div class=\"elementor-element elementor-element-e2b269b e-flex e-con-boxed e-con e-parent\" data-id=\"e2b269b\" data-element_type=\"container\" data-e-type=\"container\" data-settings=\"{&quot;ekit_has_onepagescroll_dot&quot;:&quot;yes&quot;}\">\r\n\t\t\t\t\t<div class=\"e-con-inner\">\r\n\t\t<div class=\"elementor-element elementor-element-0ba340b e-con-full e-flex e-con e-child\" data-id=\"0ba340b\" data-element_type=\"container\" data-e-type=\"container\" data-settings=\"{&quot;ekit_has_onepagescroll_dot&quot;:&quot;yes&quot;}\">\r\n\t\t\t\t<div class=\"elementor-element elementor-element-2a9abe9 elementor-widget elementor-widget-elementskit-heading\" data-id=\"2a9abe9\" data-element_type=\"widget\" data-e-type=\"widget\" data-settings=\"{&quot;ekit_we_effect_on&quot;:&quot;none&quot;}\" data-widget_type=\"elementskit-heading.default\">\n\t\t\t\t<div class=\"elementor-widget-container\">\n\t\t\t\t\t<div class=\"ekit-wid-con\" ><div class=\"ekit-heading elementskit-section-title-wraper text_left   ekit_heading_tablet-   ekit_heading_mobile-\"><h1 class=\"ekit-heading--title elementskit-section-title\">\u4f7f\u7528\u6761\u6b3e<\/h1><div class=\"ekit_heading_separetor_wraper ekit_heading_elementskit-border-divider ekit-dotted\"><div class=\"elementskit-border-divider ekit-dotted\"><\/div><\/div><\/div><\/div>\t\t\t\t<\/div>\n\t\t\t\t<\/div>\n\t\t\t\t<\/div>\n\t\t\t\t\t<\/div>\n\t\t\t\t<\/div>\n\t\t<div class=\"elementor-element elementor-element-43113d0 e-flex e-con-boxed e-con e-parent\" data-id=\"43113d0\" data-element_type=\"container\" data-e-type=\"container\" data-settings=\"{&quot;ekit_has_onepagescroll_dot&quot;:&quot;yes&quot;}\">\r\n\t\t\t\t\t<div class=\"e-con-inner\">\r\n\t\t<div class=\"elementor-element elementor-element-4aa5708 e-con-full e-flex e-con e-child\" data-id=\"4aa5708\" data-element_type=\"container\" data-e-type=\"container\" data-settings=\"{&quot;ekit_has_onepagescroll_dot&quot;:&quot;yes&quot;}\">\r\n\t\t\t\t<div class=\"elementor-element elementor-element-3e308e4 elementor-widget elementor-widget-text-editor\" data-id=\"3e308e4\" data-element_type=\"widget\" data-e-type=\"widget\" data-settings=\"{&quot;ekit_we_effect_on&quot;:&quot;none&quot;}\" data-widget_type=\"text-editor.default\">\n\t\t\t\t<div class=\"elementor-widget-container\">\n\t\t\t\t\t\t\t\t\t<h4>\u00a0<\/h4><h4>1. \u5f15\u8a00<\/h4><p>\u4efb\u4f55\u8bbf\u95ee\u672c\u7f51\u7ad9 (vividclinic.net) \u6216\u8bf7\u6c42\u672c\u7f51\u7ad9\u63d0\u4f9b\u7684\u670d\u52a1\u7684\u4eba\u58eb\u5747\u540c\u610f\u9075\u5b88\u672c\u201c\u4f7f\u7528\u6761\u6b3e\u201d\u4e2d\u89c4\u5b9a\u7684\u6240\u6709\u6761\u6b3e\u548c\u6761\u4ef6\u3002\u901a\u8fc7\u5728 V\u0130V\u0130D SA\u011eLIK TUR\u0130ZM H\u0130ZMETLER\u0130 T\u0130CARET L\u0130M\u0130TED \u015e\u0130RKET\u0130 \u6ce8\u518c\u6216\u8bf7\u6c42\u6240\u63d0\u4f9b\u7684\u670d\u52a1\uff0c\u60a8\u627f\u8bfa\u9075\u5b88\u672c\u201c\u4f7f\u7528\u6761\u6b3e\u201d\u4e2d\u6982\u8ff0\u7684\u6761\u6b3e\u548c\u6761\u4ef6\u3001V\u0130V\u0130D SA\u011eLIK TUR\u0130ZM H\u0130ZMETLER\u0130 T\u0130CARET L\u0130M\u0130TED \u015e\u0130RKET\u0130 \u7684\u201c\u4e2a\u4eba\u6570\u636e\u4fdd\u62a4\u201d\u89c4\u5b9a\u4ee5\u53ca\u672c\u7f51\u7ad9\u4e0a\u7684\u5176\u4ed6\u8bf4\u660e\u3002.<\/p><h4>2. \u4fee\u6b63\u6848<\/h4><p>V\u0130V\u0130D SA\u011eLIK TUR\u0130ZM H\u0130ZMETLER\u0130 T\u0130CARET L\u0130M\u0130TED \u015e\u0130RKET\u0130 \u4fdd\u7559\u968f\u65f6\u4fee\u6539\u672c\u7f51\u7ad9\u201c\u4f7f\u7528\u6761\u6b3e\u201d\u3001\u201c\u4e2a\u4eba\u6570\u636e\u4fdd\u62a4\u201d\u53ca\u5176\u4ed6\u8bf4\u660e\u7684\u6743\u5229\u3002\u8fd9\u4e9b\u4fee\u6539\u81ea\u53d1\u5e03\u4e4b\u65e5\u8d77\u751f\u6548\u5e76\u5177\u6709\u7ea6\u675f\u529b\u3002\u60a8\u6709\u8d23\u4efb\u5173\u6ce8\u8fd9\u4e9b\u66f4\u65b0\u548c\u53d8\u66f4\uff0cV\u0130V\u0130D SA\u011eLIK TUR\u0130ZM H\u0130ZMETLER\u0130 T\u0130CARET L\u0130M\u0130TED \u015e\u0130RKET\u0130 \u6ca1\u6709\u4e49\u52a1\u901a\u77e5\u60a8\u8fd9\u4e9b\u53d8\u66f4\u3002\u4f7f\u7528 V\u0130V\u0130D SA\u011eLIK TUR\u0130ZM H\u0130ZMETLER\u0130 T\u0130CARET L\u0130M\u0130TED \u015e\u0130RKET\u0130 \u7684\u670d\u52a1\u5373\u89c6\u4e3a\u60a8\u5df2\u63a5\u53d7\u8fd9\u4e9b\u53d8\u66f4\u3002.<\/p><h4>3. \u94fe\u63a5<\/h4><p>V\u0131V\u0131D SA\u011eLIK TURIZM H\u0131ZMETLER\u0131 T\u0131CARET L\u0456M\u0456TED \u015e\u0131RKET\u0456 \u7f51\u7ad9\u4e0a\u7684\u94fe\u63a5\u53ef\u80fd\u4f1a\u5c06\u60a8\u5e26\u51fa\u8be5\u7f51\u7ad9\uff0cV\u0131V\u0131D SA\u011eLIK TURIZM H\u0131ZMETLER\u0131 T\u0131CARET L\u0456M\u0456TED \u015e\u0131RKET\u0456 \u4e0d\u5bf9\u8fd9\u4e9b\u7f51\u7ad9\u7684\u5185\u5bb9\u3001\u51c6\u786e\u6027\u6216\u529f\u80fd\u8d1f\u8d23\u3002\u8fd9\u4e9b\u94fe\u63a5\u662f\u51fa\u4e8e\u5584\u610f\u63d0\u4f9b\u7684\uff0cV\u0131V\u0131D SA\u011eLIK TURIZM H\u0131ZMETLER\u0131 T\u00efCARET L\u0131M\u0456TED \u015e\u0131RKET\u0131 \u5bf9\u94fe\u63a5\u7f51\u7ad9\u4e0a\u53ef\u80fd\u53d1\u751f\u7684\u4efb\u4f55\u66f4\u6539\u4e0d\u627f\u62c5\u4efb\u4f55\u8d23\u4efb\u3002 V\u0130V\u0130D SA\u011eLIK TUR\u0130ZM H\u0130ZMETLER\u0130 T\u0130CARET L\u0130M\u0130TED \u015e\u0130RKET\u0130\u3001\u5176\u5173\u8054\u516c\u53f8\u6216\u53c2\u4e0e\u672c\u7f51\u7ad9\u521b\u5efa\u3001\u5236\u4f5c\u6216\u4f20\u8f93\u7684\u4efb\u4f55\u7b2c\u4e09\u65b9\u5747\u4e0d\u5bf9\u56e0\u8bbf\u95ee\u6216\u4f7f\u7528\u672c\u7f51\u7ad9\u800c\u5f15\u8d77\u7684\u4efb\u4f55\u76f4\u63a5\u3001\u95f4\u63a5\u6216\u60e9\u7f5a\u6027\u635f\u5bb3\u3001\u635f\u5931\u6216\u8d23\u4efb\u627f\u62c5\u8d23\u4efb\u3002.<\/p><h4>4. \u7528\u6237<\/h4><p>\u51e1\u5177\u6709\u6c11\u4e8b\u884c\u4e3a\u80fd\u529b\u7684\u4e2a\u4eba\u548c\u6cd5\u4eba\u5b9e\u4f53\u5747\u53ef\u4eab\u53d7V\u0130V\u0130D SA\u011eLIK TUR\u0130ZM H\u0130ZMETLER\u0130 T\u0130CARET L\u0130M\u0130TED \u015e\u0130RKET\u0130\u63d0\u4f9b\u7684\u670d\u52a1\u3002\u672a\u6ee118\u5468\u5c81\u7684\u672a\u6210\u5e74\u4eba\u3001\u53d7\u9650\u4eba\u5458\u4ee5\u53ca\u4e0d\u5177\u5907\u6c11\u4e8b\u884c\u4e3a\u80fd\u529b\u7684\u4eba\u5458\u53ea\u80fd\u901a\u8fc7\u5176\u6cd5\u5b9a\u76d1\u62a4\u4eba\u6216\u4ee3\u8868\u8fdb\u884c\u4ea4\u6613\u3002.<\/p><h4>5. \u77e5\u8bc6\u4ea7\u6743<\/h4><p>\u672c\u7f51\u7ad9\u4e0a\u7684\u6240\u6709\u77e5\u8bc6\u4ea7\u6743\uff0c\u4f8b\u5982\u540d\u79f0\u3001\u5546\u53f7\u3001\u5546\u6807\u3001\u4e13\u5229\u3001\u6807\u8bc6\u3001\u8bbe\u8ba1\u3001\u4fe1\u606f\u548c\u65b9\u6cd5\uff0c\u65e0\u8bba\u662f\u5426\u5df2\u6ce8\u518c\uff0c\u5747\u5f52 V\u0130V\u0130D SA\u011eLIK TUR\u0130ZM H\u0130ZMETLER\u0130 T\u0130CARET L\u0130M\u0130TED \u015e\u0130RKET\u0130 \u6216\u6307\u5b9a\u6240\u6709\u8005\u6240\u6709\uff0c\u5e76\u53d7\u56fd\u5bb6\u548c\u56fd\u9645\u6cd5\u5f8b\u4fdd\u62a4\u3002\u8bbf\u95ee\u672c\u7f51\u7ad9\u6216\u4f7f\u7528\u672c\u7f51\u7ad9\u63d0\u4f9b\u7684\u670d\u52a1\u5e76\u4e0d\u6388\u4e88\u60a8\u4efb\u4f55\u4e0e\u4e0a\u8ff0\u77e5\u8bc6\u4ea7\u6743\u76f8\u5173\u7684\u6743\u5229\u3002\u8bbf\u95ee\u6216\u4f7f\u7528\u672c\u7f51\u7ad9\u5373\u8868\u793a\u60a8\u540c\u610f\u4e0d\u4fb5\u72af\u8fd9\u4e9b\u77e5\u8bc6\u4ea7\u6743\u3002.<\/p><h4>6. \u5408\u6cd5\u4f7f\u7528<\/h4><p>\u672c\u7f51\u7ad9\u4ec5\u53ef\u7528\u4e8e\u5408\u6cd5\u7528\u9014\uff0c\u4e14\u5fc5\u987b\u9075\u5b88\u76f8\u5173\u6cd5\u5f8b\u6cd5\u89c4\u3002\u4f7f\u7528\u672c\u7f51\u7ad9\u5373\u8868\u793a\u60a8\u627f\u8bfa\u9075\u5b88\u6240\u6709\u6cd5\u5f8b\u6cd5\u89c4\u3002\u8bf8\u5982\u4e3a\u83b7\u53d6\u4e0d\u6b63\u5f53\u5229\u76ca\u800c\u4f5c\u865a\u5047\u9648\u8ff0\u3001\u9690\u7792\u73b0\u6709\u635f\u5931\u4ee5\u4fbf\u65e5\u540e\u7d22\u8d54\u3001\u4f7f\u7528\u865a\u5047\u59d3\u540d\u548c\u4fe1\u7528\u5361\u7b49\u884c\u4e3a\uff0c\u5747\u5c06\u627f\u62c5\u5211\u4e8b\u8d23\u4efb\u3002V\u0130V\u0130D SA\u011eLIK TUR\u0130ZM H\u0130ZMETLER\u0130 T\u0130CARET L\u0130M\u0130TED \u015e\u0130RKET\u0130 \u6709\u6743\u91c7\u53d6\u8bf8\u5982\u5c01\u9501\u7f51\u7ad9\u8bbf\u95ee\u6216\u63d0\u8d77\u8bc9\u8bbc\u7b49\u63aa\u65bd\uff0c\u4ee5\u9632\u6b62\u6b64\u7c7b\u60c5\u51b5\u7684\u53d1\u751f\u3002V\u0130V\u0130D SA\u011eLIK TUR\u0130ZM H\u0130ZMETLER\u0130 T\u0130CARET L\u0130M\u0130TED \u015e\u0130RKET\u0130 \u6709\u6743\u81ea\u884c\u51b3\u5b9a\u662f\u5426\u63d0\u4f9b\u4efb\u4f55\u60a8\u8bf7\u6c42\u7684\u670d\u52a1\u3002.<\/p><h4>7. \u4e89\u8bae\u89e3\u51b3<\/h4><p>\u5982\u679c\u60a8\u56e0\u901a\u8fc7\u6211\u4eec\u7684\u7f51\u7ad9\u83b7\u5f97\u7684\u670d\u52a1\u800c\u4ea7\u751f\u4e89\u8bae\uff0c\u5c06\u9002\u7528\u571f\u8033\u5176\u6cd5\u5f8b\uff0c\u4f0a\u65af\u5766\u5e03\u5c14\u5df4\u514b\u5c14\u79d1\u4f0a\u7684\u6cd5\u9662\u548c\u6267\u884c\u673a\u6784\u5c06\u5177\u6709\u7ba1\u8f96\u6743\u3002.<\/p><h4>8. \u7248\u6743<\/h4><p>\u672c\u7f51\u7ad9\u7248\u6743\u5f52\u2026\u2026\u6240\u6709 <a href=\"https:\/\/vividclinic.net\/zh\/\">\u751f\u52a8<\/a> SA\u011eLIK TUR\u0130ZM H\u0130ZMETLER\u0130 T\u0130CARET L\u0130M\u0130TED \u015e\u0130RKET\u0130. \u7248\u6743\u6240\u6709\u3002\u672c\u7f51\u7ad9\u53d1\u5e03\u7684\u6587\u5b57\u3001\u56fe\u7247\u3001\u97f3\u9891\u3001\u52a8\u753b\u3001\u89c6\u9891\u6587\u4ef6\u4ee5\u53ca\u8bbe\u8ba1\u5747\u53d7\u7b2c5846\u53f7\u6cd5\u5f8b\u53ca\u76f8\u5173\u6cd5\u89c4\u4fdd\u62a4\u3002\u6240\u6709\u5143\u7d20\u5747\u4e0d\u5f97\u590d\u5236\u3001\u4f7f\u7528\u6216\u53d1\u5e03\u5230\u5176\u4ed6\u7f51\u7ad9\u7528\u4e8e\u5546\u4e1a\u7528\u9014\u3002.<\/p>\t\t\t\t\t\t\t\t<\/div>\n\t\t\t\t<\/div>\n\t\t\t\t<\/div>\n\t\t\t\t\t<\/div>\n\t\t\t\t<\/div>\n\t\t\t\t<\/div>","protected":false},"excerpt":{"rendered":"<p>Terms of Use \u00a0 1. Introduction Anyone who visits this website (vividclinic.net) or requests services offered on this site agrees to all the terms and conditions stated in these \u201cTerms of Use.\u201d By registering with V\u0130V\u0130D SA\u011eLIK TUR\u0130ZM H\u0130ZMETLER\u0130 T\u0130CARET L\u0130M\u0130TED \u015e\u0130RKET\u0130 or requesting the services provided, you commit to complying with the terms and [&hellip;]<\/p>\n","protected":false},"author":1,"featured_media":0,"parent":6112,"menu_order":0,"comment_status":"closed","ping_status":"open","template":"","meta":{"footnotes":""},"class_list":["post-6071","page","type-page","status-publish","hentry"],"_links":{"self":[{"href":"https:\/\/vividclinic.net\/zh\/wp-json\/wp\/v2\/pages\/6071","targetHints":{"allow":["GET"]}}],"collection":[{"href":"https:\/\/vividclinic.net\/zh\/wp-json\/wp\/v2\/pages"}],"about":[{"href":"https:\/\/vividclinic.net\/zh\/wp-json\/wp\/v2\/types\/page"}],"author":[{"embeddable":true,"href":"https:\/\/vividclinic.net\/zh\/wp-json\/wp\/v2\/users\/1"}],"replies":[{"embeddable":true,"href":"https:\/\/vividclinic.net\/zh\/wp-json\/wp\/v2\/comments?post=6071"}],"version-history":[{"count":0,"href":"https:\/\/vividclinic.net\/zh\/wp-json\/wp\/v2\/pages\/6071\/revisions"}],"up":[{"embeddable":true,"href":"https:\/\/vividclinic.net\/zh\/wp-json\/wp\/v2\/pages\/6112"}],"wp:attachment":[{"href":"https:\/\/vividclinic.net\/zh\/wp-json\/wp\/v2\/media?parent=6071"}],"curies":[{"name":"wp","href":"https:\/\/api.w.org\/{rel}","templated":true}]}}