{"id":6107,"date":"2024-08-12T14:22:02","date_gmt":"2024-08-12T11:22:02","guid":{"rendered":"https:\/\/vividclinic.net\/?page_id=6107"},"modified":"2024-09-05T16:46:03","modified_gmt":"2024-09-05T13:46:03","slug":"consent-for-commercial-electronic-messages","status":"publish","type":"page","link":"https:\/\/vividclinic.net\/zh\/legal\/consent-for-commercial-electronic-messages\/","title":{"rendered":"\u5546\u4e1a\u7535\u5b50\u4fe1\u606f\u7684\u540c\u610f"},"content":{"rendered":"<div data-elementor-type=\"wp-page\" data-elementor-id=\"6107\" class=\"elementor elementor-6107\" data-elementor-post-type=\"page\">\n\t\t\t\t<div class=\"elementor-element elementor-element-29143ac e-flex e-con-boxed e-con e-parent\" data-id=\"29143ac\" data-element_type=\"container\" data-e-type=\"container\" data-settings=\"{&quot;ekit_has_onepagescroll_dot&quot;:&quot;yes&quot;}\">\r\n\t\t\t\t\t<div class=\"e-con-inner\">\r\n\t\t<div class=\"elementor-element elementor-element-f69d199 e-con-full e-flex e-con e-child\" data-id=\"f69d199\" data-element_type=\"container\" data-e-type=\"container\" data-settings=\"{&quot;ekit_has_onepagescroll_dot&quot;:&quot;yes&quot;}\">\r\n\t\t\t\t<div class=\"elementor-element elementor-element-b39f70d elementor-widget elementor-widget-elementskit-heading\" data-id=\"b39f70d\" data-element_type=\"widget\" data-e-type=\"widget\" data-settings=\"{&quot;ekit_we_effect_on&quot;:&quot;none&quot;}\" data-widget_type=\"elementskit-heading.default\">\n\t\t\t\t<div class=\"elementor-widget-container\">\n\t\t\t\t\t<div class=\"ekit-wid-con\" ><div class=\"ekit-heading elementskit-section-title-wraper text_left   ekit_heading_tablet-   ekit_heading_mobile-\"><h1 class=\"ekit-heading--title elementskit-section-title\">\u5546\u4e1a\u7535\u5b50\u4fe1\u606f\u7684\u540c\u610f<\/h1><div class=\"ekit_heading_separetor_wraper ekit_heading_elementskit-border-divider ekit-dotted\"><div class=\"elementskit-border-divider ekit-dotted\"><\/div><\/div><\/div><\/div>\t\t\t\t<\/div>\n\t\t\t\t<\/div>\n\t\t\t\t<\/div>\n\t\t\t\t\t<\/div>\n\t\t\t\t<\/div>\n\t\t<div class=\"elementor-element elementor-element-c3502d3 e-flex e-con-boxed e-con e-parent\" data-id=\"c3502d3\" data-element_type=\"container\" data-e-type=\"container\" data-settings=\"{&quot;ekit_has_onepagescroll_dot&quot;:&quot;yes&quot;}\">\r\n\t\t\t\t\t<div class=\"e-con-inner\">\r\n\t\t<div class=\"elementor-element elementor-element-d69b631 e-con-full e-flex e-con e-child\" data-id=\"d69b631\" data-element_type=\"container\" data-e-type=\"container\" data-settings=\"{&quot;ekit_has_onepagescroll_dot&quot;:&quot;yes&quot;}\">\r\n\t\t\t\t<div class=\"elementor-element elementor-element-e2e77ef elementor-widget elementor-widget-text-editor\" data-id=\"e2e77ef\" data-element_type=\"widget\" data-e-type=\"widget\" data-settings=\"{&quot;ekit_we_effect_on&quot;:&quot;none&quot;}\" data-widget_type=\"text-editor.default\">\n\t\t\t\t<div class=\"elementor-widget-container\">\n\t\t\t\t\t\t\t\t\t<h3><span style=\"color: var(--porto-h2-color,var(--porto-heading-color)); letter-spacing: var(--porto-h2-ls,-0.05em); text-align: var(--text-align);\">\u5546\u4e1a\u7535\u5b50\u4fe1\u606f\u540c\u610f\u4fe1\u606f<\/span><\/h3><p>\u6839\u636e\u300a\u4e2a\u4eba\u6570\u636e\u4fdd\u62a4\u6cd5\u300b\uff08\u7b2c6698\u53f7\uff09\u548c\u300a\u7535\u5b50\u5546\u52a1\u7ba1\u7406\u6cd5\u300b\uff08\u7b2c6563\u53f7\uff09\uff0c, <a href=\"https:\/\/vividclinic.net\/zh\/\">\u751f\u52a8<\/a> SA\u011eLIK TUR\u0130ZM H\u0130ZMETLER\u0130 T\u0130CARET L\u0130M\u0130TED \u015e\u0130RKET\u0130 \u5c06\u5728\u5f81\u5f97\u60a8\u7684\u540c\u610f\u540e\u5904\u7406\u60a8\u7684\u4e2a\u4eba\u6570\u636e\uff0c\u7528\u4e8e\u4e0e\u60a8\u548c\/\u6216\u60a8\u7684\u76d1\u62a4\u4eba\u76f8\u5173\u7684\u5404\u7c7b\u8425\u9500\u6d3b\u52a8\u3001\u63a8\u5e7f\u3001\u5e7f\u544a\u3001\u65b0\u54c1\u53d1\u5e03\u3001\u8c03\u67e5\u3001\u62bd\u5956\u3001\u6298\u6263\u3001\u4fc3\u9500\u3001\u7279\u4ef7\u4f18\u60e0\u3001\u5f00\u4e1a\u3001\u9080\u8bf7\u3001\u6d3b\u52a8\u548c\u6c9f\u901a\u6d3b\u52a8\u3002\u60a8\u7684\u4e2a\u4eba\u6570\u636e\u5c06\u4e0e\u6211\u4eec\u5408\u4f5c\u53d1\u9001\u77ed\u4fe1\u548c\u7535\u5b50\u90ae\u4ef6\u7684\u670d\u52a1\u63d0\u4f9b\u5546\u5171\u4eab\uff0c\u5e76\u5c06\u91c7\u53d6\u5fc5\u8981\u7684\u5b89\u5168\u63aa\u65bd\u3002.<\/p><h2>\u5546\u4e1a\u7535\u5b50\u4fe1\u606f\u540c\u610f<\/h2><p>\u6211\u5728\u6b64\u660e\u786e\u540c\u610f\uff0c\u5728\u6ca1\u6709\u4efb\u4f55\u538b\u529b\u7684\u60c5\u51b5\u4e0b\uff0cV\u0130V\u0130D SA\u011eLIK TUR\u0130ZM H\u0130ZMETLER\u0130 T\u0130CARET L\u0130M\u0130TED \u015e\u0130RKET\u0130 \u901a\u8fc7\u77ed\u4fe1\u3001\u7535\u5b50\u90ae\u4ef6\u548c\u7535\u8bdd\u5411\u6211\u548c\/\u6216\u6211\u7684\u76d1\u62a4\u4eba\u53d1\u9001\u5546\u4e1a\u7535\u5b50\u4fe1\u606f\uff0c\u7528\u4e8e\u5404\u79cd\u8425\u9500\u6d3b\u52a8\u3001\u5ba3\u4f20\u6d3b\u52a8\u3001\u5e7f\u544a\u3001\u4ea7\u54c1\u53d1\u5e03\u3001\u8c03\u67e5\u3001\u62bd\u5956\u3001\u6298\u6263\u3001\u4fc3\u9500\u3001\u7279\u4ef7\u4f18\u60e0\u3001\u5f00\u4e1a\u3001\u9080\u8bf7\u3001\u6d3b\u52a8\u548c\u6c9f\u901a\u6d3b\u52a8\u3002.<\/p>\t\t\t\t\t\t\t\t<\/div>\n\t\t\t\t<\/div>\n\t\t\t\t<\/div>\n\t\t\t\t\t<\/div>\n\t\t\t\t<\/div>\n\t\t\t\t<\/div>","protected":false},"excerpt":{"rendered":"<p>Consent for Commercial Electronic Messages Commercial Electronic Message Consent Information Under Law No. 6698 on the Protection of Personal Data and Law No. 6563 on the Regulation of Electronic Commerce, V\u0130V\u0130D SA\u011eLIK TUR\u0130ZM H\u0130ZMETLER\u0130 T\u0130CARET L\u0130M\u0130TED \u015e\u0130RKET\u0130 will process your personal data with your consent for all kinds of marketing activities, campaigns, advertisements, launches, surveys, [&hellip;]<\/p>\n","protected":false},"author":1,"featured_media":0,"parent":6112,"menu_order":0,"comment_status":"closed","ping_status":"open","template":"","meta":{"footnotes":""},"class_list":["post-6107","page","type-page","status-publish","hentry"],"_links":{"self":[{"href":"https:\/\/vividclinic.net\/zh\/wp-json\/wp\/v2\/pages\/6107","targetHints":{"allow":["GET"]}}],"collection":[{"href":"https:\/\/vividclinic.net\/zh\/wp-json\/wp\/v2\/pages"}],"about":[{"href":"https:\/\/vividclinic.net\/zh\/wp-json\/wp\/v2\/types\/page"}],"author":[{"embeddable":true,"href":"https:\/\/vividclinic.net\/zh\/wp-json\/wp\/v2\/users\/1"}],"replies":[{"embeddable":true,"href":"https:\/\/vividclinic.net\/zh\/wp-json\/wp\/v2\/comments?post=6107"}],"version-history":[{"count":0,"href":"https:\/\/vividclinic.net\/zh\/wp-json\/wp\/v2\/pages\/6107\/revisions"}],"up":[{"embeddable":true,"href":"https:\/\/vividclinic.net\/zh\/wp-json\/wp\/v2\/pages\/6112"}],"wp:attachment":[{"href":"https:\/\/vividclinic.net\/zh\/wp-json\/wp\/v2\/media?parent=6107"}],"curies":[{"name":"wp","href":"https:\/\/api.w.org\/{rel}","templated":true}]}}